{"id":8455,"date":"2025-06-16T06:16:27","date_gmt":"2025-06-16T06:16:27","guid":{"rendered":"https:\/\/sinoextrud.com\/product\/cnc-machining-aluminium-profile-connectors\/"},"modified":"2025-06-24T06:23:54","modified_gmt":"2025-06-24T06:23:54","slug":"mecanizado-cnc-de-conectores-de-perfiles-de-aluminio","status":"publish","type":"product","link":"https:\/\/sinoextrud.com\/es\/product\/cnc-machining-aluminium-profile-connectors\/","title":{"rendered":"Mecanizado CNC de conectores de perfiles de aluminio"},"content":{"rendered":"<h2>Productos<\/h2>\n<table class=\"custom-table\">\n<tbody>\n<tr>\n<td> Grado:<\/td>\n<td> 6063 -t5<\/td>\n<\/tr>\n<tr>\n<td> T\u00e9cnica:<\/td>\n<td> Mecanizado CNC de conectores de perfiles de aluminio<\/td>\n<\/tr>\n<tr>\n<td> Temperamento:<\/td>\n<td> T3 - T8<\/td>\n<\/tr>\n<tr>\n<td> Servicios de mecanizado:<\/td>\n<td> Taladrado, roscado, remachado, montaje, etc.<\/td>\n<\/tr>\n<tr>\n<td> Marca registrada:<\/td>\n<td> Sinoextrud Sinoextrud <\/td>\n<\/tr>\n<tr>\n<td> Tipo:<\/td>\n<td> Mecanizado CNC de conectores de perfiles de aluminio<\/td>\n<\/tr>\n<tr>\n<td> Forma:<\/td>\n<td> Hecho a medida del cliente<\/td>\n<\/tr>\n<tr>\n<td> Tratamiento de la superficie:<\/td>\n<td> Acabado fresado Anodizado Cepillado<\/td>\n<\/tr>\n<tr>\n<td> Longitud:<\/td>\n<td> De 1 a 9 m por longitud<\/td>\n<\/tr>\n<tr>\n<td> Colores:<\/td>\n<td> Plata Negro<\/td>\n<\/tr>\n<tr>\n<td> C\u00f3digo SA:<\/td>\n<td> 76042990<\/td>\n<\/tr>\n<\/tbody>\n<\/table>\n<h2>Nuestra base de fabricaci\u00f3n<\/h2>\n<h3>Panorama de la f\u00e1brica<\/h3>\n<p><img decoding=\"async\" src=\"\/wp-content\/uploads\/factory-01.webp\"\/><\/p>\n<h3>Taller de fabricaci\u00f3n de barras de aluminio<\/h3>\n<p><img decoding=\"async\" src=\"\/wp-content\/uploads\/factory-02.webp\"\/><\/p>\n<p><img decoding=\"async\" src=\"\/wp-content\/uploads\/factory-03.webp\"\/><\/p>\n<h3>Almac\u00e9n de moldes<\/h3>\n<p><img decoding=\"async\" src=\"\/wp-content\/uploads\/factory-04.webp\"\/><\/p>\n<h3>43 L\u00c3neas de extrusi\u00c3\u00b3n de aluminio (500\u00e2\u20ac\"5500 toneladas)<\/h3>\n<p><img decoding=\"async\" src=\"\/wp-content\/uploads\/factory-05.webp\"\/><\/p>\n<p><img decoding=\"async\" src=\"\/wp-content\/uploads\/factory-06.webp\"\/><\/p>\n<p><img decoding=\"async\" src=\"\/wp-content\/uploads\/factory-07.webp\"\/><\/p>\n<h3>Taller de pintura en polvo<\/h3>\n<p><img decoding=\"async\" src=\"\/wp-content\/uploads\/factory-09.webp\"\/><\/p>\n<h3>Taller de anodizado<\/h3>\n<p><img decoding=\"async\" src=\"\/wp-content\/uploads\/factory-10.webp\"\/><\/p>\n<h3>Taller de procesamiento profundo<\/h3>\n<p><img decoding=\"async\" src=\"\/wp-content\/uploads\/factory-11.webp\"\/><\/p>\n<h3>Taller de mecanizado de precisi\u00f3n CNC<\/h3>\n<p><img decoding=\"async\" src=\"\/wp-content\/uploads\/factory-11.5.webp\"\/><\/p>\n<h3>Almac\u00e9n de productos acabados y de exportaci\u00f3n<\/h3>\n<p><img decoding=\"async\" src=\"\/wp-content\/uploads\/factory-12.webp\"\/><\/p>\n<p><img decoding=\"async\" src=\"\/wp-content\/uploads\/factory-13.webp\"\/><\/p>\n<p><img decoding=\"async\" src=\"\/wp-content\/uploads\/factory-14.webp\"\/><\/p>\n<h2>PREGUNTAS FRECUENTES<\/h2>\n<p><p><b>1.Mecanizado CNC de conectores de perfiles de aluminio: \u00bfCu\u00e1les son las ventajas de utilizar el mecanizado CNC para los conectores?<\/b><\/p>\n<p>El mecanizado CNC proporciona alta precisi\u00f3n y calidad constante, garantizando que los conectores encajen perfectamente y funcionen con eficacia en los sistemas de perfiles de aluminio.<br \/>\n<\/p><br \/>\n<br \/>\n<p><b>2.\u00bfC\u00f3mo mejora el material de aluminio el rendimiento de los conectores?<\/b><\/p>\n<p>El aluminio es ligero pero fuerte y resistente a la corrosi\u00f3n, por lo que proporciona conectores duraderos y fiables para un rendimiento duradero.<br \/>\n<\/p><br \/>\n<br \/>\n<p><b>3.\u00bfSe puede personalizar el proceso de mecanizado CNC para diferentes dise\u00f1os de conectores?<\/b><\/p>\n<p>S\u00ed, el mecanizado CNC permite crear conectores personalizados adaptados a necesidades espec\u00edficas de dise\u00f1o y conexi\u00f3n.<br \/>\n<\/p><br \/>\n<br \/>\n<p><b>4.\u00bfQu\u00e9 industrias se benefician m\u00e1s del mecanizado CNC de conectores de perfiles de aluminio?<\/b><\/p>\n<p>Industrias como la automatizaci\u00f3n, la fabricaci\u00f3n y la construcci\u00f3n conf\u00edan en los conectores de aluminio mecanizados mediante CNC por su precisi\u00f3n y durabilidad.<br \/>\n<\/p><br \/>\n<br \/>\n<p><b>5.\u00bfDe qu\u00e9 manera beneficia la resistencia a la corrosi\u00f3n a los conectores de aluminio mecanizados por CNC?<\/b><\/p>\n<p>La resistencia a la corrosi\u00f3n garantiza que los conectores mantengan su resistencia y aspecto, incluso en entornos dif\u00edciles o al aire libre, lo que prolonga su vida \u00fatil.<br \/>\n<\/p><br \/>\n<br \/>\n<p><b>6.\u00bfSon f\u00e1ciles de montar estos conectores de perfil de aluminio?<\/b><\/p>\n<p>S\u00ed, los conectores mecanizados mediante CNC est\u00e1n dise\u00f1ados para un montaje r\u00e1pido y sencillo, lo que reduce el tiempo de instalaci\u00f3n y mejora la eficacia.<br \/>\n<\/p><br \/>\n<br \/>\n<p><b>7.\u00bfQu\u00e9 tipos de proyectos pueden beneficiarse de los conectores de perfiles de aluminio mecanizados mediante CNC?<\/b><\/p>\n<p>Estos conectores son ideales para proyectos industriales, de automatizaci\u00f3n y estructurales que requieren conexiones fiables y precisas dentro de sistemas de marcos de aluminio.<br \/>\n<\/p><br \/>\n<br \/>\n<p><b>8.\u00bfC\u00f3mo mejora el mecanizado CNC la calidad de los conectores de perfiles de aluminio?<\/b><\/p>\n<p>El mecanizado CNC garantiza tolerancias estrechas y una calidad constante, lo que da como resultado conectores que cumplen las especificaciones exactas y proporcionan una funcionalidad superior.<br \/>\n<\/p><br \/><\/p>","protected":false},"featured_media":8454,"template":"","categories":[68],"class_list":["post-8455","product","type-product","status-publish","has-post-thumbnail","hentry","category-cnc-machining-aluminum-profile"],"meta_box":{"hilight_text_group":{"product_hilight_text":"<li>Precision CNC machining ensures high accuracy and excellent fit for aluminum profile connectors.<\/li>\r\r\n<li>Durable aluminum material provides strength and reliability for a wide range of applications.<\/li>\r\r\n<li>Customizable designs to meet specific connection needs and project requirements.<\/li>\r\r\n<li>Corrosion-resistant, ensuring long-term performance in various industrial environments.<\/li>\r\r\n<li>Quick and easy assembly, reducing installation time and labor costs.<\/li>","product_chanpin_blog":"<ul>\r\r\n<li><a href=\"https:\/\/sinoextrud.com\/t-slot-v-slot-differences\/\" target=\"_blank\">t slot vs v slot<\/a><\/li>\r\r\n<li><a href=\"https:\/\/sinoextrud.com\/what-is-4040-aluminium-extrud\/\" target=\"_blank\">4040 aluminium extrusion<\/a><\/li>\r\r\n<li><a href=\"https:\/\/sinoextrud.com\/what-is-4040-aluminium-extrud\/\" target=\"_blank\">aluminum extrusions for industrial racks<\/a><\/li>\r\r\n<li><a href=\"https:\/\/sinoextrud.com\/powder-coating-aluminium-process\/\" target=\"_blank\">powder coating aluminium<\/a><\/li>\r\r\n<li><a href=\"https:\/\/sinoextrud.com\/what-is-an-aluminium-strip-ceiling\/\" target=\"_blank\">aluminium strip ceiling<\/a><\/li>\r\r\n<li><a href=\"https:\/\/sinoextrud.com\/what-is-a-heat-sink\/\" target=\"_blank\">what is a heat sink<\/a><\/li>\r\r\n<\/ul>","product_chanpin_chanpin":"<li><a href=\"https:\/\/sinoextrud.com\/product\/high-precision-aluminum-extrusion-profile-cnc-machining-accessory-parts-2\/\" target=\"_blank\">High Precision Aluminum extrusion Profile CNC Machining Accessory Parts<\/a><\/li>\r\n<li><a href=\"https:\/\/sinoextrud.com\/product\/aluminium-profile-drilling-cutting-bending-puching-processing\/\" target=\"_blank\">Aluminium profile drilling cutting bending puching processing<\/a><\/li>\r\n<li><a href=\"https:\/\/sinoextrud.com\/product\/aluminum-extrusion-custom-electric-vehicle-battery-enclosure-aluminum-profile\/\" target=\"_blank\">Aluminum Extrusion Custom Electric Vehicle Battery Enclosure Aluminum Profile<\/a><\/li>\r\n<li><a href=\"https:\/\/sinoextrud.com\/product\/aluminum-extrusion-high-strength-cnc-drilling-7003-aluminum-round-pipe\/\" target=\"_blank\">Aluminum Extrusion High-strength CNC Drilling 7003 Aluminum Round Pipe<\/a><\/li>\r\n<li><a href=\"https:\/\/sinoextrud.com\/product\/cnc-machining-aluminium-profile-connectors\/\" target=\"_blank\">CNC Machining Aluminium Profile Connectors<\/a><\/li>\r\n<li><a href=\"https:\/\/sinoextrud.com\/product\/cnc-machining-anodized-aluminum-extrusions\/\" target=\"_blank\">CNC Machining Anodized Aluminum Extrusions<\/a><\/li>\r\n<li><a href=\"https:\/\/sinoextrud.com\/product\/cnc-machined-6063-aluminium-extrusion-product\/\" target=\"_blank\">CNC Machined 6063 Aluminium Extrusion Product<\/a><\/li>\r\n<li><a href=\"https:\/\/sinoextrud.com\/product\/aluminum-alloy-cnc-aluminum-controller-shell\/\" target=\"_blank\">Aluminum Alloy CNC Aluminum Controller Shell<\/a><\/li>\r\n<li><a href=\"https:\/\/sinoextrud.com\/product\/aluminium-cnc-factory-punching-extrusion-profile-tubing-sizes-oem\/\" target=\"_blank\">aluminium cnc factory punching extrusion profile tubing sizes OEM<\/a><\/li>\r\n<li><a href=\"https:\/\/sinoextrud.com\/product\/aluminum-extrusion-1060-aluminum-profile\/\" target=\"_blank\">Aluminum Extrusion 1060 Aluminum Profile<\/a><\/li>\r\n<li><a href=\"https:\/\/sinoextrud.com\/product\/aluminum-extrusion-advertising-signs-aluminum-frame-profile\/\" target=\"_blank\">Aluminum Extrusion Advertising Signs Aluminum Frame Profile<\/a><\/li>"},"feature_list":[]},"_links":{"self":[{"href":"https:\/\/sinoextrud.com\/es\/wp-json\/wp\/v2\/product\/8455","targetHints":{"allow":["GET"]}}],"collection":[{"href":"https:\/\/sinoextrud.com\/es\/wp-json\/wp\/v2\/product"}],"about":[{"href":"https:\/\/sinoextrud.com\/es\/wp-json\/wp\/v2\/types\/product"}],"wp:featuredmedia":[{"embeddable":true,"href":"https:\/\/sinoextrud.com\/es\/wp-json\/wp\/v2\/media\/8454"}],"wp:attachment":[{"href":"https:\/\/sinoextrud.com\/es\/wp-json\/wp\/v2\/media?parent=8455"}],"wp:term":[{"taxonomy":"category","embeddable":true,"href":"https:\/\/sinoextrud.com\/es\/wp-json\/wp\/v2\/categories?post=8455"}],"curies":[{"name":"wp","href":"https:\/\/api.w.org\/{rel}","templated":true}]}}