{"id":8453,"date":"2025-06-16T06:14:04","date_gmt":"2025-06-16T06:14:04","guid":{"rendered":"https:\/\/sinoextrud.com\/product\/aluminum-extrusion-high-strength-cnc-drilling-7003-aluminum-round-pipe\/"},"modified":"2025-06-24T06:23:54","modified_gmt":"2025-06-24T06:23:54","slug":"extrusion-de-aluminio-de-alta-resistencia-cnc-perforacion-7003-tubo-redondo-de-aluminio","status":"publish","type":"product","link":"https:\/\/sinoextrud.com\/es\/product\/aluminum-extrusion-high-strength-cnc-drilling-7003-aluminum-round-pipe\/","title":{"rendered":"Extrusi\u00f3n de aluminio Tubo redondo de aluminio 7003 de alta resistencia taladrado CNC"},"content":{"rendered":"<h2>Productos<\/h2>\n<table class=\"custom-table\">\n<tbody>\n<tr>\n<td> Nombre del producto<\/td>\n<td> Extrusi\u00f3n de aluminio Tubo redondo de aluminio 7003 de alta resistencia taladrado CNC<\/td>\n<\/tr>\n<tr>\n<td> Aleaci\u00f3n de aluminio<\/td>\n<td> Serie 7000, 7003<\/td>\n<\/tr>\n<tr>\n<td> Temple<\/td>\n<td> T3-T8<\/td>\n<\/tr>\n<tr>\n<td> Forma<\/td>\n<td> Redondo, o personalizaci\u00f3n<\/td>\n<\/tr>\n<tr>\n<td> Color<\/td>\n<td> En funci\u00f3n de las demandas de los clientes<\/td>\n<\/tr>\n<tr>\n<td> Aplicaci\u00f3n<\/td>\n<td> equipamiento deportivo, piezas de autom\u00f3vil, equipamiento aeroespacial, etc.<\/td>\n<\/tr>\n<tr>\n<td> Tratamiento de superficies<\/td>\n<td> acabado de fresado, anodizado, veteado de madera, recubrimiento en\u00e9rgico, chorro de arena, electroforesis, cepillado, pulido, etc.<\/td>\n<\/tr>\n<tr>\n<td> Procesado profundo CNC<\/td>\n<td> corte, taladrado, mecanizado, punzonado, plegado, roscado, etc.<\/td>\n<\/tr>\n<tr>\n<td> Certificaciones<\/td>\n<td> CE, ISO, SGS, TUV, ROHS<\/td>\n<\/tr>\n<tr>\n<td> Muestras<\/td>\n<td> S\u00ed, muestra gratuita<\/td>\n<\/tr>\n<tr>\n<td> MOQ<\/td>\n<td> 200KG<\/td>\n<\/tr>\n<tr>\n<td> Plazo de entrega<\/td>\n<td> El desarrollo del molde y la conformaci\u00f3n de la muestra es de 12-15 d\u00edas, luego la duraci\u00f3n de la producci\u00f3n es de 15-25 d\u00edas despu\u00e9s de la recepci\u00f3n del dep\u00f3sito del comprador.<\/td>\n<\/tr>\n<tr>\n<td> Condiciones de pago<\/td>\n<td> 30% dep\u00f3sito antes de la producci\u00f3n, y el saldo antes del env\u00edo.<\/td>\n<\/tr>\n<tr>\n<td> Puerto<\/td>\n<td> Foshan, Shenzhen, Guangzhou, etc.<\/td>\n<\/tr>\n<\/tbody>\n<\/table>\n<h2>Nuestra base de fabricaci\u00f3n<\/h2>\n<h3>Panorama de la f\u00e1brica<\/h3>\n<p><img decoding=\"async\" src=\"\/wp-content\/uploads\/factory-01.webp\"\/><\/p>\n<h3>Taller de fabricaci\u00f3n de barras de aluminio<\/h3>\n<p><img decoding=\"async\" src=\"\/wp-content\/uploads\/factory-02.webp\"\/><\/p>\n<\/p>\n<p><img decoding=\"async\" src=\"\/wp-content\/uploads\/factory-03.webp\"\/><\/p>\n<h3>Almac\u00e9n de moldes<\/h3>\n<p><img decoding=\"async\" src=\"\/wp-content\/uploads\/factory-04.webp\"\/><\/p>\n<h3>43 L\u00c3neas de extrusi\u00c3\u00b3n de aluminio (500\u00e2\u20ac\"5500 toneladas)<\/h3>\n<p><img decoding=\"async\" src=\"\/wp-content\/uploads\/factory-05.webp\"\/><\/p>\n<p><img decoding=\"async\" src=\"\/wp-content\/uploads\/factory-06.webp\"\/><\/p>\n<p><img decoding=\"async\" src=\"\/wp-content\/uploads\/factory-07.webp\"\/><\/p>\n<h3>Taller de pintura en polvo<\/h3>\n<p><img decoding=\"async\" src=\"\/wp-content\/uploads\/factory-09.webp\"\/><\/p>\n<h3>Taller de anodizado<\/h3>\n<p><img decoding=\"async\" src=\"\/wp-content\/uploads\/factory-10.webp\"\/><\/p>\n<h3>Taller de procesamiento profundo<\/h3>\n<p><img decoding=\"async\" src=\"\/wp-content\/uploads\/factory-11.webp\"\/><\/p>\n<h3>Taller de mecanizado de precisi\u00f3n CNC<\/h3>\n<p><img decoding=\"async\" src=\"\/wp-content\/uploads\/factory-11.5.webp\"\/><\/p>\n<h3>Almac\u00e9n de productos acabados y de exportaci\u00f3n<\/h3>\n<p><img decoding=\"async\" src=\"\/wp-content\/uploads\/factory-12.webp\"\/><\/p>\n<p><img decoding=\"async\" src=\"\/wp-content\/uploads\/factory-13.webp\"\/><\/p>\n<p><img decoding=\"async\" src=\"\/wp-content\/uploads\/factory-14.webp\"\/><\/p>\n<h2>PREGUNTAS FRECUENTES<\/h2>\n<p><b>1.Tubo redondo de aluminio 7003 de alta resistencia taladrado CNC por extrusi\u00f3n de aluminio: \u00bfCu\u00e1les son las principales ventajas?<\/b><\/p>\n<p>Este producto ofrece alta resistencia, durabilidad y perforaci\u00f3n CNC precisa, por lo que es perfecto para aplicaciones de trabajo pesado.\n<\/p>\n<p><\/p>\n<p><b>2. \u00bfEn qu\u00e9 se diferencia el tubo redondo de aluminio 7003 de otros materiales de aluminio?<\/b><\/p>\n<p>La aleaci\u00f3n de aluminio 7003 es conocida por su resistencia superior, lo que la hace m\u00e1s adecuada para aplicaciones de alta tensi\u00f3n y servicio pesado.\n<\/p>\n<p><\/p>\n<p><b>3.\u00bfSe puede utilizar este producto en exteriores?<\/b><\/p>\n<p>S\u00ed, la resistencia a la corrosi\u00f3n del aluminio lo convierte en una opci\u00f3n ideal tanto para interiores como para exteriores.\n<\/p>\n<p><\/p>\n<p><b>4.\u00bfCu\u00e1l es la capacidad de carga m\u00e1xima del tubo de aluminio 7003?<\/b><\/p>\n<p>La aleaci\u00f3n de aluminio 7003 tiene una gran resistencia a la tracci\u00f3n, lo que le permite soportar cargas pesadas en aplicaciones exigentes.\n<\/p>\n<p><\/p>\n<p><b>5.\u00bfSe puede personalizar el tubo redondo de aluminio 7003?<\/b><\/p>\n<p>S\u00ed, el producto puede personalizarse en varias longitudes, di\u00e1metros y acabados para satisfacer requisitos industriales espec\u00edficos.\n<\/p>\n<p><\/p>\n<p><b>6.\u00bfQu\u00e9 industrias se benefician m\u00e1s del uso del tubo redondo de aluminio 7003?<\/b><\/p>\n<p>Industrias como la aeroespacial, la automoci\u00f3n y la construcci\u00f3n se benefician de la resistencia, durabilidad y precisi\u00f3n del tubo de aluminio 7003.\n<\/p>\n<p><\/p>\n<p><b>7.\u00bfC\u00f3mo mejora la perforaci\u00f3n CNC la calidad del tubo de aluminio?<\/b><\/p>\n<p>El taladrado CNC asegura una alta precisi\u00f3n y resultados consistentes, mejorando la calidad general y la fiabilidad del tubo redondo de aluminio.\n<\/p>\n<p><\/p>","protected":false},"featured_media":8452,"template":"","categories":[68],"class_list":["post-8453","product","type-product","status-publish","has-post-thumbnail","hentry","category-cnc-machining-aluminum-profile"],"meta_box":{"hilight_text_group":{"product_hilight_text":"<li>High-strength 7003 aluminum for enhanced durability and performance.<\/li>\r\r\n<li>Precision CNC drilling ensures excellent accuracy and quality.<\/li>\r\r\n<li>Lightweight, corrosion-resistant, and high-strength properties ideal for a range of applications.<\/li>\r\r\n<li>Available in custom sizes for various industrial needs.<\/li>\r\r\n<li>Easy to machine and process with excellent formability.<\/li>","product_chanpin_blog":"<ul>\r\r\n<li><a href=\"https:\/\/sinoextrud.com\/t-slot-v-slot-differences\/\" target=\"_blank\">t slot vs v slot<\/a><\/li>\r\r\n<li><a href=\"https:\/\/sinoextrud.com\/what-is-4040-aluminium-extrud\/\" target=\"_blank\">4040 aluminium extrusion<\/a><\/li>\r\r\n<li><a href=\"https:\/\/sinoextrud.com\/what-is-4040-aluminium-extrud\/\" target=\"_blank\">aluminum extrusions for industrial racks<\/a><\/li>\r\r\n<li><a href=\"https:\/\/sinoextrud.com\/powder-coating-aluminium-process\/\" target=\"_blank\">powder coating aluminium<\/a><\/li>\r\r\n<li><a href=\"https:\/\/sinoextrud.com\/what-is-an-aluminium-strip-ceiling\/\" target=\"_blank\">aluminium strip ceiling<\/a><\/li>\r\r\n<li><a href=\"https:\/\/sinoextrud.com\/what-is-a-heat-sink\/\" target=\"_blank\">what is a heat sink<\/a><\/li>\r\r\n<\/ul>","product_chanpin_chanpin":"<li><a href=\"https:\/\/sinoextrud.com\/product\/high-precision-aluminum-extrusion-profile-cnc-machining-accessory-parts\/\" target=\"_blank\">High Precision Aluminum extrusion Profile CNC Machining Accessory Parts<\/a><\/li>\r\n<li><a href=\"https:\/\/sinoextrud.com\/product\/high-precision-aluminum-extrusion-profile-cnc-machining-accessory-parts-2\/\" target=\"_blank\">High Precision Aluminum extrusion Profile CNC Machining Accessory Parts<\/a><\/li>\r\n<li><a href=\"https:\/\/sinoextrud.com\/product\/aluminium-profile-drilling-cutting-bending-puching-processing\/\" target=\"_blank\">Aluminium profile drilling cutting bending puching processing<\/a><\/li>\r\n<li><a href=\"https:\/\/sinoextrud.com\/product\/aluminum-extrusion-custom-electric-vehicle-battery-enclosure-aluminum-profile\/\" target=\"_blank\">Aluminum Extrusion Custom Electric Vehicle Battery Enclosure Aluminum Profile<\/a><\/li>\r\n<li><a href=\"https:\/\/sinoextrud.com\/product\/aluminum-extrusion-high-strength-cnc-drilling-7003-aluminum-round-pipe\/\" target=\"_blank\">Aluminum Extrusion High-strength CNC Drilling 7003 Aluminum Round Pipe<\/a><\/li>\r\n<li><a href=\"https:\/\/sinoextrud.com\/product\/cnc-machining-aluminium-profile-connectors\/\" target=\"_blank\">CNC Machining Aluminium Profile Connectors<\/a><\/li>\r\n<li><a href=\"https:\/\/sinoextrud.com\/product\/cnc-machining-anodized-aluminum-extrusions\/\" target=\"_blank\">CNC Machining Anodized Aluminum Extrusions<\/a><\/li>\r\n<li><a href=\"https:\/\/sinoextrud.com\/product\/cnc-machined-6063-aluminium-extrusion-product\/\" target=\"_blank\">CNC Machined 6063 Aluminium Extrusion Product<\/a><\/li>\r\n<li><a href=\"https:\/\/sinoextrud.com\/product\/aluminum-alloy-cnc-aluminum-controller-shell\/\" target=\"_blank\">Aluminum Alloy CNC Aluminum Controller Shell<\/a><\/li>\r\n<li><a href=\"https:\/\/sinoextrud.com\/product\/aluminium-angles\/\" target=\"_blank\">Aluminium Angles<\/a><\/li>\r\n<li><a href=\"https:\/\/sinoextrud.com\/product\/aluminum-extrusion-6005-big-size-industrial-aluminum-profile\/\" target=\"_blank\">Aluminum Extrusion 6005 Big Size Industrial Aluminum Profile<\/a><\/li>"},"feature_list":[]},"_links":{"self":[{"href":"https:\/\/sinoextrud.com\/es\/wp-json\/wp\/v2\/product\/8453","targetHints":{"allow":["GET"]}}],"collection":[{"href":"https:\/\/sinoextrud.com\/es\/wp-json\/wp\/v2\/product"}],"about":[{"href":"https:\/\/sinoextrud.com\/es\/wp-json\/wp\/v2\/types\/product"}],"wp:featuredmedia":[{"embeddable":true,"href":"https:\/\/sinoextrud.com\/es\/wp-json\/wp\/v2\/media\/8452"}],"wp:attachment":[{"href":"https:\/\/sinoextrud.com\/es\/wp-json\/wp\/v2\/media?parent=8453"}],"wp:term":[{"taxonomy":"category","embeddable":true,"href":"https:\/\/sinoextrud.com\/es\/wp-json\/wp\/v2\/categories?post=8453"}],"curies":[{"name":"wp","href":"https:\/\/api.w.org\/{rel}","templated":true}]}}