{"id":8440,"date":"2025-06-16T03:33:08","date_gmt":"2025-06-16T03:33:08","guid":{"rendered":"https:\/\/sinoextrud.com\/product\/aluminium-enclosure-housing-and-shells\/"},"modified":"2025-06-24T06:23:50","modified_gmt":"2025-06-24T06:23:50","slug":"carcasas-y-envolventes-de-aluminio","status":"publish","type":"product","link":"https:\/\/sinoextrud.com\/es\/product\/aluminium-enclosure-housing-and-shells\/","title":{"rendered":"Carcasas y envolventes de aluminio"},"content":{"rendered":"<h2>Productos<\/h2>\n<table class=\"custom-table\">\n<tr>\n<td class=\"label\">Modelo NO.:<\/td>\n<td> OEM<br \/>\nCertificaci\u00f3n, RoHS, SGS, ISO9001<\/td>\n<\/tr>\n<tr>\n<td class=\"label\">Material:<\/td>\n<td> Metal<\/td>\n<\/tr>\n<tr>\n<td class=\"label\">Nombre del producto:<\/td>\n<td> Piezas de m\u00e1quinas CNC<\/td>\n<\/tr>\n<tr>\n<td class=\"label\">Tratamiento de la superficie:<\/td>\n<td> Pintura, chorro de arena, anodizado, etc.<\/td>\n<\/tr>\n<tr>\n<td class=\"label\">MOQ:<\/td>\n<td> 1 pieza<\/td>\n<\/tr>\n<tr>\n<td class=\"label\">Control de calidad:<\/td>\n<td> Control de calidad total<\/td>\n<\/tr>\n<tr>\n<td class=\"label\">Caracter\u00edsticas principales:<\/td>\n<td> Tama\u00f1o de precisi\u00f3n, colorido<\/td>\n<\/tr>\n<tr>\n<td class=\"label\">Marca registrada:<\/td>\n<td> OEM<\/td>\n<\/tr>\n<tr>\n<td class=\"label\">Especificaci\u00f3n:<\/td>\n<td> OEM<\/td>\n<\/tr>\n<tr>\n<td class=\"label\">Estado:<\/td>\n<td> Nuevo<\/td>\n<\/tr>\n<tr>\n<td class=\"label\">A medida:<\/td>\n<td> Personalizado<\/td>\n<\/tr>\n<tr>\n<td class=\"label\">Aplicaci\u00f3n:<\/td>\n<td> M\u00e1quina de reciclaje de metales, M\u00e1quina de corte de metales, Piezas de maquinaria para procesamiento de metales, Maquinaria de grabado de metales, Maquinaria de fundici\u00f3n de metales<\/td>\n<\/tr>\n<tr>\n<td class=\"label\">Palabra clave:<\/td>\n<td> Piezas de m\u00e1quinas CNC<\/td>\n<\/tr>\n<tr>\n<td class=\"label\">Ubicaci\u00f3n de la f\u00e1brica:<\/td>\n<td> Shenzhen (China)<\/td>\n<\/tr>\n<tr>\n<td class=\"label\">Muestra:<\/td>\n<td> Disponible<\/td>\n<\/tr>\n<tr>\n<td class=\"label\">Tolerancia al trabajo:<\/td>\n<td> +\/- 0,02 mm<\/td>\n<\/tr>\n<tr>\n<td class=\"label\">OEM\/ODM:<\/td>\n<td> Aceptable<\/td>\n<\/tr>\n<tr>\n<td class=\"label\">Paquete de transporte:<\/td>\n<td> Caja de cart\u00f3n para cada pieza, seg\u00fan la petici\u00f3n de los clientes<\/td>\n<\/tr>\n<tr>\n<td class=\"label\">Origen:<\/td>\n<td> Foshan,GUANGDONG, China<\/td>\n<\/tr>\n<\/table>\n<h2>Nuestra base de fabricaci\u00f3n<\/h2>\n<h3>Panorama de la f\u00e1brica<\/h3>\n<p><img decoding=\"async\" src=\"\/wp-content\/uploads\/factory-01.webp\"\/><\/p>\n<h3>Taller de fabricaci\u00f3n de barras de aluminio<\/h3>\n<p><img decoding=\"async\" src=\"\/wp-content\/uploads\/factory-02.webp\"\/><\/p>\n<\/p>\n<p><img decoding=\"async\" src=\"\/wp-content\/uploads\/factory-03.webp\"\/><\/p>\n<h3>Almac\u00e9n de moldes<\/h3>\n<p><img decoding=\"async\" src=\"\/wp-content\/uploads\/factory-04.webp\"\/><\/p>\n<h3>43 l\u00edneas de extrusi\u00f3n de aluminio (500-5500 toneladas)<\/h3>\n<p><img decoding=\"async\" src=\"\/wp-content\/uploads\/factory-05.webp\"\/><\/p>\n<p><img decoding=\"async\" src=\"\/wp-content\/uploads\/factory-06.webp\"\/><\/p>\n<p><img decoding=\"async\" src=\"\/wp-content\/uploads\/factory-07.webp\"\/><\/p>\n<h3>Taller de pintura en polvo<\/h3>\n<p><img decoding=\"async\" src=\"\/wp-content\/uploads\/factory-09.webp\"\/><\/p>\n<h3>Taller de anodizado<\/h3>\n<p><img decoding=\"async\" src=\"\/wp-content\/uploads\/factory-10.webp\"\/><\/p>\n<h3>Taller de procesamiento profundo<\/h3>\n<p><img decoding=\"async\" src=\"\/wp-content\/uploads\/factory-11.webp\"\/><\/p>\n<h3>Taller de mecanizado de precisi\u00f3n CNC<\/h3>\n<p><img decoding=\"async\" src=\"\/wp-content\/uploads\/factory-11.5.webp\"\/><\/p>\n<h3>Almac\u00e9n de productos acabados y de exportaci\u00f3n<\/h3>\n<p><img decoding=\"async\" src=\"\/wp-content\/uploads\/factory-12.webp\"\/><\/p>\n<p><img decoding=\"async\" src=\"\/wp-content\/uploads\/factory-13.webp\"\/><\/p>\n<p><img decoding=\"async\" src=\"\/wp-content\/uploads\/factory-14.webp\"\/><\/p>\n<h2>PREGUNTAS FRECUENTES<\/h2>\n<p><b>1. \u00bfQu\u00e9 son las carcasas de aluminio?<\/b><\/p>\n<p>Las carcasas y envolventes de aluminio son carcasas protectoras fabricadas en aluminio que se utilizan para alojar y proteger componentes electr\u00f3nicos y mec\u00e1nicos en diversas industrias.\n<\/p>\n<p><\/p>\n<p><b>2.\u00bfPor qu\u00e9 se utiliza el aluminio para las envolventes?<\/b><\/p>\n<p>El aluminio es ligero, duradero, resistente a la corrosi\u00f3n y ofrece una excelente disipaci\u00f3n del calor, por lo que resulta ideal para cajas y carcasas que protegen componentes sensibles en entornos dif\u00edciles.\n<\/p>\n<p><\/p>\n<p><b>3.\u00bfC\u00f3mo protege una caja de aluminio los componentes internos?<\/b><\/p>\n<p>Las carcasas de aluminio proporcionan una protecci\u00f3n fiable contra el polvo, la humedad y los da\u00f1os f\u00edsicos, al tiempo que ayudan a disipar el calor, garantizando la longevidad y el rendimiento de los componentes internos.\n<\/p>\n<p><\/p>\n<p><b>4.\u00bfPueden personalizarse las carcasas y envolventes de aluminio?<\/b><\/p>\n<p>S\u00ed, las carcasas y envolventes de aluminio pueden personalizarse en t\u00e9rminos de tama\u00f1o, dise\u00f1o y configuraci\u00f3n para satisfacer los requisitos espec\u00edficos de diferentes aplicaciones e industrias.\n<\/p>\n<p><\/p>\n<p><b>5. \u00bfQu\u00e9 industrias utilizan carcasas y envolventes de aluminio?<\/b><\/p>\n<p>Industrias como la electr\u00f3nica, las telecomunicaciones, la automoci\u00f3n y los equipos industriales utilizan cajas de aluminio para proteger equipos y componentes sensibles de da\u00f1os externos y factores ambientales.\n<\/p>\n<p><\/p>\n<p><b>6. \u00bfCu\u00e1l es la eficacia de la disipaci\u00f3n del calor en las carcasas de aluminio?<\/b><\/p>\n<p>Las carcasas de aluminio son muy eficaces para disipar el calor gracias a la excelente conductividad t\u00e9rmica del aluminio, lo que evita el sobrecalentamiento de los componentes internos y mejora el rendimiento.\n<\/p>\n<p><\/p>\n<p><b>7.\u00bfSon rentables las carcasas y envolventes de aluminio?<\/b><\/p>\n<p>S\u00ed, las cajas de aluminio son rentables y ofrecen una combinaci\u00f3n de asequibilidad, durabilidad y protecci\u00f3n superior, lo que las convierte en una opci\u00f3n popular para diversas aplicaciones industriales.\n<\/p>\n<p><\/p>","protected":false},"featured_media":8439,"template":"","categories":[68],"class_list":["post-8440","product","type-product","status-publish","has-post-thumbnail","hentry","category-cnc-machining-aluminum-profile"],"meta_box":{"hilight_text_group":{"product_hilight_text":"<li>Durable and lightweight aluminum construction for reliable protection<\/li>\r\r\n<li>Corrosion-resistant and long-lasting, ideal for outdoor and harsh environments<\/li>\r\r\n<li>Customizable sizes and designs to meet specific application needs<\/li>\r\r\n<li>Excellent heat dissipation properties to protect internal components<\/li>\r\r\n<li>High-quality surface finish with smooth edges for easy handling<\/li>\r\r\n<li>Perfect for various industries such as electronics, telecommunications, and industrial equipment<\/li>","product_chanpin_blog":"<ul>\r\r\n<li><a href=\"https:\/\/sinoextrud.com\/t-slot-v-slot-differences\/\" target=\"_blank\">t slot vs v slot<\/a><\/li>\r\r\n<li><a href=\"https:\/\/sinoextrud.com\/what-is-4040-aluminium-extrud\/\" target=\"_blank\">4040 aluminium extrusion<\/a><\/li>\r\r\n<li><a href=\"https:\/\/sinoextrud.com\/what-is-4040-aluminium-extrud\/\" target=\"_blank\">aluminum extrusions for industrial racks<\/a><\/li>\r\r\n<li><a href=\"https:\/\/sinoextrud.com\/powder-coating-aluminium-process\/\" target=\"_blank\">powder coating aluminium<\/a><\/li>\r\r\n<li><a href=\"https:\/\/sinoextrud.com\/what-is-an-aluminium-strip-ceiling\/\" target=\"_blank\">aluminium strip ceiling<\/a><\/li>\r\r\n<li><a href=\"https:\/\/sinoextrud.com\/what-is-a-heat-sink\/\" target=\"_blank\">what is a heat sink<\/a><\/li>\r\r\n<\/ul>","product_chanpin_chanpin":"<li><a href=\"https:\/\/sinoextrud.com\/product\/aluminum-cnc\/\" target=\"_blank\">Aluminum CNC<\/a><\/li>\r\n<li><a href=\"https:\/\/sinoextrud.com\/product\/aluminium-aerofoil-extrusion-oxidation-scrub-black\/\" target=\"_blank\">Aluminium Aerofoil Extrusion Oxidation Scrub Black<\/a><\/li>\r\n<li><a href=\"https:\/\/sinoextrud.com\/product\/aluminium-extrusion-cnc\/\" target=\"_blank\">Aluminium Extrusion CNC<\/a><\/li>\r\n<li><a href=\"https:\/\/sinoextrud.com\/product\/aluminium-profile-lock\/\" target=\"_blank\">Aluminium Profile Lock<\/a><\/li>\r\n<li><a href=\"https:\/\/sinoextrud.com\/product\/aluminium-enclosure-housing-and-shells\/\" target=\"_blank\">Aluminium Enclosure Housing And Shells<\/a><\/li>\r\n<li><a href=\"https:\/\/sinoextrud.com\/product\/aluminium-profile-cutting\/\" target=\"_blank\">Aluminium Profile Cutting<\/a><\/li>\r\n<li><a href=\"https:\/\/sinoextrud.com\/product\/high-precision-aluminum-extrusion-profile-cnc-machining-accessory-parts\/\" target=\"_blank\">High Precision Aluminum extrusion Profile CNC Machining Accessory Parts<\/a><\/li>\r\n<li><a href=\"https:\/\/sinoextrud.com\/product\/high-precision-aluminum-extrusion-profile-cnc-machining-accessory-parts-2\/\" target=\"_blank\">High Precision Aluminum extrusion Profile CNC Machining Accessory Parts<\/a><\/li>\r\n<li><a href=\"https:\/\/sinoextrud.com\/product\/aluminium-profile-drilling-cutting-bending-puching-processing\/\" target=\"_blank\">Aluminium profile drilling cutting bending puching processing<\/a><\/li>\r\n<li><a href=\"https:\/\/sinoextrud.com\/product\/cutting-aluminum-extrusion\/\" target=\"_blank\">Cutting Aluminum Extrusion<\/a><\/li>\r\n<li><a href=\"https:\/\/sinoextrud.com\/product\/building-materials-aluminium-profile-curtain-rod\/\" target=\"_blank\">Building Materials Aluminium Profile Curtain Rod<\/a><\/li>"},"feature_list":[]},"_links":{"self":[{"href":"https:\/\/sinoextrud.com\/es\/wp-json\/wp\/v2\/product\/8440","targetHints":{"allow":["GET"]}}],"collection":[{"href":"https:\/\/sinoextrud.com\/es\/wp-json\/wp\/v2\/product"}],"about":[{"href":"https:\/\/sinoextrud.com\/es\/wp-json\/wp\/v2\/types\/product"}],"wp:featuredmedia":[{"embeddable":true,"href":"https:\/\/sinoextrud.com\/es\/wp-json\/wp\/v2\/media\/8439"}],"wp:attachment":[{"href":"https:\/\/sinoextrud.com\/es\/wp-json\/wp\/v2\/media?parent=8440"}],"wp:term":[{"taxonomy":"category","embeddable":true,"href":"https:\/\/sinoextrud.com\/es\/wp-json\/wp\/v2\/categories?post=8440"}],"curies":[{"name":"wp","href":"https:\/\/api.w.org\/{rel}","templated":true}]}}