{"id":8418,"date":"2025-06-16T02:52:22","date_gmt":"2025-06-16T02:52:22","guid":{"rendered":"https:\/\/sinoextrud.com\/product\/slotted-aluminium-extrusion\/"},"modified":"2025-06-24T06:23:45","modified_gmt":"2025-06-24T06:23:45","slug":"extrusion-de-aluminio-ranurada-2","status":"publish","type":"product","link":"https:\/\/sinoextrud.com\/es\/product\/slotted-aluminium-extrusion\/","title":{"rendered":"Extrusi\u00f3n de aluminio ranurado"},"content":{"rendered":"<h2>Productos<\/h2>\n<table class=\"custom-table\">\n<tbody>\n<tr>\n<td> Modelo NO.:<\/td>\n<td> Tubo de aluminio Sinoextrud-8009 con ranura<\/td>\n<\/tr>\n<tr>\n<td> Tratamiento de la superficie:<\/td>\n<td> acabado de fresado<\/td>\n<\/tr>\n<tr>\n<td> Aleaci\u00f3n:<\/td>\n<td> Aleaci\u00f3n<\/td>\n<\/tr>\n<tr>\n<td> Material<\/td>\n<td> Aleaci\u00f3n de aluminio 6060\/6061\/6063\/6005\/5083\/6082\/7n01<\/td>\n<\/tr>\n<tr>\n<td> Di\u00e1metro:<\/td>\n<td> M\u00e1x. 300 mm<\/td>\n<\/tr>\n<tr>\n<td> Marca registrada:<\/td>\n<td> Sinoextrud<\/td>\n<\/tr>\n<tr>\n<td> Especificaci\u00f3n:<\/td>\n<td> seg\u00fan los dibujos<\/td>\n<\/tr>\n<tr>\n<td> Forma:<\/td>\n<td> rect\u00e1ngulo<\/td>\n<\/tr>\n<tr>\n<td> Grado:<\/td>\n<td> Serie 6000<\/td>\n<\/tr>\n<tr>\n<td> Temperamento:<\/td>\n<td> T3 - T8<\/td>\n<\/tr>\n<tr>\n<td> Grosor:<\/td>\n<td> M\u00e1s de 1 mm<\/td>\n<\/tr>\n<tr>\n<td> Caracter\u00edstica:<\/td>\n<td> Tubo con costura\/ Tubo normal\/ Tubo con ranura<\/td>\n<\/tr>\n<tr>\n<td> Paquete de transporte:<\/td>\n<td> Normal sear\/ Air Cushion<\/td>\n<\/tr>\n<tr>\n<td> Origen:<\/td>\n<td> China<\/td>\n<\/tr>\n<\/tbody>\n<\/table>\n<h2>Nuestra base de fabricaci\u00f3n<\/h2>\n<h3>Panorama de la f\u00e1brica<\/h3>\n<p><img decoding=\"async\" src=\"\/wp-content\/uploads\/factory-01.webp\"\/><\/p>\n<h3>Taller de fabricaci\u00f3n de barras de aluminio<\/h3>\n<p><img decoding=\"async\" src=\"\/wp-content\/uploads\/factory-02.webp\"\/><\/p>\n<p><img decoding=\"async\" src=\"\/wp-content\/uploads\/factory-03.webp\"\/><\/p>\n<h3>Almac\u00e9n de moldes<\/h3>\n<p><img decoding=\"async\" src=\"\/wp-content\/uploads\/factory-04.webp\"\/><\/p>\n<h3>43 L\u00c3neas de extrusi\u00c3\u00b3n de aluminio (500\u00e2\u20ac\"5500 toneladas)<\/h3>\n<p><img decoding=\"async\" src=\"\/wp-content\/uploads\/factory-05.webp\"\/><\/p>\n<p><img decoding=\"async\" src=\"\/wp-content\/uploads\/factory-06.webp\"\/><\/p>\n<p><img decoding=\"async\" src=\"\/wp-content\/uploads\/factory-07.webp\"\/><\/p>\n<h3>Taller de pintura en polvo<\/h3>\n<p><img decoding=\"async\" src=\"\/wp-content\/uploads\/factory-09.webp\"\/><\/p>\n<h3>Taller de anodizado<\/h3>\n<p><img decoding=\"async\" src=\"\/wp-content\/uploads\/factory-10.webp\"\/><\/p>\n<h3>Taller de procesamiento profundo<\/h3>\n<p><img decoding=\"async\" src=\"\/wp-content\/uploads\/factory-11.webp\"\/><\/p>\n<h3>Taller de mecanizado de precisi\u00f3n CNC<\/h3>\n<p><img decoding=\"async\" src=\"\/wp-content\/uploads\/factory-11.5.webp\"\/><\/p>\n<h3>Almac\u00e9n de productos acabados y de exportaci\u00f3n<\/h3>\n<p><img decoding=\"async\" src=\"\/wp-content\/uploads\/factory-12.webp\"\/><\/p>\n<p><img decoding=\"async\" src=\"\/wp-content\/uploads\/factory-13.webp\"\/><\/p>\n<p><img decoding=\"async\" src=\"\/wp-content\/uploads\/factory-14.webp\"\/><\/p>\n<h2>PREGUNTAS FRECUENTES<\/h2>\n<p><p><b>1.\u00bfQu\u00e9 hace que la extrusi\u00f3n de aluminio ranurado sea ideal para construir marcos y estructuras a medida? <\/b><\/p>\n<p> La extrusi\u00f3n de aluminio ranurado ofrece facilidad de montaje y modificaci\u00f3n, lo que permite a los usuarios crear marcos y estructuras personalizables para diversas aplicaciones.<br \/>\n<\/p><br \/>\n<br \/>\n<p><b>2.\u00bfSe puede personalizar la extrusi\u00f3n de aluminio ranurado? <\/b><\/p>\n<p> S\u00ed, las extrusiones de aluminio ranuradas pueden personalizarse en cuanto a tama\u00f1o, longitud y dise\u00f1o para adaptarse a las necesidades espec\u00edficas de un proyecto.<br \/>\n<\/p><br \/>\n<br \/>\n<p><b>3. \u00bfCu\u00e1l es la durabilidad de la extrusi\u00f3n de aluminio ranurado? <\/b><\/p>\n<p> Es muy duradero, con propiedades resistentes a la corrosi\u00f3n que garantizan un rendimiento a largo plazo incluso en entornos dif\u00edciles.<br \/>\n<\/p><br \/>\n<br \/>\n<p><b>4. \u00bfQu\u00e9 industrias se benefician del uso de la extrusi\u00f3n de aluminio ranurado? <\/b><\/p>\n<p> Industrias como la automatizaci\u00f3n, la rob\u00f3tica, la fabricaci\u00f3n y la construcci\u00f3n utilizan la extrusi\u00f3n de aluminio ranurado para construir marcos, soportes y maquinaria a medida.<br \/>\n<\/p><br \/>\n<br \/>\n<p><b>5.\u00bfEs f\u00e1cil de montar la extrusi\u00f3n de aluminio ranurado? <\/b><\/p>\n<p> S\u00ed, el dise\u00f1o ranurado permite un f\u00e1cil montaje, modificaci\u00f3n y desmontaje, reduciendo el tiempo de preparaci\u00f3n y proporcionando flexibilidad en futuros ajustes.<br \/>\n<\/p><br \/>\n<br \/>\n<p><b>6.\u00bfC\u00f3mo mejora la extrusi\u00f3n de aluminio ranurado la eficiencia de los proyectos? <\/b><\/p>\n<p> Su naturaleza modular permite un montaje r\u00e1pido y futuras modificaciones, lo que la convierte en una soluci\u00f3n flexible y eficaz para diversos proyectos industriales y comerciales.<br \/>\n<\/p><br \/>\n<br \/>\n<p><b>7.\u00bfLa extrusi\u00f3n de aluminio ranurado es respetuosa con el medio ambiente? <\/b><\/p>\n<p> S\u00ed, el aluminio es totalmente reciclable, por lo que la extrusi\u00f3n de aluminio ranurado es un material ecol\u00f3gico para crear estructuras sostenibles.<br \/>\n<\/p><br \/><\/p>","protected":false},"featured_media":8417,"template":"","categories":[54],"class_list":["post-8418","product","type-product","status-publish","has-post-thumbnail","hentry","category-industrial-aluminum-profiles"],"meta_box":{"hilight_text_group":{"product_hilight_text":"<li>Highly versatile slotted aluminium extrusion for building frames, structures, and custom applications<\/li>\r\r\n<li>Durable and corrosion-resistant, ensuring long-lasting reliability in various environments<\/li>\r\r\n<li>Easy to assemble, modify, and disassemble, offering flexibility for future adjustments<\/li>\r\r\n<li>Customizable sizes and designs to meet specific project requirements<\/li>\r\r\n<li>Lightweight yet strong, providing excellent support without excessive weight<\/li>\r\r\n<li>Cost-effective solution for creating robust, modular structures with minimal effort<\/li>\r\r\n<li>Environmentally friendly, made from fully recyclable aluminium material<\/li>","product_chanpin_blog":"<ul>\r\r\n<li><a href=\"https:\/\/sinoextrud.com\/t-slot-v-slot-differences\/\" target=\"_blank\">t slot vs v slot<\/a><\/li>\r\r\n<li><a href=\"https:\/\/sinoextrud.com\/what-is-4040-aluminium-extrud\/\" target=\"_blank\">4040 aluminium extrusion<\/a><\/li>\r\r\n<li><a href=\"https:\/\/sinoextrud.com\/what-is-4040-aluminium-extrud\/\" target=\"_blank\">aluminum extrusions for industrial racks<\/a><\/li>\r\r\n<li><a href=\"https:\/\/sinoextrud.com\/powder-coating-aluminium-process\/\" target=\"_blank\">powder coating aluminium<\/a><\/li>\r\r\n<li><a href=\"https:\/\/sinoextrud.com\/what-is-an-aluminium-strip-ceiling\/\" target=\"_blank\">aluminium strip ceiling<\/a><\/li>\r\r\n<li><a href=\"https:\/\/sinoextrud.com\/what-is-a-heat-sink\/\" target=\"_blank\">what is a heat sink<\/a><\/li>\r\r\n<\/ul>","product_chanpin_chanpin":"<li><a href=\"https:\/\/sinoextrud.com\/product\/round-extruded-aluminum\/\" target=\"_blank\">Round Extruded Aluminum<\/a><\/li>\r\n<li><a href=\"https:\/\/sinoextrud.com\/product\/aluminium-lightbox-extrusion\/\" target=\"_blank\">Aluminium Lightbox Extrusion<\/a><\/li>\r\n<li><a href=\"https:\/\/sinoextrud.com\/product\/extruded-aluminum-t-track\/\" target=\"_blank\">Extruded Aluminum T Track<\/a><\/li>\r\n<li><a href=\"https:\/\/sinoextrud.com\/product\/modular-aluminum-profiles-machine-hand-robot-hand-manipulator\/\" target=\"_blank\">Modular Aluminum Profiles Machine Hand Robot Hand Manipulator<\/a><\/li>\r\n<li><a href=\"https:\/\/sinoextrud.com\/product\/slotted-aluminium-extrusion\/\" target=\"_blank\">Slotted Aluminium Extrusion<\/a><\/li>\r\n<li><a href=\"https:\/\/sinoextrud.com\/product\/aluminum-extrusion-fabrication\/\" target=\"_blank\">Aluminum Extrusion Fabrication<\/a><\/li>\r\n<li><a href=\"https:\/\/sinoextrud.com\/product\/industrial-profile-systems\/\" target=\"_blank\">Industrial Profile Systems<\/a><\/li>\r\n<li><a href=\"https:\/\/sinoextrud.com\/product\/t-slot-extruded-aluminum-framing-systems\/\" target=\"_blank\">T Slot Extruded Aluminum Framing Systems<\/a><\/li>\r\n<li><a href=\"https:\/\/sinoextrud.com\/product\/aluminum-extrusions-milling-cutting-and-assembly\/\" target=\"_blank\">Aluminum Extrusions Milling Cutting and Assembly<\/a><\/li>\r\n<li><a href=\"https:\/\/sinoextrud.com\/product\/6061-aluminum-extrusion-round-tube-for-industry\/\" target=\"_blank\">6061 Aluminum Extrusion Round Tube For Industry<\/a><\/li>\r\n<li><a href=\"https:\/\/sinoextrud.com\/product\/6063-anodized-road-case-aluminum-extrusions\/\" target=\"_blank\">6063 Anodized Road Case Aluminum Extrusions<\/a><\/li>"},"feature_list":[]},"_links":{"self":[{"href":"https:\/\/sinoextrud.com\/es\/wp-json\/wp\/v2\/product\/8418","targetHints":{"allow":["GET"]}}],"collection":[{"href":"https:\/\/sinoextrud.com\/es\/wp-json\/wp\/v2\/product"}],"about":[{"href":"https:\/\/sinoextrud.com\/es\/wp-json\/wp\/v2\/types\/product"}],"wp:featuredmedia":[{"embeddable":true,"href":"https:\/\/sinoextrud.com\/es\/wp-json\/wp\/v2\/media\/8417"}],"wp:attachment":[{"href":"https:\/\/sinoextrud.com\/es\/wp-json\/wp\/v2\/media?parent=8418"}],"wp:term":[{"taxonomy":"category","embeddable":true,"href":"https:\/\/sinoextrud.com\/es\/wp-json\/wp\/v2\/categories?post=8418"}],"curies":[{"name":"wp","href":"https:\/\/api.w.org\/{rel}","templated":true}]}}