{"id":8412,"date":"2025-06-16T02:49:27","date_gmt":"2025-06-16T02:49:27","guid":{"rendered":"https:\/\/sinoextrud.com\/product\/modular-aluminum-profiles-machine-hand-robot-hand-manipulator\/"},"modified":"2025-06-24T06:23:45","modified_gmt":"2025-06-24T06:23:45","slug":"maquina-modular-de-perfiles-de-aluminio-robot-manipulador-manual","status":"publish","type":"product","link":"https:\/\/sinoextrud.com\/es\/product\/modular-aluminum-profiles-machine-hand-robot-hand-manipulator\/","title":{"rendered":"M\u00e1quina Modular de Perfiles de Aluminio Robot Manipulador Manual"},"content":{"rendered":"<h2>Productos<\/h2>\n<table class=\"custom-table\">\n<tbody>\n<tr>\n<td> Nombre del producto<\/td>\n<td> M\u00e1quina modular de perfiles de aluminio robot manipulador manual<\/td>\n<\/tr>\n<tr>\n<td> Aleaci\u00f3n de aluminio<\/td>\n<td> 6063-T5, o a medida<\/td>\n<\/tr>\n<tr>\n<td> Tratamiento superficial<\/td>\n<td> recubrimiento en polvo, acabado de laminaci\u00f3n o personalizaci\u00f3n<\/td>\n<\/tr>\n<tr>\n<td> Color<\/td>\n<td> blanco, dorado, acabado molino o personalizaci\u00f3n<\/td>\n<\/tr>\n<tr>\n<td> Talla<\/td>\n<td> 1-9m, o personalizaci\u00f3n<\/td>\n<\/tr>\n<tr>\n<td> Aplicaci\u00f3n<\/td>\n<td> Perfiles modulares de aluminio, mano mec\u00e1nica, mano rob\u00f3tica, manipulador, brazo mec\u00e1nico<\/td>\n<\/tr>\n<tr>\n<td> Marca<\/td>\n<td> Sinoextrud \/ Sinoextrud \/ Sinoextrud Aluminio<\/td>\n<\/tr>\n<tr>\n<td> Origen<\/td>\n<td> Foshan, China<\/td>\n<\/tr>\n<\/tbody>\n<\/table>\n<h2>Nuestra base de fabricaci\u00f3n<\/h2>\n<h3>Panorama de la f\u00e1brica<\/h3>\n<p><img decoding=\"async\" src=\"\/wp-content\/uploads\/factory-01.webp\"\/><\/p>\n<h3>Taller de fabricaci\u00f3n de barras de aluminio<\/h3>\n<p><img decoding=\"async\" src=\"\/wp-content\/uploads\/factory-02.webp\"\/><\/p>\n<p><img decoding=\"async\" src=\"\/wp-content\/uploads\/factory-03.webp\"\/><\/p>\n<h3>Almac\u00e9n de moldes<\/h3>\n<p><img decoding=\"async\" src=\"\/wp-content\/uploads\/factory-04.webp\"\/><\/p>\n<h3>43 L\u00c3neas de extrusi\u00c3\u00b3n de aluminio (500\u00e2\u20ac\"5500 toneladas)<\/h3>\n<p><img decoding=\"async\" src=\"\/wp-content\/uploads\/factory-05.webp\"\/><\/p>\n<p><img decoding=\"async\" src=\"\/wp-content\/uploads\/factory-06.webp\"\/><\/p>\n<p><img decoding=\"async\" src=\"\/wp-content\/uploads\/factory-07.webp\"\/><\/p>\n<h3>Taller de pintura en polvo<\/h3>\n<p><img decoding=\"async\" src=\"\/wp-content\/uploads\/factory-09.webp\"\/><\/p>\n<h3>Taller de anodizado<\/h3>\n<p><img decoding=\"async\" src=\"\/wp-content\/uploads\/factory-10.webp\"\/><\/p>\n<h3>Taller de procesamiento profundo<\/h3>\n<p><img decoding=\"async\" src=\"\/wp-content\/uploads\/factory-11.webp\"\/><\/p>\n<h3>Taller de mecanizado de precisi\u00f3n CNC<\/h3>\n<p><img decoding=\"async\" src=\"\/wp-content\/uploads\/factory-11.5.webp\"\/><\/p>\n<h3>Almac\u00e9n de productos acabados y de exportaci\u00f3n<\/h3>\n<p><img decoding=\"async\" src=\"\/wp-content\/uploads\/factory-12.webp\"\/><\/p>\n<p><img decoding=\"async\" src=\"\/wp-content\/uploads\/factory-13.webp\"\/><\/p>\n<p><img decoding=\"async\" src=\"\/wp-content\/uploads\/factory-14.webp\"\/><\/p>\n<h2>PREGUNTAS FRECUENTES<\/h2>\n<p><p><b>1.\u00bfQu\u00e9 hace que la M\u00e1quina Modular de Perfiles de Aluminio Robot Manipulador Manual sea adecuada para la automatizaci\u00f3n? <\/b><\/p>\n<p> Estos perfiles modulares de aluminio son muy vers\u00e1tiles, personalizables y proporcionan un soporte robusto para movimientos manuales rob\u00f3ticos precisos en sistemas de automatizaci\u00f3n.<br \/>\n<\/p><br \/>\n<br \/>\n<p><b>2.\u00bfPuede Modular Aluminio Perfiles M\u00e1quina Robot Manipulador Mano ser personalizado para necesidades espec\u00edficas? <\/b><\/p>\n<p> S\u00ed, pueden adaptarse a diferentes longitudes, tama\u00f1os y dise\u00f1os para adaptarse a diversas aplicaciones rob\u00f3ticas, garantizando una funcionalidad \u00f3ptima.<br \/>\n<\/p><br \/>\n<br \/>\n<p><b>3.\u00bfQu\u00e9 tan duraderos son los perfiles modulares de aluminio de la m\u00e1quina de mano Robot Manipulador? <\/b><\/p>\n<p> Estos perfiles son resistentes a la corrosi\u00f3n y est\u00e1n dise\u00f1ados para ofrecer un rendimiento a largo plazo, incluso en entornos industriales dif\u00edciles.<br \/>\n<\/p><br \/>\n<br \/>\n<p><b>4.\u00bfQu\u00e9 industrias se benefician de la m\u00e1quina de perfiles de aluminio modular mano robot manipulador? <\/b><\/p>\n<p> Industrias como la automoci\u00f3n, la fabricaci\u00f3n, la electr\u00f3nica y la log\u00edstica se benefician del uso de estos perfiles en sistemas de automatizaci\u00f3n y rob\u00f3tica.<br \/>\n<\/p><br \/>\n<br \/>\n<p><b>5.\u00bfEs la m\u00e1quina modular de perfiles de aluminio mano robot manipulador f\u00e1cil de montar? <\/b><\/p>\n<p> S\u00ed, el dise\u00f1o modular permite un montaje r\u00e1pido y ajustes sencillos, lo que reduce tanto el tiempo de instalaci\u00f3n como los costes de mano de obra.<br \/>\n<\/p><br \/>\n<br \/>\n<p><b>6.\u00bfC\u00f3mo mejora el rendimiento de la automatizaci\u00f3n el robot manipulador manual de la m\u00e1quina modular de perfiles de aluminio? <\/b><\/p>\n<p> Los perfiles, ligeros pero resistentes, ofrecen estabilidad y precisi\u00f3n, mejorando el rendimiento y la exactitud de los manipuladores rob\u00f3ticos en los procesos de producci\u00f3n.<br \/>\n<\/p><br \/>\n<br \/>\n<p><b>7.\u00bfEs la m\u00e1quina modular de perfiles de aluminio robot manipulador de mano respetuosa con el medio ambiente? <\/b><\/p>\n<p> S\u00ed, el aluminio es totalmente reciclable, lo que convierte a estos perfiles en una opci\u00f3n ecol\u00f3gica para aplicaciones rob\u00f3ticas en automatizaci\u00f3n.<br \/>\n<\/p><br \/><\/p>","protected":false},"featured_media":8411,"template":"","categories":[54],"class_list":["post-8412","product","type-product","status-publish","has-post-thumbnail","hentry","category-industrial-aluminum-profiles"],"meta_box":{"hilight_text_group":{"product_hilight_text":"<li>Highly versatile modular aluminum profiles for machine hand robot hand manipulator systems<\/li>\r\r\n<li>Customizable designs to meet specific automation and robotic application needs<\/li>\r\r\n<li>Lightweight yet strong, providing excellent support without compromising durability<\/li>\r\r\n<li>Easy to assemble and disassemble, reducing setup time and improving flexibility<\/li>\r\r\n<li>Corrosion-resistant, ensuring long-lasting performance in various environments<\/li>\r\r\n<li>Efficient for precise, high-performance automation in manufacturing and assembly lines<\/li>\r\r\n<li>Eco-friendly, as aluminum is a fully recyclable material<\/li>","product_chanpin_blog":"<ul>\r\r\n<li><a href=\"https:\/\/sinoextrud.com\/t-slot-v-slot-differences\/\" target=\"_blank\">t slot vs v slot<\/a><\/li>\r\r\n<li><a href=\"https:\/\/sinoextrud.com\/what-is-4040-aluminium-extrud\/\" target=\"_blank\">4040 aluminium extrusion<\/a><\/li>\r\r\n<li><a href=\"https:\/\/sinoextrud.com\/what-is-4040-aluminium-extrud\/\" target=\"_blank\">aluminum extrusions for industrial racks<\/a><\/li>\r\r\n<li><a href=\"https:\/\/sinoextrud.com\/powder-coating-aluminium-process\/\" target=\"_blank\">powder coating aluminium<\/a><\/li>\r\r\n<li><a href=\"https:\/\/sinoextrud.com\/what-is-an-aluminium-strip-ceiling\/\" target=\"_blank\">aluminium strip ceiling<\/a><\/li>\r\r\n<li><a href=\"https:\/\/sinoextrud.com\/what-is-a-heat-sink\/\" target=\"_blank\">what is a heat sink<\/a><\/li>\r\r\n<\/ul>","product_chanpin_chanpin":"<li><a href=\"https:\/\/sinoextrud.com\/product\/industrial-aluminum-extrusion\/\" target=\"_blank\">Industrial Aluminum Extrusion<\/a><\/li>\r\n<li><a href=\"https:\/\/sinoextrud.com\/product\/round-extruded-aluminum\/\" target=\"_blank\">Round Extruded Aluminum<\/a><\/li>\r\n<li><a href=\"https:\/\/sinoextrud.com\/product\/aluminium-lightbox-extrusion\/\" target=\"_blank\">Aluminium Lightbox Extrusion<\/a><\/li>\r\n<li><a href=\"https:\/\/sinoextrud.com\/product\/extruded-aluminum-t-track\/\" target=\"_blank\">Extruded Aluminum T Track<\/a><\/li>\r\n<li><a href=\"https:\/\/sinoextrud.com\/product\/modular-aluminum-profiles-machine-hand-robot-hand-manipulator\/\" target=\"_blank\">Modular Aluminum Profiles Machine Hand Robot Hand Manipulator<\/a><\/li>\r\n<li><a href=\"https:\/\/sinoextrud.com\/product\/slotted-aluminium-extrusion\/\" target=\"_blank\">Slotted Aluminium Extrusion<\/a><\/li>\r\n<li><a href=\"https:\/\/sinoextrud.com\/product\/aluminum-extrusion-fabrication\/\" target=\"_blank\">Aluminum Extrusion Fabrication<\/a><\/li>\r\n<li><a href=\"https:\/\/sinoextrud.com\/product\/industrial-profile-systems\/\" target=\"_blank\">Industrial Profile Systems<\/a><\/li>\r\n<li><a href=\"https:\/\/sinoextrud.com\/product\/t-slot-extruded-aluminum-framing-systems\/\" target=\"_blank\">T Slot Extruded Aluminum Framing Systems<\/a><\/li>\r\n<li><a href=\"https:\/\/sinoextrud.com\/product\/architectural-aluminum-extrusion-profiles\/\" target=\"_blank\">Architectural Aluminum Extrusion Profiles<\/a><\/li>\r\n<li><a href=\"https:\/\/sinoextrud.com\/product\/6463-brightness-polished-shower-room-u-channel-aluminum-profile\/\" target=\"_blank\">6463 Brightness Polished Shower Room U Channel Aluminum Profile<\/a><\/li>"},"feature_list":[]},"_links":{"self":[{"href":"https:\/\/sinoextrud.com\/es\/wp-json\/wp\/v2\/product\/8412","targetHints":{"allow":["GET"]}}],"collection":[{"href":"https:\/\/sinoextrud.com\/es\/wp-json\/wp\/v2\/product"}],"about":[{"href":"https:\/\/sinoextrud.com\/es\/wp-json\/wp\/v2\/types\/product"}],"wp:featuredmedia":[{"embeddable":true,"href":"https:\/\/sinoextrud.com\/es\/wp-json\/wp\/v2\/media\/8411"}],"wp:attachment":[{"href":"https:\/\/sinoextrud.com\/es\/wp-json\/wp\/v2\/media?parent=8412"}],"wp:term":[{"taxonomy":"category","embeddable":true,"href":"https:\/\/sinoextrud.com\/es\/wp-json\/wp\/v2\/categories?post=8412"}],"curies":[{"name":"wp","href":"https:\/\/api.w.org\/{rel}","templated":true}]}}