{"id":8392,"date":"2025-06-16T01:46:29","date_gmt":"2025-06-16T01:46:29","guid":{"rendered":"https:\/\/sinoextrud.com\/product\/aluminum-boat-extrusions-6082\/"},"modified":"2025-06-24T06:23:41","modified_gmt":"2025-06-24T06:23:41","slug":"extrusiones-de-aluminio-para-barcos-6082","status":"publish","type":"product","link":"https:\/\/sinoextrud.com\/es\/product\/aluminum-boat-extrusions-6082\/","title":{"rendered":"Extrusiones de aluminio para barcos 6082"},"content":{"rendered":"<h2>Productos<\/h2>\n<table class=\"custom-table\">\n<tbody>\n<tr>\n<td> Modelo NO.<\/td>\n<td> Serie 6000Extrusiones de aluminio para barcos 6082<\/td>\n<td> Acabado de superficies<\/td>\n<td> Pulverizaci\u00f3n de polvo<\/td>\n<\/tr>\n<tr>\n<td> Ingrediente de aleaci\u00f3n<\/td>\n<td> 6063<\/td>\n<td> Certificaci\u00f3n<\/td>\n<td> CE, SONCAP, ISO, CIQ, RoHS, TUV<\/td>\n<\/tr>\n<tr>\n<td> Perfil de aluminio pulido<\/td>\n<td> Pulido mec\u00e1nico<\/td>\n<td> Material<\/td>\n<td> 6063-T5, 6061-T6, 6463-T5, 7075-T6, 6082<\/td>\n<\/tr>\n<tr>\n<td> Prop\u00f3sito<\/td>\n<td> Muebles, Ventanas y Puertas, Decoraci\u00f3n, Industria<\/td>\n<td> MOQ<\/td>\n<td> 200KG para cada perfil<\/td>\n<\/tr>\n<tr>\n<td> Servicio OEM<\/td>\n<td> Basado en planos o muestras dise\u00f1ados por el cliente<\/td>\n<td> Tratamiento de superficies<\/td>\n<td> Anodizado\/electroforesis\/recubrimiento en polvo, etc.<\/td>\n<\/tr>\n<tr>\n<td> Procesamiento en profundidad<\/td>\n<td> Punzonado, taladrado, roscado, plegado<\/td>\n<td> Plazo de entrega<\/td>\n<td> 25-30 d\u00edas tras la confirmaci\u00f3n de la muestra por parte del comprador<\/td>\n<\/tr>\n<tr>\n<td> Plazo de liquidaci\u00f3n<\/td>\n<td> El pago final se basar\u00e1 en la f\u00edsica real final<\/td>\n<td> Garant\u00eda de producci\u00f3n<\/td>\n<td> El color de la superficie puede durar entre 10 y 20 a\u00f1os<\/td>\n<\/tr>\n<tr>\n<td> Puerto<\/td>\n<td> Fob Shenzhen, Guangzhou, Foshan<\/td>\n<td> Marca<\/td>\n<td> Sinoextrud &amp; Sinoextrud<\/td>\n<\/tr>\n<tr>\n<td> Paquete de transporte<\/td>\n<td> Normal o personalizado<\/td>\n<td> Especificaci\u00f3n<\/td>\n<td> Seg\u00fan las necesidades del cliente<\/td>\n<\/tr>\n<tr>\n<td> Origen<\/td>\n<td> China continental<\/td>\n<td> C\u00f3digo SA<\/td>\n<td> 76042100<\/td>\n<\/tr>\n<\/tbody>\n<\/table>\n<h2>Nuestra base de fabricaci\u00f3n<\/h2>\n<h3>Panorama de la f\u00e1brica<\/h3>\n<p><img decoding=\"async\" src=\"\/wp-content\/uploads\/factory-01.webp\"\/><\/p>\n<h3>Taller de fabricaci\u00f3n de barras de aluminio<\/h3>\n<p><img decoding=\"async\" src=\"\/wp-content\/uploads\/factory-02.webp\"\/><\/p>\n<p><img decoding=\"async\" src=\"\/wp-content\/uploads\/factory-03.webp\"\/><\/p>\n<h3>Almac\u00e9n de moldes<\/h3>\n<p><img decoding=\"async\" src=\"\/wp-content\/uploads\/factory-04.webp\"\/><\/p>\n<h3>43 L\u00c3neas de extrusi\u00c3\u00b3n de aluminio (500\u00e2\u20ac\"5500 toneladas)<\/h3>\n<p><img decoding=\"async\" src=\"\/wp-content\/uploads\/factory-05.webp\"\/><\/p>\n<p><img decoding=\"async\" src=\"\/wp-content\/uploads\/factory-06.webp\"\/><\/p>\n<p><img decoding=\"async\" src=\"\/wp-content\/uploads\/factory-07.webp\"\/><\/p>\n<h3>Taller de pintura en polvo<\/h3>\n<p><img decoding=\"async\" src=\"\/wp-content\/uploads\/factory-09.webp\"\/><\/p>\n<h3>Taller de anodizado<\/h3>\n<p><img decoding=\"async\" src=\"\/wp-content\/uploads\/factory-10.webp\"\/><\/p>\n<h3>Taller de procesamiento profundo<\/h3>\n<p><img decoding=\"async\" src=\"\/wp-content\/uploads\/factory-11.webp\"\/><\/p>\n<h3>Taller de mecanizado de precisi\u00f3n CNC<\/h3>\n<p><img decoding=\"async\" src=\"\/wp-content\/uploads\/factory-11.5.webp\"\/><\/p>\n<h3>Almac\u00e9n de productos acabados y de exportaci\u00f3n<\/h3>\n<p><img decoding=\"async\" src=\"\/wp-content\/uploads\/factory-12.webp\"\/><\/p>\n<p><img decoding=\"async\" src=\"\/wp-content\/uploads\/factory-13.webp\"\/><\/p>\n<p><img decoding=\"async\" src=\"\/wp-content\/uploads\/factory-14.webp\"\/><\/p>\n<h2>PREGUNTAS FRECUENTES<\/h2>\n<p><p><b>1.\u00bfPara qu\u00e9 se utilizan las extrusiones de aluminio para barcos 6082? <\/b><\/p>\n<p> Las extrusiones de aluminio 6082 para barcos se utilizan en la construcci\u00f3n naval para entramado, refuerzo estructural y soporte de componentes debido a su solidez y resistencia a la corrosi\u00f3n.<br \/>\n<\/p><br \/>\n<br \/>\n<p><b>2.\u00bfPor qu\u00e9 el aluminio 6082 es adecuado para aplicaciones marinas? <\/b><\/p>\n<p> El aluminio 6082 ofrece una excelente resistencia a la corrosi\u00f3n en agua salada, alta resistencia mec\u00e1nica y buena soldabilidad, lo que lo hace ideal para la construcci\u00f3n de barcos.<br \/>\n<\/p><br \/>\n<br \/>\n<p><b>3.\u00bfSe pueden personalizar las extrusiones de aluminio 6082? <\/b><\/p>\n<p> S\u00ed, ofrecemos formas, longitudes y acabados personalizados para satisfacer los requisitos estructurales y de dise\u00f1o espec\u00edficos de los proyectos mar\u00edtimos.<br \/>\n<\/p><br \/>\n<br \/>\n<p><b>4.\u00bfEs el aluminio 6082 f\u00e1cil de soldar para el montaje de barcos? <\/b><\/p>\n<p> Por supuesto, el aluminio 6082 tiene una excelente soldabilidad, lo que simplifica la fabricaci\u00f3n y reparaci\u00f3n en la fabricaci\u00f3n de embarcaciones.<br \/>\n<\/p><br \/>\n<br \/>\n<p><b>5.\u00bfC\u00f3mo beneficia el uso de aluminio 6082 al rendimiento de la embarcaci\u00f3n? <\/b><\/p>\n<p> La naturaleza ligera del aluminio 6082 reduce el peso de la embarcaci\u00f3n, mejora la velocidad y la eficiencia del combustible, y mejora la maniobrabilidad.<br \/>\n<\/p><br \/>\n<br \/>\n<p><b>6.\u00bfLas extrusiones de aluminio 6082 son resistentes al agua de mar? <\/b><\/p>\n<p> S\u00ed, el aluminio 6082 es muy resistente a la corrosi\u00f3n en entornos marinos, incluida la exposici\u00f3n prolongada al agua salada.<br \/>\n<\/p><br \/>\n<br \/>\n<p><b>7.\u00bfQu\u00e9 tipos de componentes para embarcaciones pueden fabricarse con extrusiones 6082? <\/b><\/p>\n<p> Entre sus usos m\u00e1s comunes se incluyen las cuadernas del casco, los soportes de cubierta, las barandillas, los soportes y las piezas de acabado tanto en embarcaciones comerciales como de recreo.<br \/>\n<\/p><br \/><\/p>","protected":false},"featured_media":8391,"template":"","categories":[54],"class_list":["post-8392","product","type-product","status-publish","has-post-thumbnail","hentry","category-industrial-aluminum-profiles"],"meta_box":{"hilight_text_group":{"product_hilight_text":"<li>Made from 6082 aluminum alloy for high strength and excellent corrosion resistance.<\/li>\r\r\n<li>Ideal for marine environments due to its seawater-resistant properties.<\/li>\r\r\n<li>Lightweight material reduces overall boat weight and improves fuel efficiency.<\/li>\r\r\n<li>Excellent weldability for easy boat assembly and repairs.<\/li>\r\r\n<li>Available in various extruded shapes for structural and decorative marine use.<\/li>\r\r\n<li>Precision extrusion ensures consistent dimensions and easy fabrication.<\/li>\r\r\n<li>Long service life with minimal maintenance in harsh saltwater conditions.<\/li>","product_chanpin_blog":"<ul>\r\r\n<li><a href=\"https:\/\/sinoextrud.com\/t-slot-v-slot-differences\/\" target=\"_blank\">t slot vs v slot<\/a><\/li>\r\r\n<li><a href=\"https:\/\/sinoextrud.com\/what-is-4040-aluminium-extrud\/\" target=\"_blank\">4040 aluminium extrusion<\/a><\/li>\r\r\n<li><a href=\"https:\/\/sinoextrud.com\/what-is-4040-aluminium-extrud\/\" target=\"_blank\">aluminum extrusions for industrial racks<\/a><\/li>\r\r\n<li><a href=\"https:\/\/sinoextrud.com\/powder-coating-aluminium-process\/\" target=\"_blank\">powder coating aluminium<\/a><\/li>\r\r\n<li><a href=\"https:\/\/sinoextrud.com\/what-is-an-aluminium-strip-ceiling\/\" target=\"_blank\">aluminium strip ceiling<\/a><\/li>\r\r\n<li><a href=\"https:\/\/sinoextrud.com\/what-is-a-heat-sink\/\" target=\"_blank\">what is a heat sink<\/a><\/li>\r\r\n<\/ul>","product_chanpin_chanpin":"<li><a href=\"https:\/\/sinoextrud.com\/product\/stock-aluminum-extrusion-profiles\/\" target=\"_blank\">Stock Aluminum Extrusion Profiles<\/a><\/li>\r\n<li><a href=\"https:\/\/sinoextrud.com\/product\/the-hinges-of-aluminium-clean-room\/\" target=\"_blank\">The Hinges Of Aluminium Clean Room<\/a><\/li>\r\n<li><a href=\"https:\/\/sinoextrud.com\/product\/special-aluminium-profiles-heat-sink-aluminum\/\" target=\"_blank\">Special Aluminium Profiles Heat Sink Aluminum<\/a><\/li>\r\n<li><a href=\"https:\/\/sinoextrud.com\/product\/t-slot-aluminium-profile\/\" target=\"_blank\">T Slot Aluminium Profile<\/a><\/li>\r\n<li><a href=\"https:\/\/sinoextrud.com\/product\/aluminum-boat-extrusions-6082\/\" target=\"_blank\">Aluminum Boat Extrusions 6082<\/a><\/li>\r\n<li><a href=\"https:\/\/sinoextrud.com\/product\/aluminum-car-pedal-anodized-silver\/\" target=\"_blank\">Aluminum Car Pedal Anodized Silver<\/a><\/li>\r\n<li><a href=\"https:\/\/sinoextrud.com\/product\/aluminum-frame-extrusion-profiles\/\" target=\"_blank\">Aluminum Frame Extrusion Profiles<\/a><\/li>\r\n<li><a href=\"https:\/\/sinoextrud.com\/product\/aluminum-t-slot-channel\/\" target=\"_blank\">Aluminum T Slot Channel<\/a><\/li>\r\n<li><a href=\"https:\/\/sinoextrud.com\/product\/c-beam-aluminum-extrusion\/\" target=\"_blank\">C Beam Aluminum Extrusion<\/a><\/li>\r\n<li><a href=\"https:\/\/sinoextrud.com\/product\/cnc-anodized-6063-curved-aluminum-extrusions\/\" target=\"_blank\">CNC Anodized 6063 Curved Aluminum Extrusions<\/a><\/li>\r\n<li><a href=\"https:\/\/sinoextrud.com\/product\/round-aluminum-extrusion-profiles\/\" target=\"_blank\">Round Aluminum Extrusion Profiles<\/a><\/li>"},"feature_list":[]},"_links":{"self":[{"href":"https:\/\/sinoextrud.com\/es\/wp-json\/wp\/v2\/product\/8392","targetHints":{"allow":["GET"]}}],"collection":[{"href":"https:\/\/sinoextrud.com\/es\/wp-json\/wp\/v2\/product"}],"about":[{"href":"https:\/\/sinoextrud.com\/es\/wp-json\/wp\/v2\/types\/product"}],"wp:featuredmedia":[{"embeddable":true,"href":"https:\/\/sinoextrud.com\/es\/wp-json\/wp\/v2\/media\/8391"}],"wp:attachment":[{"href":"https:\/\/sinoextrud.com\/es\/wp-json\/wp\/v2\/media?parent=8392"}],"wp:term":[{"taxonomy":"category","embeddable":true,"href":"https:\/\/sinoextrud.com\/es\/wp-json\/wp\/v2\/categories?post=8392"}],"curies":[{"name":"wp","href":"https:\/\/api.w.org\/{rel}","templated":true}]}}