{"id":8377,"date":"2025-06-16T01:34:24","date_gmt":"2025-06-16T01:34:24","guid":{"rendered":"https:\/\/sinoextrud.com\/product\/l-shape-aluminum-angle-profile\/"},"modified":"2025-06-24T06:23:40","modified_gmt":"2025-06-24T06:23:40","slug":"perfil-angular-de-aluminio-en-forma-de-l","status":"publish","type":"product","link":"https:\/\/sinoextrud.com\/es\/product\/l-shape-aluminum-angle-profile\/","title":{"rendered":"Perfil angular de aluminio en forma de L"},"content":{"rendered":"<h2>Productos<\/h2>\n<table class=\"custom-table\">\n<tr>\n<td class=\"label\">Nombre del art\u00edculo<\/td>\n<td>Perfil angular de aluminio en forma de L<\/td>\n<\/tr>\n<tr>\n<td class=\"label\">Calidad del material<\/td>\n<td>6063, 6061<\/td>\n<\/tr>\n<tr>\n<td class=\"label\">Temple<\/td>\n<td>T5-T6<\/td>\n<\/tr>\n<tr>\n<td class=\"label\">Tecnolog\u00eda<\/td>\n<td>Extrusi\u00f3n de aluminio<\/td>\n<\/tr>\n<tr>\n<td class=\"label\">Tratamiento de superficies<\/td>\n<td>Anodizado, recubrimiento de polvo, chorro de arena, electroforesis, fluorocarbono, etc.<\/td>\n<\/tr>\n<tr>\n<td class=\"label\">Color<\/td>\n<td>Personalizado<\/td>\n<\/tr>\n<tr>\n<td class=\"label\">Espesor de anodizado<\/td>\n<td>8-25 um<\/td>\n<\/tr>\n<tr>\n<td class=\"label\">Potencia Espesor del revestimiento<\/td>\n<td>40-120 um<\/td>\n<\/tr>\n<tr>\n<td class=\"label\">Forma<\/td>\n<td>Forma de L o personalizada<\/td>\n<\/tr>\n<tr>\n<td class=\"label\">Dimensi\u00f3n<\/td>\n<td>Personalizado<\/td>\n<\/tr>\n<tr>\n<td class=\"label\">Tratamiento en profundidad<\/td>\n<td>cortar, taladrar, punzonar, doblar, etc.<\/td>\n<\/tr>\n<tr>\n<td class=\"label\">Dise\u00f1o 2D y 3D<\/td>\n<td>Auto CAD, 3D, AI, SLD, PRT. IGS, PDF, JPEG, etc.<\/td>\n<\/tr>\n<tr>\n<td class=\"label\">Ingenier\u00eda y herramientas<\/td>\n<td>1: 8 ingenieros en el taller de moldes.<br \/>\n2: Utilizar extrusora de alto tonelaje, electroerosi\u00f3n por hilo, CNC, taladradoras, etc.<\/td>\n<\/tr>\n<tr>\n<td class=\"label\">Control de calidad<\/td>\n<td>1.SO Aprobado.<br \/>\n2.Aprobado por la CE<br \/>\n3.Inspecci\u00f3n in situ.<br \/>\n4.Inspecci\u00f3n antes del env\u00edo.<br \/>\n5.M\u00e1quina de pruebas.<\/td>\n<\/tr>\n<tr>\n<td class=\"label\">Detalles del embalaje<\/td>\n<td>(1) Interior : embalado con pel\u00edcula protectora de pl\u00e1stico para proteger cada pieza<br \/>\n(2) Exterior: Envoltura de los fardos con papel impermeable para manualidades<\/td>\n<\/tr>\n<tr>\n<td class=\"label\">Entrega<\/td>\n<td>(1) Desarrollo de matrices y prueba de muestras: 12-18 d\u00edas .<br \/>\n(2) Producci\u00f3n en masa completada: 20-30days despu\u00e9s de que la muestra sea confirmada por el Comprador.<\/td>\n<\/tr>\n<tr>\n<td class=\"label\">Plazo de pago<\/td>\n<td>T\/T 30% para el dep\u00f3sito, saldo antes del env\u00edo.<\/td>\n<\/tr>\n<\/table>\n<h2>Nuestra base de fabricaci\u00f3n<\/h2>\n<h3>Panorama de la f\u00e1brica<\/h3>\n<p><img decoding=\"async\" src=\"\/wp-content\/uploads\/factory-01.webp\"\/><\/p>\n<h3>Taller de fabricaci\u00f3n de barras de aluminio<\/h3>\n<p><img decoding=\"async\" src=\"\/wp-content\/uploads\/factory-02.webp\"\/><\/p>\n<p><img decoding=\"async\" src=\"\/wp-content\/uploads\/factory-03.webp\"\/><\/p>\n<h3>Almac\u00e9n de moldes<\/h3>\n<p><img decoding=\"async\" src=\"\/wp-content\/uploads\/factory-04.webp\"\/><\/p>\n<h3>43 L\u00c3neas de extrusi\u00c3\u00b3n de aluminio (500\u00e2\u20ac\"5500 toneladas)<\/h3>\n<p><img decoding=\"async\" src=\"\/wp-content\/uploads\/factory-05.webp\"\/><\/p>\n<p><img decoding=\"async\" src=\"\/wp-content\/uploads\/factory-06.webp\"\/><\/p>\n<p><img decoding=\"async\" src=\"\/wp-content\/uploads\/factory-07.webp\"\/><\/p>\n<h3>Taller de pintura en polvo<\/h3>\n<p><img decoding=\"async\" src=\"\/wp-content\/uploads\/factory-09.webp\"\/><\/p>\n<h3>Taller de anodizado<\/h3>\n<p><img decoding=\"async\" src=\"\/wp-content\/uploads\/factory-10.webp\"\/><\/p>\n<h3>Taller de procesamiento profundo<\/h3>\n<p><img decoding=\"async\" src=\"\/wp-content\/uploads\/factory-11.webp\"\/><\/p>\n<h3>Taller de mecanizado de precisi\u00f3n CNC<\/h3>\n<p><img decoding=\"async\" src=\"\/wp-content\/uploads\/factory-11.5.webp\"\/><\/p>\n<h3>Almac\u00e9n de productos acabados y de exportaci\u00f3n<\/h3>\n<p><img decoding=\"async\" src=\"\/wp-content\/uploads\/factory-12.webp\"\/><\/p>\n<p><img decoding=\"async\" src=\"\/wp-content\/uploads\/factory-13.webp\"\/><\/p>\n<p><img decoding=\"async\" src=\"\/wp-content\/uploads\/factory-14.webp\"\/><\/p>\n<h2>PREGUNTAS FRECUENTES<\/h2>\n<p><p><b>1. \u00bfQu\u00e9 hace que el perfil angular de aluminio en forma de L sea ideal para aplicaciones estructurales y de enmarcado? <\/b><\/p>\n<p> El perfil angular de aluminio en forma de L ofrece un soporte resistente y duradero a la vez que mantiene la flexibilidad para diversas configuraciones estructurales y de entramado.<br \/>\n<\/p><br \/>\n<br \/>\n<p><b>2. \u00bfSe puede personalizar el perfil angular de aluminio en forma de L? <\/b><\/p>\n<p> S\u00ed, los perfiles angulares de aluminio en forma de L pueden personalizarse en t\u00e9rminos de tama\u00f1o, longitud y \u00e1ngulo para satisfacer las necesidades espec\u00edficas del proyecto y del dise\u00f1o.<br \/>\n<\/p><br \/>\n<br \/>\n<p><b>3. \u00bfQu\u00e9 tan duradero es el perfil angular de aluminio en forma de L? <\/b><\/p>\n<p> Las propiedades anticorrosivas del aluminio garantizan que estos perfiles ofrezcan un rendimiento y una protecci\u00f3n duraderos, incluso en entornos exigentes.<br \/>\n<\/p><br \/>\n<br \/>\n<p><b>4. \u00bfQu\u00e9 industrias se benefician del uso del perfil angular de aluminio en forma de L? <\/b><\/p>\n<p> Industrias como la construcci\u00f3n, la fabricaci\u00f3n, la automoci\u00f3n y la maquinaria utilizan estos perfiles para crear marcos y soportes estables y seguros.<br \/>\n<\/p><br \/>\n<br \/>\n<p><b>5. \u00bfEs el perfil angular de aluminio en forma de L f\u00e1cil de ensamblar y modificar? <\/b><\/p>\n<p> S\u00ed, estos perfiles est\u00e1n dise\u00f1ados para facilitar el montaje, la modificaci\u00f3n y la adaptaci\u00f3n, lo que ahorra tiempo y reduce los costes de mano de obra durante la instalaci\u00f3n.<br \/>\n<\/p><br \/>\n<br \/>\n<p><b>6. \u00bfC\u00f3mo mejora el rendimiento estructural el perfil angular de aluminio en forma de L? <\/b><\/p>\n<p> El perfil en forma de L proporciona un soporte fuerte y seguro, aumentando la estabilidad y resistencia generales de los marcos y sistemas estructurales.<br \/>\n<\/p><br \/>\n<br \/>\n<p><b>7. \u00bfEs el perfil angular de aluminio en forma de L amigable con el medio ambiente? <\/b><\/p>\n<p> S\u00ed, el aluminio es un material totalmente reciclable, lo que convierte al perfil angular de aluminio en forma de L en una opci\u00f3n ecol\u00f3gica para proyectos de construcci\u00f3n y fabricaci\u00f3n sostenibles.<br \/>\n<\/p><br \/><\/p>","protected":false},"featured_media":8376,"template":"","categories":[54],"class_list":["post-8377","product","type-product","status-publish","has-post-thumbnail","hentry","category-industrial-aluminum-profiles"],"meta_box":{"hilight_text_group":{"product_hilight_text":"<li>Durable L-shape aluminum angle profile for versatile structural and framing applications<\/li>\r\r\n<li>Corrosion-resistant, ensuring long-lasting performance in both indoor and outdoor environments<\/li>\r\r\n<li>Lightweight yet strong, offering excellent support without adding unnecessary weight<\/li>\r\r\n<li>Customizable sizes and angles to meet specific project and design requirements<\/li>\r\r\n<li>Easy to assemble, modify, and adapt for various structural systems and mounting needs<\/li>\r\r\n<li>Ideal for use in construction, automotive, and machinery applications<\/li>\r\r\n<li>Eco-friendly, as aluminum is fully recyclable<\/li>","product_chanpin_blog":"<ul>\r\r\n<li><a href=\"https:\/\/sinoextrud.com\/t-slot-v-slot-differences\/\" target=\"_blank\">t slot vs v slot<\/a><\/li>\r\r\n<li><a href=\"https:\/\/sinoextrud.com\/what-is-4040-aluminium-extrud\/\" target=\"_blank\">4040 aluminium extrusion<\/a><\/li>\r\r\n<li><a href=\"https:\/\/sinoextrud.com\/what-is-4040-aluminium-extrud\/\" target=\"_blank\">aluminum extrusions for industrial racks<\/a><\/li>\r\r\n<li><a href=\"https:\/\/sinoextrud.com\/powder-coating-aluminium-process\/\" target=\"_blank\">powder coating aluminium<\/a><\/li>\r\r\n<li><a href=\"https:\/\/sinoextrud.com\/what-is-an-aluminium-strip-ceiling\/\" target=\"_blank\">aluminium strip ceiling<\/a><\/li>\r\r\n<li><a href=\"https:\/\/sinoextrud.com\/what-is-a-heat-sink\/\" target=\"_blank\">what is a heat sink<\/a><\/li>\r\r\n<\/ul>","product_chanpin_chanpin":"<li><a href=\"https:\/\/sinoextrud.com\/product\/cutting-aluminum-extrusion\/\" target=\"_blank\">Cutting Aluminum Extrusion<\/a><\/li>\r\n<li><a href=\"https:\/\/sinoextrud.com\/product\/extruded-aluminum-rail-system\/\" target=\"_blank\">Extruded Aluminum Rail System<\/a><\/li>\r\n<li><a href=\"https:\/\/sinoextrud.com\/product\/extrusion-aluminum-pipe-anodized-sandblasted-black\/\" target=\"_blank\">Extrusion Aluminum Pipe Anodized Sandblasted Black<\/a><\/li>\r\n<li><a href=\"https:\/\/sinoextrud.com\/product\/extruded-aluminum-triangle-electrical-instrument-shell-housing\/\" target=\"_blank\">Extruded Aluminum Triangle Electrical Instrument Shell Housing<\/a><\/li>\r\n<li><a href=\"https:\/\/sinoextrud.com\/product\/l-shape-aluminum-angle-profile\/\" target=\"_blank\">L Shape Aluminum Angle Profile<\/a><\/li>\r\n<li><a href=\"https:\/\/sinoextrud.com\/product\/stock-aluminum-extrusion-profiles\/\" target=\"_blank\">Stock Aluminum Extrusion Profiles<\/a><\/li>\r\n<li><a href=\"https:\/\/sinoextrud.com\/product\/the-hinges-of-aluminium-clean-room\/\" target=\"_blank\">The Hinges Of Aluminium Clean Room<\/a><\/li>\r\n<li><a href=\"https:\/\/sinoextrud.com\/product\/special-aluminium-profiles-heat-sink-aluminum\/\" target=\"_blank\">Special Aluminium Profiles Heat Sink Aluminum<\/a><\/li>\r\n<li><a href=\"https:\/\/sinoextrud.com\/product\/t-slot-aluminium-profile\/\" target=\"_blank\">T Slot Aluminium Profile<\/a><\/li>\r\n<li><a href=\"https:\/\/sinoextrud.com\/product\/anodized-aluminium-profiles\/\" target=\"_blank\">Anodized Aluminium Profiles<\/a><\/li>\r\n<li><a href=\"https:\/\/sinoextrud.com\/product\/aluminum-extrusion-accessories\/\" target=\"_blank\">Aluminum Extrusion Accessories<\/a><\/li>"},"feature_list":[]},"_links":{"self":[{"href":"https:\/\/sinoextrud.com\/es\/wp-json\/wp\/v2\/product\/8377","targetHints":{"allow":["GET"]}}],"collection":[{"href":"https:\/\/sinoextrud.com\/es\/wp-json\/wp\/v2\/product"}],"about":[{"href":"https:\/\/sinoextrud.com\/es\/wp-json\/wp\/v2\/types\/product"}],"wp:featuredmedia":[{"embeddable":true,"href":"https:\/\/sinoextrud.com\/es\/wp-json\/wp\/v2\/media\/8376"}],"wp:attachment":[{"href":"https:\/\/sinoextrud.com\/es\/wp-json\/wp\/v2\/media?parent=8377"}],"wp:term":[{"taxonomy":"category","embeddable":true,"href":"https:\/\/sinoextrud.com\/es\/wp-json\/wp\/v2\/categories?post=8377"}],"curies":[{"name":"wp","href":"https:\/\/api.w.org\/{rel}","templated":true}]}}