{"id":8336,"date":"2025-06-15T06:38:01","date_gmt":"2025-06-15T06:38:01","guid":{"rendered":"https:\/\/sinoextrud.com\/product\/aluminum-t-track-extrusion\/"},"modified":"2025-06-24T06:23:38","modified_gmt":"2025-06-24T06:23:38","slug":"aluminio-t-track-extrusion","status":"publish","type":"product","link":"https:\/\/sinoextrud.com\/es\/product\/aluminum-t-track-extrusion\/","title":{"rendered":"Extrusi\u00f3n de carriles en T de aluminio"},"content":{"rendered":"<h2>Productos<\/h2>\n<table class=\"custom-table\">\n<tr>\n<td class=\"label\">Art\u00edculo<\/td>\n<td>Extrusi\u00f3n de carriles en T de aluminio<\/td>\n<\/tr>\n<tr>\n<td class=\"label\">Aleaci\u00f3n de aluminio<\/td>\n<td>Aleaci\u00f3n general: 6063,6063A,6061,6005,6005A,6060,6082,6463 etc.<br \/>\nAleaci\u00f3n especial:5052,5050,etc<\/td>\n<\/tr>\n<tr>\n<td class=\"label\">Temple<\/td>\n<td>T0,T3,T4,T5,T6,T66, etc.<\/td>\n<\/tr>\n<tr>\n<td class=\"label\">Est\u00e1ndar<\/td>\n<td>Base en la petici\u00f3n del producto. O utilizar Super alto nivel de calidad de la norma china GB5237-2008.<\/td>\n<\/tr>\n<tr>\n<td class=\"label\">Acabado superficial<\/td>\n<td>Acabado fresado<br \/>\nChorro de arena<br \/>\nPulido<br \/>\nCepillado<br \/>\nAnodizado: Plateado, Champange, Bronce, Negro, Oro, Oro K, Oro BMW,<br \/>\nImitaci\u00f3n de acero, titanio. Tambi\u00e9n est\u00e1 disponible el anodizado duro.<br \/>\nElectroforesis: color normal, color personalizado<br \/>\nRevestimiento de potencia: Color normal, Color personalizado<br \/>\nRevestimiento de fluorocarbono\/revestimiento de PVDF: Color normal, color personalizado<br \/>\nImitaci\u00f3n de madera: Color normal, color especial, grano de madera 3D\/4D<\/td>\n<\/tr>\n<tr>\n<td class=\"label\">Habilidades de fabricaci\u00f3n<\/td>\n<td>Corte Precioso, Precisi\u00f3n:\u00b10.05MM<br \/>\nCNC(Taladrado,Fresado,Roscado) Precisi\u00f3n:\u00b10.05MM<br \/>\nPrecisi\u00f3n de corte l\u00e1ser:\u00b10,05MM<br \/>\nSoldadura<br \/>\nDoblar<br \/>\nBanco plano de m\u00e1rmol<\/td>\n<\/tr>\n<tr>\n<td class=\"label\">Condiciones de pago<\/td>\n<td>30% dep\u00f3sito antes de iniciar el pedido,70% Saldo antes del env\u00edo por TT.<\/td>\n<\/tr>\n<tr>\n<td class=\"label\">Embalaje<\/td>\n<td>EPE,Papel Kraft,Film protector,Film retr\u00e1ctil,Marco de madera,Coche de hierro,<br \/>\nPal\u00e9,Cart\u00f3n,Bolsa de espuma<\/td>\n<\/tr>\n<tr>\n<td class=\"label\">Tiempo de producci\u00f3n en serie<\/td>\n<td>15-30 d\u00edas despu\u00e9s de la confirmaci\u00f3n de la muestra y la llegada del pago<\/td>\n<\/tr>\n<tr>\n<td class=\"label\">Tiempo de producci\u00f3n del molde<\/td>\n<td>3-5 d\u00edas para el perfil normal.<\/td>\n<\/tr>\n<tr>\n<td class=\"label\">Tiempo de producci\u00f3n de muestras<\/td>\n<td>3-5 d\u00edas para el producto normal.<\/td>\n<\/tr>\n<\/table>\n<h2>Nuestra base de fabricaci\u00f3n<\/h2>\n<h3>Panorama de la f\u00e1brica<\/h3>\n<p><img decoding=\"async\" src=\"\/wp-content\/uploads\/factory-01.webp\"\/><\/p>\n<h3>Taller de fabricaci\u00f3n de barras de aluminio<\/h3>\n<p><img decoding=\"async\" src=\"\/wp-content\/uploads\/factory-02.webp\"\/><\/p>\n<\/p>\n<p><img decoding=\"async\" src=\"\/wp-content\/uploads\/factory-03.webp\"\/><\/p>\n<h3>Almac\u00e9n de moldes<\/h3>\n<p><img decoding=\"async\" src=\"\/wp-content\/uploads\/factory-04.webp\"\/><\/p>\n<h3>43 l\u00edneas de extrusi\u00f3n de aluminio (500-5500 toneladas)<\/h3>\n<p><img decoding=\"async\" src=\"\/wp-content\/uploads\/factory-05.webp\"\/><\/p>\n<p><img decoding=\"async\" src=\"\/wp-content\/uploads\/factory-06.webp\"\/><\/p>\n<p><img decoding=\"async\" src=\"\/wp-content\/uploads\/factory-07.webp\"\/><\/p>\n<h3>Taller de pintura en polvo<\/h3>\n<p><img decoding=\"async\" src=\"\/wp-content\/uploads\/factory-09.webp\"\/><\/p>\n<h3>Taller de anodizado<\/h3>\n<p><img decoding=\"async\" src=\"\/wp-content\/uploads\/factory-10.webp\"\/><\/p>\n<h3>Taller de procesamiento profundo<\/h3>\n<p><img decoding=\"async\" src=\"\/wp-content\/uploads\/factory-11.webp\"\/><\/p>\n<h3>Taller de mecanizado de precisi\u00f3n CNC<\/h3>\n<p><img decoding=\"async\" src=\"\/wp-content\/uploads\/factory-11.5.webp\"\/><\/p>\n<h3>Almac\u00e9n de productos acabados y de exportaci\u00f3n<\/h3>\n<p><img decoding=\"async\" src=\"\/wp-content\/uploads\/factory-12.webp\"\/><\/p>\n<p><img decoding=\"async\" src=\"\/wp-content\/uploads\/factory-13.webp\"\/><\/p>\n<p><img decoding=\"async\" src=\"\/wp-content\/uploads\/factory-14.webp\"\/><\/p>\n<h2>PREGUNTAS FRECUENTES<\/h2>\n<p><b>1. \u00bfPara qu\u00e9 se utiliza un perfil en T de aluminio?<\/b><\/p>\n<p>La extrusi\u00f3n de perfiles en T de aluminio se utiliza para crear perfiles ajustables para plantillas, dispositivos y bancos de trabajo de carpinter\u00eda, ofreciendo precisi\u00f3n y versatilidad.\n<\/p>\n<p><\/p>\n<p><b>2.\u00bfEs compatible el perfil en T de aluminio con los herrajes est\u00e1ndar?<\/b><\/p>\n<p>S\u00ed, la extrusi\u00f3n de riel en T de aluminio est\u00e1 dise\u00f1ada para funcionar con pernos en T est\u00e1ndar, perillas y otros sujetadores comunes para una f\u00e1cil integraci\u00f3n.\n<\/p>\n<p><\/p>\n<p><b>3. \u00bfPor qu\u00e9 elegir aluminio para la extrusi\u00f3n de ra\u00edles en T?<\/b><\/p>\n<p>El aluminio es un material ligero, resistente a la corrosi\u00f3n y duradero, por lo que resulta ideal para aplicaciones de extrusi\u00f3n de rieles en T de alto rendimiento.\n<\/p>\n<p><\/p>\n<p><b>4. \u00bfPuedo cortar el perfil en T de aluminio a medida?<\/b><\/p>\n<p>S\u00ed, el perfil en T de aluminio se puede cortar f\u00e1cilmente a la longitud deseada con herramientas est\u00e1ndar sin comprometer su integridad.\n<\/p>\n<p><\/p>\n<p><b>5.\u00bfSoporta la extrusi\u00f3n de aluminio para ra\u00edles en T un uso intensivo?<\/b><\/p>\n<p>Absolutamente, la extrusi\u00f3n de riel en T de aluminio est\u00e1 dise\u00f1ada para ofrecer resistencia y estabilidad, soportando las exigentes tareas industriales y de taller.\n<\/p>\n<p><\/p>\n<p><b>6.\u00bfC\u00f3mo se monta el perfil en T de aluminio?<\/b><\/p>\n<p>La mayor\u00eda de los perfiles en T de aluminio vienen pretaladrados para facilitar el montaje con tornillos en superficies de madera o metal.\n<\/p>\n<p><\/p>\n<p><b>7.\u00bfEs importante el acabado del perfil en T de aluminio?<\/b><\/p>\n<p>S\u00ed, el acabado anodizado mejora la resistencia a la corrosi\u00f3n y proporciona un aspecto limpio y profesional, mejorando la longevidad y el rendimiento.\n<\/p>\n<p><\/p>","protected":false},"featured_media":8335,"template":"","categories":[54],"class_list":["post-8336","product","type-product","status-publish","has-post-thumbnail","hentry","category-industrial-aluminum-profiles"],"meta_box":{"hilight_text_group":{"product_hilight_text":"<li>Precision-machined for secure and accurate tool positioning<\/li>\r\r\n<li>Compatible with standard T-bolts and hardware for easy installation<\/li>\r\r\n<li>Durable aluminum construction with excellent corrosion resistance<\/li>\r\r\n<li>Available in multiple lengths for flexible project requirements<\/li>\r\r\n<li>Lightweight yet strong, ideal for jigs, fixtures, and workbenches<\/li>\r\r\n<li>Pre-drilled mounting holes for quick and simple setup<\/li>\r\r\n<li>Clean anodized finish for professional appearance and longevity<\/li>","product_chanpin_blog":"<ul>\r\r\n<li><a href=\"https:\/\/sinoextrud.com\/t-slot-v-slot-differences\/\" target=\"_blank\">t slot vs v slot<\/a><\/li>\r\r\n<li><a href=\"https:\/\/sinoextrud.com\/what-is-4040-aluminium-extrud\/\" target=\"_blank\">4040 aluminium extrusion<\/a><\/li>\r\r\n<li><a href=\"https:\/\/sinoextrud.com\/what-is-4040-aluminium-extrud\/\" target=\"_blank\">aluminum extrusions for industrial racks<\/a><\/li>\r\r\n<li><a href=\"https:\/\/sinoextrud.com\/powder-coating-aluminium-process\/\" target=\"_blank\">powder coating aluminium<\/a><\/li>\r\r\n<li><a href=\"https:\/\/sinoextrud.com\/what-is-an-aluminium-strip-ceiling\/\" target=\"_blank\">aluminium strip ceiling<\/a><\/li>\r\r\n<li><a href=\"https:\/\/sinoextrud.com\/what-is-a-heat-sink\/\" target=\"_blank\">what is a heat sink<\/a><\/li>\r\r\n<\/ul>","product_chanpin_chanpin":"<li><a href=\"https:\/\/sinoextrud.com\/product\/cnc-aluminum-bar-profile-for-instrument\/\" target=\"_blank\">CNC Aluminum Bar Profile For Instrument<\/a><\/li>\r\n<li><a href=\"https:\/\/sinoextrud.com\/product\/extruded-aluminum-profile-aluminum-t-slot\/\" target=\"_blank\">Extruded Aluminum Profile Aluminum T Slot<\/a><\/li>\r\n<li><a href=\"https:\/\/sinoextrud.com\/product\/extruded-manufacturer-aluminum-profile-heatsink\/\" target=\"_blank\">Extruded Manufacturer Aluminum Profile Heatsink<\/a><\/li>\r\n<li><a href=\"https:\/\/sinoextrud.com\/product\/customized-structural-aluminum-profiles\/\" target=\"_blank\">Customized Structural Aluminum Profiles<\/a><\/li>\r\n<li><a href=\"https:\/\/sinoextrud.com\/product\/aluminum-t-track-extrusion\/\" target=\"_blank\">Aluminum T Track Extrusion<\/a><\/li>\r\n<li><a href=\"https:\/\/sinoextrud.com\/product\/cutting-aluminum-extrusion\/\" target=\"_blank\">Cutting Aluminum Extrusion<\/a><\/li>\r\n<li><a href=\"https:\/\/sinoextrud.com\/product\/extruded-aluminum-rail-system\/\" target=\"_blank\">Extruded Aluminum Rail System<\/a><\/li>\r\n<li><a href=\"https:\/\/sinoextrud.com\/product\/extrusion-aluminum-pipe-anodized-sandblasted-black\/\" target=\"_blank\">Extrusion Aluminum Pipe Anodized Sandblasted Black<\/a><\/li>\r\n<li><a href=\"https:\/\/sinoextrud.com\/product\/extruded-aluminum-triangle-electrical-instrument-shell-housing\/\" target=\"_blank\">Extruded Aluminum Triangle Electrical Instrument Shell Housing<\/a><\/li>\r\n<li><a href=\"https:\/\/sinoextrud.com\/product\/anodized-mill-finish-auminium-extrusion-angle\/\" target=\"_blank\">Anodized Mill Finish Auminium Extrusion Angle<\/a><\/li>\r\n<li><a href=\"https:\/\/sinoextrud.com\/product\/aluminum-profile-clean-room-for-workshop-and-hospital\/\" target=\"_blank\">Aluminum Profile Clean Room for Workshop and Hospital<\/a><\/li>"},"feature_list":[]},"_links":{"self":[{"href":"https:\/\/sinoextrud.com\/es\/wp-json\/wp\/v2\/product\/8336","targetHints":{"allow":["GET"]}}],"collection":[{"href":"https:\/\/sinoextrud.com\/es\/wp-json\/wp\/v2\/product"}],"about":[{"href":"https:\/\/sinoextrud.com\/es\/wp-json\/wp\/v2\/types\/product"}],"wp:featuredmedia":[{"embeddable":true,"href":"https:\/\/sinoextrud.com\/es\/wp-json\/wp\/v2\/media\/8335"}],"wp:attachment":[{"href":"https:\/\/sinoextrud.com\/es\/wp-json\/wp\/v2\/media?parent=8336"}],"wp:term":[{"taxonomy":"category","embeddable":true,"href":"https:\/\/sinoextrud.com\/es\/wp-json\/wp\/v2\/categories?post=8336"}],"curies":[{"name":"wp","href":"https:\/\/api.w.org\/{rel}","templated":true}]}}