{"id":8326,"date":"2025-06-15T06:26:32","date_gmt":"2025-06-15T06:26:32","guid":{"rendered":"https:\/\/sinoextrud.com\/product\/aluminum-trailer-floor-extrusions\/"},"modified":"2025-06-24T06:23:35","modified_gmt":"2025-06-24T06:23:35","slug":"extrusiones-de-aluminio-para-suelos-de-remolques","status":"publish","type":"product","link":"https:\/\/sinoextrud.com\/es\/product\/aluminum-trailer-floor-extrusions\/","title":{"rendered":"Extrusiones de aluminio para suelos de remolques"},"content":{"rendered":"<h2>Productos<\/h2>\n<table class=\"custom-table\">\n<tbody>\n<tr>\n<td> Nombre del producto<\/td>\n<td> Extrusiones de aluminio para suelos de remolques<\/td>\n<\/tr>\n<tr>\n<td> Material<\/td>\n<td> 6063, 6061, 6005, 6005A, 6082, etc.<\/td>\n<\/tr>\n<tr>\n<td> Forma y tama\u00f1o<\/td>\n<td> Seguir el dibujo del cliente<\/td>\n<\/tr>\n<tr>\n<td> Espesor<\/td>\n<td> 0,7 mm-10 mm<\/td>\n<\/tr>\n<tr>\n<td> Longitud<\/td>\n<td> Longitud est\u00e1ndar 1-9M, otras longitudes personalizadas disponibles.<\/td>\n<\/tr>\n<tr>\n<td> Aplicaciones t\u00edpicas<\/td>\n<td> Remolque, etc.<\/td>\n<\/tr>\n<tr>\n<td> Proceso CNC<\/td>\n<td> Fresado CNC, taladrado, punzonado, perforaci\u00f3n, roscado, plegado<\/td>\n<\/tr>\n<tr>\n<td> MOQ<\/td>\n<td> 300-1000Kg depende del tratamiento del suelo<\/td>\n<\/tr>\n<tr>\n<td> Superficie acabada<\/td>\n<td> Acabado de fresado, grano de madera, anodizado, recubrimiento en polvo, electroforesis, recubrimiento de PVDF, cepillado, etc.<\/td>\n<\/tr>\n<tr>\n<td> Certificados<\/td>\n<td> ISO9001, ISO4001, CQM, SGS, CE, BV, etc.<\/td>\n<\/tr>\n<\/tbody>\n<\/table>\n<h2>Nuestra base de fabricaci\u00f3n<\/h2>\n<h3>Panorama de la f\u00e1brica<\/h3>\n<p><img decoding=\"async\" src=\"\/wp-content\/uploads\/factory-01.webp\"\/><\/p>\n<h3>Taller de fabricaci\u00f3n de barras de aluminio<\/h3>\n<p><img decoding=\"async\" src=\"\/wp-content\/uploads\/factory-02.webp\"\/><\/p>\n<p><img decoding=\"async\" src=\"\/wp-content\/uploads\/factory-03.webp\"\/><\/p>\n<h3>Almac\u00e9n de moldes<\/h3>\n<p><img decoding=\"async\" src=\"\/wp-content\/uploads\/factory-04.webp\"\/><\/p>\n<h3>43 L\u00c3neas de extrusi\u00c3\u00b3n de aluminio (500\u00e2\u20ac\"5500 toneladas)<\/h3>\n<p><img decoding=\"async\" src=\"\/wp-content\/uploads\/factory-05.webp\"\/><\/p>\n<p><img decoding=\"async\" src=\"\/wp-content\/uploads\/factory-06.webp\"\/><\/p>\n<p><img decoding=\"async\" src=\"\/wp-content\/uploads\/factory-07.webp\"\/><\/p>\n<h3>Taller de pintura en polvo<\/h3>\n<p><img decoding=\"async\" src=\"\/wp-content\/uploads\/factory-09.webp\"\/><\/p>\n<h3>Taller de anodizado<\/h3>\n<p><img decoding=\"async\" src=\"\/wp-content\/uploads\/factory-10.webp\"\/><\/p>\n<h3>Taller de procesamiento profundo<\/h3>\n<p><img decoding=\"async\" src=\"\/wp-content\/uploads\/factory-11.webp\"\/><\/p>\n<h3>Taller de mecanizado de precisi\u00f3n CNC<\/h3>\n<p><img decoding=\"async\" src=\"\/wp-content\/uploads\/factory-11.5.webp\"\/><\/p>\n<h3>Almac\u00e9n de productos acabados y de exportaci\u00f3n<\/h3>\n<p><img decoding=\"async\" src=\"\/wp-content\/uploads\/factory-12.webp\"\/><\/p>\n<p><img decoding=\"async\" src=\"\/wp-content\/uploads\/factory-13.webp\"\/><\/p>\n<p><img decoding=\"async\" src=\"\/wp-content\/uploads\/factory-14.webp\"\/><\/p>\n<h2>PREGUNTAS FRECUENTES<\/h2>\n<p><p><b>1. \u00bfQu\u00e9 hace que los perfiles extruidos de aluminio para suelos de remolques sean ideales para aplicaciones pesadas? <\/b><\/p>\n<p> Las extrusiones de aluminio del suelo del remolque son fuertes, resistentes a la corrosi\u00f3n y ligeras, y proporcionan durabilidad y soporte estructural para las necesidades de transporte m\u00e1s exigentes.<br \/>\n<\/p><br \/>\n<br \/>\n<p><b>2. \u00bfSe pueden personalizar las extrusiones de aluminio para pisos de remolques? <\/b><\/p>\n<p> S\u00ed, las extrusiones pueden personalizarse en tama\u00f1o, longitud y dise\u00f1o para satisfacer requisitos espec\u00edficos del suelo del remolque.<br \/>\n<\/p><br \/>\n<br \/>\n<p><b>3. \u00bfCu\u00e1l es la durabilidad de las extrusiones de aluminio para suelos de remolques? <\/b><\/p>\n<p> Estas extrusiones est\u00e1n fabricadas con aluminio resistente a la corrosi\u00f3n, lo que garantiza una larga durabilidad incluso en condiciones exteriores adversas y un uso intensivo.<br \/>\n<\/p><br \/>\n<br \/>\n<p><b>4. \u00bfCu\u00e1les son las ventajas de utilizar extrusiones de aluminio para suelos de remolques? <\/b><\/p>\n<p> Son ligeros, f\u00e1ciles de instalar, resistentes a la corrosi\u00f3n y ofrecen una excelente durabilidad, lo que los convierte en una opci\u00f3n rentable para el suelo de remolques.<br \/>\n<\/p><br \/>\n<br \/>\n<p><b>5.\u00bfSon f\u00e1ciles de instalar los perfiles extruidos de aluminio para suelos de remolques? <\/b><\/p>\n<p> S\u00ed, las extrusiones est\u00e1n dise\u00f1adas para facilitar la instalaci\u00f3n, lo que reduce el tiempo de montaje y los costes de mano de obra.<br \/>\n<\/p><br \/>\n<br \/>\n<p><b>6.\u00bfC\u00f3mo mejoran las extrusiones de aluminio para suelos de remolques el rendimiento de los mismos? <\/b><\/p>\n<p> Su dise\u00f1o ligero y duradero garantiza una integridad estructural duradera, proporcionando una experiencia de transporte suave y segura.<br \/>\n<\/p><br \/>\n<br \/>\n<p><b>7. \u00bfSon respetuosas con el medio ambiente las extrusiones de aluminio para suelos de remolques? <\/b><\/p>\n<p> S\u00ed, el aluminio es un material totalmente reciclable, lo que convierte a estas extrusiones en una opci\u00f3n ecol\u00f3gica para los suelos de remolques.<br \/>\n<\/p><br \/><\/p>","protected":false},"featured_media":8325,"template":"","categories":[54],"class_list":["post-8326","product","type-product","status-publish","has-post-thumbnail","hentry","category-industrial-aluminum-profiles"],"meta_box":{"hilight_text_group":{"product_hilight_text":"<ul>\r\r\n  <li>Durable aluminum trailer floor extrusions designed for heavy-duty applications<\/li>\r\r\n  <li>Corrosion-resistant, ensuring long-lasting performance in outdoor and harsh environments<\/li>\r\r\n  <li>Lightweight yet strong, providing structural integrity without adding unnecessary weight<\/li>\r\r\n  <li>Customizable lengths and designs to suit specific trailer floor requirements<\/li>\r\r\n  <li>Easy to install, reducing labor costs and time during assembly<\/li>\r\r\n  <li>Highly resistant to wear and tear, ensuring a smooth and safe ride for long-term use<\/li>\r\r\n  <li>Environmentally friendly, as aluminum is a fully recyclable material<\/li>\r\r\n<\/ul>","product_chanpin_blog":"<ul>\r\r\n<li><a href=\"https:\/\/sinoextrud.com\/t-slot-v-slot-differences\/\" target=\"_blank\">t slot vs v slot<\/a><\/li>\r\r\n<li><a href=\"https:\/\/sinoextrud.com\/what-is-4040-aluminium-extrud\/\" target=\"_blank\">4040 aluminium extrusion<\/a><\/li>\r\r\n<li><a href=\"https:\/\/sinoextrud.com\/what-is-4040-aluminium-extrud\/\" target=\"_blank\">aluminum extrusions for industrial racks<\/a><\/li>\r\r\n<li><a href=\"https:\/\/sinoextrud.com\/powder-coating-aluminium-process\/\" target=\"_blank\">powder coating aluminium<\/a><\/li>\r\r\n<li><a href=\"https:\/\/sinoextrud.com\/what-is-an-aluminium-strip-ceiling\/\" target=\"_blank\">aluminium strip ceiling<\/a><\/li>\r\r\n<li><a href=\"https:\/\/sinoextrud.com\/what-is-a-heat-sink\/\" target=\"_blank\">what is a heat sink<\/a><\/li>\r\r\n<\/ul>","product_chanpin_chanpin":"<li><a href=\"https:\/\/sinoextrud.com\/product\/aluminum-outdoor-enclose-heat-sinks\/\" target=\"_blank\">Aluminum outdoor enclose heat sinks<\/a><\/li>\r\n<li><a href=\"https:\/\/sinoextrud.com\/product\/aluminum-pipe-handrail\/\" target=\"_blank\">Aluminum Pipe Handrail<\/a><\/li>\r\n<li><a href=\"https:\/\/sinoextrud.com\/product\/aluminum-profile-clean-room-for-workshop-and-hospital\/\" target=\"_blank\">Aluminum Profile Clean Room for Workshop and Hospital<\/a><\/li>\r\n<li><a href=\"https:\/\/sinoextrud.com\/product\/aluminum-profile-t-slot-for-machine-frame\/\" target=\"_blank\">Aluminum Profile T-Slot For Machine Frame<\/a><\/li>\r\n<li><a href=\"https:\/\/sinoextrud.com\/product\/aluminum-trailer-floor-extrusions\/\" target=\"_blank\">Aluminum Trailer Floor Extrusions<\/a><\/li>\r\n<li><a href=\"https:\/\/sinoextrud.com\/product\/cnc-aluminum-bar-profile-for-instrument\/\" target=\"_blank\">CNC Aluminum Bar Profile For Instrument<\/a><\/li>\r\n<li><a href=\"https:\/\/sinoextrud.com\/product\/extruded-aluminum-profile-aluminum-t-slot\/\" target=\"_blank\">Extruded Aluminum Profile Aluminum T Slot<\/a><\/li>\r\n<li><a href=\"https:\/\/sinoextrud.com\/product\/extruded-manufacturer-aluminum-profile-heatsink\/\" target=\"_blank\">Extruded Manufacturer Aluminum Profile Heatsink<\/a><\/li>\r\n<li><a href=\"https:\/\/sinoextrud.com\/product\/customized-structural-aluminum-profiles\/\" target=\"_blank\">Customized Structural Aluminum Profiles<\/a><\/li>\r\n<li><a href=\"https:\/\/sinoextrud.com\/product\/aluminium-extrusion-linear-rail-china-factory\/\" target=\"_blank\">Aluminium Extrusion Linear Rail China Factory<\/a><\/li>\r\n<li><a href=\"https:\/\/sinoextrud.com\/product\/customizable-minimalist-office-aluminum-partition-profiles\/\" target=\"_blank\">Customizable Minimalist Office Aluminum Partition Profiles<\/a><\/li>"},"feature_list":[]},"_links":{"self":[{"href":"https:\/\/sinoextrud.com\/es\/wp-json\/wp\/v2\/product\/8326","targetHints":{"allow":["GET"]}}],"collection":[{"href":"https:\/\/sinoextrud.com\/es\/wp-json\/wp\/v2\/product"}],"about":[{"href":"https:\/\/sinoextrud.com\/es\/wp-json\/wp\/v2\/types\/product"}],"wp:featuredmedia":[{"embeddable":true,"href":"https:\/\/sinoextrud.com\/es\/wp-json\/wp\/v2\/media\/8325"}],"wp:attachment":[{"href":"https:\/\/sinoextrud.com\/es\/wp-json\/wp\/v2\/media?parent=8326"}],"wp:term":[{"taxonomy":"category","embeddable":true,"href":"https:\/\/sinoextrud.com\/es\/wp-json\/wp\/v2\/categories?post=8326"}],"curies":[{"name":"wp","href":"https:\/\/api.w.org\/{rel}","templated":true}]}}