{"id":8320,"date":"2025-06-15T06:21:01","date_gmt":"2025-06-15T06:21:01","guid":{"rendered":"https:\/\/sinoextrud.com\/product\/aluminum-pipe-handrail\/"},"modified":"2025-06-24T06:23:35","modified_gmt":"2025-06-24T06:23:35","slug":"pasamanos-de-tubo-de-aluminio","status":"publish","type":"product","link":"https:\/\/sinoextrud.com\/es\/product\/aluminum-pipe-handrail\/","title":{"rendered":"Pasamanos de tubo de aluminio"},"content":{"rendered":"<h2>Productos<\/h2>\n<table class=\"custom-table\">\n<tbody>\n<tr>\n<td> Modelo NO.:<\/td>\n<td> Serie 6000<\/td>\n<td> Acabado superficial:<\/td>\n<td> Pulverizaci\u00f3n de polvo<\/td>\n<\/tr>\n<tr>\n<td> Ingrediente de aleaci\u00f3n:<\/td>\n<td> 6063<\/td>\n<td> Certificaci\u00f3n:<\/td>\n<td> CE, SONCAP, ISO, CIQ, RoHS, TUV<\/td>\n<\/tr>\n<tr>\n<td> Perfil de aluminio pulido:<\/td>\n<td> Pulido mec\u00e1nico<\/td>\n<td> Material:<\/td>\n<td> 6063-T5, 6061-T6, 6463-T5, 7075-T6, 6082<\/td>\n<\/tr>\n<tr>\n<td> Prop\u00f3sito:<\/td>\n<td> Muebles, Ventanas y Puertas, Decoraci\u00f3n, Industria<\/td>\n<td> MOQ\uff1a<\/td>\n<td> 200KG para cada perfil<\/td>\n<\/tr>\n<tr>\n<td> Servicio OEM\uff1a<\/td>\n<td> Basado en planos o muestras dise\u00f1ados por el cliente<\/td>\n<td> Tratamiento de superficies\uff1a<\/td>\n<td> Anodizado\/electroforesis\/recubrimiento en polvo, etc.<\/td>\n<\/tr>\n<tr>\n<td> Procesamiento en profundidad\uff1a<\/td>\n<td> Punzonado, taladrado, roscado, plegado<\/td>\n<td> Plazo de entrega\uff1a<\/td>\n<td> 25-30days despu\u00e9s de la muestra es Confrimed por los compradores<\/td>\n<\/tr>\n<tr>\n<td> Plazo de liquidaci\u00f3n\uff1a<\/td>\n<td> El pago final se basar\u00e1 en la f\u00edsica real final<\/td>\n<td> Garant\u00eda de producci\u00f3n\uff1a<\/td>\n<td> El color de la superficie se mantiene durante 10~20 a\u00f1os F<\/td>\n<\/tr>\n<tr>\n<td> Puerto\uff1a<\/td>\n<td> Fob Shenzhen, Guangzhou, Foshan<\/td>\n<td> Marca comercial\uff1a<\/td>\n<td> Sinoextrud &amp; Sinoextrud<\/td>\n<\/tr>\n<tr>\n<td> Paquete de transporte\uff1a<\/td>\n<td> Normal o personalizado<\/td>\n<td> Especificaci\u00f3n\uff1a<\/td>\n<td> Seg\u00fan las necesidades del cliente<\/td>\n<\/tr>\n<tr>\n<td> Origen\uff1a<\/td>\n<td> China continental<\/td>\n<td> C\u00f3digo SA:<\/td>\n<td> 76042100<\/td>\n<\/tr>\n<\/tbody>\n<\/table>\n<h2>Nuestra base de fabricaci\u00f3n<\/h2>\n<h3>Panorama de la f\u00e1brica<\/h3>\n<p><img decoding=\"async\" src=\"\/wp-content\/uploads\/factory-01.webp\"\/><\/p>\n<h3>Taller de fabricaci\u00f3n de barras de aluminio<\/h3>\n<p><img decoding=\"async\" src=\"\/wp-content\/uploads\/factory-02.webp\"\/><\/p>\n<p><img decoding=\"async\" src=\"\/wp-content\/uploads\/factory-03.webp\"\/><\/p>\n<h3>Almac\u00e9n de moldes<\/h3>\n<p><img decoding=\"async\" src=\"\/wp-content\/uploads\/factory-04.webp\"\/><\/p>\n<h3>43 l\u00edneas de extrusi\u00f3n de aluminio (500-5500 toneladas)<\/h3>\n<p><img decoding=\"async\" src=\"\/wp-content\/uploads\/factory-05.webp\"\/><\/p>\n<p><img decoding=\"async\" src=\"\/wp-content\/uploads\/factory-06.webp\"\/><\/p>\n<p><img decoding=\"async\" src=\"\/wp-content\/uploads\/factory-07.webp\"\/><\/p>\n<h3>Taller de pintura en polvo<\/h3>\n<p><img decoding=\"async\" src=\"\/wp-content\/uploads\/factory-09.webp\"\/><\/p>\n<h3>Taller de anodizado<\/h3>\n<p><img decoding=\"async\" src=\"\/wp-content\/uploads\/factory-10.webp\"\/><\/p>\n<h3>Taller de procesamiento profundo<\/h3>\n<p><img decoding=\"async\" src=\"\/wp-content\/uploads\/factory-11.webp\"\/><\/p>\n<h3>Taller de mecanizado de precisi\u00f3n CNC<\/h3>\n<p><img decoding=\"async\" src=\"\/wp-content\/uploads\/factory-11.5.webp\"\/><\/p>\n<h3>Almac\u00e9n de productos acabados y de exportaci\u00f3n<\/h3>\n<p><img decoding=\"async\" src=\"\/wp-content\/uploads\/factory-12.webp\"\/><\/p>\n<p><img decoding=\"async\" src=\"\/wp-content\/uploads\/factory-13.webp\"\/><\/p>\n<p><img decoding=\"async\" src=\"\/wp-content\/uploads\/factory-14.webp\"\/><\/p>\n<h2>PREGUNTAS FRECUENTES<\/h2>\n<p><p><b>1.\u00bfQu\u00e9 hace que el pasamanos de tubo de aluminio sea ideal para proporcionar apoyo en diversos entornos? <\/b><\/p>\n<p> Los pasamanos de tubo de aluminio son fuertes, duraderos y resistentes a la corrosi\u00f3n, lo que garantiza un apoyo fiable y seguridad tanto en interiores como en exteriores.<br \/>\n<\/p><br \/>\n<br \/>\n<p><b>2.\u00bfSe pueden personalizar los pasamanos de tubo de aluminio? <\/b><\/p>\n<p> S\u00ed, estas barandillas pueden personalizarse en cuanto a tama\u00f1o, forma y dise\u00f1o para satisfacer requisitos est\u00e9ticos y de seguridad espec\u00edficos de diversos proyectos.<br \/>\n<\/p><br \/>\n<br \/>\n<p><b>3. \u00bfCu\u00e1l es la durabilidad de los pasamanos de tubo de aluminio? <\/b><\/p>\n<p> Es muy duradero gracias a sus propiedades de resistencia a la corrosi\u00f3n, lo que lo hace ideal para un uso duradero tanto en aplicaciones residenciales como comerciales.<br \/>\n<\/p><br \/>\n<br \/>\n<p><b>4. \u00bfQu\u00e9 industrias se benefician del uso de pasamanos de tubo de aluminio? <\/b><\/p>\n<p> Industrias como la construcci\u00f3n, la arquitectura y las infraestructuras p\u00fablicas se benefician de las barandillas de tubo de aluminio para proporcionar un apoyo seguro en escaleras, rampas y pasarelas.<br \/>\n<\/p><br \/>\n<br \/>\n<p><b>5.\u00bfEs el pasamanos de tubo de aluminio f\u00e1cil de instalar y mantener? <\/b><\/p>\n<p> S\u00ed, las barandillas de tubo de aluminio son f\u00e1ciles de instalar y mantener, lo que reduce los costes de mano de obra y garantiza un rendimiento fiable a lo largo del tiempo.<br \/>\n<\/p><br \/>\n<br \/>\n<p><b>6.\u00bfC\u00f3mo mejora la seguridad de los edificios la barandilla de tubo de aluminio? <\/b><\/p>\n<p> Estas barandillas proporcionan un apoyo seguro y estable, reduciendo el riesgo de accidentes y mejorando la seguridad de escaleras y pasillos en espacios comerciales y residenciales.<br \/>\n<\/p><br \/>\n<br \/>\n<p><b>7.\u00bfEs el pasamanos de tubo de aluminio respetuoso con el medio ambiente? <\/b><\/p>\n<p> S\u00ed, el aluminio es totalmente reciclable, lo que convierte a estas barandillas en una opci\u00f3n ecol\u00f3gica para los proyectos de construcci\u00f3n.<br \/>\n<\/p><br \/><\/p>","protected":false},"featured_media":8319,"template":"","categories":[54],"class_list":["post-8320","product","type-product","status-publish","has-post-thumbnail","hentry","category-industrial-aluminum-profiles"],"meta_box":{"hilight_text_group":{"product_hilight_text":"<li>Durable and corrosion-resistant aluminum pipe handrails for reliable support in various environments<\/li>\r\r\n<li>Lightweight yet strong, providing excellent strength without adding unnecessary weight<\/li>\r\r\n<li>Customizable sizes and designs to meet specific safety and aesthetic requirements<\/li>\r\r\n<li>Easy to install and maintain, reducing labor costs and ensuring long-term functionality<\/li>\r\r\n<li>Ideal for both indoor and outdoor applications, offering superior weather resistance<\/li>\r\r\n<li>Eco-friendly, made from fully recyclable aluminum material<\/li>\r\r\n<li>Elegant design that enhances the appearance of both commercial and residential spaces<\/li>","product_chanpin_blog":"<ul>\r\r\n<li><a href=\"https:\/\/sinoextrud.com\/t-slot-v-slot-differences\/\" target=\"_blank\">t slot vs v slot<\/a><\/li>\r\r\n<li><a href=\"https:\/\/sinoextrud.com\/what-is-4040-aluminium-extrud\/\" target=\"_blank\">4040 aluminium extrusion<\/a><\/li>\r\r\n<li><a href=\"https:\/\/sinoextrud.com\/what-is-4040-aluminium-extrud\/\" target=\"_blank\">aluminum extrusions for industrial racks<\/a><\/li>\r\r\n<li><a href=\"https:\/\/sinoextrud.com\/powder-coating-aluminium-process\/\" target=\"_blank\">powder coating aluminium<\/a><\/li>\r\r\n<li><a href=\"https:\/\/sinoextrud.com\/what-is-an-aluminium-strip-ceiling\/\" target=\"_blank\">aluminium strip ceiling<\/a><\/li>\r\r\n<li><a href=\"https:\/\/sinoextrud.com\/what-is-a-heat-sink\/\" target=\"_blank\">what is a heat sink<\/a><\/li>\r\r\n<\/ul>","product_chanpin_chanpin":"<li><a href=\"https:\/\/sinoextrud.com\/product\/aluminum-extrusion-channel-profiles\/\" target=\"_blank\">Aluminum Extrusion Channel Profiles<\/a><\/li>\r\n<li><a href=\"https:\/\/sinoextrud.com\/product\/aluminum-extrusion-standards\/\" target=\"_blank\">Aluminum Extrusion Standards<\/a><\/li>\r\n<li><a href=\"https:\/\/sinoextrud.com\/product\/aluminum-heat-sink\/\" target=\"_blank\">Aluminum Heat Sink<\/a><\/li>\r\n<li><a href=\"https:\/\/sinoextrud.com\/product\/aluminum-outdoor-enclose-heat-sinks\/\" target=\"_blank\">Aluminum outdoor enclose heat sinks<\/a><\/li>\r\n<li><a href=\"https:\/\/sinoextrud.com\/product\/aluminum-pipe-handrail\/\" target=\"_blank\">Aluminum Pipe Handrail<\/a><\/li>\r\n<li><a href=\"https:\/\/sinoextrud.com\/product\/aluminum-profile-clean-room-for-workshop-and-hospital\/\" target=\"_blank\">Aluminum Profile Clean Room for Workshop and Hospital<\/a><\/li>\r\n<li><a href=\"https:\/\/sinoextrud.com\/product\/aluminum-profile-t-slot-for-machine-frame\/\" target=\"_blank\">Aluminum Profile T-Slot For Machine Frame<\/a><\/li>\r\n<li><a href=\"https:\/\/sinoextrud.com\/product\/aluminum-trailer-floor-extrusions\/\" target=\"_blank\">Aluminum Trailer Floor Extrusions<\/a><\/li>\r\n<li><a href=\"https:\/\/sinoextrud.com\/product\/cnc-aluminum-bar-profile-for-instrument\/\" target=\"_blank\">CNC Aluminum Bar Profile For Instrument<\/a><\/li>\r\n<li><a href=\"https:\/\/sinoextrud.com\/product\/aluminum-frame-for-solar-panel-and-light-box\/\" target=\"_blank\">Aluminum Frame For Solar Panel And Light-Box<\/a><\/li>\r\n<li><a href=\"https:\/\/sinoextrud.com\/product\/aluminum-window\/\" target=\"_blank\">Aluminum Window<\/a><\/li>"},"feature_list":[]},"_links":{"self":[{"href":"https:\/\/sinoextrud.com\/es\/wp-json\/wp\/v2\/product\/8320","targetHints":{"allow":["GET"]}}],"collection":[{"href":"https:\/\/sinoextrud.com\/es\/wp-json\/wp\/v2\/product"}],"about":[{"href":"https:\/\/sinoextrud.com\/es\/wp-json\/wp\/v2\/types\/product"}],"wp:featuredmedia":[{"embeddable":true,"href":"https:\/\/sinoextrud.com\/es\/wp-json\/wp\/v2\/media\/8319"}],"wp:attachment":[{"href":"https:\/\/sinoextrud.com\/es\/wp-json\/wp\/v2\/media?parent=8320"}],"wp:term":[{"taxonomy":"category","embeddable":true,"href":"https:\/\/sinoextrud.com\/es\/wp-json\/wp\/v2\/categories?post=8320"}],"curies":[{"name":"wp","href":"https:\/\/api.w.org\/{rel}","templated":true}]}}