{"id":8318,"date":"2025-06-15T06:19:15","date_gmt":"2025-06-15T06:19:15","guid":{"rendered":"https:\/\/sinoextrud.com\/product\/aluminum-outdoor-enclose-heat-sinks\/"},"modified":"2025-06-24T06:23:34","modified_gmt":"2025-06-24T06:23:34","slug":"disipadores-de-calor-de-aluminio-para-exteriores","status":"publish","type":"product","link":"https:\/\/sinoextrud.com\/es\/product\/aluminum-outdoor-enclose-heat-sinks\/","title":{"rendered":"Disipadores de calor de aluminio para exteriores"},"content":{"rendered":"<h2>Productos<\/h2>\n<table class=\"custom-table\">\n<tr>\n<td class=\"label\">Material<\/td>\n<td>Aleaci\u00f3n de aluminio 6063\/5052, opcional por el cliente, etc.<\/td>\n<\/tr>\n<tr>\n<td class=\"label\">Estructura<\/td>\n<td>SplitExtrusi\u00f3nAluminio<\/td>\n<\/tr>\n<tr>\n<td class=\"label\">Montaje<\/td>\n<td>2PartesCaja Partida+2Placas Finales(1.5mmdeespesor)+8PCtornillosSS(M3X6D)<\/td>\n<\/tr>\n<tr>\n<td class=\"label\">Acabado<\/td>\n<td>Fresado,Anodizado,Chorro de arena,Serigraf\u00eda.Grabado,Taladros<\/td>\n<\/tr>\n<tr>\n<td class=\"label\">Rendimiento<\/td>\n<td>Ligero,DuraderoyResistente,NoCorrosivo,Radiante<\/td>\n<\/tr>\n<tr>\n<td class=\"label\">Producci\u00f3n<\/td>\n<td>1.Ventanilla \u00fanica<br \/>\n2.Tolerancias estrictas seg\u00fan el dibujo<br \/>\n3.Inspecci\u00f3n durante el proceso, inspecci\u00f3n completa antes del env\u00edo.<br \/>\n4.Excelente rendimiento de apantallamiento electromagn\u00e9tico<br \/>\n5. Placa de circuito impreso con ranuras de rodadura<br \/>\n6.Caja de aluminio extruido para generador port\u00e1til con placa final<\/td>\n<\/tr>\n<\/table>\n<h2>Nuestra base de fabricaci\u00f3n<\/h2>\n<h3>Panorama de la f\u00e1brica<\/h3>\n<p><img decoding=\"async\" src=\"\/wp-content\/uploads\/factory-01.webp\"\/><\/p>\n<h3>Taller de fabricaci\u00f3n de barras de aluminio<\/h3>\n<p><img decoding=\"async\" src=\"\/wp-content\/uploads\/factory-02.webp\"\/><\/p>\n<p><img decoding=\"async\" src=\"\/wp-content\/uploads\/factory-03.webp\"\/><\/p>\n<h3>Almac\u00e9n de moldes<\/h3>\n<p><img decoding=\"async\" src=\"\/wp-content\/uploads\/factory-04.webp\"\/><\/p>\n<h3>43 l\u00edneas de extrusi\u00f3n de aluminio (500-5500 toneladas)<\/h3>\n<p><img decoding=\"async\" src=\"\/wp-content\/uploads\/factory-05.webp\"\/><\/p>\n<p><img decoding=\"async\" src=\"\/wp-content\/uploads\/factory-06.webp\"\/><\/p>\n<p><img decoding=\"async\" src=\"\/wp-content\/uploads\/factory-07.webp\"\/><\/p>\n<h3>Taller de pintura en polvo<\/h3>\n<p><img decoding=\"async\" src=\"\/wp-content\/uploads\/factory-09.webp\"\/><\/p>\n<h3>Taller de anodizado<\/h3>\n<p><img decoding=\"async\" src=\"\/wp-content\/uploads\/factory-10.webp\"\/><\/p>\n<h3>Taller de procesamiento profundo<\/h3>\n<p><img decoding=\"async\" src=\"\/wp-content\/uploads\/factory-11.webp\"\/><\/p>\n<h3>Taller de mecanizado de precisi\u00f3n CNC<\/h3>\n<p><img decoding=\"async\" src=\"\/wp-content\/uploads\/factory-11.5.webp\"\/><\/p>\n<h3>Almac\u00e9n de productos acabados y de exportaci\u00f3n<\/h3>\n<p><img decoding=\"async\" src=\"\/wp-content\/uploads\/factory-12.webp\"\/><\/p>\n<p><img decoding=\"async\" src=\"\/wp-content\/uploads\/factory-13.webp\"\/><\/p>\n<p><img decoding=\"async\" src=\"\/wp-content\/uploads\/factory-14.webp\"\/><\/p>\n<h2>PREGUNTAS FRECUENTES<\/h2>\n<p><p><b>1. \u00bfPara qu\u00e9 se utilizan los disipadores de calor de aluminio para exteriores?<\/b><\/p>\n<p>Los disipadores de calor de aluminio para exteriores se utilizan para disipar el calor de los dispositivos electr\u00f3nicos en entornos exteriores, garantizando un rendimiento \u00f3ptimo y la longevidad de los equipos.<br \/>\n<\/p><br \/>\n<br \/>\n<p><b>2.\u00bfPor qu\u00e9 el aluminio es el material preferido para los disipadores de calor exteriores?<\/b><\/p>\n<p>El aluminio es ligero, resistente a la corrosi\u00f3n y ofrece una excelente conductividad t\u00e9rmica, por lo que resulta ideal para disipadores de calor de exterior que deban soportar condiciones ambientales adversas.<br \/>\n<\/p><br \/>\n<br \/>\n<p><b>3.\u00bfC\u00f3mo mejoran el rendimiento de los dispositivos electr\u00f3nicos los disipadores de calor con envolvente exterior de aluminio?<\/b><\/p>\n<p>Al disipar eficazmente el calor, los disipadores de calor de aluminio para exteriores evitan el sobrecalentamiento, lo que contribuye a mantener el rendimiento, la estabilidad y la vida \u00fatil de los dispositivos electr\u00f3nicos.<br \/>\n<\/p><br \/>\n<br \/>\n<p><b>4.\u00bfSe pueden personalizar los disipadores de aluminio para exteriores?<\/b><\/p>\n<p>S\u00ed, estos disipadores pueden personalizarse en cuanto a tama\u00f1o, forma y dise\u00f1o para satisfacer las necesidades espec\u00edficas de refrigeraci\u00f3n de las distintas aplicaciones electr\u00f3nicas.<br \/>\n<\/p><br \/>\n<br \/>\n<p><b>5.\u00bfCu\u00e1nto duran los disipadores de calor de aluminio para exteriores?<\/b><\/p>\n<p>Los disipadores de calor de aluminio para exteriores son muy duraderos y resistentes a la corrosi\u00f3n, lo que garantiza un rendimiento a largo plazo incluso en condiciones exteriores dif\u00edciles.<br \/>\n<\/p><br \/>\n<br \/>\n<p><b>6. \u00bfSe pueden utilizar disipadores de calor de aluminio para exteriores en todas las condiciones meteorol\u00f3gicas?<\/b><\/p>\n<p>S\u00ed, las propiedades de resistencia a la corrosi\u00f3n del aluminio hacen que estos disipadores de calor sean aptos para todo tipo de condiciones meteorol\u00f3gicas, proporcionando una gesti\u00f3n t\u00e9rmica fiable en exteriores.<br \/>\n<\/p><br \/>\n<br \/>\n<p><b>7.\u00bfC\u00f3mo contribuyen a la sostenibilidad los disipadores de calor de aluminio para exteriores?<\/b><\/p>\n<p>El aluminio es un material reciclable, y utilizando disipadores de calor de aluminio para exteriores, las empresas pueden contribuir a la sostenibilidad al tiempo que garantizan una refrigeraci\u00f3n eficaz en los dispositivos electr\u00f3nicos.<br \/>\n<\/p><br \/><\/p>","protected":false},"featured_media":8317,"template":"","categories":[54],"class_list":["post-8318","product","type-product","status-publish","has-post-thumbnail","hentry","category-industrial-aluminum-profiles"],"meta_box":{"hilight_text_group":{"product_hilight_text":"<li>Aluminum outdoor enclose heat sinks provide efficient heat dissipation, enhancing the performance and lifespan of electronic devices.<\/li>\r\r\n<li>Corrosion-resistant aluminum ensures durability in outdoor environments, protecting against harsh weather conditions.<\/li>\r\r\n<li>Lightweight yet sturdy construction offers ease of installation while maintaining structural integrity.<\/li>\r\r\n<li>Customizable designs and sizes to meet specific thermal management requirements for various outdoor applications.<\/li>\r\r\n<li>Environmentally friendly and recyclable, contributing to sustainable practices in electronics cooling solutions.<\/li>","product_chanpin_blog":"<ul>\r\r\n<li><a href=\"https:\/\/sinoextrud.com\/t-slot-v-slot-differences\/\" target=\"_blank\">t slot vs v slot<\/a><\/li>\r\r\n<li><a href=\"https:\/\/sinoextrud.com\/what-is-4040-aluminium-extrud\/\" target=\"_blank\">4040 aluminium extrusion<\/a><\/li>\r\r\n<li><a href=\"https:\/\/sinoextrud.com\/what-is-4040-aluminium-extrud\/\" target=\"_blank\">aluminum extrusions for industrial racks<\/a><\/li>\r\r\n<li><a href=\"https:\/\/sinoextrud.com\/powder-coating-aluminium-process\/\" target=\"_blank\">powder coating aluminium<\/a><\/li>\r\r\n<li><a href=\"https:\/\/sinoextrud.com\/what-is-an-aluminium-strip-ceiling\/\" target=\"_blank\">aluminium strip ceiling<\/a><\/li>\r\r\n<li><a href=\"https:\/\/sinoextrud.com\/what-is-a-heat-sink\/\" target=\"_blank\">what is a heat sink<\/a><\/li>\r\r\n<\/ul>","product_chanpin_chanpin":"<li><a href=\"https:\/\/sinoextrud.com\/product\/aluminum-extruded-products\/\" target=\"_blank\">Aluminum Extruded Products<\/a><\/li>\r\n<li><a href=\"https:\/\/sinoextrud.com\/product\/aluminum-extrusion-channel-profiles\/\" target=\"_blank\">Aluminum Extrusion Channel Profiles<\/a><\/li>\r\n<li><a href=\"https:\/\/sinoextrud.com\/product\/aluminum-extrusion-standards\/\" target=\"_blank\">Aluminum Extrusion Standards<\/a><\/li>\r\n<li><a href=\"https:\/\/sinoextrud.com\/product\/aluminum-heat-sink\/\" target=\"_blank\">Aluminum Heat Sink<\/a><\/li>\r\n<li><a href=\"https:\/\/sinoextrud.com\/product\/aluminum-outdoor-enclose-heat-sinks\/\" target=\"_blank\">Aluminum outdoor enclose heat sinks<\/a><\/li>\r\n<li><a href=\"https:\/\/sinoextrud.com\/product\/aluminum-pipe-handrail\/\" target=\"_blank\">Aluminum Pipe Handrail<\/a><\/li>\r\n<li><a href=\"https:\/\/sinoextrud.com\/product\/aluminum-profile-clean-room-for-workshop-and-hospital\/\" target=\"_blank\">Aluminum Profile Clean Room for Workshop and Hospital<\/a><\/li>\r\n<li><a href=\"https:\/\/sinoextrud.com\/product\/aluminum-profile-t-slot-for-machine-frame\/\" target=\"_blank\">Aluminum Profile T-Slot For Machine Frame<\/a><\/li>\r\n<li><a href=\"https:\/\/sinoextrud.com\/product\/aluminum-trailer-floor-extrusions\/\" target=\"_blank\">Aluminum Trailer Floor Extrusions<\/a><\/li>\r\n<li><a href=\"https:\/\/sinoextrud.com\/product\/anodized-aluminium-profile-value-frame-extrusion\/\" target=\"_blank\">Anodized Aluminium Profile Value Frame Extrusion<\/a><\/li>\r\n<li><a href=\"https:\/\/sinoextrud.com\/product\/aluminium-piping\/\" target=\"_blank\">Aluminium Piping<\/a><\/li>"},"feature_list":[]},"_links":{"self":[{"href":"https:\/\/sinoextrud.com\/es\/wp-json\/wp\/v2\/product\/8318","targetHints":{"allow":["GET"]}}],"collection":[{"href":"https:\/\/sinoextrud.com\/es\/wp-json\/wp\/v2\/product"}],"about":[{"href":"https:\/\/sinoextrud.com\/es\/wp-json\/wp\/v2\/types\/product"}],"wp:featuredmedia":[{"embeddable":true,"href":"https:\/\/sinoextrud.com\/es\/wp-json\/wp\/v2\/media\/8317"}],"wp:attachment":[{"href":"https:\/\/sinoextrud.com\/es\/wp-json\/wp\/v2\/media?parent=8318"}],"wp:term":[{"taxonomy":"category","embeddable":true,"href":"https:\/\/sinoextrud.com\/es\/wp-json\/wp\/v2\/categories?post=8318"}],"curies":[{"name":"wp","href":"https:\/\/api.w.org\/{rel}","templated":true}]}}