{"id":8314,"date":"2025-06-15T06:15:59","date_gmt":"2025-06-15T06:15:59","guid":{"rendered":"https:\/\/sinoextrud.com\/product\/aluminum-extrusion-standards\/"},"modified":"2025-06-24T06:23:33","modified_gmt":"2025-06-24T06:23:33","slug":"normas-de-extrusion-de-aluminio","status":"publish","type":"product","link":"https:\/\/sinoextrud.com\/es\/product\/aluminum-extrusion-standards\/","title":{"rendered":"Normas de extrusi\u00f3n de aluminio"},"content":{"rendered":"<h2>Productos<\/h2>\n<table class=\"custom-table\">\n<tbody>\n<tr>\n<td> <\/td>\n<td>6063 o 6061<\/td>\n<\/tr>\n<tr>\n<td>Longitud<\/td>\n<td>Est\u00e1ndar 1-9M, otras longitudes disponibles<\/td>\n<\/tr>\n<tr>\n<td>Norma de calidad<\/td>\n<td>Alta calidad<\/td>\n<\/tr>\n<tr>\n<td>Garant\u00eda<\/td>\n<td>Inspecci\u00f3n 100% para garantizar la alta calidad<\/td>\n<\/tr>\n<tr>\n<td>Certificados<\/td>\n<td>ISO9001,ISO4001,CE,BV,SGS, etc.<\/td>\n<\/tr>\n<tr>\n<td>Marca<\/td>\n<td>Sinoextrud,Sinoextrud(marca famosa de Guangdong)<\/td>\n<\/tr>\n<tr>\n<td>Origen<\/td>\n<td>Guangdong,China<\/td>\n<\/tr>\n<tr>\n<td>Aplicaciones t\u00edpicas<\/td>\n<td>Industria, etc.<\/td>\n<\/tr>\n<tr>\n<td>Tratamiento de superficies<\/td>\n<td>Acabado de molino, anodizado, recubierto de polvo, grano de madera, etc.<\/td>\n<\/tr>\n<tr>\n<td>Dureza<\/td>\n<td>13-15<\/td>\n<\/tr>\n<\/tbody>\n<\/table>\n<h2>Nuestra base de fabricaci\u00f3n<\/h2>\n<h3>Panorama de la f\u00e1brica<\/h3>\n<p><img decoding=\"async\" src=\"\/wp-content\/uploads\/factory-01.webp\"\/><\/p>\n<h3>Taller de fabricaci\u00f3n de barras de aluminio<\/h3>\n<p><img decoding=\"async\" src=\"\/wp-content\/uploads\/factory-02.webp\"\/><\/p>\n<p><img decoding=\"async\" src=\"\/wp-content\/uploads\/factory-03.webp\"\/><\/p>\n<h3>Almac\u00e9n de moldes<\/h3>\n<p><img decoding=\"async\" src=\"\/wp-content\/uploads\/factory-04.webp\"\/><\/p>\n<h3>43 L\u00c3neas de extrusi\u00c3\u00b3n de aluminio (500\u00e2\u20ac\"5500 toneladas)<\/h3>\n<p><img decoding=\"async\" src=\"\/wp-content\/uploads\/factory-05.webp\"\/><\/p>\n<p><img decoding=\"async\" src=\"\/wp-content\/uploads\/factory-06.webp\"\/><\/p>\n<p><img decoding=\"async\" src=\"\/wp-content\/uploads\/factory-07.webp\"\/><\/p>\n<h3>Taller de pintura en polvo<\/h3>\n<p><img decoding=\"async\" src=\"\/wp-content\/uploads\/factory-09.webp\"\/><\/p>\n<h3>Taller de anodizado<\/h3>\n<p><img decoding=\"async\" src=\"\/wp-content\/uploads\/factory-10.webp\"\/><\/p>\n<h3>Taller de procesamiento profundo<\/h3>\n<p><img decoding=\"async\" src=\"\/wp-content\/uploads\/factory-11.webp\"\/><\/p>\n<h3>Taller de mecanizado de precisi\u00f3n CNC<\/h3>\n<p><img decoding=\"async\" src=\"\/wp-content\/uploads\/factory-11.5.webp\"\/><\/p>\n<h3>Almac\u00e9n de productos acabados y de exportaci\u00f3n<\/h3>\n<p><img decoding=\"async\" src=\"\/wp-content\/uploads\/factory-12.webp\"\/><\/p>\n<p><img decoding=\"async\" src=\"\/wp-content\/uploads\/factory-13.webp\"\/><\/p>\n<p><img decoding=\"async\" src=\"\/wp-content\/uploads\/factory-14.webp\"\/><\/p>\n<h2>PREGUNTAS FRECUENTES<\/h2>\n<p><p><b>1. \u00bfQu\u00e9 son las normas de extrusi\u00f3n de aluminio?<\/b><\/p>\n<p>Las normas de extrusi\u00f3n de aluminio definen las especificaciones necesarias para la fabricaci\u00f3n de extrusiones de aluminio, garantizando una calidad, durabilidad y rendimiento constantes en diversas aplicaciones industriales.<br \/>\n<\/p><br \/>\n<br \/>\n<p><b>2. \u00bfPor qu\u00e9 son importantes las normas de extrusi\u00f3n de aluminio?<\/b><\/p>\n<p>Las normas de extrusi\u00f3n de aluminio garantizan que las extrusiones cumplan criterios precisos de calidad, resistencia y dimensiones, proporcionando un rendimiento fiable y uniforme en todos los sectores.<br \/>\n<\/p><br \/>\n<br \/>\n<p><b>3.\u00bfSe pueden personalizar las normas de extrusi\u00f3n de aluminio?<\/b><\/p>\n<p>Aunque siguen directrices internacionales establecidas, pueden crearse perfiles y especificaciones personalizados en el marco de las normas para satisfacer necesidades de aplicaci\u00f3n espec\u00edficas.<br \/>\n<\/p><br \/>\n<br \/>\n<p><b>4.\u00bfC\u00f3mo benefician las normas de extrusi\u00f3n de aluminio a las industrias?<\/b><\/p>\n<p>Al adherirse a estas normas, las industrias pueden garantizar que los componentes que utilizan cumplen rigurosos requisitos de calidad, lo que se traduce en productos m\u00e1s duraderos y fiables.<br \/>\n<\/p><br \/>\n<br \/>\n<p><b>5.\u00bfSon adecuadas las normas de extrusi\u00f3n de aluminio para todas las industrias?<\/b><\/p>\n<p>S\u00ed, estas normas son aplicables en una amplia gama de sectores, como la automoci\u00f3n, la construcci\u00f3n, la electr\u00f3nica y la fabricaci\u00f3n, lo que garantiza componentes de aluminio vers\u00e1tiles y de alta calidad.<br \/>\n<\/p><br \/>\n<br \/>\n<p><b>6.\u00bfC\u00f3mo mejoran estas normas la calidad de las extrusiones de aluminio?<\/b><\/p>\n<p>Las normas de extrusi\u00f3n de aluminio garantizan la precisi\u00f3n, coherencia y durabilidad del proceso de fabricaci\u00f3n, lo que se traduce en productos de alta calidad que cumplen los requisitos de la industria.<br \/>\n<\/p><br \/>\n<br \/>\n<p><b>7.\u00bfCu\u00e1l es la ventaja de utilizar normas de extrusi\u00f3n de aluminio en la producci\u00f3n?<\/b><\/p>\n<p>El uso de estas normas en la producci\u00f3n ayuda a minimizar los defectos, asegura la compatibilidad con otros sistemas y garantiza que los productos finales funcionen con fiabilidad en las aplicaciones previstas.<br \/>\n<\/p><br \/><\/p>","protected":false},"featured_media":8313,"template":"","categories":[54],"class_list":["post-8314","product","type-product","status-publish","has-post-thumbnail","hentry","category-industrial-aluminum-profiles"],"meta_box":{"hilight_text_group":{"product_hilight_text":"<li>Compliant with international standards, ensuring high-quality and reliable aluminum extrusions.<\/li>\r\r\n<li>Offers a wide range of profiles for various industrial and commercial applications.<\/li>\r\r\n<li>Precise dimensional accuracy for easy integration into diverse systems and structures.<\/li>\r\r\n<li>Cost-effective solution for industries requiring high-performance and durable aluminum components.<\/li>\r\r\n<li>Flexible design options to meet specific application needs while adhering to quality standards.<\/li>","product_chanpin_blog":"<ul>\r\r\n<li><a href=\"https:\/\/sinoextrud.com\/t-slot-v-slot-differences\/\" target=\"_blank\">t slot vs v slot<\/a><\/li>\r\r\n<li><a href=\"https:\/\/sinoextrud.com\/what-is-4040-aluminium-extrud\/\" target=\"_blank\">4040 aluminium extrusion<\/a><\/li>\r\r\n<li><a href=\"https:\/\/sinoextrud.com\/what-is-4040-aluminium-extrud\/\" target=\"_blank\">aluminum extrusions for industrial racks<\/a><\/li>\r\r\n<li><a href=\"https:\/\/sinoextrud.com\/powder-coating-aluminium-process\/\" target=\"_blank\">powder coating aluminium<\/a><\/li>\r\r\n<li><a href=\"https:\/\/sinoextrud.com\/what-is-an-aluminium-strip-ceiling\/\" target=\"_blank\">aluminium strip ceiling<\/a><\/li>\r\r\n<li><a href=\"https:\/\/sinoextrud.com\/what-is-a-heat-sink\/\" target=\"_blank\">what is a heat sink<\/a><\/li>\r\r\n<\/ul>","product_chanpin_chanpin":"<li><a href=\"https:\/\/sinoextrud.com\/product\/aluminum-alloy-section\/\" target=\"_blank\">Aluminum Alloy Section<\/a><\/li>\r\n<li><a href=\"https:\/\/sinoextrud.com\/product\/aluminum-balustrade-handrail\/\" target=\"_blank\">Aluminum Balustrade Handrail<\/a><\/li>\r\n<li><a href=\"https:\/\/sinoextrud.com\/product\/aluminum-extruded-products\/\" target=\"_blank\">Aluminum Extruded Products<\/a><\/li>\r\n<li><a href=\"https:\/\/sinoextrud.com\/product\/aluminum-extrusion-channel-profiles\/\" target=\"_blank\">Aluminum Extrusion Channel Profiles<\/a><\/li>\r\n<li><a href=\"https:\/\/sinoextrud.com\/product\/aluminum-extrusion-standards\/\" target=\"_blank\">Aluminum Extrusion Standards<\/a><\/li>\r\n<li><a href=\"https:\/\/sinoextrud.com\/product\/aluminum-heat-sink\/\" target=\"_blank\">Aluminum Heat Sink<\/a><\/li>\r\n<li><a href=\"https:\/\/sinoextrud.com\/product\/aluminum-outdoor-enclose-heat-sinks\/\" target=\"_blank\">Aluminum outdoor enclose heat sinks<\/a><\/li>\r\n<li><a href=\"https:\/\/sinoextrud.com\/product\/aluminum-pipe-handrail\/\" target=\"_blank\">Aluminum Pipe Handrail<\/a><\/li>\r\n<li><a href=\"https:\/\/sinoextrud.com\/product\/aluminum-profile-clean-room-for-workshop-and-hospital\/\" target=\"_blank\">Aluminum Profile Clean Room for Workshop and Hospital<\/a><\/li>\r\n<li><a href=\"https:\/\/sinoextrud.com\/product\/perforation-aluminum-ceiling-system\/\" target=\"_blank\">Perforation Aluminum Ceiling System<\/a><\/li>\r\n<li><a href=\"https:\/\/sinoextrud.com\/product\/extruded-h-beam-aluminum-profile\/\" target=\"_blank\">Extruded H Beam Aluminum Profile<\/a><\/li>"},"feature_list":[]},"_links":{"self":[{"href":"https:\/\/sinoextrud.com\/es\/wp-json\/wp\/v2\/product\/8314","targetHints":{"allow":["GET"]}}],"collection":[{"href":"https:\/\/sinoextrud.com\/es\/wp-json\/wp\/v2\/product"}],"about":[{"href":"https:\/\/sinoextrud.com\/es\/wp-json\/wp\/v2\/types\/product"}],"wp:featuredmedia":[{"embeddable":true,"href":"https:\/\/sinoextrud.com\/es\/wp-json\/wp\/v2\/media\/8313"}],"wp:attachment":[{"href":"https:\/\/sinoextrud.com\/es\/wp-json\/wp\/v2\/media?parent=8314"}],"wp:term":[{"taxonomy":"category","embeddable":true,"href":"https:\/\/sinoextrud.com\/es\/wp-json\/wp\/v2\/categories?post=8314"}],"curies":[{"name":"wp","href":"https:\/\/api.w.org\/{rel}","templated":true}]}}