{"id":8306,"date":"2025-06-15T06:09:55","date_gmt":"2025-06-15T06:09:55","guid":{"rendered":"https:\/\/sinoextrud.com\/product\/aluminum-alloy-section\/"},"modified":"2025-06-24T06:23:32","modified_gmt":"2025-06-24T06:23:32","slug":"seccion-de-aleacion-de-aluminio","status":"publish","type":"product","link":"https:\/\/sinoextrud.com\/es\/product\/aluminum-alloy-section\/","title":{"rendered":"Secci\u00f3n de aleaci\u00f3n de aluminio"},"content":{"rendered":"<h2>Productos<\/h2>\n<table class=\"custom-table\">\n<tbody>\n<tr>\n<td> Modelo:<\/td>\n<td> Secci\u00f3n de aleaci\u00f3n de aluminio<\/td>\n<\/tr>\n<tr>\n<td> Tratamiento de la superficie:<\/td>\n<td> Anodizado, grano de madera, pulido, cepillado, etc.<\/td>\n<\/tr>\n<tr>\n<td> Aleaci\u00f3n:<\/td>\n<td> Aleaci\u00f3n<\/td>\n<\/tr>\n<tr>\n<td> Plazo de entrega:<\/td>\n<td> 20 d\u00edas despu\u00e9s de la recepci\u00f3n del dep\u00f3sito<\/td>\n<\/tr>\n<tr>\n<td> Plazo de pago:<\/td>\n<td> T\/T, 30% Pago a cuenta mientras que el saldo se pagar\u00e1<\/td>\n<\/tr>\n<tr>\n<td> Garant\u00eda:<\/td>\n<td> El color de la superficie se mantiene durante 10~20 a\u00f1os F<\/td>\n<\/tr>\n<tr>\n<td> Material:<\/td>\n<td> 6063-T5, 6061-T6, 6463-T5, 7075-T6, 6082<\/td>\n<\/tr>\n<tr>\n<td> Certificado:<\/td>\n<td> Cqm, SGS, Ce, Soncap ISO, JIS, as, Nzs<\/td>\n<\/tr>\n<tr>\n<td> Marca registrada:<\/td>\n<td> OEM<\/td>\n<\/tr>\n<tr>\n<td> Especificaci\u00f3n:<\/td>\n<td> 1m-9m o tama\u00f1o personalizado<\/td>\n<\/tr>\n<tr>\n<td> C\u00f3digo SA:<\/td>\n<td> 76042100<\/td>\n<\/tr>\n<tr>\n<td> Forma:<\/td>\n<td> \u00c1ngulo, cuadrado, redondo, plano, perfil en T, personalizado<\/td>\n<\/tr>\n<tr>\n<td> Grado:<\/td>\n<td> Serie 6000<\/td>\n<\/tr>\n<tr>\n<td> Temperamento:<\/td>\n<td> T3 - T8<\/td>\n<\/tr>\n<tr>\n<td> Est\u00e1ndar:<\/td>\n<td> GB\/75237-2004, Q\/320281\/Pdwd-2008<\/td>\n<\/tr>\n<tr>\n<td> Puerto:<\/td>\n<td> Shenzhen, Guangzhou, Foshan<\/td>\n<\/tr>\n<tr>\n<td> MOQ:<\/td>\n<td> 200KG para cada art\u00edculo<\/td>\n<\/tr>\n<tr>\n<td> Proceso profundo:<\/td>\n<td> CNC, taladrado, fresado, corte, soldadura, plegado<\/td>\n<\/tr>\n<tr>\n<td> Paquete de transporte:<\/td>\n<td> Film de pl\u00e1stico o bolsa de polietileno, papel impermeable para manualidades<\/td>\n<\/tr>\n<\/tbody>\n<\/table>\n<h2>Nuestra base de fabricaci\u00f3n<\/h2>\n<h3>Panorama de la f\u00e1brica<\/h3>\n<p><img decoding=\"async\" src=\"\/wp-content\/uploads\/factory-01.webp\"\/><\/p>\n<h3>Taller de fabricaci\u00f3n de barras de aluminio<\/h3>\n<p><img decoding=\"async\" src=\"\/wp-content\/uploads\/factory-02.webp\"\/><\/p>\n<p><img decoding=\"async\" src=\"\/wp-content\/uploads\/factory-03.webp\"\/><\/p>\n<h3>Almac\u00e9n de moldes<\/h3>\n<p><img decoding=\"async\" src=\"\/wp-content\/uploads\/factory-04.webp\"\/><\/p>\n<h3>43 L\u00c3neas de extrusi\u00c3\u00b3n de aluminio (500\u00e2\u20ac\"5500 toneladas)<\/h3>\n<p><img decoding=\"async\" src=\"\/wp-content\/uploads\/factory-05.webp\"\/><\/p>\n<p><img decoding=\"async\" src=\"\/wp-content\/uploads\/factory-06.webp\"\/><\/p>\n<p><img decoding=\"async\" src=\"\/wp-content\/uploads\/factory-07.webp\"\/><\/p>\n<h3>Taller de pintura en polvo<\/h3>\n<p><img decoding=\"async\" src=\"\/wp-content\/uploads\/factory-09.webp\"\/><\/p>\n<h3>Taller de anodizado<\/h3>\n<p><img decoding=\"async\" src=\"\/wp-content\/uploads\/factory-10.webp\"\/><\/p>\n<h3>Taller de procesamiento profundo<\/h3>\n<p><img decoding=\"async\" src=\"\/wp-content\/uploads\/factory-11.webp\"\/><\/p>\n<h3>Taller de mecanizado de precisi\u00f3n CNC<\/h3>\n<p><img decoding=\"async\" src=\"\/wp-content\/uploads\/factory-11.5.webp\"\/><\/p>\n<h3>Almac\u00e9n de productos acabados y de exportaci\u00f3n<\/h3>\n<p><img decoding=\"async\" src=\"\/wp-content\/uploads\/factory-12.webp\"\/><\/p>\n<p><img decoding=\"async\" src=\"\/wp-content\/uploads\/factory-13.webp\"\/><\/p>\n<p><img decoding=\"async\" src=\"\/wp-content\/uploads\/factory-14.webp\"\/><\/p>\n<h2>PREGUNTAS FRECUENTES<\/h2>\n<p><p><b>1. \u00bfPara qu\u00e9 se utiliza la secci\u00f3n de aleaci\u00f3n de aluminio?<\/b><\/p>\n<p>La secci\u00f3n de aleaci\u00f3n de aluminio se utiliza en diversos sectores, como la construcci\u00f3n, la automoci\u00f3n y la electr\u00f3nica, para crear componentes estructurales y sistemas que requieren resistencia, ligereza y resistencia a la corrosi\u00f3n.<br \/>\n<\/p><br \/>\n<br \/>\n<p><b>2.\u00bfPor qu\u00e9 la secci\u00f3n de aleaci\u00f3n de aluminio se considera un material vers\u00e1til?<\/b><\/p>\n<p>La secci\u00f3n de aleaci\u00f3n de aluminio es vers\u00e1til porque puede personalizarse f\u00e1cilmente en t\u00e9rminos de forma, tama\u00f1o y resistencia, lo que la hace adecuada para una amplia gama de aplicaciones en diferentes industrias.<br \/>\n<\/p><br \/>\n<br \/>\n<p><b>3.\u00bfCu\u00e1les son las ventajas de utilizar una secci\u00f3n de aleaci\u00f3n de aluminio frente a otros materiales?<\/b><\/p>\n<p>La secci\u00f3n de aleaci\u00f3n de aluminio ofrece una elevada relaci\u00f3n resistencia-peso, resistencia a la corrosi\u00f3n y facilidad de procesamiento, lo que la hace m\u00e1s eficaz y duradera en comparaci\u00f3n con materiales como el acero o el pl\u00e1stico.<br \/>\n<\/p><br \/>\n<br \/>\n<p><b>4.\u00bfEs la secci\u00f3n de aleaci\u00f3n de aluminio resistente a la corrosi\u00f3n?<\/b><\/p>\n<p>S\u00ed, la secci\u00f3n de aleaci\u00f3n de aluminio es naturalmente resistente a la corrosi\u00f3n, por lo que es ideal para su uso en entornos expuestos a la humedad, productos qu\u00edmicos o condiciones clim\u00e1ticas extremas.<br \/>\n<\/p><br \/>\n<br \/>\n<p><b>5.\u00bfC\u00f3mo mejora la gesti\u00f3n t\u00e9rmica la secci\u00f3n de aleaci\u00f3n de aluminio?<\/b><\/p>\n<p>La secci\u00f3n de aleaci\u00f3n de aluminio tiene una excelente conductividad t\u00e9rmica, por lo que es ideal para aplicaciones que requieren una disipaci\u00f3n eficaz del calor, como en electr\u00f3nica o intercambiadores de calor.<br \/>\n<\/p><br \/>\n<br \/>\n<p><b>6.\u00bfSe puede personalizar f\u00e1cilmente la secci\u00f3n de aleaci\u00f3n de aluminio?<\/b><\/p>\n<p>S\u00ed, la secci\u00f3n de aleaci\u00f3n de aluminio puede adaptarse para satisfacer requisitos funcionales y de dise\u00f1o espec\u00edficos, ofreciendo flexibilidad para diversas aplicaciones industriales.<br \/>\n<\/p><br \/>\n<br \/>\n<p><b>7.\u00bfCu\u00e1nto dura la secci\u00f3n de aleaci\u00f3n de aluminio?<\/b><\/p>\n<p>La secci\u00f3n de aleaci\u00f3n de aluminio est\u00e1 dise\u00f1ada para ofrecer una larga durabilidad gracias a su resistencia a la corrosi\u00f3n y su solidez, garantizando un rendimiento fiable a lo largo del tiempo en entornos exigentes.<br \/>\n<\/p><br \/><\/p>","protected":false},"featured_media":8305,"template":"","categories":[54],"class_list":["post-8306","product","type-product","status-publish","has-post-thumbnail","hentry","category-industrial-aluminum-profiles"],"meta_box":{"hilight_text_group":{"product_hilight_text":"<li>Aluminum Alloy Section offers high strength, excellent corrosion resistance, and lightweight properties for various structural applications.<\/li>\r\r\n<li>Customizable shapes and sizes allow for flexible design solutions tailored to specific industry needs.<\/li>\r\r\n<li>High thermal and electrical conductivity make it suitable for applications in electronics and heat management systems.<\/li>\r\r\n<li>Durable and easy to process, making it ideal for manufacturing complex structures and components.<\/li>\r\r\n<li>Recyclable material, contributing to sustainability and environmentally friendly practices in manufacturing.<\/li>","product_chanpin_blog":"<ul>\r\r\n<li><a href=\"https:\/\/sinoextrud.com\/t-slot-v-slot-differences\/\" target=\"_blank\">t slot vs v slot<\/a><\/li>\r\r\n<li><a href=\"https:\/\/sinoextrud.com\/what-is-4040-aluminium-extrud\/\" target=\"_blank\">4040 aluminium extrusion<\/a><\/li>\r\r\n<li><a href=\"https:\/\/sinoextrud.com\/what-is-4040-aluminium-extrud\/\" target=\"_blank\">aluminum extrusions for industrial racks<\/a><\/li>\r\r\n<li><a href=\"https:\/\/sinoextrud.com\/powder-coating-aluminium-process\/\" target=\"_blank\">powder coating aluminium<\/a><\/li>\r\r\n<li><a href=\"https:\/\/sinoextrud.com\/what-is-an-aluminium-strip-ceiling\/\" target=\"_blank\">aluminium strip ceiling<\/a><\/li>\r\r\n<li><a href=\"https:\/\/sinoextrud.com\/what-is-a-heat-sink\/\" target=\"_blank\">what is a heat sink<\/a><\/li>\r\r\n<\/ul>","product_chanpin_chanpin":"<li><a href=\"https:\/\/sinoextrud.com\/product\/aluminium-profile-for-clean-room\/\" target=\"_blank\">Aluminium Profile For Clean Room<\/a><\/li>\r\n<li><a href=\"https:\/\/sinoextrud.com\/product\/aluminium-profile-workbench\/\" target=\"_blank\">Aluminium Profile Workbench<\/a><\/li>\r\n<li><a href=\"https:\/\/sinoextrud.com\/product\/aluminium-roof-rack-extrusions\/\" target=\"_blank\">Aluminium Roof Rack Extrusions<\/a><\/li>\r\n<li><a href=\"https:\/\/sinoextrud.com\/product\/aluminium-seamless-pipe\/\" target=\"_blank\">Aluminium Seamless Pipe<\/a><\/li>\r\n<li><a href=\"https:\/\/sinoextrud.com\/product\/aluminum-alloy-section\/\" target=\"_blank\">Aluminum Alloy Section<\/a><\/li>\r\n<li><a href=\"https:\/\/sinoextrud.com\/product\/aluminum-balustrade-handrail\/\" target=\"_blank\">Aluminum Balustrade Handrail<\/a><\/li>\r\n<li><a href=\"https:\/\/sinoextrud.com\/product\/aluminum-extruded-products\/\" target=\"_blank\">Aluminum Extruded Products<\/a><\/li>\r\n<li><a href=\"https:\/\/sinoextrud.com\/product\/aluminum-extrusion-channel-profiles\/\" target=\"_blank\">Aluminum Extrusion Channel Profiles<\/a><\/li>\r\n<li><a href=\"https:\/\/sinoextrud.com\/product\/aluminum-extrusion-standards\/\" target=\"_blank\">Aluminum Extrusion Standards<\/a><\/li>\r\n<li><a href=\"https:\/\/sinoextrud.com\/product\/aluminium-6061\/\" target=\"_blank\">Aluminium 6061<\/a><\/li>\r\n<li><a href=\"https:\/\/sinoextrud.com\/product\/powder-coating-aluminium-roller-shutter-profile\/\" target=\"_blank\">Powder Coating Aluminium Roller shutter Profile<\/a><\/li>"},"feature_list":[]},"_links":{"self":[{"href":"https:\/\/sinoextrud.com\/es\/wp-json\/wp\/v2\/product\/8306","targetHints":{"allow":["GET"]}}],"collection":[{"href":"https:\/\/sinoextrud.com\/es\/wp-json\/wp\/v2\/product"}],"about":[{"href":"https:\/\/sinoextrud.com\/es\/wp-json\/wp\/v2\/types\/product"}],"wp:featuredmedia":[{"embeddable":true,"href":"https:\/\/sinoextrud.com\/es\/wp-json\/wp\/v2\/media\/8305"}],"wp:attachment":[{"href":"https:\/\/sinoextrud.com\/es\/wp-json\/wp\/v2\/media?parent=8306"}],"wp:term":[{"taxonomy":"category","embeddable":true,"href":"https:\/\/sinoextrud.com\/es\/wp-json\/wp\/v2\/categories?post=8306"}],"curies":[{"name":"wp","href":"https:\/\/api.w.org\/{rel}","templated":true}]}}