{"id":8302,"date":"2025-06-15T06:04:36","date_gmt":"2025-06-15T06:04:36","guid":{"rendered":"https:\/\/sinoextrud.com\/product\/aluminium-roof-rack-extrusions\/"},"modified":"2025-06-24T06:23:32","modified_gmt":"2025-06-24T06:23:32","slug":"perfiles-de-aluminio-para-bacas","status":"publish","type":"product","link":"https:\/\/sinoextrud.com\/es\/product\/aluminium-roof-rack-extrusions\/","title":{"rendered":"Extrusiones de aluminio para bacas"},"content":{"rendered":"<h2>Productos<\/h2>\n<table class=\"custom-table\">\n<tbody>\n<tr>\n<td> Art\u00edculo:<\/td>\n<td> Extrusiones de aluminio para bacas<\/td>\n<td> Grado:<\/td>\n<td> Serie 6000<\/td>\n<\/tr>\n<tr>\n<td> Temperamento:<\/td>\n<td> T3-T8<\/td>\n<td> Lugar de origen:<\/td>\n<td> Foshan, Guangdong<\/td>\n<\/tr>\n<tr>\n<td> Forma:<\/td>\n<td> Personalizado<\/td>\n<td> De aleaci\u00f3n o no:<\/td>\n<td> Aleaci\u00f3n<\/td>\n<\/tr>\n<tr>\n<td> Material:<\/td>\n<td> 6063<\/td>\n<td> Marca:<\/td>\n<td> Sinoextrud<\/td>\n<\/tr>\n<tr>\n<td> Color:<\/td>\n<td> Color personalizado<\/td>\n<td> Tratamiento superficial:<\/td>\n<td> Anodizado, pintura en polvo, cepillado, chorro de arena, grano de madera<\/td>\n<\/tr>\n<tr>\n<td> Plazo de entrega:<\/td>\n<td> 25-30 d\u00edas<\/td>\n<td> MOQ:<\/td>\n<td> 200KG<\/td>\n<\/tr>\n<tr>\n<td> Plazo de pago:<\/td>\n<td> 30% dep\u00f3sito, 70% saldo antes de la entrega<\/td>\n<td> Servicio de tramitaci\u00f3n:<\/td>\n<td> Plegado, desenrollado, soldadura, punzonado, corte<\/td>\n<\/tr>\n<tr>\n<td> Puerto:<\/td>\n<td> Guangzhou, Shenzhen,Foshan<\/td>\n<td> Garant\u00eda:<\/td>\n<td> certificado del cliente, como BV, Soncap, ISO<\/td>\n<\/tr>\n<\/tbody>\n<\/table>\n<h2>Nuestra base de fabricaci\u00f3n<\/h2>\n<h3>Panorama de la f\u00e1brica<\/h3>\n<p><img decoding=\"async\" src=\"\/wp-content\/uploads\/factory-01.webp\"\/><\/p>\n<h3>Taller de fabricaci\u00f3n de barras de aluminio<\/h3>\n<p><img decoding=\"async\" src=\"\/wp-content\/uploads\/factory-02.webp\"\/><\/p>\n<p><img decoding=\"async\" src=\"\/wp-content\/uploads\/factory-03.webp\"\/><\/p>\n<h3>Almac\u00e9n de moldes<\/h3>\n<p><img decoding=\"async\" src=\"\/wp-content\/uploads\/factory-04.webp\"\/><\/p>\n<h3>43 L\u00c3neas de extrusi\u00c3\u00b3n de aluminio (500\u00e2\u20ac\"5500 toneladas)<\/h3>\n<p><img decoding=\"async\" src=\"\/wp-content\/uploads\/factory-05.webp\"\/><\/p>\n<p><img decoding=\"async\" src=\"\/wp-content\/uploads\/factory-06.webp\"\/><\/p>\n<p><img decoding=\"async\" src=\"\/wp-content\/uploads\/factory-07.webp\"\/><\/p>\n<h3>Taller de pintura en polvo<\/h3>\n<p><img decoding=\"async\" src=\"\/wp-content\/uploads\/factory-09.webp\"\/><\/p>\n<h3>Taller de anodizado<\/h3>\n<p><img decoding=\"async\" src=\"\/wp-content\/uploads\/factory-10.webp\"\/><\/p>\n<h3>Taller de procesamiento profundo<\/h3>\n<p><img decoding=\"async\" src=\"\/wp-content\/uploads\/factory-11.webp\"\/><\/p>\n<h3>Taller de mecanizado de precisi\u00f3n CNC<\/h3>\n<p><img decoding=\"async\" src=\"\/wp-content\/uploads\/factory-11.5.webp\"\/><\/p>\n<h3>Almac\u00e9n de productos acabados y de exportaci\u00f3n<\/h3>\n<p><img decoding=\"async\" src=\"\/wp-content\/uploads\/factory-12.webp\"\/><\/p>\n<p><img decoding=\"async\" src=\"\/wp-content\/uploads\/factory-13.webp\"\/><\/p>\n<p><img decoding=\"async\" src=\"\/wp-content\/uploads\/factory-14.webp\"\/><\/p>\n<h2>PREGUNTAS FRECUENTES<\/h2>\n<p><p><b>1. \u00bfPara qu\u00e9 se utilizan las barras portaequipajes de aluminio?<\/b><\/p>\n<p>Los perfiles extruidos de aluminio para barras de techo se utilizan para crear sistemas de barras de techo resistentes, ligeros y duraderos para veh\u00edculos, que proporcionan una forma segura de transportar equipos y carga.<br \/>\n<\/p><br \/>\n<br \/>\n<p><b>2.\u00bfPor qu\u00e9 el aluminio es ideal para extrusiones de bacas?<\/b><\/p>\n<p>El aluminio es ligero, fuerte y resistente a la corrosi\u00f3n, por lo que es perfecto para bacas que deban soportar cargas pesadas y, al mismo tiempo, soportar la exposici\u00f3n a los elementos.<br \/>\n<\/p><br \/>\n<br \/>\n<p><b>3.\u00bfSe pueden personalizar las extrusiones de aluminio para bacas?<\/b><\/p>\n<p>S\u00ed, estas extrusiones pueden personalizarse en t\u00e9rminos de tama\u00f1o, forma y dise\u00f1o para adaptarse a veh\u00edculos espec\u00edficos y cumplir requisitos de carga particulares.<br \/>\n<\/p><br \/>\n<br \/>\n<p><b>4.\u00bfDe qu\u00e9 manera beneficia la resistencia a la corrosi\u00f3n a las extrusiones de aluminio para bacas?<\/b><\/p>\n<p>La resistencia a la corrosi\u00f3n garantiza que las extrusiones de la baca sigan siendo funcionales y est\u00e9ticamente agradables incluso tras una exposici\u00f3n prolongada a la lluvia, la nieve y la luz solar.<br \/>\n<\/p><br \/>\n<br \/>\n<p><b>5.\u00bfSon f\u00e1ciles de instalar estas extrusiones?<\/b><\/p>\n<p>S\u00ed, las barras portaequipajes de aluminio est\u00e1n dise\u00f1adas para una f\u00e1cil instalaci\u00f3n, con componentes que pueden montarse r\u00e1pidamente, reduciendo los costes de mano de obra y el tiempo de instalaci\u00f3n.<br \/>\n<\/p><br \/>\n<br \/>\n<p><b>6.\u00bfC\u00f3mo mejoran las barras portaequipajes de aluminio la capacidad de carga del veh\u00edculo?<\/b><\/p>\n<p>Estas extrusiones proporcionan una base fuerte y segura para transportar carga adicional, lo que permite a los veh\u00edculos transportar una gama m\u00e1s amplia de equipos y mercanc\u00edas.<br \/>\n<\/p><br \/>\n<br \/>\n<p><b>7. \u00bfQu\u00e9 sectores se benefician de las extrusiones de aluminio para bacas?<\/b><\/p>\n<p>Industrias como la automoci\u00f3n, el transporte, el camping y los deportes al aire libre se benefician de la resistencia, la versatilidad y las opciones de personalizaci\u00f3n que ofrecen las extrusiones de aluminio para bacas.<br \/>\n<\/p><br \/><\/p>","protected":false},"featured_media":8301,"template":"","categories":[54],"class_list":["post-8302","product","type-product","status-publish","has-post-thumbnail","hentry","category-industrial-aluminum-profiles"],"meta_box":{"hilight_text_group":{"product_hilight_text":"<li>Lightweight yet durable design, perfect for roof rack systems in automotive and transport industries.<\/li>\r\r\n<li>Corrosion-resistant aluminum ensures long-lasting performance in outdoor and weather-exposed conditions.<\/li>\r\r\n<li>Customizable profiles to meet specific size and weight requirements for different vehicles.<\/li>\r\r\n<li>Easy to install, saving time and reducing labor costs during assembly.<\/li>\r\r\n<li>Provides a flexible and strong foundation for carrying various loads safely and securely.<\/li>","product_chanpin_blog":"<ul>\r\r\n<li><a href=\"https:\/\/sinoextrud.com\/t-slot-v-slot-differences\/\" target=\"_blank\">t slot vs v slot<\/a><\/li>\r\r\n<li><a href=\"https:\/\/sinoextrud.com\/what-is-4040-aluminium-extrud\/\" target=\"_blank\">4040 aluminium extrusion<\/a><\/li>\r\r\n<li><a href=\"https:\/\/sinoextrud.com\/what-is-4040-aluminium-extrud\/\" target=\"_blank\">aluminum extrusions for industrial racks<\/a><\/li>\r\r\n<li><a href=\"https:\/\/sinoextrud.com\/powder-coating-aluminium-process\/\" target=\"_blank\">powder coating aluminium<\/a><\/li>\r\r\n<li><a href=\"https:\/\/sinoextrud.com\/what-is-an-aluminium-strip-ceiling\/\" target=\"_blank\">aluminium strip ceiling<\/a><\/li>\r\r\n<li><a href=\"https:\/\/sinoextrud.com\/what-is-a-heat-sink\/\" target=\"_blank\">what is a heat sink<\/a><\/li>\r\r\n<\/ul>","product_chanpin_chanpin":"<li><a href=\"https:\/\/sinoextrud.com\/product\/aluminium-extrusion-moulding\/\" target=\"_blank\">Aluminium Extrusion Moulding<\/a><\/li>\r\n<li><a href=\"https:\/\/sinoextrud.com\/product\/aluminium-profile-case\/\" target=\"_blank\">Aluminium Profile Case<\/a><\/li>\r\n<li><a href=\"https:\/\/sinoextrud.com\/product\/aluminium-profile-for-clean-room\/\" target=\"_blank\">Aluminium Profile For Clean Room<\/a><\/li>\r\n<li><a href=\"https:\/\/sinoextrud.com\/product\/aluminium-profile-workbench\/\" target=\"_blank\">Aluminium Profile Workbench<\/a><\/li>\r\n<li><a href=\"https:\/\/sinoextrud.com\/product\/aluminium-roof-rack-extrusions\/\" target=\"_blank\">Aluminium Roof Rack Extrusions<\/a><\/li>\r\n<li><a href=\"https:\/\/sinoextrud.com\/product\/aluminium-seamless-pipe\/\" target=\"_blank\">Aluminium Seamless Pipe<\/a><\/li>\r\n<li><a href=\"https:\/\/sinoextrud.com\/product\/aluminum-alloy-section\/\" target=\"_blank\">Aluminum Alloy Section<\/a><\/li>\r\n<li><a href=\"https:\/\/sinoextrud.com\/product\/aluminum-balustrade-handrail\/\" target=\"_blank\">Aluminum Balustrade Handrail<\/a><\/li>\r\n<li><a href=\"https:\/\/sinoextrud.com\/product\/aluminum-extruded-products\/\" target=\"_blank\">Aluminum Extruded Products<\/a><\/li>\r\n<li><a href=\"https:\/\/sinoextrud.com\/product\/aluminum-profile-manufacturer\/\" target=\"_blank\">Aluminum Profile Manufacturer<\/a><\/li>\r\n<li><a href=\"https:\/\/sinoextrud.com\/product\/wall-surface-edging-protection-skirtboard-baseboard-kicking-line-aluminium-profile\/\" target=\"_blank\">Wall surface edging protection Skirtboard Baseboard Kicking line aluminium profile<\/a><\/li>"},"feature_list":[]},"_links":{"self":[{"href":"https:\/\/sinoextrud.com\/es\/wp-json\/wp\/v2\/product\/8302","targetHints":{"allow":["GET"]}}],"collection":[{"href":"https:\/\/sinoextrud.com\/es\/wp-json\/wp\/v2\/product"}],"about":[{"href":"https:\/\/sinoextrud.com\/es\/wp-json\/wp\/v2\/types\/product"}],"wp:featuredmedia":[{"embeddable":true,"href":"https:\/\/sinoextrud.com\/es\/wp-json\/wp\/v2\/media\/8301"}],"wp:attachment":[{"href":"https:\/\/sinoextrud.com\/es\/wp-json\/wp\/v2\/media?parent=8302"}],"wp:term":[{"taxonomy":"category","embeddable":true,"href":"https:\/\/sinoextrud.com\/es\/wp-json\/wp\/v2\/categories?post=8302"}],"curies":[{"name":"wp","href":"https:\/\/api.w.org\/{rel}","templated":true}]}}