{"id":8285,"date":"2025-06-14T06:51:04","date_gmt":"2025-06-14T06:51:04","guid":{"rendered":"https:\/\/sinoextrud.com\/product\/aluminium-profile-case\/"},"modified":"2025-06-24T06:23:30","modified_gmt":"2025-06-24T06:23:30","slug":"caja-de-perfil-de-aluminio","status":"publish","type":"product","link":"https:\/\/sinoextrud.com\/es\/product\/aluminium-profile-case\/","title":{"rendered":"Caja de perfil de aluminio"},"content":{"rendered":"<h2>Productos<\/h2>\n<table class=\"custom-table\">\n<tbody>\n<tr>\n<td> T\u00edtulo<\/td>\n<td> Caja de perfil de aluminio<\/td>\n<\/tr>\n<tr>\n<td> Categor\u00eda<\/td>\n<td> Extrusi\u00f3n de aluminio<\/td>\n<\/tr>\n<tr>\n<td> Material<\/td>\n<td> Aleaci\u00f3n de aluminio (6063, 6061,6463,6005,6082)<\/td>\n<\/tr>\n<tr>\n<td> Temple<\/td>\n<td> T5<\/td>\n<\/tr>\n<tr>\n<td> Talla<\/td>\n<td> La longitud es de 1-9m o a petici\u00f3n del cliente<\/td>\n<\/tr>\n<tr>\n<td> Forma<\/td>\n<td> Rectangular, redondo, extruido seg\u00fan plano del cliente<\/td>\n<\/tr>\n<tr>\n<td> Tratamiento de superficies<\/td>\n<td> Anodizado, Chorro de arena, Pulido, Electroforesis, Recubrimiento el\u00e9ctrico<\/td>\n<\/tr>\n<tr>\n<td> Color<\/td>\n<td> Se puede personalizar<\/td>\n<\/tr>\n<tr>\n<td> Certificado<\/td>\n<td> TUV, ASTM, GB<\/td>\n<\/tr>\n<tr>\n<td> En<\/td>\n<td> Guangdong, China<\/td>\n<\/tr>\n<\/tbody>\n<\/table>\n<h2>Nuestra base de fabricaci\u00f3n<\/h2>\n<h3>Panorama de la f\u00e1brica<\/h3>\n<p><img decoding=\"async\" src=\"\/wp-content\/uploads\/factory-01.webp\"\/><\/p>\n<h3>Taller de fabricaci\u00f3n de barras de aluminio<\/h3>\n<p><img decoding=\"async\" src=\"\/wp-content\/uploads\/factory-02.webp\"\/><\/p>\n<\/p>\n<p><img decoding=\"async\" src=\"\/wp-content\/uploads\/factory-03.webp\"\/><\/p>\n<h3>Almac\u00e9n de moldes<\/h3>\n<p><img decoding=\"async\" src=\"\/wp-content\/uploads\/factory-04.webp\"\/><\/p>\n<h3>43 l\u00edneas de extrusi\u00f3n de aluminio (500-5500 toneladas)<\/h3>\n<p><img decoding=\"async\" src=\"\/wp-content\/uploads\/factory-05.webp\"\/><\/p>\n<p><img decoding=\"async\" src=\"\/wp-content\/uploads\/factory-06.webp\"\/><\/p>\n<p><img decoding=\"async\" src=\"\/wp-content\/uploads\/factory-07.webp\"\/><\/p>\n<h3>Taller de pintura en polvo<\/h3>\n<p><img decoding=\"async\" src=\"\/wp-content\/uploads\/factory-09.webp\"\/><\/p>\n<h3>Taller de anodizado<\/h3>\n<p><img decoding=\"async\" src=\"\/wp-content\/uploads\/factory-10.webp\"\/><\/p>\n<h3>Taller de procesamiento profundo<\/h3>\n<p><img decoding=\"async\" src=\"\/wp-content\/uploads\/factory-11.webp\"\/><\/p>\n<h3>Taller de mecanizado de precisi\u00f3n CNC<\/h3>\n<p><img decoding=\"async\" src=\"\/wp-content\/uploads\/factory-11.5.webp\"\/><\/p>\n<h3>Almac\u00e9n de productos acabados y de exportaci\u00f3n<\/h3>\n<p><img decoding=\"async\" src=\"\/wp-content\/uploads\/factory-12.webp\"\/><\/p>\n<p><img decoding=\"async\" src=\"\/wp-content\/uploads\/factory-13.webp\"\/><\/p>\n<p><img decoding=\"async\" src=\"\/wp-content\/uploads\/factory-14.webp\"\/><\/p>\n<h2>PREGUNTAS FRECUENTES<\/h2>\n<p><b>1.\u00bfQu\u00e9 es una maleta de perfil de aluminio? <\/b><\/p>\n<p> Una caja de perfil de aluminio es una carcasa protectora fabricada con extrusiones de aluminio, dise\u00f1ada para alojar y proteger componentes o equipos electr\u00f3nicos sensibles.\n<\/p>\n<p><\/p>\n<p><b>2.\u00bfPor qu\u00e9 elegir aluminio para las cajas perfiladas? <\/b><\/p>\n<p> El aluminio ofrece una excelente relaci\u00f3n resistencia-peso, resistencia a la corrosi\u00f3n y conductividad t\u00e9rmica, lo que lo convierte en un material ideal para las carcasas de protecci\u00f3n.\n<\/p>\n<p><\/p>\n<p><b>3.\u00bfSe pueden personalizar las cajas de perfil de aluminio? <\/b><\/p>\n<p> S\u00ed, ofrecemos tama\u00f1os, configuraciones y acabados de superficie personalizados para satisfacer requisitos espec\u00edficos de aplicaci\u00f3n y dise\u00f1o.\n<\/p>\n<p><\/p>\n<p><b>4.\u00bfSon adecuadas estas maletas perfiladas para su uso en exteriores? <\/b><\/p>\n<p> Por supuesto, el acabado resistente a la corrosi\u00f3n garantiza el buen comportamiento de las cajas de perfil de aluminio en entornos exteriores e industriales.\n<\/p>\n<p><\/p>\n<p><b>5.\u00bfC\u00f3mo ayuda el aluminio a disipar el calor en estos casos? <\/b><\/p>\n<p> El aluminio aleja de forma natural el calor de los componentes electr\u00f3nicos sensibles, lo que ayuda a mantener temperaturas de funcionamiento seguras y a mejorar el rendimiento.\n<\/p>\n<p><\/p>\n<p><b>6.\u00bfQu\u00e9 industrias utilizan cajas de perfiles de aluminio? <\/b><\/p>\n<p> Las carcasas de perfil de aluminio se utilizan ampliamente en electr\u00f3nica, telecomunicaciones, automatizaci\u00f3n, dispositivos m\u00e9dicos y otras industrias en las que la protecci\u00f3n y la disipaci\u00f3n del calor son importantes.\n<\/p>\n<p><\/p>\n<p><b>7.\u00bfSon f\u00e1ciles de montar las cajas de perfil de aluminio? <\/b><\/p>\n<p> S\u00ed, estas maletas est\u00e1n dise\u00f1adas para un montaje sencillo con opciones de montaje est\u00e1ndar, lo que reduce el tiempo y los costes de instalaci\u00f3n.\n<\/p>\n<p><\/p>","protected":false},"featured_media":8284,"template":"","categories":[54],"class_list":["post-8285","product","type-product","status-publish","has-post-thumbnail","hentry","category-industrial-aluminum-profiles"],"meta_box":{"hilight_text_group":{"product_hilight_text":"<li>Durable aluminium profile casing offers superior strength and protection for electronic components.<\/li>\r\r\n<li>Corrosion-resistant finish ensures long-term use in harsh environments.<\/li>\r\r\n<li>Lightweight design reduces shipping and handling costs while maintaining structural integrity.<\/li>\r\r\n<li>Customizable sizes and configurations for diverse industrial applications.<\/li>\r\r\n<li>Easy to assemble with standard mounting options for quick integration into systems.<\/li>\r\r\n<li>Provides effective heat dissipation, preventing overheating of sensitive electronics.<\/li>\r\r\n<li>Compatible with various accessories like covers, brackets, and connectors for complete solutions.<\/li>","product_chanpin_blog":"<ul>\r\r\n<li><a href=\"https:\/\/sinoextrud.com\/t-slot-v-slot-differences\/\" target=\"_blank\">t slot vs v slot<\/a><\/li>\r\r\n<li><a href=\"https:\/\/sinoextrud.com\/what-is-4040-aluminium-extrud\/\" target=\"_blank\">4040 aluminium extrusion<\/a><\/li>\r\r\n<li><a href=\"https:\/\/sinoextrud.com\/what-is-4040-aluminium-extrud\/\" target=\"_blank\">aluminum extrusions for industrial racks<\/a><\/li>\r\r\n<li><a href=\"https:\/\/sinoextrud.com\/powder-coating-aluminium-process\/\" target=\"_blank\">powder coating aluminium<\/a><\/li>\r\r\n<li><a href=\"https:\/\/sinoextrud.com\/what-is-an-aluminium-strip-ceiling\/\" target=\"_blank\">aluminium strip ceiling<\/a><\/li>\r\r\n<li><a href=\"https:\/\/sinoextrud.com\/what-is-a-heat-sink\/\" target=\"_blank\">what is a heat sink<\/a><\/li>\r\r\n<\/ul>","product_chanpin_chanpin":"<li><a href=\"https:\/\/sinoextrud.com\/product\/6061-t5-l-shape-aluminum-profile-bar-customized-40x40-extruded-aluminum-angle-profile\/\" target=\"_blank\">6061-t5 L Shape Aluminum Profile Bar Customized 40\u00d740 Extruded Aluminum Angle Profile<\/a><\/li>\r\n<li><a href=\"https:\/\/sinoextrud.com\/product\/aerospace-aluminum-extrusions\/\" target=\"_blank\">Aerospace Aluminum Extrusions<\/a><\/li>\r\n<li><a href=\"https:\/\/sinoextrud.com\/product\/aluminium-extrusion-case\/\" target=\"_blank\">Aluminium Extrusion Case<\/a><\/li>\r\n<li><a href=\"https:\/\/sinoextrud.com\/product\/aluminium-extrusion-moulding\/\" target=\"_blank\">Aluminium Extrusion Moulding<\/a><\/li>\r\n<li><a href=\"https:\/\/sinoextrud.com\/product\/aluminium-profile-case\/\" target=\"_blank\">Aluminium Profile Case<\/a><\/li>\r\n<li><a href=\"https:\/\/sinoextrud.com\/product\/aluminium-profile-for-clean-room\/\" target=\"_blank\">Aluminium Profile For Clean Room<\/a><\/li>\r\n<li><a href=\"https:\/\/sinoextrud.com\/product\/aluminium-profile-workbench\/\" target=\"_blank\">Aluminium Profile Workbench<\/a><\/li>\r\n<li><a href=\"https:\/\/sinoextrud.com\/product\/aluminium-roof-rack-extrusions\/\" target=\"_blank\">Aluminium Roof Rack Extrusions<\/a><\/li>\r\n<li><a href=\"https:\/\/sinoextrud.com\/product\/aluminium-seamless-pipe\/\" target=\"_blank\">Aluminium Seamless Pipe<\/a><\/li>\r\n<li><a href=\"https:\/\/sinoextrud.com\/product\/oem-building-interlocking-aluminum-extrusions\/\" target=\"_blank\">OEM Building Interlocking Aluminum Extrusions<\/a><\/li>\r\n<li><a href=\"https:\/\/sinoextrud.com\/product\/40x40-aluminium-extrusion\/\" target=\"_blank\">40\u00d740 Aluminium Extrusion<\/a><\/li>"},"feature_list":[]},"_links":{"self":[{"href":"https:\/\/sinoextrud.com\/es\/wp-json\/wp\/v2\/product\/8285","targetHints":{"allow":["GET"]}}],"collection":[{"href":"https:\/\/sinoextrud.com\/es\/wp-json\/wp\/v2\/product"}],"about":[{"href":"https:\/\/sinoextrud.com\/es\/wp-json\/wp\/v2\/types\/product"}],"wp:featuredmedia":[{"embeddable":true,"href":"https:\/\/sinoextrud.com\/es\/wp-json\/wp\/v2\/media\/8284"}],"wp:attachment":[{"href":"https:\/\/sinoextrud.com\/es\/wp-json\/wp\/v2\/media?parent=8285"}],"wp:term":[{"taxonomy":"category","embeddable":true,"href":"https:\/\/sinoextrud.com\/es\/wp-json\/wp\/v2\/categories?post=8285"}],"curies":[{"name":"wp","href":"https:\/\/api.w.org\/{rel}","templated":true}]}}