{"id":8277,"date":"2025-06-14T06:45:00","date_gmt":"2025-06-14T06:45:00","guid":{"rendered":"https:\/\/sinoextrud.com\/product\/6061-t5-l-shape-aluminum-profile-bar-customized-40x40-extruded-aluminum-angle-profile\/"},"modified":"2025-06-24T06:23:29","modified_gmt":"2025-06-24T06:23:29","slug":"6061-t5-perfil-de-aluminio-en-forma-de-l-barra-personalizada-40x40-perfil-de-aluminio-extruido-angulo","status":"publish","type":"product","link":"https:\/\/sinoextrud.com\/es\/product\/6061-t5-l-shape-aluminum-profile-bar-customized-40x40-extruded-aluminum-angle-profile\/","title":{"rendered":"Barra de perfil de aluminio en forma de L 6061-t5 Perfil angular de aluminio extruido personalizado 40\u00d740"},"content":{"rendered":"<h2>Productos<\/h2>\n<table class=\"custom-table\">\n<tbody>\n<tr>\n<td> Producto<\/td>\n<td> Barra de perfil de aluminio en forma de L 6061-t5 Perfil angular de aluminio extruido personalizado 40\u00d740<\/td>\n<\/tr>\n<tr>\n<td> Material<\/td>\n<td> Aluminio serie 5000 6000<\/td>\n<\/tr>\n<tr>\n<td> Temple<\/td>\n<td> T4~T6<\/td>\n<\/tr>\n<tr>\n<td> Forma<\/td>\n<td> Cuadrado, redondo, rectangular o personalizado<\/td>\n<\/tr>\n<tr>\n<td> Sutratamiento anodizado<\/td>\n<td> Anodizado,Grano de madera,Electroforesis,Recubrimiento en polvo,Pulido<\/td>\n<\/tr>\n<tr>\n<td> Colores<\/td>\n<td> Ref hoja de color de recubrimiento en polvo y color personalizado disponible<\/td>\n<\/tr>\n<tr>\n<td> Aplicaci\u00f3n<\/td>\n<td> Boat Marine Yachat<\/td>\n<\/tr>\n<tr>\n<td> Certificado<\/td>\n<td> CQM, SGS, CE, BV, SONCAP \/ GB, ISO, JIS, AS, NZS, QUALICOAT, QUOLANOD disponibles<\/td>\n<\/tr>\n<\/tbody>\n<\/table>\n<h2>Nuestra base de fabricaci\u00f3n<\/h2>\n<h3>Panorama de la f\u00e1brica<\/h3>\n<p><img decoding=\"async\" src=\"\/wp-content\/uploads\/factory-01.webp\"\/><\/p>\n<h3>Taller de fabricaci\u00f3n de barras de aluminio<\/h3>\n<p><img decoding=\"async\" src=\"\/wp-content\/uploads\/factory-02.webp\"\/><\/p>\n<p><img decoding=\"async\" src=\"\/wp-content\/uploads\/factory-03.webp\"\/><\/p>\n<h3>Almac\u00e9n de moldes<\/h3>\n<p><img decoding=\"async\" src=\"\/wp-content\/uploads\/factory-04.webp\"\/><\/p>\n<h3>43 l\u00edneas de extrusi\u00f3n de aluminio (500-5500 toneladas)<\/h3>\n<p><img decoding=\"async\" src=\"\/wp-content\/uploads\/factory-05.webp\"\/><\/p>\n<p><img decoding=\"async\" src=\"\/wp-content\/uploads\/factory-06.webp\"\/><\/p>\n<p><img decoding=\"async\" src=\"\/wp-content\/uploads\/factory-07.webp\"\/><\/p>\n<h3>Taller de pintura en polvo<\/h3>\n<p><img decoding=\"async\" src=\"\/wp-content\/uploads\/factory-09.webp\"\/><\/p>\n<h3>Taller de anodizado<\/h3>\n<p><img decoding=\"async\" src=\"\/wp-content\/uploads\/factory-10.webp\"\/><\/p>\n<h3>Taller de procesamiento profundo<\/h3>\n<p><img decoding=\"async\" src=\"\/wp-content\/uploads\/factory-11.webp\"\/><\/p>\n<h3>Taller de mecanizado de precisi\u00f3n CNC<\/h3>\n<p><img decoding=\"async\" src=\"\/wp-content\/uploads\/factory-11.5.webp\"\/><\/p>\n<h3>Almac\u00e9n de productos acabados y de exportaci\u00f3n<\/h3>\n<p><img decoding=\"async\" src=\"\/wp-content\/uploads\/factory-12.webp\"\/><\/p>\n<p><img decoding=\"async\" src=\"\/wp-content\/uploads\/factory-13.webp\"\/><\/p>\n<p><img decoding=\"async\" src=\"\/wp-content\/uploads\/factory-14.webp\"\/><\/p>\n<h2>PREGUNTAS FRECUENTES<\/h2>\n<p><p><b>1. \u00bfQu\u00e9 hace fuerte a la barra perfilada de aluminio en forma de L 6061-T5? <\/b><\/p>\n<p>La aleaci\u00f3n de aluminio 6061-T5 proporciona una excelente resistencia, por lo que es perfecta para aplicaciones estructurales en las que la durabilidad es fundamental.<br \/>\n<\/p><br \/>\n<br \/>\n<p><b>2.\u00bfSe puede personalizar el perfil angular de aluminio extruido 40\u00d740? <\/b><\/p>\n<p>S\u00ed, los perfiles de aluminio pueden personalizarse en longitud, forma y dise\u00f1o para satisfacer las necesidades espec\u00edficas de cada proyecto, ofreciendo flexibilidad y precisi\u00f3n.<br \/>\n<\/p><br \/>\n<br \/>\n<p><b>3.\u00bfC\u00f3mo mejora el acabado anodizado la durabilidad del perfil de aluminio? <\/b><\/p>\n<p>El acabado anodizado mejora la resistencia del aluminio a la corrosi\u00f3n y el desgaste, lo que garantiza su buen rendimiento en entornos industriales y al aire libre.<br \/>\n<\/p><br \/>\n<br \/>\n<p><b>4. \u00bfQu\u00e9 industrias se benefician del uso de perfiles de aluminio en forma de L 6061-T5? <\/b><\/p>\n<p>Los perfiles de aluminio 6061-T5 son ideales para sectores como la construcci\u00f3n, la automoci\u00f3n, la fabricaci\u00f3n y la automatizaci\u00f3n debido a su resistencia, durabilidad y versatilidad.<br \/>\n<\/p><br \/>\n<br \/>\n<p><b>5.\u00bfDe qu\u00e9 manera beneficia la ligereza del perfil de aluminio a las aplicaciones industriales? <\/b><\/p>\n<p>Su dise\u00f1o ligero facilita la manipulaci\u00f3n y la instalaci\u00f3n, reduciendo los costes de mano de obra al tiempo que proporciona un fuerte soporte estructural.<br \/>\n<\/p><br \/>\n<br \/>\n<p><b>6.\u00bfCu\u00e1l es la ventaja de utilizar perfiles de aluminio extruido en proyectos de construcci\u00f3n? <\/b><\/p>\n<p>Los perfiles de aluminio extruido, como el perfil angular 40\u00d740, ofrecen gran precisi\u00f3n, resistencia y capacidad de personalizaci\u00f3n, lo que los hace perfectos para una amplia gama de aplicaciones estructurales y de construcci\u00f3n.<br \/>\n<\/p><br \/>\n<br \/>\n<p><b>7. \u00bfEs el perfil de aluminio en forma de L 6061-T5 amigable con el medio ambiente? <\/b><\/p>\n<p>S\u00ed, el aluminio es un material totalmente reciclable, lo que convierte a estos perfiles en una opci\u00f3n ecol\u00f3gica que apoya las pr\u00e1cticas sostenibles en la fabricaci\u00f3n.<br \/>\n<\/p><br \/><\/p>","protected":false},"featured_media":8276,"template":"","categories":[54],"class_list":["post-8277","product","type-product","status-publish","has-post-thumbnail","hentry","category-industrial-aluminum-profiles"],"meta_box":{"hilight_text_group":{"product_hilight_text":"<ul>\r\r\n  <li>High-strength 6061-T5 aluminum ensures durability, making it ideal for structural and industrial applications.<\/li>\r\r\n  <li>Customized 40x40 extruded aluminum angle profile offers flexibility for a wide range of projects.<\/li>\r\r\n  <li>Corrosion-resistant anodized finish for long-lasting performance, even in harsh environments.<\/li>\r\r\n  <li>Precise extrusion process provides high-quality profiles with tight tolerances for improved accuracy and strength.<\/li>\r\r\n  <li>Lightweight yet strong, offering excellent structural support without adding unnecessary weight.<\/li>\r\r\n  <li>Customizable lengths and designs to meet specific project requirements and improve efficiency in manufacturing.<\/li>\r\r\n  <li>Eco-friendly and fully recyclable aluminum, supporting sustainability efforts in industrial manufacturing.<\/li>\r\r\n<\/ul>","product_chanpin_blog":"<ul>\r\r\n<li><a href=\"https:\/\/sinoextrud.com\/t-slot-v-slot-differences\/\" target=\"_blank\">t slot vs v slot<\/a><\/li>\r\r\n<li><a href=\"https:\/\/sinoextrud.com\/what-is-4040-aluminium-extrud\/\" target=\"_blank\">4040 aluminium extrusion<\/a><\/li>\r\r\n<li><a href=\"https:\/\/sinoextrud.com\/what-is-4040-aluminium-extrud\/\" target=\"_blank\">aluminum extrusions for industrial racks<\/a><\/li>\r\r\n<li><a href=\"https:\/\/sinoextrud.com\/powder-coating-aluminium-process\/\" target=\"_blank\">powder coating aluminium<\/a><\/li>\r\r\n<li><a href=\"https:\/\/sinoextrud.com\/what-is-an-aluminium-strip-ceiling\/\" target=\"_blank\">aluminium strip ceiling<\/a><\/li>\r\r\n<li><a href=\"https:\/\/sinoextrud.com\/what-is-a-heat-sink\/\" target=\"_blank\">what is a heat sink<\/a><\/li>\r\r\n<\/ul>","product_chanpin_chanpin":"<li><a href=\"https:\/\/sinoextrud.com\/product\/standard-aluminum-extrusions\/\" target=\"_blank\">Standard Aluminum Extrusions<\/a><\/li>\r\n<li><a href=\"https:\/\/sinoextrud.com\/product\/solar-frames-aluminum-extrusions\/\" target=\"_blank\">Solar Frames Aluminum Extrusions<\/a><\/li>\r\n<li><a href=\"https:\/\/sinoextrud.com\/product\/6061-aluminum-extrusion-round-tube-for-industry\/\" target=\"_blank\">6061 Aluminum Extrusion Round Tube For Industry<\/a><\/li>\r\n<li><a href=\"https:\/\/sinoextrud.com\/product\/6061-aluminum-price-per-pound-best-quality-anodized-t-slot-aluminum-profile-extrusion-framing-track\/\" target=\"_blank\">6061 aluminum price per pound best quality anodized t-slot aluminum profile extrusion framing track<\/a><\/li>\r\n<li><a href=\"https:\/\/sinoextrud.com\/product\/6061-t5-l-shape-aluminum-profile-bar-customized-40x40-extruded-aluminum-angle-profile\/\" target=\"_blank\">6061-t5 L Shape Aluminum Profile Bar Customized 40\u00c3\u201440 Extruded Aluminum Angle Profile<\/a><\/li>\r\n<li><a href=\"https:\/\/sinoextrud.com\/product\/aerospace-aluminum-extrusions\/\" target=\"_blank\">Aerospace Aluminum Extrusions<\/a><\/li>\r\n<li><a href=\"https:\/\/sinoextrud.com\/product\/aluminium-extrusion-case\/\" target=\"_blank\">Aluminium Extrusion Case<\/a><\/li>\r\n<li><a href=\"https:\/\/sinoextrud.com\/product\/aluminium-extrusion-moulding\/\" target=\"_blank\">Aluminium Extrusion Moulding<\/a><\/li>\r\n<li><a href=\"https:\/\/sinoextrud.com\/product\/aluminium-profile-case\/\" target=\"_blank\">Aluminium Profile Case<\/a><\/li>\r\n<li><a href=\"https:\/\/sinoextrud.com\/product\/aluminium-flat-bar\/\" target=\"_blank\">Aluminium Flat Bar<\/a><\/li>\r\n<li><a href=\"https:\/\/sinoextrud.com\/product\/custom-finishing-aluminum-extrusion-profile-fabrication-and-cnc-machining\/\" target=\"_blank\">Custom Finishing Aluminum Extrusion Profile Fabrication and CNC Machining<\/a><\/li>"},"feature_list":[]},"_links":{"self":[{"href":"https:\/\/sinoextrud.com\/es\/wp-json\/wp\/v2\/product\/8277","targetHints":{"allow":["GET"]}}],"collection":[{"href":"https:\/\/sinoextrud.com\/es\/wp-json\/wp\/v2\/product"}],"about":[{"href":"https:\/\/sinoextrud.com\/es\/wp-json\/wp\/v2\/types\/product"}],"wp:featuredmedia":[{"embeddable":true,"href":"https:\/\/sinoextrud.com\/es\/wp-json\/wp\/v2\/media\/8276"}],"wp:attachment":[{"href":"https:\/\/sinoextrud.com\/es\/wp-json\/wp\/v2\/media?parent=8277"}],"wp:term":[{"taxonomy":"category","embeddable":true,"href":"https:\/\/sinoextrud.com\/es\/wp-json\/wp\/v2\/categories?post=8277"}],"curies":[{"name":"wp","href":"https:\/\/api.w.org\/{rel}","templated":true}]}}