{"id":8263,"date":"2025-06-14T06:34:05","date_gmt":"2025-06-14T06:34:05","guid":{"rendered":"https:\/\/sinoextrud.com\/product\/round-sunflower-led-light-aluminium-heat-sink\/"},"modified":"2025-06-24T06:23:26","modified_gmt":"2025-06-24T06:23:26","slug":"girasol-redondo-led-luz-aluminio-disipador-de-calor","status":"publish","type":"product","link":"https:\/\/sinoextrud.com\/es\/product\/round-sunflower-led-light-aluminium-heat-sink\/","title":{"rendered":"Disipador de calor redondo de aluminio para luz LED girasol"},"content":{"rendered":"<h2>Productos<\/h2>\n<table class=\"custom-table\">\n<tr>\n<td class=\"label\">Nombre del producto<\/td>\n<td>Disipador de calor redondo de aluminio para luz LED girasol<\/td>\n<\/tr>\n<tr>\n<td class=\"label\">Tama\u00f1o:<\/td>\n<td>seg\u00fan su petici\u00f3n<\/td>\n<\/tr>\n<tr>\n<td class=\"label\">Forma<\/td>\n<td>redondo<\/td>\n<\/tr>\n<tr>\n<td class=\"label\">M\u00e9todo de producci\u00f3n<\/td>\n<td>extrusi\u00f3n de aluminio<\/td>\n<\/tr>\n<tr>\n<td class=\"label\">Tratamiento<\/td>\n<td>Taladrado, roscado, pulido, fresado, corte por l\u00e1ser, mecanizado cnc, biselado, desbarbado<\/td>\n<\/tr>\n<tr>\n<td class=\"label\">Tolerancia<\/td>\n<td>0,01 mm<\/td>\n<\/tr>\n<tr>\n<td class=\"label\">Tratamiento de superficies<\/td>\n<td>anodizado, recubrimiento en polvo, galvanoplastia, electroforesis<\/td>\n<\/tr>\n<tr>\n<td class=\"label\">Color<\/td>\n<td>negro, rojo, plata, azul, seg\u00fan su petici\u00f3n<\/td>\n<\/tr>\n<tr>\n<td class=\"label\">Atenci\u00f3n<\/td>\n<td>Aqu\u00ed hay m\u00e1s de 2000 dise\u00f1os de disipador de calor de aluminio, di\u00e1metro de 15 mm a 350 mm, por favor no dude en pedir m\u00e1s informaci\u00f3n<\/td>\n<\/tr>\n<\/table>\n<h2>Nuestra base de fabricaci\u00f3n<\/h2>\n<h3>Panorama de la f\u00e1brica<\/h3>\n<p><img decoding=\"async\" src=\"\/wp-content\/uploads\/factory-01.webp\"\/><\/p>\n<h3>Taller de fabricaci\u00f3n de barras de aluminio<\/h3>\n<p><img decoding=\"async\" src=\"\/wp-content\/uploads\/factory-02.webp\"\/><\/p>\n<\/p>\n<p><img decoding=\"async\" src=\"\/wp-content\/uploads\/factory-03.webp\"\/><\/p>\n<h3>Almac\u00e9n de moldes<\/h3>\n<p><img decoding=\"async\" src=\"\/wp-content\/uploads\/factory-04.webp\"\/><\/p>\n<h3>43 L\u00c3neas de extrusi\u00c3\u00b3n de aluminio (500\u00e2\u20ac\"5500 toneladas)<\/h3>\n<p><img decoding=\"async\" src=\"\/wp-content\/uploads\/factory-05.webp\"\/><\/p>\n<p><img decoding=\"async\" src=\"\/wp-content\/uploads\/factory-06.webp\"\/><\/p>\n<p><img decoding=\"async\" src=\"\/wp-content\/uploads\/factory-07.webp\"\/><\/p>\n<h3>Taller de pintura en polvo<\/h3>\n<p><img decoding=\"async\" src=\"\/wp-content\/uploads\/factory-09.webp\"\/><\/p>\n<h3>Taller de anodizado<\/h3>\n<p><img decoding=\"async\" src=\"\/wp-content\/uploads\/factory-10.webp\"\/><\/p>\n<h3>Taller de procesamiento profundo<\/h3>\n<p><img decoding=\"async\" src=\"\/wp-content\/uploads\/factory-11.webp\"\/><\/p>\n<h3>Taller de mecanizado de precisi\u00f3n CNC<\/h3>\n<p><img decoding=\"async\" src=\"\/wp-content\/uploads\/factory-11.5.webp\"\/><\/p>\n<h3>Almac\u00e9n de productos acabados y de exportaci\u00f3n<\/h3>\n<p><img decoding=\"async\" src=\"\/wp-content\/uploads\/factory-12.webp\"\/><\/p>\n<p><img decoding=\"async\" src=\"\/wp-content\/uploads\/factory-13.webp\"\/><\/p>\n<p><img decoding=\"async\" src=\"\/wp-content\/uploads\/factory-14.webp\"\/><\/p>\n<h2>PREGUNTAS FRECUENTES<\/h2>\n<p><b>1.\u00bfCu\u00e1les son las principales ventajas del disipador de calor de aluminio para l\u00e1mparas LED redondas con forma de girasol?<\/b><\/p>\n<p>El disipador de calor de aluminio redondo Sunflower para luces LED ofrece una disipaci\u00f3n eficaz del calor, durabilidad y resistencia a la corrosi\u00f3n, lo que garantiza un rendimiento \u00f3ptimo y una mayor vida \u00fatil de las luces LED.\n<\/p>\n<p><\/p>\n<p><b>2.\u00bfC\u00f3mo mejora el dise\u00f1o del girasol la eficacia de la refrigeraci\u00f3n?<\/b><\/p>\n<p>La innovadora forma de girasol aumenta el flujo de aire, lo que mejora la eficacia de la refrigeraci\u00f3n y ayuda a mantener el rendimiento de las luces LED.\n<\/p>\n<p><\/p>\n<p><b>3.\u00bfEs ligero el disipador de calor de aluminio de la l\u00e1mpara LED redonda Girasol?<\/b><\/p>\n<p>S\u00ed, est\u00e1 fabricado en aluminio ligero, lo que facilita su manejo e instalaci\u00f3n sin comprometer su durabilidad.\n<\/p>\n<p><\/p>\n<p><b>4. \u00bfQu\u00e9 material se utiliza en el disipador de calor de aluminio de la l\u00e1mpara LED redonda de girasol?<\/b><\/p>\n<p>Est\u00e1 fabricado en aluminio de alta calidad, que ofrece solidez, resistencia a la corrosi\u00f3n y excelentes propiedades de disipaci\u00f3n del calor.\n<\/p>\n<p><\/p>\n<p><b>5.\u00bfSe puede utilizar el disipador de calor de aluminio de la l\u00e1mpara LED redonda girasol para la iluminaci\u00f3n LED de exteriores?<\/b><\/p>\n<p>S\u00ed, su superficie resistente a la corrosi\u00f3n lo hace adecuado para aplicaciones de iluminaci\u00f3n LED tanto en interiores como en exteriores.\n<\/p>\n<p><\/p>\n<p><b>6.\u00bfC\u00f3mo contribuye el disipador de calor de aluminio de la l\u00e1mpara LED redonda Sunflower al rendimiento de la luz LED?<\/b><\/p>\n<p>Ayuda a regular la temperatura y a disipar el calor de forma eficaz, lo que permite que las luces LED mantengan un brillo y una longevidad \u00f3ptimos.\n<\/p>\n<p><\/p>\n<p><b>7. \u00bfQu\u00e9 hace que el disipador de calor de aluminio para l\u00e1mparas LED redondas Sunflower sea adecuado para diversas aplicaciones?<\/b><\/p>\n<p>Su tama\u00f1o compacto, durabilidad y disipaci\u00f3n eficaz del calor lo hacen vers\u00e1til para una amplia gama de aplicaciones de iluminaci\u00f3n LED, desde el uso industrial al residencial.\n<\/p>\n<p><\/p>","protected":false},"featured_media":8262,"template":"","categories":[54],"class_list":["post-8263","product","type-product","status-publish","has-post-thumbnail","hentry","category-industrial-aluminum-profiles"],"meta_box":{"hilight_text_group":{"product_hilight_text":"<li>Efficient heat dissipation design, ensuring optimal performance for LED lights.<\/li>\r\r\n<li>Durable and lightweight aluminum material for long-lasting use and easy handling.<\/li>\r\r\n<li>Innovative sunflower shape enhances airflow for better cooling efficiency.<\/li>\r\r\n<li>Corrosion-resistant surface, extending the lifespan of the LED lights and heat sink.<\/li>\r\r\n<li>Compact and versatile, suitable for various LED lighting applications.<\/li>","product_chanpin_blog":"<ul>\r\r\n<li><a href=\"https:\/\/sinoextrud.com\/t-slot-v-slot-differences\/\" target=\"_blank\">t slot vs v slot<\/a><\/li>\r\r\n<li><a href=\"https:\/\/sinoextrud.com\/what-is-4040-aluminium-extrud\/\" target=\"_blank\">4040 aluminium extrusion<\/a><\/li>\r\r\n<li><a href=\"https:\/\/sinoextrud.com\/what-is-4040-aluminium-extrud\/\" target=\"_blank\">aluminum extrusions for industrial racks<\/a><\/li>\r\r\n<li><a href=\"https:\/\/sinoextrud.com\/powder-coating-aluminium-process\/\" target=\"_blank\">powder coating aluminium<\/a><\/li>\r\r\n<li><a href=\"https:\/\/sinoextrud.com\/what-is-an-aluminium-strip-ceiling\/\" target=\"_blank\">aluminium strip ceiling<\/a><\/li>\r\r\n<li><a href=\"https:\/\/sinoextrud.com\/what-is-a-heat-sink\/\" target=\"_blank\">what is a heat sink<\/a><\/li>\r\r\n<\/ul>","product_chanpin_chanpin":"<li><a href=\"https:\/\/sinoextrud.com\/product\/industrial-large-aluminum-heat-sink\/\" target=\"_blank\">Industrial Large Aluminum Heat Sink<\/a><\/li>\r\n<li><a href=\"https:\/\/sinoextrud.com\/product\/industrial-t-slot-aluminum-profile\/\" target=\"_blank\">Industrial T Slot Aluminum Profile<\/a><\/li>\r\n<li><a href=\"https:\/\/sinoextrud.com\/product\/large-scale-industrial-aluminum-profile\/\" target=\"_blank\">Large Scale Industrial Aluminum Profile<\/a><\/li>\r\n<li><a href=\"https:\/\/sinoextrud.com\/product\/solar-aluminium-profile-2\/\" target=\"_blank\">Solar Aluminium Profile<\/a><\/li>\r\n<li><a href=\"https:\/\/sinoextrud.com\/product\/round-sunflower-led-light-aluminium-heat-sink\/\" target=\"_blank\">Round Sunflower LED Light Aluminium Heat Sink<\/a><\/li>\r\n<li><a href=\"https:\/\/sinoextrud.com\/product\/profile-square-aluminum-heat-sink\/\" target=\"_blank\">Profile Square Aluminum Heat Sink<\/a><\/li>\r\n<li><a href=\"https:\/\/sinoextrud.com\/product\/triangular-aluminum-extrusion\/\" target=\"_blank\">Triangular Aluminum Extrusion<\/a><\/li>\r\n<li><a href=\"https:\/\/sinoextrud.com\/product\/standard-aluminum-extrusions\/\" target=\"_blank\">Standard Aluminum Extrusions<\/a><\/li>\r\n<li><a href=\"https:\/\/sinoextrud.com\/product\/solar-frames-aluminum-extrusions\/\" target=\"_blank\">Solar Frames Aluminum Extrusions<\/a><\/li>\r\n<li><a href=\"https:\/\/sinoextrud.com\/product\/oval-aluminum-extrusion\/\" target=\"_blank\">Oval Aluminum Extrusion<\/a><\/li>\r\n<li><a href=\"https:\/\/sinoextrud.com\/product\/slotted-extruded-aluminum-u-shaped-bending-punching\/\" target=\"_blank\">Slotted Extruded Aluminum U Shaped Bending Punching<\/a><\/li>"},"feature_list":[]},"_links":{"self":[{"href":"https:\/\/sinoextrud.com\/es\/wp-json\/wp\/v2\/product\/8263","targetHints":{"allow":["GET"]}}],"collection":[{"href":"https:\/\/sinoextrud.com\/es\/wp-json\/wp\/v2\/product"}],"about":[{"href":"https:\/\/sinoextrud.com\/es\/wp-json\/wp\/v2\/types\/product"}],"wp:featuredmedia":[{"embeddable":true,"href":"https:\/\/sinoextrud.com\/es\/wp-json\/wp\/v2\/media\/8262"}],"wp:attachment":[{"href":"https:\/\/sinoextrud.com\/es\/wp-json\/wp\/v2\/media?parent=8263"}],"wp:term":[{"taxonomy":"category","embeddable":true,"href":"https:\/\/sinoextrud.com\/es\/wp-json\/wp\/v2\/categories?post=8263"}],"curies":[{"name":"wp","href":"https:\/\/api.w.org\/{rel}","templated":true}]}}