{"id":8253,"date":"2025-06-14T06:26:45","date_gmt":"2025-06-14T06:26:45","guid":{"rendered":"https:\/\/sinoextrud.com\/product\/industrial-large-aluminium-extrusions\/"},"modified":"2025-06-24T06:23:24","modified_gmt":"2025-06-24T06:23:24","slug":"grandes-extrusiones-industriales-de-aluminio","status":"publish","type":"product","link":"https:\/\/sinoextrud.com\/es\/product\/industrial-large-aluminium-extrusions\/","title":{"rendered":"Grandes extrusiones industriales de aluminio"},"content":{"rendered":"<h2>Productos<\/h2>\n<table class=\"custom-table\">\n<tbody>\n<tr>\n<td> Nombre<\/td>\n<td> Grandes extrusiones industriales de aluminio, Grandes extrusiones de aluminio<\/td>\n<\/tr>\n<tr>\n<td> Marca<\/td>\n<td> Sinoextrud\/Sinoextrud<\/td>\n<\/tr>\n<tr>\n<td> Categor\u00eda<\/td>\n<td> Perfiles de aluminio<\/td>\n<\/tr>\n<tr>\n<td> Tipo<\/td>\n<td> Tipo pesado<\/td>\n<\/tr>\n<tr>\n<td> Material<\/td>\n<td> 6061 es ampliamente utilizado. 6063, 6463, 6005, 6082, tambi\u00e9n est\u00e1 disponible.<\/td>\n<\/tr>\n<tr>\n<td> Temple<\/td>\n<td> T5-T8<\/td>\n<\/tr>\n<tr>\n<td> Longitud<\/td>\n<td> 1-9m o personalizaci\u00f3n<\/td>\n<\/tr>\n<tr>\n<td> Tama\u00f1o (mm)<\/td>\n<td> Seg\u00fan plano<\/td>\n<\/tr>\n<tr>\n<td> Forma<\/td>\n<td> A gran escala<\/td>\n<\/tr>\n<tr>\n<td> Tratamiento de superficies<\/td>\n<td> Acabado de fresado, anodizado, chorro de arena, electroforesis, revestimiento de potencia, etc.<\/td>\n<\/tr>\n<tr>\n<td> Color<\/td>\n<td> Plata, negro, blanco, rojo, amarillo, champ\u00e1n o colores personalizados<\/td>\n<\/tr>\n<tr>\n<td> Est\u00e1ndar<\/td>\n<td> ASTM, GB, DIN<\/td>\n<\/tr>\n<tr>\n<td> En<\/td>\n<td> Guangdong, China<\/td>\n<\/tr>\n<tr>\n<td> Aplicaci\u00f3n<\/td>\n<td> Perfil del sector, construcci\u00f3n<\/td>\n<\/tr>\n<\/tbody>\n<\/table>\n<h2>Nuestra base de fabricaci\u00f3n<\/h2>\n<h3>Panorama de la f\u00e1brica<\/h3>\n<p><img decoding=\"async\" src=\"\/wp-content\/uploads\/factory-01.webp\"\/><\/p>\n<h3>Taller de fabricaci\u00f3n de barras de aluminio<\/h3>\n<p><img decoding=\"async\" src=\"\/wp-content\/uploads\/factory-02.webp\"\/><\/p>\n<p><img decoding=\"async\" src=\"\/wp-content\/uploads\/factory-03.webp\"\/><\/p>\n<h3>Almac\u00e9n de moldes<\/h3>\n<p><img decoding=\"async\" src=\"\/wp-content\/uploads\/factory-04.webp\"\/><\/p>\n<h3>43 L\u00c3neas de extrusi\u00c3\u00b3n de aluminio (500\u00e2\u20ac\"5500 toneladas)<\/h3>\n<p><img decoding=\"async\" src=\"\/wp-content\/uploads\/factory-05.webp\"\/><\/p>\n<p><img decoding=\"async\" src=\"\/wp-content\/uploads\/factory-06.webp\"\/><\/p>\n<p><img decoding=\"async\" src=\"\/wp-content\/uploads\/factory-07.webp\"\/><\/p>\n<h3>Taller de pintura en polvo<\/h3>\n<p><img decoding=\"async\" src=\"\/wp-content\/uploads\/factory-09.webp\"\/><\/p>\n<h3>Taller de anodizado<\/h3>\n<p><img decoding=\"async\" src=\"\/wp-content\/uploads\/factory-10.webp\"\/><\/p>\n<h3>Taller de procesamiento profundo<\/h3>\n<p><img decoding=\"async\" src=\"\/wp-content\/uploads\/factory-11.webp\"\/><\/p>\n<h3>Taller de mecanizado de precisi\u00f3n CNC<\/h3>\n<p><img decoding=\"async\" src=\"\/wp-content\/uploads\/factory-11.5.webp\"\/><\/p>\n<h3>Almac\u00e9n de productos acabados y de exportaci\u00f3n<\/h3>\n<p><img decoding=\"async\" src=\"\/wp-content\/uploads\/factory-12.webp\"\/><\/p>\n<p><img decoding=\"async\" src=\"\/wp-content\/uploads\/factory-13.webp\"\/><\/p>\n<p><img decoding=\"async\" src=\"\/wp-content\/uploads\/factory-14.webp\"\/><\/p>\n<h2>PREGUNTAS FRECUENTES<\/h2>\n<p><p><b>1. \u00bfPara qu\u00e9 se utilizan las grandes extrusiones industriales de aluminio?<\/b><\/p>\n<p>Las grandes extrusiones industriales de aluminio se utilizan para crear componentes estructurales de gran resistencia en industrias como la manufacturera, la de la construcci\u00f3n y la aeroespacial, proporcionando un soporte fiable para proyectos a gran escala.<br \/>\n<\/p><br \/>\n<br \/>\n<p><b>2.\u00bfPor qu\u00e9 el aluminio es ideal para grandes extrusiones industriales?<\/b><\/p>\n<p>El aluminio es ligero pero fuerte, resistente a la corrosi\u00f3n y f\u00e1cil de procesar, por lo que resulta ideal para grandes extrusiones que requieren durabilidad y facilidad de manipulaci\u00f3n.<br \/>\n<\/p><br \/>\n<br \/>\n<p><b>3.\u00bfSe pueden personalizar las extrusiones industriales grandes de aluminio?<\/b><\/p>\n<p>S\u00ed, las grandes extrusiones industriales de aluminio pueden adaptarse a longitudes, formas y tama\u00f1os espec\u00edficos, proporcionando soluciones flexibles para una gran variedad de aplicaciones industriales.<br \/>\n<\/p><br \/>\n<br \/>\n<p><b>4.\u00bfC\u00f3mo soportan las grandes extrusiones industriales de aluminio los entornos dif\u00edciles?<\/b><\/p>\n<p>La naturaleza resistente a la corrosi\u00f3n del aluminio garantiza que las grandes extrusiones industriales de aluminio mantengan su resistencia e integridad en entornos dif\u00edciles, como la alta humedad o la exposici\u00f3n a productos qu\u00edmicos.<br \/>\n<\/p><br \/>\n<br \/>\n<p><b>5.\u00bfSon estas extrusiones f\u00e1ciles de montar e instalar?<\/b><\/p>\n<p>S\u00ed, las grandes extrusiones industriales de aluminio est\u00e1n dise\u00f1adas para una fabricaci\u00f3n sencilla y un montaje r\u00e1pido, lo que reduce el tiempo de instalaci\u00f3n y los costes de mano de obra en proyectos industriales.<br \/>\n<\/p><br \/>\n<br \/>\n<p><b>6.\u00bfCu\u00e1nto duran las grandes extrusiones industriales de aluminio?<\/b><\/p>\n<p>Las grandes extrusiones industriales de aluminio son muy duraderas y resistentes al desgaste, la corrosi\u00f3n y los da\u00f1os, lo que garantiza un rendimiento a largo plazo en aplicaciones industriales exigentes.<br \/>\n<\/p><br \/>\n<br \/>\n<p><b>7.\u00bfQu\u00e9 sectores se benefician del uso de grandes extrusiones industriales de aluminio?<\/b><\/p>\n<p>Industrias como la construcci\u00f3n, la aeroespacial, la automoci\u00f3n y la fabricaci\u00f3n pesada se benefician de las grandes extrusiones industriales de aluminio por su resistencia, flexibilidad y eficacia.<br \/>\n<\/p><br \/><\/p>","protected":false},"featured_media":8252,"template":"","categories":[54],"class_list":["post-8253","product","type-product","status-publish","has-post-thumbnail","hentry","category-industrial-aluminum-profiles"],"meta_box":{"hilight_text_group":{"product_hilight_text":"<li>Industrial Large Aluminium Extrusions offer robust structural support for heavy-duty industrial applications.<\/li>\r\r\n<li>Lightweight yet strong, these extrusions provide an optimal balance of durability and ease of handling.<\/li>\r\r\n<li>Corrosion-resistant properties ensure long-lasting performance in tough environmental conditions.<\/li>\r\r\n<li>Customizable shapes and sizes allow for tailored solutions to meet specific industrial design needs.<\/li>\r\r\n<li>Easy to fabricate and assemble, saving time and labor costs during installation and construction.<\/li>","product_chanpin_blog":"<ul>\r\r\n<li><a href=\"https:\/\/sinoextrud.com\/t-slot-v-slot-differences\/\" target=\"_blank\">t slot vs v slot<\/a><\/li>\r\r\n<li><a href=\"https:\/\/sinoextrud.com\/what-is-4040-aluminium-extrud\/\" target=\"_blank\">4040 aluminium extrusion<\/a><\/li>\r\r\n<li><a href=\"https:\/\/sinoextrud.com\/what-is-4040-aluminium-extrud\/\" target=\"_blank\">aluminum extrusions for industrial racks<\/a><\/li>\r\r\n<li><a href=\"https:\/\/sinoextrud.com\/powder-coating-aluminium-process\/\" target=\"_blank\">powder coating aluminium<\/a><\/li>\r\r\n<li><a href=\"https:\/\/sinoextrud.com\/what-is-an-aluminium-strip-ceiling\/\" target=\"_blank\">aluminium strip ceiling<\/a><\/li>\r\r\n<li><a href=\"https:\/\/sinoextrud.com\/what-is-a-heat-sink\/\" target=\"_blank\">what is a heat sink<\/a><\/li>\r\r\n<\/ul>","product_chanpin_chanpin":"<li><a href=\"https:\/\/sinoextrud.com\/product\/customized-led-aluminium-profile-led-aluminum-extrusion\/\" target=\"_blank\">Customized LED Aluminium Profile  LED Aluminum Extrusion<\/a><\/li>\r\n<li><a href=\"https:\/\/sinoextrud.com\/product\/manufacturer-price-of-customized-oem-matt-anodized-aluminium-profile-for-hospital-pharmaceutical-clean-room\/\" target=\"_blank\">Manufacturer Price Of Customized OEM Matt Anodized Aluminium Profile For Hospital Pharmaceutical Clean Room<\/a><\/li>\r\n<li><a href=\"https:\/\/sinoextrud.com\/product\/large-aluminium-pipe-aluminium-pole\/\" target=\"_blank\">Large Aluminium Pipe Aluminium Pole<\/a><\/li>\r\n<li><a href=\"https:\/\/sinoextrud.com\/product\/hospital-aluminum-profile\/\" target=\"_blank\">Hospital Aluminum Profile<\/a><\/li>\r\n<li><a href=\"https:\/\/sinoextrud.com\/product\/industrial-large-aluminium-extrusions\/\" target=\"_blank\">Industrial Large Aluminium Extrusions<\/a><\/li>\r\n<li><a href=\"https:\/\/sinoextrud.com\/product\/industrial-large-aluminum-heat-sink\/\" target=\"_blank\">Industrial Large Aluminum Heat Sink<\/a><\/li>\r\n<li><a href=\"https:\/\/sinoextrud.com\/product\/industrial-t-slot-aluminum-profile\/\" target=\"_blank\">Industrial T Slot Aluminum Profile<\/a><\/li>\r\n<li><a href=\"https:\/\/sinoextrud.com\/product\/large-scale-industrial-aluminum-profile\/\" target=\"_blank\">Large Scale Industrial Aluminum Profile<\/a><\/li>\r\n<li><a href=\"https:\/\/sinoextrud.com\/product\/solar-aluminium-profile-2\/\" target=\"_blank\">Solar Aluminium Profile<\/a><\/li>\r\n<li><a href=\"https:\/\/sinoextrud.com\/product\/2024-2014-alloy-aluminum-profiles\/\" target=\"_blank\">2024 2014 Alloy Aluminum Profiles<\/a><\/li>\r\n<li><a href=\"https:\/\/sinoextrud.com\/product\/aluminum-profile-t-slot-for-machine-frame\/\" target=\"_blank\">Aluminum Profile T-Slot For Machine Frame<\/a><\/li>"},"feature_list":[]},"_links":{"self":[{"href":"https:\/\/sinoextrud.com\/es\/wp-json\/wp\/v2\/product\/8253","targetHints":{"allow":["GET"]}}],"collection":[{"href":"https:\/\/sinoextrud.com\/es\/wp-json\/wp\/v2\/product"}],"about":[{"href":"https:\/\/sinoextrud.com\/es\/wp-json\/wp\/v2\/types\/product"}],"wp:featuredmedia":[{"embeddable":true,"href":"https:\/\/sinoextrud.com\/es\/wp-json\/wp\/v2\/media\/8252"}],"wp:attachment":[{"href":"https:\/\/sinoextrud.com\/es\/wp-json\/wp\/v2\/media?parent=8253"}],"wp:term":[{"taxonomy":"category","embeddable":true,"href":"https:\/\/sinoextrud.com\/es\/wp-json\/wp\/v2\/categories?post=8253"}],"curies":[{"name":"wp","href":"https:\/\/api.w.org\/{rel}","templated":true}]}}