{"id":8202,"date":"2025-06-13T07:39:57","date_gmt":"2025-06-13T07:39:57","guid":{"rendered":"https:\/\/sinoextrud.com\/product\/industrial-aluminium-profiles\/"},"modified":"2025-06-24T06:23:21","modified_gmt":"2025-06-24T06:23:21","slug":"perfiles-industriales-de-aluminio-2","status":"publish","type":"product","link":"https:\/\/sinoextrud.com\/es\/product\/industrial-aluminium-profiles\/","title":{"rendered":"Perfiles industriales de aluminio"},"content":{"rendered":"<h2>Productos<\/h2>\n<table class=\"custom-table\">\n<tbody>\n<tr>\n<td> Modelo NO.:<\/td>\n<td> Serie 6000<\/td>\n<\/tr>\n<tr>\n<td> Tratamiento de la superficie:<\/td>\n<td> Anodizado, acabado fresado<\/td>\n<\/tr>\n<tr>\n<td> Aleaci\u00f3n:<\/td>\n<td> Aleaci\u00f3n<\/td>\n<\/tr>\n<tr>\n<td> Garant\u00eda:<\/td>\n<td> El color de la superficie se mantiene durante 10~20 a\u00f1os F<\/td>\n<\/tr>\n<tr>\n<td> Material:<\/td>\n<td> 6063-T5, 6061-T6, 6463-T5, 7075-T6, 6082<\/td>\n<\/tr>\n<tr>\n<td> Certificado:<\/td>\n<td> Cqm, SGS, Ce, Soncap ISO, JIS, as, Nzs<\/td>\n<\/tr>\n<tr>\n<td> Especificaci\u00f3n:<\/td>\n<td> tama\u00f1o personalizado<\/td>\n<\/tr>\n<tr>\n<td> C\u00f3digo SA:<\/td>\n<td> 76042100<\/td>\n<\/tr>\n<tr>\n<td> Forma:<\/td>\n<td> Personalizado<\/td>\n<\/tr>\n<tr>\n<td> Grado:<\/td>\n<td> Serie 6000<\/td>\n<\/tr>\n<tr>\n<td> Temperamento:<\/td>\n<td> T3 - T8<\/td>\n<\/tr>\n<tr>\n<td> Est\u00e1ndar:<\/td>\n<td> GB\/75237-2004, Q\/320281\/Pdwd-2008<\/td>\n<\/tr>\n<tr>\n<td> Puerto:<\/td>\n<td> Shenzhen, Guangzhou, Foshan<\/td>\n<\/tr>\n<tr>\n<td> MOQ:<\/td>\n<td> 200KG para cada art\u00edculo<\/td>\n<\/tr>\n<tr>\n<td> Proceso profundo:<\/td>\n<td> CNC, taladrado, fresado, corte, soldadura, plegado<\/td>\n<\/tr>\n<tr>\n<td> Paquete de transporte:<\/td>\n<td> Film de pl\u00e1stico o bolsa de polietileno, papel impermeable para manualidades<\/td>\n<\/tr>\n<\/tbody>\n<\/table>\n<h2>Nuestra base de fabricaci\u00f3n<\/h2>\n<h3>Panorama de la f\u00e1brica<\/h3>\n<p><img decoding=\"async\" src=\"\/wp-content\/uploads\/factory-01.webp\"\/><\/p>\n<h3>Taller de fabricaci\u00f3n de barras de aluminio<\/h3>\n<p><img decoding=\"async\" src=\"\/wp-content\/uploads\/factory-02.webp\"\/><\/p>\n<p><img decoding=\"async\" src=\"\/wp-content\/uploads\/factory-03.webp\"\/><\/p>\n<h3>Almac\u00e9n de moldes<\/h3>\n<p><img decoding=\"async\" src=\"\/wp-content\/uploads\/factory-04.webp\"\/><\/p>\n<h3>43 L\u00c3neas de extrusi\u00c3\u00b3n de aluminio (500\u00e2\u20ac\"5500 toneladas)<\/h3>\n<p><img decoding=\"async\" src=\"\/wp-content\/uploads\/factory-05.webp\"\/><\/p>\n<p><img decoding=\"async\" src=\"\/wp-content\/uploads\/factory-06.webp\"\/><\/p>\n<p><img decoding=\"async\" src=\"\/wp-content\/uploads\/factory-07.webp\"\/><\/p>\n<h3>Taller de pintura en polvo<\/h3>\n<p><img decoding=\"async\" src=\"\/wp-content\/uploads\/factory-09.webp\"\/><\/p>\n<h3>Taller de anodizado<\/h3>\n<p><img decoding=\"async\" src=\"\/wp-content\/uploads\/factory-10.webp\"\/><\/p>\n<h3>Taller de procesamiento profundo<\/h3>\n<p><img decoding=\"async\" src=\"\/wp-content\/uploads\/factory-11.webp\"\/><\/p>\n<h3>Taller de mecanizado de precisi\u00f3n CNC<\/h3>\n<p><img decoding=\"async\" src=\"\/wp-content\/uploads\/factory-11.5.webp\"\/><\/p>\n<h3>Almac\u00e9n de productos acabados y de exportaci\u00f3n<\/h3>\n<p><img decoding=\"async\" src=\"\/wp-content\/uploads\/factory-12.webp\"\/><\/p>\n<p><img decoding=\"async\" src=\"\/wp-content\/uploads\/factory-13.webp\"\/><\/p>\n<p><img decoding=\"async\" src=\"\/wp-content\/uploads\/factory-14.webp\"\/><\/p>\n<h2>PREGUNTAS FRECUENTES<\/h2>\n<p><p><b>1. \u00bfQu\u00e9 hace que los perfiles industriales de aluminio sean duraderos? <\/b><\/p>\n<p>Los perfiles industriales de aluminio est\u00e1n fabricados con materiales de alta resistencia y tienen acabados anodizados resistentes a la corrosi\u00f3n, lo que garantiza una larga durabilidad incluso en entornos dif\u00edciles.<br \/>\n<\/p><br \/>\n<br \/>\n<p><b>2.\u00bfSe pueden personalizar los perfiles industriales de aluminio? <\/b><\/p>\n<p>S\u00ed, pueden adaptarse a dimensiones, formas y dise\u00f1os espec\u00edficos para adaptarse a una amplia gama de aplicaciones industriales.<br \/>\n<\/p><br \/>\n<br \/>\n<p><b>3.\u00bfEn qu\u00e9 beneficia el acabado anodizado a los perfiles de aluminio? <\/b><\/p>\n<p>El acabado anodizado mejora la resistencia a la corrosi\u00f3n, garantizando que los perfiles sigan siendo resistentes y funcionales a lo largo del tiempo, incluso en condiciones dif\u00edciles.<br \/>\n<\/p><br \/>\n<br \/>\n<p><b>4.\u00bfCu\u00e1les son las ventajas de utilizar aluminio en los perfiles industriales? <\/b><\/p>\n<p>El aluminio es ligero, fuerte y resistente a la corrosi\u00f3n, lo que ofrece una combinaci\u00f3n ideal para construir perfiles industriales duraderos y eficientes.<br \/>\n<\/p><br \/>\n<br \/>\n<p><b>5.\u00bfPueden modificarse o ampliarse f\u00e1cilmente los perfiles? <\/b><\/p>\n<p>S\u00ed, la naturaleza modular de los perfiles industriales de aluminio permite realizar f\u00e1cilmente modificaciones, ampliaciones o reconfiguraciones a medida que cambian los requisitos del proyecto.<br \/>\n<\/p><br \/>\n<br \/>\n<p><b>6. \u00bfC\u00f3mo contribuyen los perfiles industriales de aluminio a la sostenibilidad? <\/b><\/p>\n<p>El aluminio es un material totalmente reciclable, lo que convierte a estos perfiles en una opci\u00f3n ecol\u00f3gica que apoya los esfuerzos de sostenibilidad en la fabricaci\u00f3n industrial.<br \/>\n<\/p><br \/>\n<br \/>\n<p><b>7.\u00bfSon rentables estos perfiles? <\/b><\/p>\n<p>S\u00ed, los perfiles industriales de aluminio ofrecen una soluci\u00f3n de alto rendimiento a un precio competitivo, por lo que son ideales para proyectos de bajo coste sin sacrificar la calidad.<br \/>\n<\/p><br \/><\/p>","protected":false},"featured_media":8201,"template":"","categories":[54],"class_list":["post-8202","product","type-product","status-publish","has-post-thumbnail","hentry","category-industrial-aluminum-profiles"],"meta_box":{"hilight_text_group":{"product_hilight_text":"<ul>\r\r\n  <li>High-strength industrial aluminum profiles for superior durability and performance in demanding applications.<\/li>\r\r\n  <li>Corrosion-resistant and anodized finishes ensure longevity, even in harsh environments.<\/li>\r\r\n  <li>Lightweight yet robust, offering a strong and stable solution without adding excess weight.<\/li>\r\r\n  <li>Flexible and customizable designs to meet various industrial and engineering requirements.<\/li>\r\r\n  <li>Modular system for easy assembly, modification, and expansion as project needs evolve.<\/li>\r\r\n  <li>Eco-friendly and recyclable material, promoting sustainability in manufacturing and construction.<\/li>\r\r\n  <li>Cost-effective solution without compromising on quality, making it ideal for budget-conscious projects.<\/li>\r\r\n<\/ul>","product_chanpin_blog":"<ul>\r\r\n<li><a href=\"https:\/\/sinoextrud.com\/t-slot-v-slot-differences\/\" target=\"_blank\">t slot vs v slot<\/a><\/li>\r\r\n<li><a href=\"https:\/\/sinoextrud.com\/what-is-4040-aluminium-extrud\/\" target=\"_blank\">4040 aluminium extrusion<\/a><\/li>\r\r\n<li><a href=\"https:\/\/sinoextrud.com\/what-is-4040-aluminium-extrud\/\" target=\"_blank\">aluminum extrusions for industrial racks<\/a><\/li>\r\r\n<li><a href=\"https:\/\/sinoextrud.com\/powder-coating-aluminium-process\/\" target=\"_blank\">powder coating aluminium<\/a><\/li>\r\r\n<li><a href=\"https:\/\/sinoextrud.com\/what-is-an-aluminium-strip-ceiling\/\" target=\"_blank\">aluminium strip ceiling<\/a><\/li>\r\r\n<li><a href=\"https:\/\/sinoextrud.com\/what-is-a-heat-sink\/\" target=\"_blank\">what is a heat sink<\/a><\/li>\r\r\n<\/ul>","product_chanpin_chanpin":"<li><a href=\"https:\/\/sinoextrud.com\/product\/cutting-bending-aluminum-led-strip-heatsink\/\" target=\"_blank\">Cutting Bending Aluminum LED Strip Heatsink<\/a><\/li>\r\n<li><a href=\"https:\/\/sinoextrud.com\/product\/extrude-6000-series-aluminium-bar\/\" target=\"_blank\">Extrude 6000 Series Aluminium bar<\/a><\/li>\r\n<li><a href=\"https:\/\/sinoextrud.com\/product\/v-slot-rail-aluminum-profile-extrusion\/\" target=\"_blank\">V Slot Rail Aluminum Profile Extrusion<\/a><\/li>\r\n<li><a href=\"https:\/\/sinoextrud.com\/product\/extruded-aluminium-profiles-heat-sink\/\" target=\"_blank\">Extruded Aluminium Profiles Heat Sink<\/a><\/li>\r\n<li><a href=\"https:\/\/sinoextrud.com\/product\/industrial-aluminium-profiles\/\" target=\"_blank\">Industrial Aluminium Profiles<\/a><\/li>\r\n<li><a href=\"https:\/\/sinoextrud.com\/product\/extruded-aluminum-case\/\" target=\"_blank\">Extruded Aluminum Case<\/a><\/li>\r\n<li><a href=\"https:\/\/sinoextrud.com\/product\/industrial-aluminum-profile-cad-drawing-uses-in-industry-customized-extrusion-press-manufacturers\/\" target=\"_blank\">industrial aluminum profile cad drawing uses in industry customized extrusion press manufacturers<\/a><\/li>\r\n<li><a href=\"https:\/\/sinoextrud.com\/product\/extruded-aluminum-framing-systems\/\" target=\"_blank\">Extruded Aluminum Framing Systems<\/a><\/li>\r\n<li><a href=\"https:\/\/sinoextrud.com\/product\/extruded-aluminum-h-channel\/\" target=\"_blank\">Extruded Aluminum H Channel<\/a><\/li>\r\n<li><a href=\"https:\/\/sinoextrud.com\/product\/purification-workshop-aluminum-profiles\/\" target=\"_blank\">Purification Workshop Aluminum Profiles<\/a><\/li>\r\n<li><a href=\"https:\/\/sinoextrud.com\/product\/aluminum-anodized-surface-profile\/\" target=\"_blank\">Aluminum Anodized Surface Profile<\/a><\/li>"},"feature_list":[]},"_links":{"self":[{"href":"https:\/\/sinoextrud.com\/es\/wp-json\/wp\/v2\/product\/8202","targetHints":{"allow":["GET"]}}],"collection":[{"href":"https:\/\/sinoextrud.com\/es\/wp-json\/wp\/v2\/product"}],"about":[{"href":"https:\/\/sinoextrud.com\/es\/wp-json\/wp\/v2\/types\/product"}],"wp:featuredmedia":[{"embeddable":true,"href":"https:\/\/sinoextrud.com\/es\/wp-json\/wp\/v2\/media\/8201"}],"wp:attachment":[{"href":"https:\/\/sinoextrud.com\/es\/wp-json\/wp\/v2\/media?parent=8202"}],"wp:term":[{"taxonomy":"category","embeddable":true,"href":"https:\/\/sinoextrud.com\/es\/wp-json\/wp\/v2\/categories?post=8202"}],"curies":[{"name":"wp","href":"https:\/\/api.w.org\/{rel}","templated":true}]}}