{"id":8199,"date":"2025-06-13T07:37:35","date_gmt":"2025-06-13T07:37:35","guid":{"rendered":"https:\/\/sinoextrud.com\/product\/extruded-aluminium-profiles-heat-sink\/"},"modified":"2025-06-24T06:23:20","modified_gmt":"2025-06-24T06:23:20","slug":"perfiles-de-aluminio-extruido-disipador-de-calor","status":"publish","type":"product","link":"https:\/\/sinoextrud.com\/es\/product\/extruded-aluminium-profiles-heat-sink\/","title":{"rendered":"Disipador de calor de perfiles de aluminio extruido"},"content":{"rendered":"<h2>Productos<\/h2>\n<table class=\"custom-table\">\n<tbody>\n<tr>\n<td> Art\u00edculo<\/td>\n<td> Disipador de calor de perfiles de aluminio extruido<\/td>\n<\/tr>\n<tr>\n<td> Forma<\/td>\n<td> cuadrado, redondo, rectangular, personalizado<\/td>\n<\/tr>\n<tr>\n<td> Aplicaci\u00f3n<\/td>\n<td> En muebles, ventanas y puertas, decoraci\u00f3n, industria, construcci\u00f3n, etc.<\/td>\n<\/tr>\n<tr>\n<td> Colores<\/td>\n<td> Ref hoja de color de recubrimiento en polvo y color personalizado disponible<\/td>\n<\/tr>\n<tr>\n<td> Proceso profundo<\/td>\n<td> CNC, taladrado, fresado, corte, soldadura, plegado, montaje<\/td>\n<\/tr>\n<tr>\n<td> MOQ<\/td>\n<td> 200KGs para cada art\u00edculo<\/td>\n<\/tr>\n<tr>\n<td> Detalles del embalaje<\/td>\n<td> (1)Interior : embalado con pel\u00edcula protectora de pl\u00e1stico para proteger cada pieza<br \/> (2) Exterior: Envoltura de los fardos con papel impermeable para manualidades<\/td>\n<\/tr>\n<tr>\n<td> Condiciones de pago<\/td>\n<td> T\/T 30% para el dep\u00f3sito, saldo antes del env\u00edo.<\/td>\n<\/tr>\n<tr>\n<td> Plazo de liquidaci\u00f3n<\/td>\n<td> Cobrar por peso real final o por peso te\u00f3rico de dibujo.<\/td>\n<\/tr>\n<tr>\n<td> Capacidad de producci\u00f3n<\/td>\n<td> 15.000 toneladas mensuales, 200.000 toneladas anuales.<\/td>\n<\/tr>\n<tr>\n<td> Garant\u00eda<\/td>\n<td> El color de la superficie puede ser estable durante 10~20 a\u00f1os de uso en interiores.<\/td>\n<\/tr>\n<\/tbody>\n<\/table>\n<h2>Nuestra base de fabricaci\u00f3n<\/h2>\n<h3>Panorama de la f\u00e1brica<\/h3>\n<p><img decoding=\"async\" src=\"\/wp-content\/uploads\/factory-01.webp\"\/><\/p>\n<h3>Taller de fabricaci\u00f3n de barras de aluminio<\/h3>\n<p><img decoding=\"async\" src=\"\/wp-content\/uploads\/factory-02.webp\"\/><\/p>\n<\/p>\n<p><img decoding=\"async\" src=\"\/wp-content\/uploads\/factory-03.webp\"\/><\/p>\n<h3>Almac\u00e9n de moldes<\/h3>\n<p><img decoding=\"async\" src=\"\/wp-content\/uploads\/factory-04.webp\"\/><\/p>\n<h3>43 L\u00c3neas de extrusi\u00c3\u00b3n de aluminio (500\u00e2\u20ac\"5500 toneladas)<\/h3>\n<p><img decoding=\"async\" src=\"\/wp-content\/uploads\/factory-05.webp\"\/><\/p>\n<p><img decoding=\"async\" src=\"\/wp-content\/uploads\/factory-06.webp\"\/><\/p>\n<p><img decoding=\"async\" src=\"\/wp-content\/uploads\/factory-07.webp\"\/><\/p>\n<h3>Taller de pintura en polvo<\/h3>\n<p><img decoding=\"async\" src=\"\/wp-content\/uploads\/factory-09.webp\"\/><\/p>\n<h3>Taller de anodizado<\/h3>\n<p><img decoding=\"async\" src=\"\/wp-content\/uploads\/factory-10.webp\"\/><\/p>\n<h3>Taller de procesamiento profundo<\/h3>\n<p><img decoding=\"async\" src=\"\/wp-content\/uploads\/factory-11.webp\"\/><\/p>\n<h3>Taller de mecanizado de precisi\u00f3n CNC<\/h3>\n<p><img decoding=\"async\" src=\"\/wp-content\/uploads\/factory-11.5.webp\"\/><\/p>\n<h3>Almac\u00e9n de productos acabados y de exportaci\u00f3n<\/h3>\n<p><img decoding=\"async\" src=\"\/wp-content\/uploads\/factory-12.webp\"\/><\/p>\n<p><img decoding=\"async\" src=\"\/wp-content\/uploads\/factory-13.webp\"\/><\/p>\n<p><img decoding=\"async\" src=\"\/wp-content\/uploads\/factory-14.webp\"\/><\/p>\n<h2>PREGUNTAS FRECUENTES<\/h2>\n<p><b>1. \u00bfQu\u00e9 hace que el disipador de calor de perfiles de aluminio extruido sea eficaz?<\/b><\/p>\n<p>Los perfiles de aluminio extruido maximizan la superficie, lo que proporciona una excelente disipaci\u00f3n del calor y mantiene los componentes electr\u00f3nicos a temperaturas \u00f3ptimas.\n<\/p>\n<p><\/p>\n<p><b>2. \u00bfCu\u00e1l es la durabilidad del disipador de calor de perfiles de aluminio extruido?<\/b><\/p>\n<p>Est\u00e1 fabricado en aluminio ligero pero resistente, lo que garantiza un rendimiento duradero incluso en entornos exigentes.\n<\/p>\n<p><\/p>\n<p><b>3.\u00bfSe puede personalizar el disipador de calor de perfiles de aluminio extruido?<\/b><\/p>\n<p>S\u00ed, los perfiles pueden adaptarse para satisfacer las necesidades espec\u00edficas de gesti\u00f3n t\u00e9rmica de diversas industrias, lo que ofrece flexibilidad en el dise\u00f1o.\n<\/p>\n<p><\/p>\n<p><b>4.\u00bfEs adecuado el disipador de calor de perfiles de aluminio extruido para su uso en exteriores?<\/b><\/p>\n<p>S\u00ed, su material de aluminio resistente a la corrosi\u00f3n lo hace ideal para aplicaciones tanto de interior como de exterior.\n<\/p>\n<p><\/p>\n<p><b>5.\u00bfC\u00f3mo mejora el disipador de calor de perfiles de aluminio extruido el rendimiento electr\u00f3nico?<\/b><\/p>\n<p>Al disipar eficazmente el calor, evita el sobrecalentamiento, ayudando a mantener el rendimiento y la longevidad de los componentes electr\u00f3nicos.\n<\/p>\n<p><\/p>\n<p><b>6.\u00bfQu\u00e9 industrias se benefician del disipador de calor de perfiles de aluminio extruido?<\/b><\/p>\n<p>Se utiliza habitualmente en electr\u00f3nica, iluminaci\u00f3n LED, fuentes de alimentaci\u00f3n y otras industrias que requieren soluciones eficientes de gesti\u00f3n t\u00e9rmica.\n<\/p>\n<p><\/p>\n<p><b>7.\u00bfEn qu\u00e9 beneficia a las empresas la rentabilidad del disipador de calor de perfiles de aluminio extruido?<\/b><\/p>\n<p>Proporciona una soluci\u00f3n de refrigeraci\u00f3n asequible y fiable, reduciendo la necesidad de sistemas de refrigeraci\u00f3n adicionales y alargando la vida \u00fatil de los componentes cr\u00edticos.\n<\/p>\n<p><\/p>","protected":false},"featured_media":8198,"template":"","categories":[54],"class_list":["post-8199","product","type-product","status-publish","has-post-thumbnail","hentry","category-industrial-aluminum-profiles"],"meta_box":{"hilight_text_group":{"product_hilight_text":"<li>Efficient heat dissipation through extruded aluminum profiles, ensuring optimal cooling performance.<\/li>\r\r\n<li>Lightweight and durable, offering both strength and ease of handling for various applications.<\/li>\r\r\n<li>Customizable profile options to meet specific thermal management needs in diverse industries.<\/li>\r\r\n<li>Corrosion-resistant aluminum material, providing long-lasting protection in harsh environments.<\/li>\r\r\n<li>Cost-effective solution for managing heat in electronics, LED lights, and power supply systems.<\/li>","product_chanpin_blog":"<ul>\r\r\n<li><a href=\"https:\/\/sinoextrud.com\/t-slot-v-slot-differences\/\" target=\"_blank\">t slot vs v slot<\/a><\/li>\r\r\n<li><a href=\"https:\/\/sinoextrud.com\/what-is-4040-aluminium-extrud\/\" target=\"_blank\">4040 aluminium extrusion<\/a><\/li>\r\r\n<li><a href=\"https:\/\/sinoextrud.com\/what-is-4040-aluminium-extrud\/\" target=\"_blank\">aluminum extrusions for industrial racks<\/a><\/li>\r\r\n<li><a href=\"https:\/\/sinoextrud.com\/powder-coating-aluminium-process\/\" target=\"_blank\">powder coating aluminium<\/a><\/li>\r\r\n<li><a href=\"https:\/\/sinoextrud.com\/what-is-an-aluminium-strip-ceiling\/\" target=\"_blank\">aluminium strip ceiling<\/a><\/li>\r\r\n<li><a href=\"https:\/\/sinoextrud.com\/what-is-a-heat-sink\/\" target=\"_blank\">what is a heat sink<\/a><\/li>\r\r\n<\/ul>","product_chanpin_chanpin":"<li><a href=\"https:\/\/sinoextrud.com\/product\/customized-new-energy-conservation-anodized-aluminum-profile-frame-for-solar-panel-frame\/\" target=\"_blank\">Customized New Energy Conservation Anodized Aluminum Profile Frame For Solar Panel Frame<\/a><\/li>\r\n<li><a href=\"https:\/\/sinoextrud.com\/product\/cutting-bending-aluminum-led-strip-heatsink\/\" target=\"_blank\">Cutting Bending Aluminum LED Strip Heatsink<\/a><\/li>\r\n<li><a href=\"https:\/\/sinoextrud.com\/product\/extrude-6000-series-aluminium-bar\/\" target=\"_blank\">Extrude 6000 Series Aluminium bar<\/a><\/li>\r\n<li><a href=\"https:\/\/sinoextrud.com\/product\/v-slot-rail-aluminum-profile-extrusion\/\" target=\"_blank\">V Slot Rail Aluminum Profile Extrusion<\/a><\/li>\r\n<li><a href=\"https:\/\/sinoextrud.com\/product\/extruded-aluminium-profiles-heat-sink\/\" target=\"_blank\">Extruded Aluminium Profiles Heat Sink<\/a><\/li>\r\n<li><a href=\"https:\/\/sinoextrud.com\/product\/industrial-aluminium-profiles\/\" target=\"_blank\">Industrial Aluminium Profiles<\/a><\/li>\r\n<li><a href=\"https:\/\/sinoextrud.com\/product\/extruded-aluminum-case\/\" target=\"_blank\">Extruded Aluminum Case<\/a><\/li>\r\n<li><a href=\"https:\/\/sinoextrud.com\/product\/industrial-aluminum-profile-cad-drawing-uses-in-industry-customized-extrusion-press-manufacturers\/\" target=\"_blank\">industrial aluminum profile cad drawing uses in industry customized extrusion press manufacturers<\/a><\/li>\r\n<li><a href=\"https:\/\/sinoextrud.com\/product\/extruded-aluminum-framing-systems\/\" target=\"_blank\">Extruded Aluminum Framing Systems<\/a><\/li>\r\n<li><a href=\"https:\/\/sinoextrud.com\/product\/aluminium-oxide\/\" target=\"_blank\">Aluminium Oxide<\/a><\/li>\r\n<li><a href=\"https:\/\/sinoextrud.com\/product\/aluminum-channel-for-plexiglass\/\" target=\"_blank\">Aluminum Channel For Plexiglass<\/a><\/li>"},"feature_list":[]},"_links":{"self":[{"href":"https:\/\/sinoextrud.com\/es\/wp-json\/wp\/v2\/product\/8199","targetHints":{"allow":["GET"]}}],"collection":[{"href":"https:\/\/sinoextrud.com\/es\/wp-json\/wp\/v2\/product"}],"about":[{"href":"https:\/\/sinoextrud.com\/es\/wp-json\/wp\/v2\/types\/product"}],"wp:featuredmedia":[{"embeddable":true,"href":"https:\/\/sinoextrud.com\/es\/wp-json\/wp\/v2\/media\/8198"}],"wp:attachment":[{"href":"https:\/\/sinoextrud.com\/es\/wp-json\/wp\/v2\/media?parent=8199"}],"wp:term":[{"taxonomy":"category","embeddable":true,"href":"https:\/\/sinoextrud.com\/es\/wp-json\/wp\/v2\/categories?post=8199"}],"curies":[{"name":"wp","href":"https:\/\/api.w.org\/{rel}","templated":true}]}}