{"id":8191,"date":"2025-06-13T07:29:45","date_gmt":"2025-06-13T07:29:45","guid":{"rendered":"https:\/\/sinoextrud.com\/product\/customized-new-energy-conservation-anodized-aluminum-profile-frame-for-solar-panel-frame\/"},"modified":"2025-06-24T06:23:19","modified_gmt":"2025-06-24T06:23:19","slug":"modificado-para-requisitos-particulares-nueva-conservacion-de-la-energia-anodizado-marco-de-perfil-de-aluminio-para-el-marco-del-panel-solar","status":"publish","type":"product","link":"https:\/\/sinoextrud.com\/es\/product\/customized-new-energy-conservation-anodized-aluminum-profile-frame-for-solar-panel-frame\/","title":{"rendered":"Nuevo marco de perfil de aluminio anodizado de conservaci\u00f3n de energ\u00eda personalizado para marco de panel solar"},"content":{"rendered":"<h2>Productos<\/h2>\n<table class=\"custom-table\">\n<tbody>\n<tr>\n<td> Art\u00edculo:<\/td>\n<td> Nuevo marco de perfil de aluminio anodizado de conservaci\u00f3n de energ\u00eda personalizado para marco de panel solar<\/td>\n<td> Grado:<\/td>\n<td> Serie 6000<\/td>\n<\/tr>\n<tr>\n<td> Temperamento:<\/td>\n<td> T3-T8<\/td>\n<td> Lugar de origen:<\/td>\n<td> Foshan, Guangdong<\/td>\n<\/tr>\n<tr>\n<td> Forma:<\/td>\n<td> personalizado<\/td>\n<td> De aleaci\u00f3n o no:<\/td>\n<td> Es aleaci\u00f3n<\/td>\n<\/tr>\n<tr>\n<td> Tolerancia:<\/td>\n<td> \u00b10,5%<\/td>\n<td> Marca:<\/td>\n<td> Sinoextrud<\/td>\n<\/tr>\n<tr>\n<td> Caracter\u00edstica:<\/td>\n<td> Nueva conservaci\u00f3n de la energ\u00eda<\/td>\n<td> Tratamiento de la superficie:<\/td>\n<td> Anodizado<\/td>\n<\/tr>\n<tr>\n<td> Plazo de entrega:<\/td>\n<td> 25-30 d\u00edas<\/td>\n<td> MOQ:<\/td>\n<td> 200KGs<\/td>\n<\/tr>\n<tr>\n<td> Plazo de pago:<\/td>\n<td> T\/T(30% Dep\u00f3sito), L\/C<\/td>\n<td> Servicio de tramitaci\u00f3n:<\/td>\n<td> Mecanizado CNC<\/td>\n<\/tr>\n<tr>\n<td> Puerto:<\/td>\n<td> Guangzhou, Shenzhen,Foshan<\/td>\n<td> Longitud::<\/td>\n<td> Longitud personalizada<\/td>\n<\/tr>\n<tr>\n<td> Tipo:<\/td>\n<td> Marco de perfil de aluminio<\/td>\n<td> Uso:<\/td>\n<td> Industrial<\/td>\n<\/tr>\n<\/tbody>\n<\/table>\n<h2>Nuestra base de fabricaci\u00f3n<\/h2>\n<h3>Panorama de la f\u00e1brica<\/h3>\n<p><img decoding=\"async\" src=\"\/wp-content\/uploads\/factory-01.webp\"\/><\/p>\n<h3>Taller de fabricaci\u00f3n de barras de aluminio<\/h3>\n<p><img decoding=\"async\" src=\"\/wp-content\/uploads\/factory-02.webp\"\/><\/p>\n<p><img decoding=\"async\" src=\"\/wp-content\/uploads\/factory-03.webp\"\/><\/p>\n<h3>Almac\u00e9n de moldes<\/h3>\n<p><img decoding=\"async\" src=\"\/wp-content\/uploads\/factory-04.webp\"\/><\/p>\n<h3>43 l\u00edneas de extrusi\u00f3n de aluminio (500-5500 toneladas)<\/h3>\n<p><img decoding=\"async\" src=\"\/wp-content\/uploads\/factory-05.webp\"\/><\/p>\n<p><img decoding=\"async\" src=\"\/wp-content\/uploads\/factory-06.webp\"\/><\/p>\n<p><img decoding=\"async\" src=\"\/wp-content\/uploads\/factory-07.webp\"\/><\/p>\n<h3>Taller de pintura en polvo<\/h3>\n<p><img decoding=\"async\" src=\"\/wp-content\/uploads\/factory-09.webp\"\/><\/p>\n<h3>Taller de anodizado<\/h3>\n<p><img decoding=\"async\" src=\"\/wp-content\/uploads\/factory-10.webp\"\/><\/p>\n<h3>Taller de procesamiento profundo<\/h3>\n<p><img decoding=\"async\" src=\"\/wp-content\/uploads\/factory-11.webp\"\/><\/p>\n<h3>Taller de mecanizado de precisi\u00f3n CNC<\/h3>\n<p><img decoding=\"async\" src=\"\/wp-content\/uploads\/factory-11.5.webp\"\/><\/p>\n<h3>Almac\u00e9n de productos acabados y de exportaci\u00f3n<\/h3>\n<p><img decoding=\"async\" src=\"\/wp-content\/uploads\/factory-12.webp\"\/><\/p>\n<p><img decoding=\"async\" src=\"\/wp-content\/uploads\/factory-13.webp\"\/><\/p>\n<p><img decoding=\"async\" src=\"\/wp-content\/uploads\/factory-14.webp\"\/><\/p>\n<h2>PREGUNTAS FRECUENTES<\/h2>\n<p><p><b>1.\u00bfPara qu\u00e9 se utiliza el perfil de aluminio anodizado en los marcos de los paneles solares? <\/b><\/p>\n<p>El perfil de aluminio anodizado se utiliza para crear marcos duraderos, ligeros y resistentes a la corrosi\u00f3n para paneles solares, lo que garantiza un rendimiento y una protecci\u00f3n a largo plazo.<br \/>\n<\/p><br \/>\n<br \/>\n<p><b>2. \u00bfPor qu\u00e9 es importante el acabado anodizado en los marcos de los paneles solares? <\/b><\/p>\n<p>El acabado anodizado mejora la resistencia a la corrosi\u00f3n del aluminio, lo que garantiza que el marco del panel solar permanezca intacto y funcione bien incluso en entornos exteriores adversos.<br \/>\n<\/p><br \/>\n<br \/>\n<p><b>3.\u00bfSe pueden personalizar los perfiles de aluminio para proyectos espec\u00edficos de paneles solares? <\/b><\/p>\n<p>S\u00ed, los perfiles de aluminio pueden personalizarse en cuanto a tama\u00f1o, forma y dise\u00f1o para satisfacer las necesidades espec\u00edficas de las distintas instalaciones de paneles solares.<br \/>\n<\/p><br \/>\n<br \/>\n<p><b>4. \u00bfEn qu\u00e9 beneficia la ligereza del perfil de aluminio a las estructuras de los paneles solares? <\/b><\/p>\n<p>El ligero marco de aluminio reduce el peso total del sistema de paneles solares, lo que facilita su manipulaci\u00f3n e instalaci\u00f3n, al tiempo que proporciona un fuerte soporte estructural.<br \/>\n<\/p><br \/>\n<br \/>\n<p><b>5.\u00bfCu\u00e1les son las ventajas de utilizar aluminio anodizado para los marcos de los paneles solares? <\/b><\/p>\n<p>El aluminio anodizado ofrece una resistencia superior a la corrosi\u00f3n, durabilidad y rendimiento a largo plazo, por lo que es ideal para marcos de paneles solares expuestos a la intemperie y los elementos ambientales.<br \/>\n<\/p><br \/>\n<br \/>\n<p><b>6.\u00bfC\u00f3mo mejora la instalaci\u00f3n de paneles solares el uso de perfiles de aluminio personalizados? <\/b><\/p>\n<p>Los perfiles de aluminio personalizados permiten un ajuste preciso y un dise\u00f1o adaptado a cada proyecto de panel solar, lo que reduce el tiempo de instalaci\u00f3n y garantiza un ajuste seguro.<br \/>\n<\/p><br \/>\n<br \/>\n<p><b>7.\u00bfEs el perfil de aluminio para marcos de paneles solares respetuoso con el medio ambiente? <\/b><\/p>\n<p>S\u00ed, el perfil de aluminio anodizado es una soluci\u00f3n ecol\u00f3gica que favorece la conservaci\u00f3n de la energ\u00eda y la sostenibilidad, contribuyendo a los beneficios medioambientales generales de los sistemas de energ\u00eda solar.<br \/>\n<\/p><br \/><\/p>","protected":false},"featured_media":8190,"template":"","categories":[54],"class_list":["post-8191","product","type-product","status-publish","has-post-thumbnail","hentry","category-industrial-aluminum-profiles"],"meta_box":{"hilight_text_group":{"product_hilight_text":"<ul>\r\r\n  <li>Customized anodized aluminum profiles specifically designed for durable solar panel frames.<\/li>\r\r\n  <li>Corrosion-resistant anodized finish ensures long-lasting performance in outdoor environments.<\/li>\r\r\n  <li>Lightweight yet strong, providing excellent structural support without adding unnecessary weight.<\/li>\r\r\n  <li>Energy-efficient design that enhances solar panel performance by optimizing frame durability.<\/li>\r\r\n  <li>Customizable sizes and designs to meet specific requirements for different solar panel projects.<\/li>\r\r\n  <li>Easy to assemble and install, reducing labor costs and time for solar panel frame construction.<\/li>\r\r\n  <li>Environmentally friendly solution, contributing to energy conservation and sustainability efforts.<\/li>\r\r\n<\/ul>","product_chanpin_blog":"<ul>\r\r\n<li><a href=\"https:\/\/sinoextrud.com\/t-slot-v-slot-differences\/\" target=\"_blank\">t slot vs v slot<\/a><\/li>\r\r\n<li><a href=\"https:\/\/sinoextrud.com\/what-is-4040-aluminium-extrud\/\" target=\"_blank\">4040 aluminium extrusion<\/a><\/li>\r\r\n<li><a href=\"https:\/\/sinoextrud.com\/what-is-4040-aluminium-extrud\/\" target=\"_blank\">aluminum extrusions for industrial racks<\/a><\/li>\r\r\n<li><a href=\"https:\/\/sinoextrud.com\/powder-coating-aluminium-process\/\" target=\"_blank\">powder coating aluminium<\/a><\/li>\r\r\n<li><a href=\"https:\/\/sinoextrud.com\/what-is-an-aluminium-strip-ceiling\/\" target=\"_blank\">aluminium strip ceiling<\/a><\/li>\r\r\n<li><a href=\"https:\/\/sinoextrud.com\/what-is-a-heat-sink\/\" target=\"_blank\">what is a heat sink<\/a><\/li>\r\r\n<\/ul>","product_chanpin_chanpin":"<li><a href=\"https:\/\/sinoextrud.com\/product\/t-section-aluminium-extrusion\/\" target=\"_blank\">T Section Aluminium Extrusion<\/a><\/li>\r\n<li><a href=\"https:\/\/sinoextrud.com\/product\/customized-extruded-shaped-aluminum-profiles-6063-anodized-industrial-aluminum-profile\/\" target=\"_blank\">Customized Extruded Shaped Aluminum Profiles 6063 Anodized Industrial Aluminum Profile<\/a><\/li>\r\n<li><a href=\"https:\/\/sinoextrud.com\/product\/customized-industrial-aluminum-heat-sink\/\" target=\"_blank\">Customized Industrial Aluminum Heat Sink<\/a><\/li>\r\n<li><a href=\"https:\/\/sinoextrud.com\/product\/led-strip-aluminum-profile\/\" target=\"_blank\">Led Strip Aluminum Profile<\/a><\/li>\r\n<li><a href=\"https:\/\/sinoextrud.com\/product\/customized-new-energy-conservation-anodized-aluminum-profile-frame-for-solar-panel-frame\/\" target=\"_blank\">Customized New Energy Conservation Anodized Aluminum Profile Frame For Solar Panel Frame<\/a><\/li>\r\n<li><a href=\"https:\/\/sinoextrud.com\/product\/cutting-bending-aluminum-led-strip-heatsink\/\" target=\"_blank\">Cutting Bending Aluminum LED Strip Heatsink<\/a><\/li>\r\n<li><a href=\"https:\/\/sinoextrud.com\/product\/extrude-6000-series-aluminium-bar\/\" target=\"_blank\">Extrude 6000 Series Aluminium bar<\/a><\/li>\r\n<li><a href=\"https:\/\/sinoextrud.com\/product\/v-slot-rail-aluminum-profile-extrusion\/\" target=\"_blank\">V Slot Rail Aluminum Profile Extrusion<\/a><\/li>\r\n<li><a href=\"https:\/\/sinoextrud.com\/product\/extruded-aluminium-profiles-heat-sink\/\" target=\"_blank\">Extruded Aluminium Profiles Heat Sink<\/a><\/li>\r\n<li><a href=\"https:\/\/sinoextrud.com\/product\/aluminum-shutter-profile\/\" target=\"_blank\">Aluminum Shutter Profile<\/a><\/li>\r\n<li><a href=\"https:\/\/sinoextrud.com\/product\/furniture-aluminium-profiles\/\" target=\"_blank\">Furniture Aluminium Profiles<\/a><\/li>"},"feature_list":[]},"_links":{"self":[{"href":"https:\/\/sinoextrud.com\/es\/wp-json\/wp\/v2\/product\/8191","targetHints":{"allow":["GET"]}}],"collection":[{"href":"https:\/\/sinoextrud.com\/es\/wp-json\/wp\/v2\/product"}],"about":[{"href":"https:\/\/sinoextrud.com\/es\/wp-json\/wp\/v2\/types\/product"}],"wp:featuredmedia":[{"embeddable":true,"href":"https:\/\/sinoextrud.com\/es\/wp-json\/wp\/v2\/media\/8190"}],"wp:attachment":[{"href":"https:\/\/sinoextrud.com\/es\/wp-json\/wp\/v2\/media?parent=8191"}],"wp:term":[{"taxonomy":"category","embeddable":true,"href":"https:\/\/sinoextrud.com\/es\/wp-json\/wp\/v2\/categories?post=8191"}],"curies":[{"name":"wp","href":"https:\/\/api.w.org\/{rel}","templated":true}]}}