{"id":8185,"date":"2025-06-13T07:23:36","date_gmt":"2025-06-13T07:23:36","guid":{"rendered":"https:\/\/sinoextrud.com\/product\/customized-extruded-shaped-aluminum-profiles-6063-anodized-industrial-aluminum-profile\/"},"modified":"2025-06-24T06:23:18","modified_gmt":"2025-06-24T06:23:18","slug":"perfiles-de-aluminio-extruido-moldeado-a-medida-perfil-de-aluminio-industrial-anodizado-6063","status":"publish","type":"product","link":"https:\/\/sinoextrud.com\/es\/product\/customized-extruded-shaped-aluminum-profiles-6063-anodized-industrial-aluminum-profile\/","title":{"rendered":"Perfiles de aluminio extruido con forma personalizada Perfil de aluminio industrial anodizado 6063"},"content":{"rendered":"<h2>Productos<\/h2>\n<table class=\"custom-table\">\n<tbody>\n<tr>\n<td> Art\u00edculo:<\/td>\n<td> Perfiles de aluminio extruido a medida perfil de aluminio industrial anodizado 6063<\/td>\n<td> Grado:<\/td>\n<td> 6063<\/td>\n<\/tr>\n<tr>\n<td> Temperamento:<\/td>\n<td> T3-T8<\/td>\n<td> Lugar de origen:<\/td>\n<td> Foshan, Guangdong<\/td>\n<\/tr>\n<tr>\n<td> Forma:<\/td>\n<td> Personalizado<\/td>\n<td> De aleaci\u00f3n o no:<\/td>\n<td> Es aleaci\u00f3n<\/td>\n<\/tr>\n<tr>\n<td> Tolerancia:<\/td>\n<td> \u00b10,3%<\/td>\n<td> Marca:<\/td>\n<td> Sinoextrud<\/td>\n<\/tr>\n<tr>\n<td> Color:<\/td>\n<td> Personalizado<\/td>\n<td> Tratamiento de la superficie:<\/td>\n<td> Anodizado<\/td>\n<\/tr>\n<tr>\n<td> Plazo de entrega:<\/td>\n<td> 25-30 d\u00edas<\/td>\n<td> MOQ:<\/td>\n<td> 200KGpara cada perfil<\/td>\n<\/tr>\n<tr>\n<td> Plazo de pago:<\/td>\n<td> T\/T(30% Dep\u00f3sito), L\/C<\/td>\n<td> Servicio de tramitaci\u00f3n:<\/td>\n<td> Mecanizado CNC<\/td>\n<\/tr>\n<tr>\n<td> Puerto:<\/td>\n<td> Guangzhou, Shenzhen,Foshan<\/td>\n<td> Longitud:<\/td>\n<td> Normalmente 1-9m<\/td>\n<\/tr>\n<tr>\n<td> Muestra:<\/td>\n<td> Gratis<\/td>\n<td> Uso:<\/td>\n<td> Industrial<\/td>\n<\/tr>\n<\/tbody>\n<\/table>\n<h2>Nuestra base de fabricaci\u00f3n<\/h2>\n<h3>Panorama de la f\u00e1brica<\/h3>\n<p><img decoding=\"async\" src=\"\/wp-content\/uploads\/factory-01.webp\"\/><\/p>\n<h3>Taller de fabricaci\u00f3n de barras de aluminio<\/h3>\n<p><img decoding=\"async\" src=\"\/wp-content\/uploads\/factory-02.webp\"\/><\/p>\n<p><img decoding=\"async\" src=\"\/wp-content\/uploads\/factory-03.webp\"\/><\/p>\n<h3>Almac\u00e9n de moldes<\/h3>\n<p><img decoding=\"async\" src=\"\/wp-content\/uploads\/factory-04.webp\"\/><\/p>\n<h3>43 l\u00edneas de extrusi\u00f3n de aluminio (500-5500 toneladas)<\/h3>\n<p><img decoding=\"async\" src=\"\/wp-content\/uploads\/factory-05.webp\"\/><\/p>\n<p><img decoding=\"async\" src=\"\/wp-content\/uploads\/factory-06.webp\"\/><\/p>\n<p><img decoding=\"async\" src=\"\/wp-content\/uploads\/factory-07.webp\"\/><\/p>\n<h3>Taller de pintura en polvo<\/h3>\n<p><img decoding=\"async\" src=\"\/wp-content\/uploads\/factory-09.webp\"\/><\/p>\n<h3>Taller de anodizado<\/h3>\n<p><img decoding=\"async\" src=\"\/wp-content\/uploads\/factory-10.webp\"\/><\/p>\n<h3>Taller de procesamiento profundo<\/h3>\n<p><img decoding=\"async\" src=\"\/wp-content\/uploads\/factory-11.webp\"\/><\/p>\n<h3>Taller de mecanizado de precisi\u00f3n CNC<\/h3>\n<p><img decoding=\"async\" src=\"\/wp-content\/uploads\/factory-11.5.webp\"\/><\/p>\n<h3>Almac\u00e9n de productos acabados y de exportaci\u00f3n<\/h3>\n<p><img decoding=\"async\" src=\"\/wp-content\/uploads\/factory-12.webp\"\/><\/p>\n<p><img decoding=\"async\" src=\"\/wp-content\/uploads\/factory-13.webp\"\/><\/p>\n<p><img decoding=\"async\" src=\"\/wp-content\/uploads\/factory-14.webp\"\/><\/p>\n<h2>PREGUNTAS FRECUENTES<\/h2>\n<p><p><b>1. \u00bfCu\u00e1l es la ventaja de utilizar perfiles de aluminio extruido personalizados? <\/b><\/p>\n<p>Los perfiles de aluminio extruido personalizados proporcionan soluciones a medida para necesidades industriales espec\u00edficas, garantizando un ajuste preciso y un rendimiento \u00f3ptimo para diversas aplicaciones.<br \/>\n<\/p><br \/>\n<br \/>\n<p><b>2.\u00bfPor qu\u00e9 se utiliza habitualmente la aleaci\u00f3n de aluminio 6063 para perfiles industriales? <\/b><\/p>\n<p>La aleaci\u00f3n de aluminio 6063 es conocida por su excelente resistencia, durabilidad y facilidad de mecanizado, lo que la hace perfecta para crear perfiles industriales que deben soportar entornos exigentes.<br \/>\n<\/p><br \/>\n<br \/>\n<p><b>3.\u00bfCu\u00e1les son las ventajas del anodizado de perfiles de aluminio? <\/b><\/p>\n<p>El anodizado del aluminio mejora la resistencia a la corrosi\u00f3n, aumenta la dureza de la superficie y proporciona un acabado est\u00e9tico, por lo que resulta adecuado tanto para fines funcionales como decorativos.<br \/>\n<\/p><br \/>\n<br \/>\n<p><b>4.\u00bfDe qu\u00e9 manera beneficia la ligereza del aluminio a las aplicaciones industriales? <\/b><\/p>\n<p>La ligereza del aluminio reduce los costes de transporte y manipulaci\u00f3n al tiempo que mantiene la integridad estructural, lo que lo hace ideal para uso industrial y de fabricaci\u00f3n.<br \/>\n<\/p><br \/>\n<br \/>\n<p><b>5. \u00bfPueden adaptarse los perfiles de aluminio a las necesidades espec\u00edficas de la industria? <\/b><\/p>\n<p>S\u00ed, los perfiles de aluminio pueden personalizarse en cuanto a forma, tama\u00f1o y acabado para satisfacer los requisitos espec\u00edficos de diversas aplicaciones industriales.<br \/>\n<\/p><br \/>\n<br \/>\n<p><b>6.\u00bfEl acabado anodizado es apto tanto para interiores como para exteriores? <\/b><\/p>\n<p>S\u00ed, el acabado anodizado proporciona una excelente protecci\u00f3n contra la corrosi\u00f3n y los factores ambientales, por lo que es adecuado tanto para uso en interiores como en exteriores.<br \/>\n<\/p><br \/>\n<br \/>\n<p><b>7.\u00bfC\u00f3mo mejora la eficiencia de fabricaci\u00f3n el dise\u00f1o del perfil extruido? <\/b><\/p>\n<p>Los perfiles extruidos son altamente personalizables y est\u00e1n dise\u00f1ados con precisi\u00f3n, lo que facilita su integraci\u00f3n en los sistemas y acelera el montaje, aumentando as\u00ed la eficacia general de la fabricaci\u00f3n.<br \/>\n<\/p><br \/><\/p>","protected":false},"featured_media":0,"template":"","categories":[54],"class_list":["post-8185","product","type-product","status-publish","hentry","category-industrial-aluminum-profiles"],"meta_box":{"hilight_text_group":{"product_hilight_text":"<ul>\r\r\n  <li>Customizable extruded shaped aluminum profiles, offering flexibility for various industrial applications.<\/li>\r\r\n  <li>High-strength 6063 aluminum alloy ensures superior durability and reliability in demanding environments.<\/li>\r\r\n  <li>Anodized finish enhances corrosion resistance and provides a sleek, professional appearance.<\/li>\r\r\n  <li>Lightweight design without compromising strength, making it ideal for cost-effective, high-performance solutions.<\/li>\r\r\n  <li>Precision-engineered profiles that allow for easy integration into diverse industrial systems and frameworks.<\/li>\r\r\n  <li>Highly resistant to environmental factors, making it suitable for both indoor and outdoor applications.<\/li>\r\r\n  <li>Ideal for a wide range of industries including manufacturing, construction, and automation systems.<\/li>\r\r\n<\/ul>","product_chanpin_blog":"<ul>\r\r\n<li><a href=\"https:\/\/sinoextrud.com\/t-slot-v-slot-differences\/\" target=\"_blank\">t slot vs v slot<\/a><\/li>\r\r\n<li><a href=\"https:\/\/sinoextrud.com\/what-is-4040-aluminium-extrud\/\" target=\"_blank\">4040 aluminium extrusion<\/a><\/li>\r\r\n<li><a href=\"https:\/\/sinoextrud.com\/what-is-4040-aluminium-extrud\/\" target=\"_blank\">aluminum extrusions for industrial racks<\/a><\/li>\r\r\n<li><a href=\"https:\/\/sinoextrud.com\/powder-coating-aluminium-process\/\" target=\"_blank\">powder coating aluminium<\/a><\/li>\r\r\n<li><a href=\"https:\/\/sinoextrud.com\/what-is-an-aluminium-strip-ceiling\/\" target=\"_blank\">aluminium strip ceiling<\/a><\/li>\r\r\n<li><a href=\"https:\/\/sinoextrud.com\/what-is-a-heat-sink\/\" target=\"_blank\">what is a heat sink<\/a><\/li>\r\r\n<\/ul>","product_chanpin_chanpin":"<li><a href=\"https:\/\/sinoextrud.com\/product\/aluminum-heat-sink-box-shapes-profiles\/\" target=\"_blank\">Aluminum Heat Sink Box  Shapes  Profiles<\/a><\/li>\r\n<li><a href=\"https:\/\/sinoextrud.com\/product\/solar-aluminium-profiles\/\" target=\"_blank\">Solar Aluminium Profiles<\/a><\/li>\r\n<li><a href=\"https:\/\/sinoextrud.com\/product\/solar-panel-frame-aluminum-profile\/\" target=\"_blank\">Solar Panel Frame Aluminum Profile<\/a><\/li>\r\n<li><a href=\"https:\/\/sinoextrud.com\/product\/t-section-aluminium-extrusion\/\" target=\"_blank\">T Section Aluminium Extrusion<\/a><\/li>\r\n<li><a href=\"https:\/\/sinoextrud.com\/product\/customized-extruded-shaped-aluminum-profiles-6063-anodized-industrial-aluminum-profile\/\" target=\"_blank\">Customized Extruded Shaped Aluminum Profiles 6063 Anodized Industrial Aluminum Profile<\/a><\/li>\r\n<li><a href=\"https:\/\/sinoextrud.com\/product\/customized-industrial-aluminum-heat-sink\/\" target=\"_blank\">Customized Industrial Aluminum Heat Sink<\/a><\/li>\r\n<li><a href=\"https:\/\/sinoextrud.com\/product\/led-strip-aluminum-profile\/\" target=\"_blank\">Led Strip Aluminum Profile<\/a><\/li>\r\n<li><a href=\"https:\/\/sinoextrud.com\/product\/customized-new-energy-conservation-anodized-aluminum-profile-frame-for-solar-panel-frame\/\" target=\"_blank\">Customized New Energy Conservation Anodized Aluminum Profile Frame For Solar Panel Frame<\/a><\/li>\r\n<li><a href=\"https:\/\/sinoextrud.com\/product\/cutting-bending-aluminum-led-strip-heatsink\/\" target=\"_blank\">Cutting Bending Aluminum LED Strip Heatsink<\/a><\/li>\r\n<li><a href=\"https:\/\/sinoextrud.com\/product\/aluminium-window-parts-names-sliding-6063-material-framing-profile\/\" target=\"_blank\">aluminium window parts names sliding 6063 material framing profile<\/a><\/li>\r\n<li><a href=\"https:\/\/sinoextrud.com\/product\/cnc-aluminium-profile\/\" target=\"_blank\">CNC aluminium profile<\/a><\/li>"},"feature_list":[]},"_links":{"self":[{"href":"https:\/\/sinoextrud.com\/es\/wp-json\/wp\/v2\/product\/8185","targetHints":{"allow":["GET"]}}],"collection":[{"href":"https:\/\/sinoextrud.com\/es\/wp-json\/wp\/v2\/product"}],"about":[{"href":"https:\/\/sinoextrud.com\/es\/wp-json\/wp\/v2\/types\/product"}],"wp:attachment":[{"href":"https:\/\/sinoextrud.com\/es\/wp-json\/wp\/v2\/media?parent=8185"}],"wp:term":[{"taxonomy":"category","embeddable":true,"href":"https:\/\/sinoextrud.com\/es\/wp-json\/wp\/v2\/categories?post=8185"}],"curies":[{"name":"wp","href":"https:\/\/api.w.org\/{rel}","templated":true}]}}