{"id":8177,"date":"2025-06-13T07:14:46","date_gmt":"2025-06-13T07:14:46","guid":{"rendered":"https:\/\/sinoextrud.com\/product\/aluminum-heat-sink-box-shapes-profiles\/"},"modified":"2025-06-24T06:23:17","modified_gmt":"2025-06-24T06:23:17","slug":"disipador-de-calor-de-aluminio-caja-de-formas-perfiles","status":"publish","type":"product","link":"https:\/\/sinoextrud.com\/es\/product\/aluminum-heat-sink-box-shapes-profiles\/","title":{"rendered":"Perfiles de caja de disipador t\u00e9rmico de aluminio"},"content":{"rendered":"<h2>Productos<\/h2>\n<table class=\"custom-table\">\n<tr>\n<td class=\"label\">Nombre<\/td>\n<td>Caja disipadora de calor de aluminio \/ formas \/ perfiles<\/td>\n<\/tr>\n<tr>\n<td class=\"label\">Marca<\/td>\n<td>Sinoextrud\/<\/td>\n<\/tr>\n<tr>\n<td class=\"label\">Categor\u00eda<\/td>\n<td>Extrusi\u00f3n de aluminio<\/td>\n<\/tr>\n<tr>\n<td class=\"label\">Material<\/td>\n<td>Aleaci\u00f3n de aluminio (6063, 6061,6463,6005,6082)<\/td>\n<\/tr>\n<tr>\n<td class=\"label\">Temple<\/td>\n<td>T5-T8<\/td>\n<\/tr>\n<tr>\n<td class=\"label\">Longitud<\/td>\n<td>La longitud es de 1-9m o a petici\u00f3n del cliente<\/td>\n<\/tr>\n<tr>\n<td class=\"label\">Tama\u00f1o (mm)<\/td>\n<td>Personalizado<\/td>\n<\/tr>\n<tr>\n<td class=\"label\">Forma<\/td>\n<td>Seg\u00fan plano<\/td>\n<\/tr>\n<tr>\n<td class=\"label\">Tratamiento de superficies<\/td>\n<td>Revestimiento de potencia; Mill acabado, anodizado, chorro de arena, electroforesis tambi\u00e9n est\u00e1 disponible<\/td>\n<\/tr>\n<tr>\n<td class=\"label\">Color<\/td>\n<td>Plata, negro, oro, Champange,Bronce, rojo. azul y podemos personalizar los colores basados en las muestras de los clientes.<\/td>\n<\/tr>\n<tr>\n<td class=\"label\">Garant\u00eda<\/td>\n<td>BV , TUV ,ISO<\/td>\n<\/tr>\n<tr>\n<td class=\"label\">Est\u00e1ndar<\/td>\n<td>Calidad media y alta<\/td>\n<\/tr>\n<tr>\n<td class=\"label\">MOQ<\/td>\n<td>200KGS por cada art\u00edculo<\/td>\n<\/tr>\n<tr>\n<td class=\"label\">En<\/td>\n<td>Guangdong, China<\/td>\n<\/tr>\n<tr>\n<td class=\"label\">Aplicaci\u00f3n<\/td>\n<td>Industria, Construcci\u00f3n, Decoraci\u00f3n<\/td>\n<\/tr>\n<tr>\n<td class=\"label\">Tratamiento en profundidad<\/td>\n<td>Corte, taladrado, mecanizado, punzonado, plegado, roscado, etc.<\/td>\n<\/tr>\n<tr>\n<td class=\"label\">Paquete<\/td>\n<td>Interior con pel\u00edcula protectora, pl\u00e1stico retr\u00e1ctil o espuma de PE. Exterior con caja, cart\u00f3n o marco de madera, o personalizaci\u00f3n.<\/td>\n<\/tr>\n<tr>\n<td class=\"label\">Plazo de entrega<\/td>\n<td>El desarrollo del molde y la conformaci\u00f3n de la muestra es de 12-18 d\u00edas, luego la duraci\u00f3n de la producci\u00f3n es de 25-30 d\u00edas despu\u00e9s de la recepci\u00f3n del dep\u00f3sito del comprador.<\/td>\n<\/tr>\n<tr>\n<td class=\"label\">Capacidad del producto<\/td>\n<td>3000 toneladas \/ mes<\/td>\n<\/tr>\n<\/table>\n<h2>Nuestra base de fabricaci\u00f3n<\/h2>\n<h3>Panorama de la f\u00e1brica<\/h3>\n<p><img decoding=\"async\" src=\"\/wp-content\/uploads\/factory-01.webp\"\/><\/p>\n<h3>Taller de fabricaci\u00f3n de barras de aluminio<\/h3>\n<p><img decoding=\"async\" src=\"\/wp-content\/uploads\/factory-02.webp\"\/><\/p>\n<\/p>\n<p><img decoding=\"async\" src=\"\/wp-content\/uploads\/factory-03.webp\"\/><\/p>\n<h3>Almac\u00e9n de moldes<\/h3>\n<p><img decoding=\"async\" src=\"\/wp-content\/uploads\/factory-04.webp\"\/><\/p>\n<h3>43 l\u00edneas de extrusi\u00f3n de aluminio (500-5500 toneladas)<\/h3>\n<p><img decoding=\"async\" src=\"\/wp-content\/uploads\/factory-05.webp\"\/><\/p>\n<p><img decoding=\"async\" src=\"\/wp-content\/uploads\/factory-06.webp\"\/><\/p>\n<p><img decoding=\"async\" src=\"\/wp-content\/uploads\/factory-07.webp\"\/><\/p>\n<h3>Taller de pintura en polvo<\/h3>\n<p><img decoding=\"async\" src=\"\/wp-content\/uploads\/factory-09.webp\"\/><\/p>\n<h3>Taller de anodizado<\/h3>\n<p><img decoding=\"async\" src=\"\/wp-content\/uploads\/factory-10.webp\"\/><\/p>\n<h3>Taller de procesamiento profundo<\/h3>\n<p><img decoding=\"async\" src=\"\/wp-content\/uploads\/factory-11.webp\"\/><\/p>\n<h3>Taller de mecanizado de precisi\u00f3n CNC<\/h3>\n<p><img decoding=\"async\" src=\"\/wp-content\/uploads\/factory-11.5.webp\"\/><\/p>\n<h3>Almac\u00e9n de productos acabados y de exportaci\u00f3n<\/h3>\n<p><img decoding=\"async\" src=\"\/wp-content\/uploads\/factory-12.webp\"\/><\/p>\n<p><img decoding=\"async\" src=\"\/wp-content\/uploads\/factory-13.webp\"\/><\/p>\n<p><img decoding=\"async\" src=\"\/wp-content\/uploads\/factory-14.webp\"\/><\/p>\n<h2>PREGUNTAS FRECUENTES<\/h2>\n<p><b>1.\u00bfPara qu\u00e9 se utiliza un perfil disipador de calor de aluminio? <\/b><\/p>\n<p> Los perfiles disipadores de calor de aluminio est\u00e1n dise\u00f1ados para disipar el calor de los componentes electr\u00f3nicos, garantizando un rendimiento estable y evitando el sobrecalentamiento.\n<\/p>\n<p><\/p>\n<p><b>2.\u00bfPor qu\u00e9 utilizar aluminio en los disipadores de calor? <\/b><\/p>\n<p> El aluminio ofrece una excelente conductividad t\u00e9rmica, es ligero y resistente a la corrosi\u00f3n, por lo que resulta ideal para los sistemas de disipaci\u00f3n de calor.\n<\/p>\n<p><\/p>\n<p><b>3.\u00bfQu\u00e9 tipos de formas existen para los disipadores de calor de aluminio? <\/b><\/p>\n<p> Suministramos disipadores t\u00e9rmicos de aluminio en forma de caja, formas personalizadas y perfiles extruidos est\u00e1ndar para satisfacer las distintas necesidades de aplicaci\u00f3n.\n<\/p>\n<p><\/p>\n<p><b>4.\u00bfSe pueden personalizar los disipadores de calor de aluminio? <\/b><\/p>\n<p> S\u00ed, ofrecemos dimensiones, patrones de aletas y acabados de superficie personalizados para optimizar el rendimiento t\u00e9rmico de dispositivos espec\u00edficos.\n<\/p>\n<p><\/p>\n<p><b>5.\u00bfSon f\u00e1ciles de instalar los perfiles disipadores de calor de aluminio? <\/b><\/p>\n<p> Por supuesto, son ligeros, f\u00e1ciles de mecanizar y est\u00e1n dise\u00f1ados para integrarse r\u00e1pidamente en carcasas y conjuntos electr\u00f3nicos.\n<\/p>\n<p><\/p>\n<p><b>6.\u00bfQu\u00e9 industrias utilizan perfiles disipadores de calor de aluminio? <\/b><\/p>\n<p> Estos perfiles se utilizan ampliamente en iluminaci\u00f3n LED, fuentes de alimentaci\u00f3n, equipos de telecomunicaciones, controles industriales y electr\u00f3nica de consumo.\n<\/p>\n<p><\/p>\n<p><b>7.\u00bfC\u00f3mo mejoran los perfiles de aluminio de los disipadores de calor el rendimiento de los dispositivos? <\/b><\/p>\n<p> Al dispersar eficazmente el calor, mantienen temperaturas de funcionamiento seguras, prolongan la vida \u00fatil de los componentes y garantizan el funcionamiento fiable de los dispositivos.\n<\/p>\n<p><\/p>","protected":false},"featured_media":8176,"template":"","categories":[54],"class_list":["post-8177","product","type-product","status-publish","has-post-thumbnail","hentry","category-industrial-aluminum-profiles"],"meta_box":{"hilight_text_group":{"product_hilight_text":"<li>Efficient thermal conductivity for effective heat dissipation.<\/li>\r\r\n<li>Available in box, custom shapes, and extruded profiles for flexible use.<\/li>\r\r\n<li>Lightweight aluminum reduces overall device weight.<\/li>\r\r\n<li>Corrosion-resistant surface suitable for harsh environments.<\/li>\r\r\n<li>Customizable dimensions and fin designs to optimize cooling performance.<\/li>\r\r\n<li>Easy to machine and integrate into electronic enclosures.<\/li>\r\r\n<li>Ideal for LED, power supply, telecom, and industrial applications.<\/li>","product_chanpin_blog":"<ul>\r\r\n<li><a href=\"https:\/\/sinoextrud.com\/t-slot-v-slot-differences\/\" target=\"_blank\">t slot vs v slot<\/a><\/li>\r\r\n<li><a href=\"https:\/\/sinoextrud.com\/what-is-4040-aluminium-extrud\/\" target=\"_blank\">4040 aluminium extrusion<\/a><\/li>\r\r\n<li><a href=\"https:\/\/sinoextrud.com\/what-is-4040-aluminium-extrud\/\" target=\"_blank\">aluminum extrusions for industrial racks<\/a><\/li>\r\r\n<li><a href=\"https:\/\/sinoextrud.com\/powder-coating-aluminium-process\/\" target=\"_blank\">powder coating aluminium<\/a><\/li>\r\r\n<li><a href=\"https:\/\/sinoextrud.com\/what-is-an-aluminium-strip-ceiling\/\" target=\"_blank\">aluminium strip ceiling<\/a><\/li>\r\r\n<li><a href=\"https:\/\/sinoextrud.com\/what-is-a-heat-sink\/\" target=\"_blank\">what is a heat sink<\/a><\/li>\r\r\n<\/ul>","product_chanpin_chanpin":"<li><a href=\"https:\/\/sinoextrud.com\/product\/aluminum-t-slot-table\/\" target=\"_blank\">Aluminum T Slot Table<\/a><\/li>\r\n<li><a href=\"https:\/\/sinoextrud.com\/product\/brushed-aluminium-profile\/\" target=\"_blank\">Brushed Aluminium Profile<\/a><\/li>\r\n<li><a href=\"https:\/\/sinoextrud.com\/product\/cnc-machining-aluminum-heat-sink\/\" target=\"_blank\">CNC Machining Aluminum Heat Sink<\/a><\/li>\r\n<li><a href=\"https:\/\/sinoextrud.com\/product\/comb-shape-aluminium-heat-sink\/\" target=\"_blank\">Comb Shape Aluminium Heat Sink<\/a><\/li>\r\n<li><a href=\"https:\/\/sinoextrud.com\/product\/aluminum-heat-sink-box-shapes-profiles\/\" target=\"_blank\">Aluminum Heat Sink Box  Shapes  Profiles<\/a><\/li>\r\n<li><a href=\"https:\/\/sinoextrud.com\/product\/solar-aluminium-profiles\/\" target=\"_blank\">Solar Aluminium Profiles<\/a><\/li>\r\n<li><a href=\"https:\/\/sinoextrud.com\/product\/solar-panel-frame-aluminum-profile\/\" target=\"_blank\">Solar Panel Frame Aluminum Profile<\/a><\/li>\r\n<li><a href=\"https:\/\/sinoextrud.com\/product\/t-section-aluminium-extrusion\/\" target=\"_blank\">T Section Aluminium Extrusion<\/a><\/li>\r\n<li><a href=\"https:\/\/sinoextrud.com\/product\/customized-extruded-shaped-aluminum-profiles-6063-anodized-industrial-aluminum-profile\/\" target=\"_blank\">Customized Extruded Shaped Aluminum Profiles 6063 Anodized Industrial Aluminum Profile<\/a><\/li>\r\n<li><a href=\"https:\/\/sinoextrud.com\/product\/aluminium-glass-fitting-channel\/\" target=\"_blank\">Aluminium Glass Fitting Channel<\/a><\/li>\r\n<li><a href=\"https:\/\/sinoextrud.com\/product\/aluminum-extrusion-6063-powder-coating-aluminum-tile-roof-profile\/\" target=\"_blank\">Aluminum Extrusion 6063 Powder Coating Aluminum Tile Roof Profile<\/a><\/li>"},"feature_list":[]},"_links":{"self":[{"href":"https:\/\/sinoextrud.com\/es\/wp-json\/wp\/v2\/product\/8177","targetHints":{"allow":["GET"]}}],"collection":[{"href":"https:\/\/sinoextrud.com\/es\/wp-json\/wp\/v2\/product"}],"about":[{"href":"https:\/\/sinoextrud.com\/es\/wp-json\/wp\/v2\/types\/product"}],"wp:featuredmedia":[{"embeddable":true,"href":"https:\/\/sinoextrud.com\/es\/wp-json\/wp\/v2\/media\/8176"}],"wp:attachment":[{"href":"https:\/\/sinoextrud.com\/es\/wp-json\/wp\/v2\/media?parent=8177"}],"wp:term":[{"taxonomy":"category","embeddable":true,"href":"https:\/\/sinoextrud.com\/es\/wp-json\/wp\/v2\/categories?post=8177"}],"curies":[{"name":"wp","href":"https:\/\/api.w.org\/{rel}","templated":true}]}}