{"id":8174,"date":"2025-06-13T07:11:14","date_gmt":"2025-06-13T07:11:14","guid":{"rendered":"https:\/\/sinoextrud.com\/product\/comb-shape-aluminium-heat-sink\/"},"modified":"2025-06-24T06:23:16","modified_gmt":"2025-06-24T06:23:16","slug":"disipador-de-calor-de-aluminio-en-forma-de-peine","status":"publish","type":"product","link":"https:\/\/sinoextrud.com\/es\/product\/comb-shape-aluminium-heat-sink\/","title":{"rendered":"Disipador de calor de aluminio en forma de peine"},"content":{"rendered":"<h2>Productos<\/h2>\n<table class=\"custom-table\">\n<tbody>\n<tr>\n<td> Nombre del producto<\/td>\n<td> <strong>Disipador de calor de aluminio en forma de peine<\/strong><\/td>\n<\/tr>\n<tr>\n<td> Tama\u00f1o:<\/td>\n<td> seg\u00fan su petici\u00f3n<\/td>\n<\/tr>\n<tr>\n<td> Forma<\/td>\n<td>\nForma de peine<\/td>\n<\/tr>\n<tr>\n<td> M\u00e9todo de producci\u00f3n<\/td>\n<td> extrusi\u00f3n de aluminio<\/td>\n<\/tr>\n<tr>\n<td> Tratamiento<\/td>\n<td> Taladrado, roscado, pulido, fresado, corte por l\u00e1ser, mecanizado cnc, biselado, desbarbado<\/td>\n<\/tr>\n<tr>\n<td> Tolerancia<\/td>\n<td> 0,01 mm<\/td>\n<\/tr>\n<tr>\n<td> Tratamiento de superficies<\/td>\n<td> anodizado, recubrimiento en polvo, galvanoplastia, electroforesis<\/td>\n<\/tr>\n<tr>\n<td> Color<\/td>\n<td> negro, rojo, plata, azul, seg\u00fan su petici\u00f3n<\/td>\n<\/tr>\n<tr>\n<td> Muestra<\/td>\n<td> Disponible<\/td>\n<\/tr>\n<tr>\n<td> Atenci\u00f3n<\/td>\n<td> Aqu\u00ed hay m\u00e1s de 200 dise\u00f1os de disipador de calor de aluminio, di\u00e1metro de 15 mm a 350 mm, por favor no dude en pedir m\u00e1s informaci\u00f3n<\/td>\n<\/tr>\n<\/tbody>\n<\/table>\n<h2>Nuestra base de fabricaci\u00f3n<\/h2>\n<h3>Panorama de la f\u00e1brica<\/h3>\n<p><img decoding=\"async\" src=\"\/wp-content\/uploads\/factory-01.webp\"\/><\/p>\n<h3>Taller de fabricaci\u00f3n de barras de aluminio<\/h3>\n<p><img decoding=\"async\" src=\"\/wp-content\/uploads\/factory-02.webp\"\/><\/p>\n<\/p>\n<p><img decoding=\"async\" src=\"\/wp-content\/uploads\/factory-03.webp\"\/><\/p>\n<h3>Almac\u00e9n de moldes<\/h3>\n<p><img decoding=\"async\" src=\"\/wp-content\/uploads\/factory-04.webp\"\/><\/p>\n<h3>43 L\u00c3neas de extrusi\u00c3\u00b3n de aluminio (500\u00e2\u20ac\"5500 toneladas)<\/h3>\n<p><img decoding=\"async\" src=\"\/wp-content\/uploads\/factory-05.webp\"\/><\/p>\n<p><img decoding=\"async\" src=\"\/wp-content\/uploads\/factory-06.webp\"\/><\/p>\n<p><img decoding=\"async\" src=\"\/wp-content\/uploads\/factory-07.webp\"\/><\/p>\n<h3>Taller de pintura en polvo<\/h3>\n<p><img decoding=\"async\" src=\"\/wp-content\/uploads\/factory-09.webp\"\/><\/p>\n<h3>Taller de anodizado<\/h3>\n<p><img decoding=\"async\" src=\"\/wp-content\/uploads\/factory-10.webp\"\/><\/p>\n<h3>Taller de procesamiento profundo<\/h3>\n<p><img decoding=\"async\" src=\"\/wp-content\/uploads\/factory-11.webp\"\/><\/p>\n<h3>Taller de mecanizado de precisi\u00f3n CNC<\/h3>\n<p><img decoding=\"async\" src=\"\/wp-content\/uploads\/factory-11.5.webp\"\/><\/p>\n<h3>Almac\u00e9n de productos acabados y de exportaci\u00f3n<\/h3>\n<p><img decoding=\"async\" src=\"\/wp-content\/uploads\/factory-12.webp\"\/><\/p>\n<p><img decoding=\"async\" src=\"\/wp-content\/uploads\/factory-13.webp\"\/><\/p>\n<p><img decoding=\"async\" src=\"\/wp-content\/uploads\/factory-14.webp\"\/><\/p>\n<h2>PREGUNTAS FRECUENTES<\/h2>\n<p><b>1.\u00bfQu\u00e9 hace que el disipador de calor de aluminio en forma de peine sea eficaz?<\/b><\/p>\n<p>La estructura en forma de peine mejora la disipaci\u00f3n del calor, garantizando un rendimiento de refrigeraci\u00f3n \u00f3ptimo y manteniendo un funcionamiento estable para diversas aplicaciones.\n<\/p>\n<p><\/p>\n<p><b>2.\u00bfQu\u00e9 material se utiliza en el disipador de calor de aluminio en forma de peine?<\/b><\/p>\n<p>Est\u00e1 fabricado en aluminio de alta calidad, que ofrece una excelente durabilidad, ligereza y resistencia a la corrosi\u00f3n.\n<\/p>\n<p><\/p>\n<p><b>3. \u00bfQu\u00e9 aplicaciones se benefician del disipador de calor de aluminio en forma de peine?<\/b><\/p>\n<p>Es ideal para aplicaciones de alta potencia como electr\u00f3nica, luces LED y otros sistemas que requieren soluciones de refrigeraci\u00f3n eficientes.\n<\/p>\n<p><\/p>\n<p><b>4.\u00bfC\u00f3mo mejora la refrigeraci\u00f3n el dise\u00f1o del disipador de calor de aluminio en forma de peine?<\/b><\/p>\n<p>El dise\u00f1o en forma de peine maximiza la superficie, lo que permite un mejor flujo de aire y una disipaci\u00f3n del calor m\u00e1s eficaz.\n<\/p>\n<p><\/p>\n<p><b>5.\u00bfSe puede personalizar el disipador de calor de aluminio en forma de peine?<\/b><\/p>\n<p>S\u00ed, cuenta con un dise\u00f1o personalizable que puede adaptarse para satisfacer las necesidades espec\u00edficas de disipaci\u00f3n de calor de diferentes aplicaciones.\n<\/p>\n<p><\/p>\n<p><b>6.\u00bfCu\u00e1l es la rentabilidad del disipador de calor de aluminio en forma de peine?<\/b><\/p>\n<p>Se trata de una soluci\u00f3n rentable, que ofrece un alto rendimiento a un coste inferior en comparaci\u00f3n con otros m\u00e9todos de refrigeraci\u00f3n y reduce la necesidad de sistemas de refrigeraci\u00f3n adicionales.\n<\/p>\n<p><\/p>\n<p><b>7.\u00bfPor qu\u00e9 el disipador de calor de aluminio en forma de peine es ideal para la electr\u00f3nica de potencia?<\/b><\/p>\n<p>Su eficaz disipaci\u00f3n del calor garantiza que la electr\u00f3nica de potencia se mantenga dentro de temperaturas de funcionamiento seguras, evitando el sobrecalentamiento y prolongando la vida \u00fatil de los componentes.\n<\/p>\n<p><\/p>","protected":false},"featured_media":8173,"template":"","categories":[54],"class_list":["post-8174","product","type-product","status-publish","has-post-thumbnail","hentry","category-industrial-aluminum-profiles"],"meta_box":{"hilight_text_group":{"product_hilight_text":"<li>Efficient heat dissipation due to its comb-like structure, improving cooling performance.<\/li>\r\r\n<li>Made from high-quality aluminum for lightweight, durability, and corrosion resistance.<\/li>\r\r\n<li>Ideal for high-power applications, ensuring stable operation and extended component lifespan.<\/li>\r\r\n<li>Compact and customizable design, adaptable to various heat sink requirements.<\/li>\r\r\n<li>Cost-effective and energy-efficient, reducing the need for additional cooling systems.<\/li>","product_chanpin_blog":"<ul>\r\r\n<li><a href=\"https:\/\/sinoextrud.com\/t-slot-v-slot-differences\/\" target=\"_blank\">t slot vs v slot<\/a><\/li>\r\r\n<li><a href=\"https:\/\/sinoextrud.com\/what-is-4040-aluminium-extrud\/\" target=\"_blank\">4040 aluminium extrusion<\/a><\/li>\r\r\n<li><a href=\"https:\/\/sinoextrud.com\/what-is-4040-aluminium-extrud\/\" target=\"_blank\">aluminum extrusions for industrial racks<\/a><\/li>\r\r\n<li><a href=\"https:\/\/sinoextrud.com\/powder-coating-aluminium-process\/\" target=\"_blank\">powder coating aluminium<\/a><\/li>\r\r\n<li><a href=\"https:\/\/sinoextrud.com\/what-is-an-aluminium-strip-ceiling\/\" target=\"_blank\">aluminium strip ceiling<\/a><\/li>\r\r\n<li><a href=\"https:\/\/sinoextrud.com\/what-is-a-heat-sink\/\" target=\"_blank\">what is a heat sink<\/a><\/li>\r\r\n<\/ul>","product_chanpin_chanpin":"<li><a href=\"https:\/\/sinoextrud.com\/product\/aluminum-t-slot-rail-profile\/\" target=\"_blank\">Aluminum T Slot Rail Profile<\/a><\/li>\r\n<li><a href=\"https:\/\/sinoextrud.com\/product\/aluminum-t-slot-table\/\" target=\"_blank\">Aluminum T Slot Table<\/a><\/li>\r\n<li><a href=\"https:\/\/sinoextrud.com\/product\/brushed-aluminium-profile\/\" target=\"_blank\">Brushed Aluminium Profile<\/a><\/li>\r\n<li><a href=\"https:\/\/sinoextrud.com\/product\/cnc-machining-aluminum-heat-sink\/\" target=\"_blank\">CNC Machining Aluminum Heat Sink<\/a><\/li>\r\n<li><a href=\"https:\/\/sinoextrud.com\/product\/comb-shape-aluminium-heat-sink\/\" target=\"_blank\">Comb Shape Aluminium Heat Sink<\/a><\/li>\r\n<li><a href=\"https:\/\/sinoextrud.com\/product\/aluminum-heat-sink-box-shapes-profiles\/\" target=\"_blank\">Aluminum Heat Sink Box  Shapes  Profiles<\/a><\/li>\r\n<li><a href=\"https:\/\/sinoextrud.com\/product\/solar-aluminium-profiles\/\" target=\"_blank\">Solar Aluminium Profiles<\/a><\/li>\r\n<li><a href=\"https:\/\/sinoextrud.com\/product\/solar-panel-frame-aluminum-profile\/\" target=\"_blank\">Solar Panel Frame Aluminum Profile<\/a><\/li>\r\n<li><a href=\"https:\/\/sinoextrud.com\/product\/t-section-aluminium-extrusion\/\" target=\"_blank\">T Section Aluminium Extrusion<\/a><\/li>\r\n<li><a href=\"https:\/\/sinoextrud.com\/product\/aluminium-extrusion-6061-6082-7075-aluminum-alloy-profiles\/\" target=\"_blank\">Aluminium Extrusion 6061 6082 7075 Aluminum Alloy Profiles<\/a><\/li>\r\n<li><a href=\"https:\/\/sinoextrud.com\/product\/extruded-aluminium-skirting-aluminium-skirting-board\/\" target=\"_blank\">Extruded Aluminium Skirting Aluminium Skirting Board<\/a><\/li>"},"feature_list":[]},"_links":{"self":[{"href":"https:\/\/sinoextrud.com\/es\/wp-json\/wp\/v2\/product\/8174","targetHints":{"allow":["GET"]}}],"collection":[{"href":"https:\/\/sinoextrud.com\/es\/wp-json\/wp\/v2\/product"}],"about":[{"href":"https:\/\/sinoextrud.com\/es\/wp-json\/wp\/v2\/types\/product"}],"wp:featuredmedia":[{"embeddable":true,"href":"https:\/\/sinoextrud.com\/es\/wp-json\/wp\/v2\/media\/8173"}],"wp:attachment":[{"href":"https:\/\/sinoextrud.com\/es\/wp-json\/wp\/v2\/media?parent=8174"}],"wp:term":[{"taxonomy":"category","embeddable":true,"href":"https:\/\/sinoextrud.com\/es\/wp-json\/wp\/v2\/categories?post=8174"}],"curies":[{"name":"wp","href":"https:\/\/api.w.org\/{rel}","templated":true}]}}