{"id":8166,"date":"2025-06-13T06:57:17","date_gmt":"2025-06-13T06:57:17","guid":{"rendered":"https:\/\/sinoextrud.com\/product\/aluminum-t-slot-rail-profile\/"},"modified":"2025-06-24T06:23:15","modified_gmt":"2025-06-24T06:23:15","slug":"perfil-de-aluminio-para-ranura-en-t-3","status":"publish","type":"product","link":"https:\/\/sinoextrud.com\/es\/product\/aluminum-t-slot-rail-profile\/","title":{"rendered":"Perfil de aluminio con ranura en T"},"content":{"rendered":"<h2>Productos<\/h2>\n<table class=\"custom-table\">\n<tr>\n<td class=\"label\">Material<\/td>\n<td>Perfil de aluminio con ranura en T aleaci\u00f3n de aluminio 6063<\/td>\n<\/tr>\n<tr>\n<td class=\"label\">Precisi\u00f3n<\/td>\n<td>+\/-0,13 mm<\/td>\n<\/tr>\n<tr>\n<td class=\"label\">Proceso de fabricaci\u00f3n<\/td>\n<td>extrusi\u00f3n<\/td>\n<\/tr>\n<tr>\n<td class=\"label\">Equipos de producci\u00f3n<\/td>\n<td>Taller de extrusi\u00f3n: m\u00e1quina de extrusi\u00f3n, m\u00e1quina de machos de arena, horno de tratamiento t\u00e9rmico, granalladora<br \/>\nTaller de mecanizado: CNC, torno NC<\/td>\n<\/tr>\n<tr>\n<td class=\"label\">Tratamiento de superficies<\/td>\n<td>anodizado, chorro de arena, cepillado, pulido, pintura en polvo, etc.<\/td>\n<\/tr>\n<tr>\n<td class=\"label\">Equipos de ensayo<\/td>\n<td>Dur\u00f3metro, MMC, rugos\u00edmetro y laboratorio de terceros para otras propiedades.<\/td>\n<\/tr>\n<tr>\n<td class=\"label\">Punto de venta<\/td>\n<td>Servicio OEM<br \/>\nMaterial ferroso, no ferroso<br \/>\nAspecto y estructura<br \/>\nServicio de subconjuntos<\/td>\n<\/tr>\n<tr>\n<td class=\"label\">Capacidad de mecanizado<\/td>\n<td>Piezas de mecanizado CNC, piezas de torno y torneado NC, servicio de subconjuntos.<\/td>\n<\/tr>\n<tr>\n<td class=\"label\">Disponibilidad de material<\/td>\n<td>Aleaci\u00f3n de aluminio serie 6000.<\/td>\n<\/tr>\n<tr>\n<td class=\"label\">Disponibilidad de acabados<\/td>\n<td>pintura en polvo, pulido, cepillado, granallado, arenado, anodizado<\/td>\n<\/tr>\n<tr>\n<td class=\"label\">IPQC<\/td>\n<td>IPQC a lo largo de todo el proceso de mecanizado, inspecci\u00f3n puntual de entrada de material, inspecci\u00f3n puntual del proceso de mecanizado e inspecci\u00f3n final basada en AQL.<\/td>\n<\/tr>\n<\/table>\n<h2>Nuestra base de fabricaci\u00f3n<\/h2>\n<h3>Panorama de la f\u00e1brica<\/h3>\n<p><img decoding=\"async\" src=\"\/wp-content\/uploads\/factory-01.webp\"\/><\/p>\n<h3>Taller de fabricaci\u00f3n de barras de aluminio<\/h3>\n<p><img decoding=\"async\" src=\"\/wp-content\/uploads\/factory-02.webp\"\/><\/p>\n<p><img decoding=\"async\" src=\"\/wp-content\/uploads\/factory-03.webp\"\/><\/p>\n<h3>Almac\u00e9n de moldes<\/h3>\n<p><img decoding=\"async\" src=\"\/wp-content\/uploads\/factory-04.webp\"\/><\/p>\n<h3>43 L\u00c3neas de extrusi\u00c3\u00b3n de aluminio (500\u00e2\u20ac\"5500 toneladas)<\/h3>\n<p><img decoding=\"async\" src=\"\/wp-content\/uploads\/factory-05.webp\"\/><\/p>\n<p><img decoding=\"async\" src=\"\/wp-content\/uploads\/factory-06.webp\"\/><\/p>\n<p><img decoding=\"async\" src=\"\/wp-content\/uploads\/factory-07.webp\"\/><\/p>\n<h3>Taller de pintura en polvo<\/h3>\n<p><img decoding=\"async\" src=\"\/wp-content\/uploads\/factory-09.webp\"\/><\/p>\n<h3>Taller de anodizado<\/h3>\n<p><img decoding=\"async\" src=\"\/wp-content\/uploads\/factory-10.webp\"\/><\/p>\n<h3>Taller de procesamiento profundo<\/h3>\n<p><img decoding=\"async\" src=\"\/wp-content\/uploads\/factory-11.webp\"\/><\/p>\n<h3>Taller de mecanizado de precisi\u00f3n CNC<\/h3>\n<p><img decoding=\"async\" src=\"\/wp-content\/uploads\/factory-11.5.webp\"\/><\/p>\n<h3>Almac\u00e9n de productos acabados y de exportaci\u00f3n<\/h3>\n<p><img decoding=\"async\" src=\"\/wp-content\/uploads\/factory-12.webp\"\/><\/p>\n<p><img decoding=\"async\" src=\"\/wp-content\/uploads\/factory-13.webp\"\/><\/p>\n<p><img decoding=\"async\" src=\"\/wp-content\/uploads\/factory-14.webp\"\/><\/p>\n<h2>PREGUNTAS FRECUENTES<\/h2>\n<p><p><b>1. \u00bfQu\u00e9 hace que el perfil de aluminio para ranura en T sea adecuado para la construcci\u00f3n de marcos y estructuras a medida? <\/b><\/p>\n<p> Los perfiles de aluminio con ranura en T son fuertes, resistentes a la corrosi\u00f3n y f\u00e1ciles de montar, por lo que son perfectos para construir marcos y estructuras de soporte personalizados.<br \/>\n<\/p><br \/>\n<br \/>\n<p><b>2. \u00bfSe puede personalizar el perfil de aluminio con ranura en T? <\/b><\/p>\n<p> S\u00ed, el perfil de ra\u00edl con ranura en T puede personalizarse en cuanto a longitud, forma y dise\u00f1o para adaptarse a las necesidades espec\u00edficas de cada proyecto.<br \/>\n<\/p><br \/>\n<br \/>\n<p><b>3. \u00bfCu\u00e1l es la durabilidad del perfil de aluminio con ranura en T? <\/b><\/p>\n<p> El perfil de carril con ranura en T es muy duradero gracias a sus propiedades anticorrosivas, lo que garantiza un rendimiento duradero en diversos entornos industriales.<br \/>\n<\/p><br \/>\n<br \/>\n<p><b>4. \u00bfQu\u00e9 industrias se benefician del uso del perfil de aluminio para ranura en T? <\/b><\/p>\n<p> Industrias como la automatizaci\u00f3n, la rob\u00f3tica, la manipulaci\u00f3n de materiales y la construcci\u00f3n se benefician de estos perfiles para construir armazones, sistemas y soportes.<br \/>\n<\/p><br \/>\n<br \/>\n<p><b>5. \u00bfEs f\u00e1cil instalar y modificar el perfil de aluminio con ranura en T? <\/b><\/p>\n<p> S\u00ed, su dise\u00f1o modular permite una instalaci\u00f3n r\u00e1pida y una modificaci\u00f3n sencilla, lo que reduce el tiempo de configuraci\u00f3n y mejora la flexibilidad para futuros cambios.<br \/>\n<\/p><br \/>\n<br \/>\n<p><b>6.\u00bfC\u00f3mo mejora el perfil de aluminio para ranura en T la eficiencia de los proyectos? <\/b><\/p>\n<p> El dise\u00f1o personalizable y f\u00e1cil de montar permite realizar el proyecto con mayor rapidez, reduciendo los costes de mano de obra y aumentando la eficacia durante la instalaci\u00f3n.<br \/>\n<\/p><br \/>\n<br \/>\n<p><b>7. \u00bfEs el perfil de aluminio para riel de ranura en T respetuoso con el medio ambiente? <\/b><\/p>\n<p> S\u00ed, el aluminio es totalmente reciclable, lo que convierte a estos perfiles en una opci\u00f3n ecol\u00f3gica para construir estructuras a medida y sistemas de maquinaria.<br \/>\n<\/p><br \/><\/p>","protected":false},"featured_media":8165,"template":"","categories":[54],"class_list":["post-8166","product","type-product","status-publish","has-post-thumbnail","hentry","category-industrial-aluminum-profiles"],"meta_box":{"hilight_text_group":{"product_hilight_text":"<li>Versatile aluminum T-slot rail profile for building custom frames, structures, and machinery supports<\/li>\r\r\n<li>Corrosion-resistant, ensuring long-term durability and performance in harsh environments<\/li>\r\r\n<li>Customizable lengths and profiles to meet specific project requirements and applications<\/li>\r\r\n<li>Easy to assemble and modify, offering high flexibility for quick adjustments and upgrades<\/li>\r\r\n<li>Lightweight yet strong, providing excellent stability without adding unnecessary weight<\/li>\r\r\n<li>Ideal for use in automation, robotics, and material handling systems<\/li>\r\r\n<li>Environmentally friendly, as aluminum is fully recyclable<\/li>","product_chanpin_blog":"<ul>\r\r\n<li><a href=\"https:\/\/sinoextrud.com\/t-slot-v-slot-differences\/\" target=\"_blank\">t slot vs v slot<\/a><\/li>\r\r\n<li><a href=\"https:\/\/sinoextrud.com\/what-is-4040-aluminium-extrud\/\" target=\"_blank\">4040 aluminium extrusion<\/a><\/li>\r\r\n<li><a href=\"https:\/\/sinoextrud.com\/what-is-4040-aluminium-extrud\/\" target=\"_blank\">aluminum extrusions for industrial racks<\/a><\/li>\r\r\n<li><a href=\"https:\/\/sinoextrud.com\/powder-coating-aluminium-process\/\" target=\"_blank\">powder coating aluminium<\/a><\/li>\r\r\n<li><a href=\"https:\/\/sinoextrud.com\/what-is-an-aluminium-strip-ceiling\/\" target=\"_blank\">aluminium strip ceiling<\/a><\/li>\r\r\n<li><a href=\"https:\/\/sinoextrud.com\/what-is-a-heat-sink\/\" target=\"_blank\">what is a heat sink<\/a><\/li>\r\r\n<\/ul>","product_chanpin_chanpin":"<li><a href=\"https:\/\/sinoextrud.com\/product\/aluminum-profile-with-t-slot-flat\/\" target=\"_blank\">Aluminum Profile With T Slot Flat<\/a><\/li>\r\n<li><a href=\"https:\/\/sinoextrud.com\/product\/aluminum-t-extrusion\/\" target=\"_blank\">Aluminum T Extrusion<\/a><\/li>\r\n<li><a href=\"https:\/\/sinoextrud.com\/product\/aluminum-t-section-extrusions\/\" target=\"_blank\">Aluminum T Section Extrusions<\/a><\/li>\r\n<li><a href=\"https:\/\/sinoextrud.com\/product\/aluminum-t-slot-profile\/\" target=\"_blank\">Aluminum T Slot Profile<\/a><\/li>\r\n<li><a href=\"https:\/\/sinoextrud.com\/product\/aluminum-t-slot-rail-profile\/\" target=\"_blank\">Aluminum T Slot Rail Profile<\/a><\/li>\r\n<li><a href=\"https:\/\/sinoextrud.com\/product\/aluminum-t-slot-table\/\" target=\"_blank\">Aluminum T Slot Table<\/a><\/li>\r\n<li><a href=\"https:\/\/sinoextrud.com\/product\/brushed-aluminium-profile\/\" target=\"_blank\">Brushed Aluminium Profile<\/a><\/li>\r\n<li><a href=\"https:\/\/sinoextrud.com\/product\/cnc-machining-aluminum-heat-sink\/\" target=\"_blank\">CNC Machining Aluminum Heat Sink<\/a><\/li>\r\n<li><a href=\"https:\/\/sinoextrud.com\/product\/comb-shape-aluminium-heat-sink\/\" target=\"_blank\">Comb Shape Aluminium Heat Sink<\/a><\/li>\r\n<li><a href=\"https:\/\/sinoextrud.com\/product\/aluminum-tube-profile-processing-with-6060-material\/\" target=\"_blank\">Aluminum Tube Profile Processing with 6060 material<\/a><\/li>\r\n<li><a href=\"https:\/\/sinoextrud.com\/product\/aluminum-price-per-ton\/\" target=\"_blank\">Aluminum Price Per Ton<\/a><\/li>"},"feature_list":[]},"_links":{"self":[{"href":"https:\/\/sinoextrud.com\/es\/wp-json\/wp\/v2\/product\/8166","targetHints":{"allow":["GET"]}}],"collection":[{"href":"https:\/\/sinoextrud.com\/es\/wp-json\/wp\/v2\/product"}],"about":[{"href":"https:\/\/sinoextrud.com\/es\/wp-json\/wp\/v2\/types\/product"}],"wp:featuredmedia":[{"embeddable":true,"href":"https:\/\/sinoextrud.com\/es\/wp-json\/wp\/v2\/media\/8165"}],"wp:attachment":[{"href":"https:\/\/sinoextrud.com\/es\/wp-json\/wp\/v2\/media?parent=8166"}],"wp:term":[{"taxonomy":"category","embeddable":true,"href":"https:\/\/sinoextrud.com\/es\/wp-json\/wp\/v2\/categories?post=8166"}],"curies":[{"name":"wp","href":"https:\/\/api.w.org\/{rel}","templated":true}]}}