{"id":8160,"date":"2025-06-13T06:52:45","date_gmt":"2025-06-13T06:52:45","guid":{"rendered":"https:\/\/sinoextrud.com\/product\/aluminum-t-extrusion\/"},"modified":"2025-06-24T06:23:14","modified_gmt":"2025-06-24T06:23:14","slug":"extrusion-en-t-de-aluminio-2","status":"publish","type":"product","link":"https:\/\/sinoextrud.com\/es\/product\/aluminum-t-extrusion\/","title":{"rendered":"Extrusi\u00f3n en T de aluminio"},"content":{"rendered":"<h2>Productos<\/h2>\n<table class=\"custom-table\">\n<tbody>\n<tr>\n<td> Modelo :<\/td>\n<td> Extrusi\u00f3n en T de aluminio<\/td>\n<\/tr>\n<tr>\n<td> Tipo:<\/td>\n<td> Film aislante<\/td>\n<\/tr>\n<tr>\n<td> Material:<\/td>\n<td> aleaci\u00f3n 6063<\/td>\n<\/tr>\n<tr>\n<td> Certificaci\u00f3n:<\/td>\n<td> ISO9001<\/td>\n<\/tr>\n<tr>\n<td> Marca:<\/td>\n<td> Sinoextrud<\/td>\n<\/tr>\n<tr>\n<td> Grosor:<\/td>\n<td> 1,0\/1,2\/1,4\/2,0 mm<\/td>\n<\/tr>\n<tr>\n<td> Origen:<\/td>\n<td> Foshan, Guangdong<\/td>\n<\/tr>\n<tr>\n<td> Aplicaci\u00f3n:<\/td>\n<td> Cadena de producci\u00f3n, banco de trabajo de cadena de montaje, mampara de oficina, mampara, valla industrial, marcos diversos, estanter\u00edas de exposici\u00f3n, estantes, juntas mec\u00e1nicas antipolvo, etc.<\/td>\n<\/tr>\n<tr>\n<td> Qu\u00edmica:<\/td>\n<td> Aislamiento h\u00edbrido<\/td>\n<\/tr>\n<tr>\n<td> Clasificaci\u00f3n t\u00e9rmica:<\/td>\n<td> H 80<\/td>\n<\/tr>\n<tr>\n<td> Clasificaci\u00f3n:<\/td>\n<td> Materiales aislantes h\u00edbridos<\/td>\n<\/tr>\n<tr>\n<td> Color:<\/td>\n<td> Astilla anodizada<\/td>\n<\/tr>\n<tr>\n<td> Anchura:<\/td>\n<td> 40 mm<\/td>\n<\/tr>\n<tr>\n<td> Longitud:<\/td>\n<td> 30 metros\/rollo<\/td>\n<\/tr>\n<tr>\n<td> C\u00f3digo SA:<\/td>\n<td> 76042100<\/td>\n<\/tr>\n<\/tbody>\n<\/table>\n<h2>Nuestra base de fabricaci\u00f3n<\/h2>\n<h3>Panorama de la f\u00e1brica<\/h3>\n<p><img decoding=\"async\" src=\"\/wp-content\/uploads\/factory-01.webp\"\/><\/p>\n<h3>Taller de fabricaci\u00f3n de barras de aluminio<\/h3>\n<p><img decoding=\"async\" src=\"\/wp-content\/uploads\/factory-02.webp\"\/><\/p>\n<p><img decoding=\"async\" src=\"\/wp-content\/uploads\/factory-03.webp\"\/><\/p>\n<h3>Almac\u00e9n de moldes<\/h3>\n<p><img decoding=\"async\" src=\"\/wp-content\/uploads\/factory-04.webp\"\/><\/p>\n<h3>43 L\u00c3neas de extrusi\u00c3\u00b3n de aluminio (500\u00e2\u20ac\"5500 toneladas)<\/h3>\n<p><img decoding=\"async\" src=\"\/wp-content\/uploads\/factory-05.webp\"\/><\/p>\n<p><img decoding=\"async\" src=\"\/wp-content\/uploads\/factory-06.webp\"\/><\/p>\n<p><img decoding=\"async\" src=\"\/wp-content\/uploads\/factory-07.webp\"\/><\/p>\n<h3>Taller de pintura en polvo<\/h3>\n<p><img decoding=\"async\" src=\"\/wp-content\/uploads\/factory-09.webp\"\/><\/p>\n<h3>Taller de anodizado<\/h3>\n<p><img decoding=\"async\" src=\"\/wp-content\/uploads\/factory-10.webp\"\/><\/p>\n<h3>Taller de procesamiento profundo<\/h3>\n<p><img decoding=\"async\" src=\"\/wp-content\/uploads\/factory-11.webp\"\/><\/p>\n<h3>Taller de mecanizado de precisi\u00f3n CNC<\/h3>\n<p><img decoding=\"async\" src=\"\/wp-content\/uploads\/factory-11.5.webp\"\/><\/p>\n<h3>Almac\u00e9n de productos acabados y de exportaci\u00f3n<\/h3>\n<p><img decoding=\"async\" src=\"\/wp-content\/uploads\/factory-12.webp\"\/><\/p>\n<p><img decoding=\"async\" src=\"\/wp-content\/uploads\/factory-13.webp\"\/><\/p>\n<p><img decoding=\"async\" src=\"\/wp-content\/uploads\/factory-14.webp\"\/><\/p>\n<h2>PREGUNTAS FRECUENTES<\/h2>\n<p><p><b>1.\u00bfQu\u00e9 hace que la extrusi\u00f3n en T de aluminio sea ideal para entramado y soporte estructural? <\/b><\/p>\n<p> Las extrusiones en T de aluminio son fuertes, duraderas y resistentes a la corrosi\u00f3n, por lo que son perfectas para su uso en marcos de edificios, soportes y otras aplicaciones estructurales.<br \/>\n<\/p><br \/>\n<br \/>\n<p><b>2.\u00bfSe puede personalizar la extrusi\u00f3n en T de aluminio? <\/b><\/p>\n<p> S\u00ed, las extrusiones en T de aluminio pueden personalizarse en tama\u00f1o, forma y dise\u00f1o para satisfacer los requisitos espec\u00edficos de diferentes proyectos y aplicaciones.<br \/>\n<\/p><br \/>\n<br \/>\n<p><b>3. \u00bfCu\u00e1l es la durabilidad de la extrusi\u00f3n en T de aluminio? <\/b><\/p>\n<p> Los perfiles en T de aluminio son muy duraderos y resistentes a la corrosi\u00f3n, lo que garantiza un rendimiento duradero en diversos entornos, incluso en condiciones adversas.<br \/>\n<\/p><br \/>\n<br \/>\n<p><b>4. \u00bfQu\u00e9 industrias se benefician del uso de la extrusi\u00f3n en T de aluminio? <\/b><\/p>\n<p> Las extrusiones de aluminio en T se utilizan ampliamente en sectores como la construcci\u00f3n, la automatizaci\u00f3n, la rob\u00f3tica y la manipulaci\u00f3n de materiales para construir armazones, soportes y estructuras a medida.<br \/>\n<\/p><br \/>\n<br \/>\n<p><b>5.\u00bfEs la extrusi\u00f3n en T de aluminio f\u00e1cil de montar y modificar? <\/b><\/p>\n<p> S\u00ed, el dise\u00f1o modular de las extrusiones en T de aluminio permite un f\u00e1cil montaje y modificaci\u00f3n, reduciendo el tiempo de instalaci\u00f3n y aumentando la flexibilidad del proyecto.<br \/>\n<\/p><br \/>\n<br \/>\n<p><b>6.\u00bfC\u00f3mo mejora la extrusi\u00f3n en T de aluminio el rendimiento del sistema? <\/b><\/p>\n<p> Su dise\u00f1o ligero pero resistente proporciona un soporte estable a la vez que mantiene la flexibilidad para futuras modificaciones, mejorando el rendimiento y la eficiencia general de los sistemas.<br \/>\n<\/p><br \/>\n<br \/>\n<p><b>7.\u00bfEs la extrusi\u00f3n en T de aluminio respetuosa con el medio ambiente? <\/b><\/p>\n<p> S\u00ed, el aluminio es totalmente reciclable, lo que convierte a estas extrusiones en una opci\u00f3n ecol\u00f3gica para soluciones estructurales y de entramado sostenibles.<br \/>\n<\/p><br \/><\/p>","protected":false},"featured_media":8159,"template":"","categories":[54],"class_list":["post-8160","product","type-product","status-publish","has-post-thumbnail","hentry","category-industrial-aluminum-profiles"],"meta_box":{"hilight_text_group":{"product_hilight_text":"<li>High-strength aluminum T extrusion for versatile applications in framing and structural support<\/li>\r\r\n<li>Corrosion-resistant, ensuring long-lasting durability in various environmental conditions<\/li>\r\r\n<li>Customizable sizes and designs to meet specific project requirements and specifications<\/li>\r\r\n<li>Lightweight yet strong, providing excellent stability and support without unnecessary weight<\/li>\r\r\n<li>Easy to assemble and modify, offering flexibility for different industrial and commercial uses<\/li>\r\r\n<li>Cost-effective solution for building frames, supports, and mounting systems<\/li>\r\r\n<li>Eco-friendly, made from fully recyclable aluminum material<\/li>","product_chanpin_blog":"<ul>\r\r\n<li><a href=\"https:\/\/sinoextrud.com\/t-slot-v-slot-differences\/\" target=\"_blank\">t slot vs v slot<\/a><\/li>\r\r\n<li><a href=\"https:\/\/sinoextrud.com\/what-is-4040-aluminium-extrud\/\" target=\"_blank\">4040 aluminium extrusion<\/a><\/li>\r\r\n<li><a href=\"https:\/\/sinoextrud.com\/what-is-4040-aluminium-extrud\/\" target=\"_blank\">aluminum extrusions for industrial racks<\/a><\/li>\r\r\n<li><a href=\"https:\/\/sinoextrud.com\/powder-coating-aluminium-process\/\" target=\"_blank\">powder coating aluminium<\/a><\/li>\r\r\n<li><a href=\"https:\/\/sinoextrud.com\/what-is-an-aluminium-strip-ceiling\/\" target=\"_blank\">aluminium strip ceiling<\/a><\/li>\r\r\n<li><a href=\"https:\/\/sinoextrud.com\/what-is-a-heat-sink\/\" target=\"_blank\">what is a heat sink<\/a><\/li>\r\r\n<\/ul>","product_chanpin_chanpin":"<li><a href=\"https:\/\/sinoextrud.com\/product\/aluminum-heatsink-extrusion-profile\/\" target=\"_blank\">Aluminum Heatsink Extrusion Profile<\/a><\/li>\r\n<li><a href=\"https:\/\/sinoextrud.com\/product\/aluminum-light-box-extrusion\/\" target=\"_blank\">Aluminum Light Box Extrusion<\/a><\/li>\r\n<li><a href=\"https:\/\/sinoextrud.com\/product\/aluminum-profile-solar-panel-wide-width\/\" target=\"_blank\">Aluminum Profile Solar Panel Wide Width<\/a><\/li>\r\n<li><a href=\"https:\/\/sinoextrud.com\/product\/aluminum-profile-with-t-slot-flat\/\" target=\"_blank\">Aluminum Profile With T Slot Flat<\/a><\/li>\r\n<li><a href=\"https:\/\/sinoextrud.com\/product\/aluminum-t-extrusion\/\" target=\"_blank\">Aluminum T Extrusion<\/a><\/li>\r\n<li><a href=\"https:\/\/sinoextrud.com\/product\/aluminum-t-section-extrusions\/\" target=\"_blank\">Aluminum T Section Extrusions<\/a><\/li>\r\n<li><a href=\"https:\/\/sinoextrud.com\/product\/aluminum-t-slot-profile\/\" target=\"_blank\">Aluminum T Slot Profile<\/a><\/li>\r\n<li><a href=\"https:\/\/sinoextrud.com\/product\/aluminum-t-slot-rail-profile\/\" target=\"_blank\">Aluminum T Slot Rail Profile<\/a><\/li>\r\n<li><a href=\"https:\/\/sinoextrud.com\/product\/aluminum-t-slot-table\/\" target=\"_blank\">Aluminum T Slot Table<\/a><\/li>\r\n<li><a href=\"https:\/\/sinoextrud.com\/product\/anodized-extruded-c-section-aluminium-profile\/\" target=\"_blank\">Anodized Extruded C Section Aluminium Profile<\/a><\/li>\r\n<li><a href=\"https:\/\/sinoextrud.com\/product\/commercial-glass-aluminium-railing-systems\/\" target=\"_blank\">Commercial Glass Aluminium Railing Systems<\/a><\/li>"},"feature_list":[]},"_links":{"self":[{"href":"https:\/\/sinoextrud.com\/es\/wp-json\/wp\/v2\/product\/8160","targetHints":{"allow":["GET"]}}],"collection":[{"href":"https:\/\/sinoextrud.com\/es\/wp-json\/wp\/v2\/product"}],"about":[{"href":"https:\/\/sinoextrud.com\/es\/wp-json\/wp\/v2\/types\/product"}],"wp:featuredmedia":[{"embeddable":true,"href":"https:\/\/sinoextrud.com\/es\/wp-json\/wp\/v2\/media\/8159"}],"wp:attachment":[{"href":"https:\/\/sinoextrud.com\/es\/wp-json\/wp\/v2\/media?parent=8160"}],"wp:term":[{"taxonomy":"category","embeddable":true,"href":"https:\/\/sinoextrud.com\/es\/wp-json\/wp\/v2\/categories?post=8160"}],"curies":[{"name":"wp","href":"https:\/\/api.w.org\/{rel}","templated":true}]}}