{"id":8148,"date":"2025-06-13T02:46:47","date_gmt":"2025-06-13T02:46:47","guid":{"rendered":"https:\/\/sinoextrud.com\/product\/aluminum-extrusion-plate\/"},"modified":"2025-06-24T06:23:11","modified_gmt":"2025-06-24T06:23:11","slug":"placa-de-extrusion-de-aluminio","status":"publish","type":"product","link":"https:\/\/sinoextrud.com\/es\/product\/aluminum-extrusion-plate\/","title":{"rendered":"Placa de extrusi\u00f3n de aluminio"},"content":{"rendered":"<h2>Productos<\/h2>\n<table class=\"custom-table\">\n<tbody>\n<tr>\n<td> Nombre del producto<\/td>\n<td> Placa de extrusi\u00f3n de aluminio<\/td>\n<\/tr>\n<tr>\n<td> Calidad del material<\/td>\n<td> Serie 6000<\/td>\n<\/tr>\n<tr>\n<td> Forma<\/td>\n<td> Cuadrada, redonda, rectangular y otras formas personalizadas<\/td>\n<\/tr>\n<tr>\n<td> Espesor<\/td>\n<td> 0,7 mm-10 mm u otro grosor negociable<\/td>\n<\/tr>\n<tr>\n<td> Color<\/td>\n<td> Aluminio acabado en molino, plata, blanco, negro, grano de madera, etc.<\/td>\n<\/tr>\n<tr>\n<td> Aplicaciones t\u00edpicas<\/td>\n<td> Arquitectura, industria, etc.<\/td>\n<\/tr>\n<tr>\n<td> Marca<\/td>\n<td> Sinoextrud,Sinoextrud, o marca OEM<\/td>\n<\/tr>\n<tr>\n<td> Proceso CNC<\/td>\n<td> Fresado CNC, taladrado, punzonado, perforaci\u00f3n, roscado, plegado<\/td>\n<\/tr>\n<tr>\n<td> Tratamiento de superficies<\/td>\n<td> Acabado de fresado, grano de madera, anodizado, recubrimiento en polvo, electroforesis, recubrimiento de PVDF, cepillado, etc.<\/td>\n<\/tr>\n<tr>\n<td> Garant\u00eda<\/td>\n<td> ISO9001,ISO4001,CQM,SGS,CE,BV etc.<\/td>\n<\/tr>\n<tr>\n<td> Lugar de origen<\/td>\n<td> Guangdong,China<\/td>\n<\/tr>\n<\/tbody>\n<\/table>\n<h2>Nuestra base de fabricaci\u00f3n<\/h2>\n<h3>Panorama de la f\u00e1brica<\/h3>\n<p><img decoding=\"async\" src=\"\/wp-content\/uploads\/factory-01.webp\"\/><\/p>\n<h3>Taller de fabricaci\u00f3n de barras de aluminio<\/h3>\n<p><img decoding=\"async\" src=\"\/wp-content\/uploads\/factory-02.webp\"\/><\/p>\n<p><img decoding=\"async\" src=\"\/wp-content\/uploads\/factory-03.webp\"\/><\/p>\n<h3>Almac\u00e9n de moldes<\/h3>\n<p><img decoding=\"async\" src=\"\/wp-content\/uploads\/factory-04.webp\"\/><\/p>\n<h3>43 L\u00c3neas de extrusi\u00c3\u00b3n de aluminio (500\u00e2\u20ac\"5500 toneladas)<\/h3>\n<p><img decoding=\"async\" src=\"\/wp-content\/uploads\/factory-05.webp\"\/><\/p>\n<p><img decoding=\"async\" src=\"\/wp-content\/uploads\/factory-06.webp\"\/><\/p>\n<p><img decoding=\"async\" src=\"\/wp-content\/uploads\/factory-07.webp\"\/><\/p>\n<h3>Taller de pintura en polvo<\/h3>\n<p><img decoding=\"async\" src=\"\/wp-content\/uploads\/factory-09.webp\"\/><\/p>\n<h3>Taller de anodizado<\/h3>\n<p><img decoding=\"async\" src=\"\/wp-content\/uploads\/factory-10.webp\"\/><\/p>\n<h3>Taller de procesamiento profundo<\/h3>\n<p><img decoding=\"async\" src=\"\/wp-content\/uploads\/factory-11.webp\"\/><\/p>\n<h3>Taller de mecanizado de precisi\u00f3n CNC<\/h3>\n<p><img decoding=\"async\" src=\"\/wp-content\/uploads\/factory-11.5.webp\"\/><\/p>\n<h3>Almac\u00e9n de productos acabados y de exportaci\u00f3n<\/h3>\n<p><img decoding=\"async\" src=\"\/wp-content\/uploads\/factory-12.webp\"\/><\/p>\n<p><img decoding=\"async\" src=\"\/wp-content\/uploads\/factory-13.webp\"\/><\/p>\n<p><img decoding=\"async\" src=\"\/wp-content\/uploads\/factory-14.webp\"\/><\/p>\n<h2>PREGUNTAS FRECUENTES<\/h2>\n<p><p><b>1.\u00bfQu\u00e9 hace que la placa de extrusi\u00f3n de aluminio sea adecuada para aplicaciones industriales? <\/b><\/p>\n<p> Las placas de extrusi\u00f3n de aluminio son duraderas, ligeras y resistentes a la corrosi\u00f3n, lo que las hace perfectas para una amplia gama de necesidades industriales y de fabricaci\u00f3n.<br \/>\n<\/p><br \/>\n<br \/>\n<p><b>2. \u00bfSe puede personalizar la placa de extrusi\u00f3n de aluminio? <\/b><\/p>\n<p> S\u00ed, estas placas pueden personalizarse en cuanto a tama\u00f1o, grosor y forma para satisfacer requisitos espec\u00edficos de diversos proyectos.<br \/>\n<\/p><br \/>\n<br \/>\n<p><b>3. \u00bfQu\u00e9 tan duradera es la placa de extrusi\u00f3n de aluminio? <\/b><\/p>\n<p> Es muy duradero gracias a sus propiedades de resistencia a la corrosi\u00f3n, lo que garantiza un rendimiento y una protecci\u00f3n a largo plazo incluso en entornos dif\u00edciles.<br \/>\n<\/p><br \/>\n<br \/>\n<p><b>4. \u00bfQu\u00e9 industrias se benefician de las placas de extrusi\u00f3n de aluminio? <\/b><\/p>\n<p> Las placas de extrusi\u00f3n de aluminio se utilizan ampliamente en sectores como el aeroespacial, la automoci\u00f3n, la construcci\u00f3n y la fabricaci\u00f3n para necesidades estructurales y de equipamiento.<br \/>\n<\/p><br \/>\n<br \/>\n<p><b>5. \u00bfLa placa de extrusi\u00f3n de aluminio es f\u00e1cil de mecanizar y fabricar? <\/b><\/p>\n<p> S\u00ed, es f\u00e1cil de mecanizar, cortar y fabricar, lo que lo hace ideal para una fabricaci\u00f3n precisa y flexible en diversos proyectos.<br \/>\n<\/p><br \/>\n<br \/>\n<p><b>6.\u00bfC\u00f3mo mejora la gesti\u00f3n t\u00e9rmica la placa de extrusi\u00f3n de aluminio? <\/b><\/p>\n<p> Su excelente conductividad t\u00e9rmica ayuda a disipar el calor, por lo que es adecuado para aplicaciones sensibles al calor como la electr\u00f3nica y la maquinaria.<br \/>\n<\/p><br \/>\n<br \/>\n<p><b>7.\u00bfEs la placa de extrusi\u00f3n de aluminio respetuosa con el medio ambiente? <\/b><\/p>\n<p> S\u00ed, el aluminio es 100% reciclable, lo que convierte a la placa de extrusi\u00f3n en una opci\u00f3n ecol\u00f3gica para aplicaciones industriales.<br \/>\n<\/p><br \/><\/p>","protected":false},"featured_media":8147,"template":"","categories":[54],"class_list":["post-8148","product","type-product","status-publish","has-post-thumbnail","hentry","category-industrial-aluminum-profiles"],"meta_box":{"hilight_text_group":{"product_hilight_text":"<li>High-strength aluminum extrusion plate for various industrial and manufacturing applications<\/li>\r\r\n<li>Corrosion-resistant, providing long-lasting durability in harsh environments<\/li>\r\r\n<li>Customizable thicknesses and sizes to meet specific project needs<\/li>\r\r\n<li>Excellent machinability, ideal for precise fabrication and easy to modify<\/li>\r\r\n<li>Lightweight yet robust, offering strength without adding unnecessary weight<\/li>\r\r\n<li>Efficient thermal conductivity, improving heat management in equipment<\/li>\r\r\n<li>Environmentally friendly, as aluminum is a fully recyclable material<\/li>","product_chanpin_blog":"<ul>\r\r\n<li><a href=\"https:\/\/sinoextrud.com\/t-slot-v-slot-differences\/\" target=\"_blank\">t slot vs v slot<\/a><\/li>\r\r\n<li><a href=\"https:\/\/sinoextrud.com\/what-is-4040-aluminium-extrud\/\" target=\"_blank\">4040 aluminium extrusion<\/a><\/li>\r\r\n<li><a href=\"https:\/\/sinoextrud.com\/what-is-4040-aluminium-extrud\/\" target=\"_blank\">aluminum extrusions for industrial racks<\/a><\/li>\r\r\n<li><a href=\"https:\/\/sinoextrud.com\/powder-coating-aluminium-process\/\" target=\"_blank\">powder coating aluminium<\/a><\/li>\r\r\n<li><a href=\"https:\/\/sinoextrud.com\/what-is-an-aluminium-strip-ceiling\/\" target=\"_blank\">aluminium strip ceiling<\/a><\/li>\r\r\n<li><a href=\"https:\/\/sinoextrud.com\/what-is-a-heat-sink\/\" target=\"_blank\">what is a heat sink<\/a><\/li>\r\r\n<\/ul>","product_chanpin_chanpin":"<li><a href=\"https:\/\/sinoextrud.com\/product\/aluminium-transport-extrusions\/\" target=\"_blank\">Aluminium Transport Extrusions<\/a><\/li>\r\n<li><a href=\"https:\/\/sinoextrud.com\/product\/aluminum-extruded-enclosure-for-power-supply\/\" target=\"_blank\">Aluminum Extruded Enclosure For Power Supply<\/a><\/li>\r\n<li><a href=\"https:\/\/sinoextrud.com\/product\/aluminum-extrusion-industry\/\" target=\"_blank\">Aluminum Extrusion Industry<\/a><\/li>\r\n<li><a href=\"https:\/\/sinoextrud.com\/product\/aluminum-extrusion-material-t-slot\/\" target=\"_blank\">Aluminum Extrusion Material T Slot<\/a><\/li>\r\n<li><a href=\"https:\/\/sinoextrud.com\/product\/aluminum-extrusion-plate\/\" target=\"_blank\">Aluminum Extrusion Plate<\/a><\/li>\r\n<li><a href=\"https:\/\/sinoextrud.com\/product\/aluminum-frame-for-solar-panel-and-light-box\/\" target=\"_blank\">Aluminum Frame For Solar Panel And Light-Box<\/a><\/li>\r\n<li><a href=\"https:\/\/sinoextrud.com\/product\/aluminum-heatsink-extrusion-profile\/\" target=\"_blank\">Aluminum Heatsink Extrusion Profile<\/a><\/li>\r\n<li><a href=\"https:\/\/sinoextrud.com\/product\/aluminum-light-box-extrusion\/\" target=\"_blank\">Aluminum Light Box Extrusion<\/a><\/li>\r\n<li><a href=\"https:\/\/sinoextrud.com\/product\/aluminum-profile-solar-panel-wide-width\/\" target=\"_blank\">Aluminum Profile Solar Panel Wide Width<\/a><\/li>\r\n<li><a href=\"https:\/\/sinoextrud.com\/product\/aluminium-sliding-door-with-french-style-bi-folding-glass-wall-door-energy-saving-heat-insulation\/\" target=\"_blank\">Aluminium Sliding Door With French Style Bi-folding Glass Wall Door Energy Saving Heat Insulation<\/a><\/li>\r\n<li><a href=\"https:\/\/sinoextrud.com\/product\/aluminium-windows-with-mosquito-net-profile-catalog-uses-best-factory-price-per-pound\/\" target=\"_blank\">aluminium windows with mosquito net profile catalog uses best Factory Price per pound<\/a><\/li>"},"feature_list":[]},"_links":{"self":[{"href":"https:\/\/sinoextrud.com\/es\/wp-json\/wp\/v2\/product\/8148","targetHints":{"allow":["GET"]}}],"collection":[{"href":"https:\/\/sinoextrud.com\/es\/wp-json\/wp\/v2\/product"}],"about":[{"href":"https:\/\/sinoextrud.com\/es\/wp-json\/wp\/v2\/types\/product"}],"wp:featuredmedia":[{"embeddable":true,"href":"https:\/\/sinoextrud.com\/es\/wp-json\/wp\/v2\/media\/8147"}],"wp:attachment":[{"href":"https:\/\/sinoextrud.com\/es\/wp-json\/wp\/v2\/media?parent=8148"}],"wp:term":[{"taxonomy":"category","embeddable":true,"href":"https:\/\/sinoextrud.com\/es\/wp-json\/wp\/v2\/categories?post=8148"}],"curies":[{"name":"wp","href":"https:\/\/api.w.org\/{rel}","templated":true}]}}