{"id":8140,"date":"2025-06-13T02:40:21","date_gmt":"2025-06-13T02:40:21","guid":{"rendered":"https:\/\/sinoextrud.com\/product\/aluminium-transport-extrusions\/"},"modified":"2025-06-24T06:23:10","modified_gmt":"2025-06-24T06:23:10","slug":"extrusiones-de-aluminio-para-transporte","status":"publish","type":"product","link":"https:\/\/sinoextrud.com\/es\/product\/aluminium-transport-extrusions\/","title":{"rendered":"Extrusiones de aluminio para transporte"},"content":{"rendered":"<h2>Productos<\/h2>\n<table class=\"custom-table\">\n<tbody>\n<tr>\n<td> Nombre del producto<\/td>\n<td> Extrusiones de aluminio para transporte<\/td>\n<\/tr>\n<tr>\n<td> Material<\/td>\n<td> 6063,6061,6463,6005,6082 etc.<\/td>\n<\/tr>\n<tr>\n<td> Forma<\/td>\n<td> forma personalizada<\/td>\n<\/tr>\n<tr>\n<td> Espesor<\/td>\n<td> 0,7 mm-10 mm<\/td>\n<\/tr>\n<tr>\n<td> Talla<\/td>\n<td> Seg\u00fan los requisitos del cliente<\/td>\n<\/tr>\n<tr>\n<td> Longitud<\/td>\n<td> Longitud est\u00e1ndar 1-9M u otra longitud negociable.<\/td>\n<\/tr>\n<tr>\n<td> Aplicaciones t\u00edpicas<\/td>\n<td> autom\u00f3viles de nueva energ\u00eda, coches, etc.<\/td>\n<\/tr>\n<tr>\n<td> Proceso profundo<\/td>\n<td> Fresado CNC, taladrado, punzonado, perforaci\u00f3n, roscado, plegado<\/td>\n<\/tr>\n<tr>\n<td> Marca<\/td>\n<td> Sinoextrud,Sinoextrud, o marca OEM<\/td>\n<\/tr>\n<tr>\n<td> Tratamiento de superficies<\/td>\n<td> Pulido, cepillado, anodizado, recubierto de polvo, grano de madera, etc.<\/td>\n<\/tr>\n<tr>\n<td> MOQ<\/td>\n<td> 200KGs<\/td>\n<\/tr>\n<tr>\n<td> Garant\u00eda de calidad<\/td>\n<td> 100&amp; inspecci\u00f3n para garantizar la alta calidad<\/td>\n<\/tr>\n<tr>\n<td> Certificados<\/td>\n<td> ISO9001,ISO4001,CQM,SGS,CE,BV etc.<\/td>\n<\/tr>\n<tr>\n<td> Lugar de origen<\/td>\n<td> Guangdong,China<\/td>\n<\/tr>\n<\/tbody>\n<\/table>\n<h2>Nuestra base de fabricaci\u00f3n<\/h2>\n<h3>Panorama de la f\u00e1brica<\/h3>\n<p><img decoding=\"async\" src=\"\/wp-content\/uploads\/factory-01.webp\"\/><\/p>\n<h3>Taller de fabricaci\u00f3n de barras de aluminio<\/h3>\n<p><img decoding=\"async\" src=\"\/wp-content\/uploads\/factory-02.webp\"\/><\/p>\n<p><img decoding=\"async\" src=\"\/wp-content\/uploads\/factory-03.webp\"\/><\/p>\n<h3>Almac\u00e9n de moldes<\/h3>\n<p><img decoding=\"async\" src=\"\/wp-content\/uploads\/factory-04.webp\"\/><\/p>\n<h3>43 L\u00c3neas de extrusi\u00c3\u00b3n de aluminio (500\u00e2\u20ac\"5500 toneladas)<\/h3>\n<p><img decoding=\"async\" src=\"\/wp-content\/uploads\/factory-05.webp\"\/><\/p>\n<p><img decoding=\"async\" src=\"\/wp-content\/uploads\/factory-06.webp\"\/><\/p>\n<p><img decoding=\"async\" src=\"\/wp-content\/uploads\/factory-07.webp\"\/><\/p>\n<h3>Taller de pintura en polvo<\/h3>\n<p><img decoding=\"async\" src=\"\/wp-content\/uploads\/factory-09.webp\"\/><\/p>\n<h3>Taller de anodizado<\/h3>\n<p><img decoding=\"async\" src=\"\/wp-content\/uploads\/factory-10.webp\"\/><\/p>\n<h3>Taller de procesamiento profundo<\/h3>\n<p><img decoding=\"async\" src=\"\/wp-content\/uploads\/factory-11.webp\"\/><\/p>\n<h3>Taller de mecanizado de precisi\u00f3n CNC<\/h3>\n<p><img decoding=\"async\" src=\"\/wp-content\/uploads\/factory-11.5.webp\"\/><\/p>\n<h3>Almac\u00e9n de productos acabados y de exportaci\u00f3n<\/h3>\n<p><img decoding=\"async\" src=\"\/wp-content\/uploads\/factory-12.webp\"\/><\/p>\n<p><img decoding=\"async\" src=\"\/wp-content\/uploads\/factory-13.webp\"\/><\/p>\n<p><img decoding=\"async\" src=\"\/wp-content\/uploads\/factory-14.webp\"\/><\/p>\n<h2>PREGUNTAS FRECUENTES<\/h2>\n<p><p><b>1. \u00bfPara qu\u00e9 se utilizan las extrusiones de aluminio para transporte?<\/b><\/p>\n<p>Los extruidos de aluminio para transporte se utilizan para crear marcos, soportes y soluciones de embalaje a medida para transportar mercanc\u00edas delicadas garantizando su durabilidad y protecci\u00f3n.<br \/>\n<\/p><br \/>\n<br \/>\n<p><b>2.\u00bfPor qu\u00e9 el aluminio es un buen material para extrusiones de transporte?<\/b><\/p>\n<p>El aluminio es ligero, fuerte y resistente a la corrosi\u00f3n, lo que lo convierte en un material ideal para extrusiones de transporte que necesitan proteger las mercanc\u00edas al tiempo que reducen el peso total.<br \/>\n<\/p><br \/>\n<br \/>\n<p><b>3.\u00bfSe pueden personalizar las extrusiones de aluminio para transporte?<\/b><\/p>\n<p>S\u00ed, las extrusiones de aluminio para transporte pueden adaptarse a tama\u00f1os y formas espec\u00edficos para satisfacer necesidades de transporte concretas y garantizar una protecci\u00f3n \u00f3ptima de los distintos tipos de carga.<br \/>\n<\/p><br \/>\n<br \/>\n<p><b>4.\u00bfC\u00f3mo protegen las extrusiones de aluminio para transporte las cargas sensibles?<\/b><\/p>\n<p>Las propiedades fuertes, duraderas y resistentes a la corrosi\u00f3n del aluminio garantizan que la carga est\u00e9 bien protegida durante el tr\u00e1nsito, reduciendo el riesgo de da\u00f1os por factores ambientales o impactos.<br \/>\n<\/p><br \/>\n<br \/>\n<p><b>5.\u00bfSon rentables las extrusiones de aluminio para el transporte?<\/b><\/p>\n<p>S\u00ed, estas extrusiones son rentables y ofrecen una soluci\u00f3n duradera y de bajo mantenimiento para la construcci\u00f3n de sistemas de transporte y bastidores.<br \/>\n<\/p><br \/>\n<br \/>\n<p><b>6.\u00bfPueden las extrusiones de aluminio para transporte soportar condiciones ambientales adversas?<\/b><\/p>\n<p>S\u00ed, la naturaleza resistente a la corrosi\u00f3n del aluminio lo hace ideal para su uso en diversas condiciones ambientales, lo que garantiza que las extrusiones sigan siendo eficaces con el paso del tiempo.<br \/>\n<\/p><br \/>\n<br \/>\n<p><b>7.\u00bfQu\u00e9 industrias se benefician de las extrusiones de aluminio para el transporte?<\/b><\/p>\n<p>Industrias como la log\u00edstica, la fabricaci\u00f3n, la automoci\u00f3n y la aeroespacial se benefician de la resistencia, el dise\u00f1o ligero y la personalizaci\u00f3n de las extrusiones de aluminio para transporte para sus necesidades de transporte.<br \/>\n<\/p><br \/><\/p>","protected":false},"featured_media":8139,"template":"","categories":[54],"class_list":["post-8140","product","type-product","status-publish","has-post-thumbnail","hentry","category-industrial-aluminum-profiles"],"meta_box":{"hilight_text_group":{"product_hilight_text":"<li>Lightweight yet durable design, ideal for transport applications where weight is a concern.<\/li>\r\r\n<li>High-strength aluminum offers excellent protection for sensitive cargo during transport.<\/li>\r\r\n<li>Corrosion-resistant properties ensure long-lasting performance in various environmental conditions.<\/li>\r\r\n<li>Customizable profiles to meet specific transport and packaging requirements.<\/li>\r\r\n<li>Cost-effective solution for building transport frames and supports with minimal maintenance.<\/li>","product_chanpin_blog":"<ul>\r\r\n<li><a href=\"https:\/\/sinoextrud.com\/t-slot-v-slot-differences\/\" target=\"_blank\">t slot vs v slot<\/a><\/li>\r\r\n<li><a href=\"https:\/\/sinoextrud.com\/what-is-4040-aluminium-extrud\/\" target=\"_blank\">4040 aluminium extrusion<\/a><\/li>\r\r\n<li><a href=\"https:\/\/sinoextrud.com\/what-is-4040-aluminium-extrud\/\" target=\"_blank\">aluminum extrusions for industrial racks<\/a><\/li>\r\r\n<li><a href=\"https:\/\/sinoextrud.com\/powder-coating-aluminium-process\/\" target=\"_blank\">powder coating aluminium<\/a><\/li>\r\r\n<li><a href=\"https:\/\/sinoextrud.com\/what-is-an-aluminium-strip-ceiling\/\" target=\"_blank\">aluminium strip ceiling<\/a><\/li>\r\r\n<li><a href=\"https:\/\/sinoextrud.com\/what-is-a-heat-sink\/\" target=\"_blank\">what is a heat sink<\/a><\/li>\r\r\n<\/ul>","product_chanpin_chanpin":"<li><a href=\"https:\/\/sinoextrud.com\/product\/aluminium-sections-for-glazing\/\" target=\"_blank\">Aluminium Sections For Glazing<\/a><\/li>\r\n<li><a href=\"https:\/\/sinoextrud.com\/product\/aluminium-slotted-channel\/\" target=\"_blank\">Aluminium Slotted Channel<\/a><\/li>\r\n<li><a href=\"https:\/\/sinoextrud.com\/product\/aluminium-solar-panel-frame-profile\/\" target=\"_blank\">Aluminium Solar Panel Frame Profile<\/a><\/li>\r\n<li><a href=\"https:\/\/sinoextrud.com\/product\/aluminium-t-bar-extrusions\/\" target=\"_blank\">Aluminium T Bar Extrusions<\/a><\/li>\r\n<li><a href=\"https:\/\/sinoextrud.com\/product\/aluminium-transport-extrusions\/\" target=\"_blank\">Aluminium Transport Extrusions<\/a><\/li>\r\n<li><a href=\"https:\/\/sinoextrud.com\/product\/aluminum-extruded-enclosure-for-power-supply\/\" target=\"_blank\">Aluminum Extruded Enclosure For Power Supply<\/a><\/li>\r\n<li><a href=\"https:\/\/sinoextrud.com\/product\/aluminum-extrusion-industry\/\" target=\"_blank\">Aluminum Extrusion Industry<\/a><\/li>\r\n<li><a href=\"https:\/\/sinoextrud.com\/product\/aluminum-extrusion-material-t-slot\/\" target=\"_blank\">Aluminum Extrusion Material T Slot<\/a><\/li>\r\n<li><a href=\"https:\/\/sinoextrud.com\/product\/aluminum-extrusion-plate\/\" target=\"_blank\">Aluminum Extrusion Plate<\/a><\/li>\r\n<li><a href=\"https:\/\/sinoextrud.com\/product\/aluminum-extruded-handles\/\" target=\"_blank\">Aluminum Extruded Handles<\/a><\/li>\r\n<li><a href=\"https:\/\/sinoextrud.com\/product\/powder-coating-surface-aluminum-profile\/\" target=\"_blank\">Powder Coating Surface Aluminum Profile<\/a><\/li>"},"feature_list":[]},"_links":{"self":[{"href":"https:\/\/sinoextrud.com\/es\/wp-json\/wp\/v2\/product\/8140","targetHints":{"allow":["GET"]}}],"collection":[{"href":"https:\/\/sinoextrud.com\/es\/wp-json\/wp\/v2\/product"}],"about":[{"href":"https:\/\/sinoextrud.com\/es\/wp-json\/wp\/v2\/types\/product"}],"wp:featuredmedia":[{"embeddable":true,"href":"https:\/\/sinoextrud.com\/es\/wp-json\/wp\/v2\/media\/8139"}],"wp:attachment":[{"href":"https:\/\/sinoextrud.com\/es\/wp-json\/wp\/v2\/media?parent=8140"}],"wp:term":[{"taxonomy":"category","embeddable":true,"href":"https:\/\/sinoextrud.com\/es\/wp-json\/wp\/v2\/categories?post=8140"}],"curies":[{"name":"wp","href":"https:\/\/api.w.org\/{rel}","templated":true}]}}