{"id":8138,"date":"2025-06-13T02:38:30","date_gmt":"2025-06-13T02:38:30","guid":{"rendered":"https:\/\/sinoextrud.com\/product\/aluminium-t-bar-extrusions\/"},"modified":"2025-06-24T06:23:09","modified_gmt":"2025-06-24T06:23:09","slug":"extrusiones-de-barras-t-de-aluminio","status":"publish","type":"product","link":"https:\/\/sinoextrud.com\/es\/product\/aluminium-t-bar-extrusions\/","title":{"rendered":"Extrusiones de barra en T de aluminio"},"content":{"rendered":"<h2>Productos<\/h2>\n<table class=\"custom-table\">\n<tr>\n<td class=\"label\">Modelo NO.:<\/td>\n<td> Serie 6000<\/td>\n<\/tr>\n<tr>\n<td class=\"label\">Acabado superficial:<\/td>\n<td> Pulverizaci\u00f3n de polvo<\/td>\n<\/tr>\n<tr>\n<td class=\"label\">Ingrediente de aleaci\u00f3n:<\/td>\n<td> 6063<\/td>\n<\/tr>\n<tr>\n<td class=\"label\">Certificaci\u00f3n:<\/td>\n<td> CE, SONCAP, ISO, CIQ, RoHS, TUV<\/td>\n<\/tr>\n<tr>\n<td class=\"label\">Perfil de aluminio pulido:<\/td>\n<td> Pulido mec\u00e1nico<\/td>\n<\/tr>\n<tr>\n<td class=\"label\">Material:<\/td>\n<td> 6063-T5, 6061-T6, 6463-T5, 7075-T6, 6082<\/td>\n<\/tr>\n<tr>\n<td class=\"label\">Prop\u00f3sito:<\/td>\n<td> Muebles, Ventanas y Puertas, Decoraci\u00f3n, Industria<\/td>\n<\/tr>\n<tr>\n<td class=\"label\">MOQ:<\/td>\n<td> 200KG para cada perfil<\/td>\n<\/tr>\n<tr>\n<td class=\"label\">Servicio OEM:<\/td>\n<td> Basado en planos o muestras dise\u00f1ados por el cliente<\/td>\n<\/tr>\n<tr>\n<td class=\"label\">Tratamiento de la superficie:<\/td>\n<td> Anodizado\/electroforesis\/recubrimiento en polvo, etc.<\/td>\n<\/tr>\n<tr>\n<td class=\"label\">Procesamiento en profundidad:<\/td>\n<td> Punzonado, taladrado, roscado, plegado<\/td>\n<\/tr>\n<tr>\n<td class=\"label\">Plazo de entrega:<\/td>\n<td> 25-30days despu\u00e9s de la muestra es Confrimed por los compradores<\/td>\n<\/tr>\n<tr>\n<td class=\"label\">Plazo de liquidaci\u00f3n:<\/td>\n<td> El pago final se basar\u00e1 en la f\u00edsica real final<\/td>\n<\/tr>\n<tr>\n<td class=\"label\">Garant\u00eda de producci\u00f3n:<\/td>\n<td> El color de la superficie se mantiene durante 10~20 a\u00f1os F<\/td>\n<\/tr>\n<tr>\n<td class=\"label\">Puerto:<\/td>\n<td> Fob Shenzhen, Guangzhou, Foshan<\/td>\n<\/tr>\n<tr>\n<td class=\"label\">Marca registrada:<\/td>\n<td> Sinoextrud &amp; Sinoextrud<\/td>\n<\/tr>\n<tr>\n<td class=\"label\">Paquete de transporte:<\/td>\n<td> Normal o personalizado<\/td>\n<\/tr>\n<tr>\n<td class=\"label\">Especificaci\u00f3n:<\/td>\n<td> Seg\u00fan las necesidades del cliente<\/td>\n<\/tr>\n<tr>\n<td class=\"label\">Origen:<\/td>\n<td> China continental<\/td>\n<\/tr>\n<tr>\n<td class=\"label\">C\u00f3digo SA:<\/td>\n<td> 76042100<\/td>\n<\/tr>\n<\/table>\n<h2>Nuestra base de fabricaci\u00f3n<\/h2>\n<h3>Panorama de la f\u00e1brica<\/h3>\n<p><img decoding=\"async\" src=\"\/wp-content\/uploads\/factory-01.webp\"\/><\/p>\n<h3>Taller de fabricaci\u00f3n de barras de aluminio<\/h3>\n<p><img decoding=\"async\" src=\"\/wp-content\/uploads\/factory-02.webp\"\/><\/p>\n<p><img decoding=\"async\" src=\"\/wp-content\/uploads\/factory-03.webp\"\/><\/p>\n<h3>Almac\u00e9n de moldes<\/h3>\n<p><img decoding=\"async\" src=\"\/wp-content\/uploads\/factory-04.webp\"\/><\/p>\n<h3>43 L\u00c3neas de extrusi\u00c3\u00b3n de aluminio (500\u00e2\u20ac\"5500 toneladas)<\/h3>\n<p><img decoding=\"async\" src=\"\/wp-content\/uploads\/factory-05.webp\"\/><\/p>\n<p><img decoding=\"async\" src=\"\/wp-content\/uploads\/factory-06.webp\"\/><\/p>\n<p><img decoding=\"async\" src=\"\/wp-content\/uploads\/factory-07.webp\"\/><\/p>\n<h3>Taller de pintura en polvo<\/h3>\n<p><img decoding=\"async\" src=\"\/wp-content\/uploads\/factory-09.webp\"\/><\/p>\n<h3>Taller de anodizado<\/h3>\n<p><img decoding=\"async\" src=\"\/wp-content\/uploads\/factory-10.webp\"\/><\/p>\n<h3>Taller de procesamiento profundo<\/h3>\n<p><img decoding=\"async\" src=\"\/wp-content\/uploads\/factory-11.webp\"\/><\/p>\n<h3>Taller de mecanizado de precisi\u00f3n CNC<\/h3>\n<p><img decoding=\"async\" src=\"\/wp-content\/uploads\/factory-11.5.webp\"\/><\/p>\n<h3>Almac\u00e9n de productos acabados y de exportaci\u00f3n<\/h3>\n<p><img decoding=\"async\" src=\"\/wp-content\/uploads\/factory-12.webp\"\/><\/p>\n<p><img decoding=\"async\" src=\"\/wp-content\/uploads\/factory-13.webp\"\/><\/p>\n<p><img decoding=\"async\" src=\"\/wp-content\/uploads\/factory-14.webp\"\/><\/p>\n<h2>PREGUNTAS FRECUENTES<\/h2>\n<p><p><b>1. \u00bfCu\u00e1les son las principales ventajas de las extrusiones de aluminio en forma de T?<\/b><\/p>\n<p>Los perfiles en T de aluminio proporcionan un excelente soporte estructural, son ligeros, resistentes a la corrosi\u00f3n y personalizables, lo que los hace ideales para diversas aplicaciones industriales y de enmarcado.<br \/>\n<\/p><br \/>\n<br \/>\n<p><b>2.\u00bfC\u00f3mo mejora el dise\u00f1o de la barra en T el soporte estructural?<\/b><\/p>\n<p>El dise\u00f1o de la barra en T ofrece una resistencia y estabilidad superiores, proporcionando un soporte fiable para diversas estructuras y sistemas en diferentes industrias.<br \/>\n<\/p><br \/>\n<br \/>\n<p><b>3. \u00bfQu\u00e9 material se utiliza para las extrusiones de barras en T de aluminio?<\/b><\/p>\n<p>Est\u00e1n fabricados en aluminio de alta calidad, lo que garantiza su durabilidad, ligereza y resistencia a la corrosi\u00f3n para un rendimiento duradero.<br \/>\n<\/p><br \/>\n<br \/>\n<p><b>4. \u00bfPueden personalizarse las extrusiones de aluminio en forma de T para proyectos espec\u00edficos?<\/b><\/p>\n<p>S\u00ed, ofrecen opciones personalizables para ajustarse a requisitos espec\u00edficos de dise\u00f1o y soporte de carga, lo que las hace adaptables a una gran variedad de aplicaciones.<br \/>\n<\/p><br \/>\n<br \/>\n<p><b>5. \u00bfCu\u00e1l es la resistencia a la corrosi\u00f3n de las extrusiones de aluminio en T?<\/b><\/p>\n<p>El material de aluminio utilizado es muy resistente a la corrosi\u00f3n, lo que garantiza que las barras en T mantengan su resistencia y aspecto incluso en entornos dif\u00edciles.<br \/>\n<\/p><br \/>\n<br \/>\n<p><b>6. \u00bfQu\u00e9 industrias utilizan extrusiones de aluminio en forma de T?<\/b><\/p>\n<p>Se utilizan habitualmente en la construcci\u00f3n, la fabricaci\u00f3n, la automatizaci\u00f3n y otras industrias que requieren componentes de armaz\u00f3n resistentes, ligeros y adaptables.<br \/>\n<\/p><br \/>\n<br \/>\n<p><b>7. \u00bfCu\u00e1l es la rentabilidad de las extrusiones de aluminio en T?<\/b><\/p>\n<p>Son una soluci\u00f3n rentable por su facilidad de manejo, montaje sencillo y durabilidad, lo que reduce los costes generales del proyecto y el tiempo de instalaci\u00f3n.<br \/>\n<\/p><br \/><\/p>","protected":false},"featured_media":8137,"template":"","categories":[54],"class_list":["post-8138","product","type-product","status-publish","has-post-thumbnail","hentry","category-industrial-aluminum-profiles"],"meta_box":{"hilight_text_group":{"product_hilight_text":"<li>Strong and durable T-bar design, providing excellent structural support and stability for various applications.<\/li>\r\r\n<li>Lightweight aluminum material, making it easy to handle and install while maintaining high strength.<\/li>\r\r\n<li>Corrosion-resistant, ensuring long-lasting performance in both indoor and outdoor environments.<\/li>\r\r\n<li>Versatile and customizable, suitable for a wide range of industrial, construction, and framing needs.<\/li>\r\r\n<li>Cost-effective solution, reducing the need for additional hardware and providing easy assembly options.<\/li>","product_chanpin_blog":"<ul>\r\r\n<li><a href=\"https:\/\/sinoextrud.com\/t-slot-v-slot-differences\/\" target=\"_blank\">t slot vs v slot<\/a><\/li>\r\r\n<li><a href=\"https:\/\/sinoextrud.com\/what-is-4040-aluminium-extrud\/\" target=\"_blank\">4040 aluminium extrusion<\/a><\/li>\r\r\n<li><a href=\"https:\/\/sinoextrud.com\/what-is-4040-aluminium-extrud\/\" target=\"_blank\">aluminum extrusions for industrial racks<\/a><\/li>\r\r\n<li><a href=\"https:\/\/sinoextrud.com\/powder-coating-aluminium-process\/\" target=\"_blank\">powder coating aluminium<\/a><\/li>\r\r\n<li><a href=\"https:\/\/sinoextrud.com\/what-is-an-aluminium-strip-ceiling\/\" target=\"_blank\">aluminium strip ceiling<\/a><\/li>\r\r\n<li><a href=\"https:\/\/sinoextrud.com\/what-is-a-heat-sink\/\" target=\"_blank\">what is a heat sink<\/a><\/li>\r\r\n<\/ul>","product_chanpin_chanpin":"<li><a href=\"https:\/\/sinoextrud.com\/product\/aluminium-profiles-and-accessories\/\" target=\"_blank\">Aluminium Profiles And Accessories<\/a><\/li>\r\n<li><a href=\"https:\/\/sinoextrud.com\/product\/aluminium-sections-for-glazing\/\" target=\"_blank\">Aluminium Sections For Glazing<\/a><\/li>\r\n<li><a href=\"https:\/\/sinoextrud.com\/product\/aluminium-slotted-channel\/\" target=\"_blank\">Aluminium Slotted Channel<\/a><\/li>\r\n<li><a href=\"https:\/\/sinoextrud.com\/product\/aluminium-solar-panel-frame-profile\/\" target=\"_blank\">Aluminium Solar Panel Frame Profile<\/a><\/li>\r\n<li><a href=\"https:\/\/sinoextrud.com\/product\/aluminium-t-bar-extrusions\/\" target=\"_blank\">Aluminium T Bar Extrusions<\/a><\/li>\r\n<li><a href=\"https:\/\/sinoextrud.com\/product\/aluminium-transport-extrusions\/\" target=\"_blank\">Aluminium Transport Extrusions<\/a><\/li>\r\n<li><a href=\"https:\/\/sinoextrud.com\/product\/aluminum-extruded-enclosure-for-power-supply\/\" target=\"_blank\">Aluminum Extruded Enclosure For Power Supply<\/a><\/li>\r\n<li><a href=\"https:\/\/sinoextrud.com\/product\/aluminum-extrusion-industry\/\" target=\"_blank\">Aluminum Extrusion Industry<\/a><\/li>\r\n<li><a href=\"https:\/\/sinoextrud.com\/product\/aluminum-extrusion-material-t-slot\/\" target=\"_blank\">Aluminum Extrusion Material T Slot<\/a><\/li>\r\n<li><a href=\"https:\/\/sinoextrud.com\/product\/cnc-machining-aluminum-profiles\/\" target=\"_blank\">CNC Machining Aluminum Profiles<\/a><\/li>\r\n<li><a href=\"https:\/\/sinoextrud.com\/product\/t-track-aluminium-extrusion-industrial-usage\/\" target=\"_blank\">T Track Aluminium Extrusion Industrial Usage<\/a><\/li>"},"feature_list":[]},"_links":{"self":[{"href":"https:\/\/sinoextrud.com\/es\/wp-json\/wp\/v2\/product\/8138","targetHints":{"allow":["GET"]}}],"collection":[{"href":"https:\/\/sinoextrud.com\/es\/wp-json\/wp\/v2\/product"}],"about":[{"href":"https:\/\/sinoextrud.com\/es\/wp-json\/wp\/v2\/types\/product"}],"wp:featuredmedia":[{"embeddable":true,"href":"https:\/\/sinoextrud.com\/es\/wp-json\/wp\/v2\/media\/8137"}],"wp:attachment":[{"href":"https:\/\/sinoextrud.com\/es\/wp-json\/wp\/v2\/media?parent=8138"}],"wp:term":[{"taxonomy":"category","embeddable":true,"href":"https:\/\/sinoextrud.com\/es\/wp-json\/wp\/v2\/categories?post=8138"}],"curies":[{"name":"wp","href":"https:\/\/api.w.org\/{rel}","templated":true}]}}