{"id":8136,"date":"2025-06-13T02:35:00","date_gmt":"2025-06-13T02:35:00","guid":{"rendered":"https:\/\/sinoextrud.com\/product\/aluminium-solar-panel-frame-profile\/"},"modified":"2025-06-24T06:23:09","modified_gmt":"2025-06-24T06:23:09","slug":"perfil-de-aluminio-para-marco-de-panel-solar","status":"publish","type":"product","link":"https:\/\/sinoextrud.com\/es\/product\/aluminium-solar-panel-frame-profile\/","title":{"rendered":"Perfil de aluminio para marco de panel solar"},"content":{"rendered":"<h2>Productos<\/h2>\n<table class=\"custom-table\">\n<tbody>\n<tr>\n<td> 1<\/td>\n<td> Art\u00edculo<\/td>\n<td> Perfil de aluminio para marco de panel solar<\/td>\n<\/tr>\n<tr>\n<td> 2<\/td>\n<td> Material<\/td>\n<td> Aleaci\u00f3n 6063 T5<\/td>\n<\/tr>\n<tr>\n<td> 3<\/td>\n<td> Aplicaci\u00f3n<\/td>\n<td> Perfil de aluminio extruido con chorro de arena<\/td>\n<\/tr>\n<tr>\n<td> 4<\/td>\n<td> Certificado<\/td>\n<td> ISO9001, ISO14001<\/td>\n<\/tr>\n<tr>\n<td> 5<\/td>\n<td> Capacidad<\/td>\n<td> Producci\u00f3n anual de m\u00e1s de 200.000 toneladas<\/td>\n<\/tr>\n<tr>\n<td> 6<\/td>\n<td> Color<\/td>\n<td> Disponible a medida<\/td>\n<\/tr>\n<tr>\n<td> 7<\/td>\n<td> Longitud<\/td>\n<td> 1-9 metros o personalizado<\/td>\n<\/tr>\n<tr>\n<td> 8<\/td>\n<td> Espesor<\/td>\n<td> Personalizado<\/td>\n<\/tr>\n<tr>\n<td> 9<\/td>\n<td> Acabado superficial<\/td>\n<td> acabado de fresado, anodizado, recubrimiento en polvo, transferencia de grano de madera, revestimiento, etc.<\/td>\n<\/tr>\n<tr>\n<td> 10<\/td>\n<td> Aplicaci\u00f3n<\/td>\n<td> secci\u00f3n de puerta y ventana,barandilla,muro cortina<\/td>\n<\/tr>\n<tr>\n<td> 11<\/td>\n<td> Puerto de carga<\/td>\n<td> Shenzhen, Guangzhou, Puerto de Foshan<\/td>\n<\/tr>\n<tr>\n<td> 12<\/td>\n<td> Pago<\/td>\n<td> T\/T, 30% anticipo mientras que el saldo se pagar\u00e1 antes de la entrega<\/td>\n<\/tr>\n<tr>\n<td> 13<\/td>\n<td> Paquete<\/td>\n<td> 1.Interior: embalado con pel\u00edcula protectora de pl\u00e1stico para proteger cada perfil.<\/td>\n<\/tr>\n<tr>\n<td><\/td>\n<td><\/td>\n<td> 2.Exterior: embalado con papel craft impermeable<\/td>\n<\/tr>\n<tr>\n<td> 14<\/td>\n<td> Entrega<\/td>\n<td> 25-30 d\u00edas despu\u00e9s del pago inicial<\/td>\n<\/tr>\n<tr>\n<td> 15<\/td>\n<td> Secuencia de pedidos<\/td>\n<td> 1. Confirme los planos, el tratamiento superficial y el precio;<br \/>\n 2. Pague el importe del molde y empezaremos a fabricar los moldes;<br \/>\n3. Le enviamos muestras para su confirmaci\u00f3n; <br \/>\n4. Realizar el pago del dep\u00f3sito 30%, iniciar la producci\u00f3n;<\/td>\n<\/tr>\n<\/tbody>\n<\/table>\n<h2>Nuestra base de fabricaci\u00f3n<\/h2>\n<h3>Panorama de la f\u00e1brica<\/h3>\n<p><img decoding=\"async\" src=\"\/wp-content\/uploads\/factory-01.webp\"\/><\/p>\n<h3>Taller de fabricaci\u00f3n de barras de aluminio<\/h3>\n<p><img decoding=\"async\" src=\"\/wp-content\/uploads\/factory-02.webp\"\/><\/p>\n<\/p>\n<p><img decoding=\"async\" src=\"\/wp-content\/uploads\/factory-03.webp\"\/><\/p>\n<h3>Almac\u00e9n de moldes<\/h3>\n<p><img decoding=\"async\" src=\"\/wp-content\/uploads\/factory-04.webp\"\/><\/p>\n<h3>43 L\u00c3neas de extrusi\u00c3\u00b3n de aluminio (500\u00e2\u20ac\"5500 toneladas)<\/h3>\n<p><img decoding=\"async\" src=\"\/wp-content\/uploads\/factory-05.webp\"\/><\/p>\n<p><img decoding=\"async\" src=\"\/wp-content\/uploads\/factory-06.webp\"\/><\/p>\n<p><img decoding=\"async\" src=\"\/wp-content\/uploads\/factory-07.webp\"\/><\/p>\n<h3>Taller de pintura en polvo<\/h3>\n<p><img decoding=\"async\" src=\"\/wp-content\/uploads\/factory-09.webp\"\/><\/p>\n<h3>Taller de anodizado<\/h3>\n<p><img decoding=\"async\" src=\"\/wp-content\/uploads\/factory-10.webp\"\/><\/p>\n<h3>Taller de procesamiento profundo<\/h3>\n<p><img decoding=\"async\" src=\"\/wp-content\/uploads\/factory-11.webp\"\/><\/p>\n<h3>Taller de mecanizado de precisi\u00f3n CNC<\/h3>\n<p><img decoding=\"async\" src=\"\/wp-content\/uploads\/factory-11.5.webp\"\/><\/p>\n<h3>Almac\u00e9n de productos acabados y de exportaci\u00f3n<\/h3>\n<p><img decoding=\"async\" src=\"\/wp-content\/uploads\/factory-12.webp\"\/><\/p>\n<p><img decoding=\"async\" src=\"\/wp-content\/uploads\/factory-13.webp\"\/><\/p>\n<p><img decoding=\"async\" src=\"\/wp-content\/uploads\/factory-14.webp\"\/><\/p>\n<h2>PREGUNTAS FRECUENTES<\/h2>\n<p><b>1. \u00bfCu\u00e1les son las principales ventajas del perfil de aluminio para marco de paneles solares?<\/b><\/p>\n<p>El perfil de marco de aluminio para paneles solares ofrece durabilidad, resistencia a la corrosi\u00f3n, manipulaci\u00f3n ligera y dise\u00f1os personalizables para instalaciones robustas de paneles solares.\n<\/p>\n<p><\/p>\n<p><b>2.\u00bfC\u00f3mo mejora el perfil de aluminio del marco del panel solar la durabilidad de los paneles solares?<\/b><\/p>\n<p>El aluminio resistente a la corrosi\u00f3n garantiza la protecci\u00f3n a largo plazo de los paneles solares, evitando que se da\u00f1en por factores ambientales como la humedad y la exposici\u00f3n a los rayos UV.\n<\/p>\n<p><\/p>\n<p><b>3.\u00bfEs f\u00e1cil de instalar el perfil de aluminio para marco de panel solar?<\/b><\/p>\n<p>S\u00ed, su dise\u00f1o ligero facilita la manipulaci\u00f3n y la instalaci\u00f3n, lo que contribuye a reducir los costes de mano de obra y el tiempo de instalaci\u00f3n.\n<\/p>\n<p><\/p>\n<p><b>4. \u00bfSe puede personalizar el perfil del marco de aluminio para panel solar?<\/b><\/p>\n<p>S\u00ed, ofrece opciones flexibles para adaptarse a una amplia gama de tama\u00f1os y configuraciones de paneles solares para diferentes necesidades de instalaci\u00f3n.\n<\/p>\n<p><\/p>\n<p><b>5. \u00bfQu\u00e9 resistencia tiene el perfil del marco de aluminio para paneles solares?<\/b><\/p>\n<p>Proporciona una excelente resistencia estructural, garantizando un soporte fiable y la estabilidad de los paneles solares en diversas condiciones ambientales, incluidos fuertes vientos y nevadas intensas.\n<\/p>\n<p><\/p>\n<p><b>6.\u00bfPor qu\u00e9 se utiliza el aluminio para los marcos de los paneles solares?<\/b><\/p>\n<p>El aluminio es ligero, duradero y resistente a la corrosi\u00f3n, por lo que es un material ideal para los marcos de los paneles solares de larga duraci\u00f3n.\n<\/p>\n<p><\/p>\n<p><b>7. \u00bfCu\u00e1l es la rentabilidad del perfil del marco de aluminio para paneles solares?<\/b><\/p>\n<p>Ofrece una soluci\u00f3n asequible para la instalaci\u00f3n de paneles solares, combinando resistencia, durabilidad y facilidad de uso a un precio competitivo.\n<\/p>\n<p><\/p>","protected":false},"featured_media":8135,"template":"","categories":[54],"class_list":["post-8136","product","type-product","status-publish","has-post-thumbnail","hentry","category-industrial-aluminum-profiles"],"meta_box":{"hilight_text_group":{"product_hilight_text":"<li>Durable and corrosion-resistant aluminum construction, ensuring long-lasting protection for solar panels.<\/li>\r\r\n<li>Lightweight design, making it easy to handle and install, reducing labor costs.<\/li>\r\r\n<li>Excellent structural strength, providing reliable support for solar panels in various weather conditions.<\/li>\r\r\n<li>Customizable profile options to fit a wide range of solar panel sizes and configurations.<\/li>\r\r\n<li>Cost-effective solution for building robust and efficient solar panel frames for renewable energy systems.<\/li>","product_chanpin_blog":"<ul>\r\r\n<li><a href=\"https:\/\/sinoextrud.com\/t-slot-v-slot-differences\/\" target=\"_blank\">t slot vs v slot<\/a><\/li>\r\r\n<li><a href=\"https:\/\/sinoextrud.com\/what-is-4040-aluminium-extrud\/\" target=\"_blank\">4040 aluminium extrusion<\/a><\/li>\r\r\n<li><a href=\"https:\/\/sinoextrud.com\/what-is-4040-aluminium-extrud\/\" target=\"_blank\">aluminum extrusions for industrial racks<\/a><\/li>\r\r\n<li><a href=\"https:\/\/sinoextrud.com\/powder-coating-aluminium-process\/\" target=\"_blank\">powder coating aluminium<\/a><\/li>\r\r\n<li><a href=\"https:\/\/sinoextrud.com\/what-is-an-aluminium-strip-ceiling\/\" target=\"_blank\">aluminium strip ceiling<\/a><\/li>\r\r\n<li><a href=\"https:\/\/sinoextrud.com\/what-is-a-heat-sink\/\" target=\"_blank\">what is a heat sink<\/a><\/li>\r\r\n<\/ul>","product_chanpin_chanpin":"<li><a href=\"https:\/\/sinoextrud.com\/product\/aluminium-profile-h\/\" target=\"_blank\">Aluminium Profile H<\/a><\/li>\r\n<li><a href=\"https:\/\/sinoextrud.com\/product\/aluminium-profiles-and-accessories\/\" target=\"_blank\">Aluminium Profiles And Accessories<\/a><\/li>\r\n<li><a href=\"https:\/\/sinoextrud.com\/product\/aluminium-sections-for-glazing\/\" target=\"_blank\">Aluminium Sections For Glazing<\/a><\/li>\r\n<li><a href=\"https:\/\/sinoextrud.com\/product\/aluminium-slotted-channel\/\" target=\"_blank\">Aluminium Slotted Channel<\/a><\/li>\r\n<li><a href=\"https:\/\/sinoextrud.com\/product\/aluminium-solar-panel-frame-profile\/\" target=\"_blank\">Aluminium Solar Panel Frame Profile<\/a><\/li>\r\n<li><a href=\"https:\/\/sinoextrud.com\/product\/aluminium-t-bar-extrusions\/\" target=\"_blank\">Aluminium T Bar Extrusions<\/a><\/li>\r\n<li><a href=\"https:\/\/sinoextrud.com\/product\/aluminium-transport-extrusions\/\" target=\"_blank\">Aluminium Transport Extrusions<\/a><\/li>\r\n<li><a href=\"https:\/\/sinoextrud.com\/product\/aluminum-extruded-enclosure-for-power-supply\/\" target=\"_blank\">Aluminum Extruded Enclosure For Power Supply<\/a><\/li>\r\n<li><a href=\"https:\/\/sinoextrud.com\/product\/aluminum-extrusion-industry\/\" target=\"_blank\">Aluminum Extrusion Industry<\/a><\/li>\r\n<li><a href=\"https:\/\/sinoextrud.com\/product\/aluminum-fireproof-outdoor-terracce-decking-floor\/\" target=\"_blank\">Aluminum Fireproof Outdoor Terracce Decking Floor<\/a><\/li>\r\n<li><a href=\"https:\/\/sinoextrud.com\/product\/aluminum-extrusion-frame\/\" target=\"_blank\">Aluminum Extrusion Frame<\/a><\/li>"},"feature_list":[]},"_links":{"self":[{"href":"https:\/\/sinoextrud.com\/es\/wp-json\/wp\/v2\/product\/8136","targetHints":{"allow":["GET"]}}],"collection":[{"href":"https:\/\/sinoextrud.com\/es\/wp-json\/wp\/v2\/product"}],"about":[{"href":"https:\/\/sinoextrud.com\/es\/wp-json\/wp\/v2\/types\/product"}],"wp:featuredmedia":[{"embeddable":true,"href":"https:\/\/sinoextrud.com\/es\/wp-json\/wp\/v2\/media\/8135"}],"wp:attachment":[{"href":"https:\/\/sinoextrud.com\/es\/wp-json\/wp\/v2\/media?parent=8136"}],"wp:term":[{"taxonomy":"category","embeddable":true,"href":"https:\/\/sinoextrud.com\/es\/wp-json\/wp\/v2\/categories?post=8136"}],"curies":[{"name":"wp","href":"https:\/\/api.w.org\/{rel}","templated":true}]}}