{"id":8110,"date":"2025-06-13T02:05:56","date_gmt":"2025-06-13T02:05:56","guid":{"rendered":"https:\/\/sinoextrud.com\/product\/aluminium-alloy-material-frame\/"},"modified":"2025-06-24T06:23:04","modified_gmt":"2025-06-24T06:23:04","slug":"bastidor-de-aleacion-de-aluminio","status":"publish","type":"product","link":"https:\/\/sinoextrud.com\/es\/product\/aluminium-alloy-material-frame\/","title":{"rendered":"Material de aleaci\u00f3n de aluminio Bastidor"},"content":{"rendered":"<h2>Productos<\/h2>\n<table class=\"custom-table\">\n<tbody>\n<tr>\n<td> Material<\/td>\n<td> aleaci\u00f3n de aluminio: 6061 \/6063 T3-T8<\/td>\n<\/tr>\n<tr>\n<td> Forma<\/td>\n<td> seg\u00fan plano y muestra (cuadrado, \u00e1ngulo, plano, perfil en T, rotundidad, oval, ranura)<\/td>\n<\/tr>\n<tr>\n<td> Mecanizado profundo<\/td>\n<td> corte preciso, taladrado, roscado, fresado CNC, torno CNC, etc.<\/td>\n<\/tr>\n<tr>\n<td> Tratamiento de superficies<\/td>\n<td> pulido, cepillado, anodizado, galvanoplastia, pintura en polvo, chorro de arena, pintura, etc.<\/td>\n<\/tr>\n<\/tbody>\n<\/table>\n<h2>Nuestra base de fabricaci\u00f3n<\/h2>\n<h3>Panorama de la f\u00e1brica<\/h3>\n<p><img decoding=\"async\" src=\"\/wp-content\/uploads\/factory-01.webp\"\/><\/p>\n<h3>Taller de fabricaci\u00f3n de barras de aluminio<\/h3>\n<p><img decoding=\"async\" src=\"\/wp-content\/uploads\/factory-02.webp\"\/><\/p>\n<p><img decoding=\"async\" src=\"\/wp-content\/uploads\/factory-03.webp\"\/><\/p>\n<h3>Almac\u00e9n de moldes<\/h3>\n<p><img decoding=\"async\" src=\"\/wp-content\/uploads\/factory-04.webp\"\/><\/p>\n<h3>43 L\u00c3neas de extrusi\u00c3\u00b3n de aluminio (500\u00e2\u20ac\"5500 toneladas)<\/h3>\n<p><img decoding=\"async\" src=\"\/wp-content\/uploads\/factory-05.webp\"\/><\/p>\n<p><img decoding=\"async\" src=\"\/wp-content\/uploads\/factory-06.webp\"\/><\/p>\n<p><img decoding=\"async\" src=\"\/wp-content\/uploads\/factory-07.webp\"\/><\/p>\n<h3>Taller de pintura en polvo<\/h3>\n<p><img decoding=\"async\" src=\"\/wp-content\/uploads\/factory-09.webp\"\/><\/p>\n<h3>Taller de anodizado<\/h3>\n<p><img decoding=\"async\" src=\"\/wp-content\/uploads\/factory-10.webp\"\/><\/p>\n<h3>Taller de procesamiento profundo<\/h3>\n<p><img decoding=\"async\" src=\"\/wp-content\/uploads\/factory-11.webp\"\/><\/p>\n<h3>Taller de mecanizado de precisi\u00f3n CNC<\/h3>\n<p><img decoding=\"async\" src=\"\/wp-content\/uploads\/factory-11.5.webp\"\/><\/p>\n<h3>Almac\u00e9n de productos acabados y de exportaci\u00f3n<\/h3>\n<p><img decoding=\"async\" src=\"\/wp-content\/uploads\/factory-12.webp\"\/><\/p>\n<p><img decoding=\"async\" src=\"\/wp-content\/uploads\/factory-13.webp\"\/><\/p>\n<p><img decoding=\"async\" src=\"\/wp-content\/uploads\/factory-14.webp\"\/><\/p>\n<h2>PREGUNTAS FRECUENTES<\/h2>\n<p><p><b>1.\u00bfPara qu\u00e9 se utiliza un marco de material de aleaci\u00f3n de aluminio? <\/b><\/p>\n<p> Los marcos de material de aleaci\u00f3n de aluminio se utilizan en aplicaciones estructurales, arquitect\u00f3nicas e industriales por su resistencia, durabilidad y dise\u00f1o ligero.<br \/>\n<\/p><br \/>\n<br \/>\n<p><b>2.\u00bfPor qu\u00e9 elegir la aleaci\u00f3n de aluminio para las soluciones de enmarcado? <\/b><\/p>\n<p> La aleaci\u00f3n de aluminio es una alternativa al acero, fuerte pero ligera, que ofrece resistencia a la corrosi\u00f3n y una instalaci\u00f3n m\u00e1s sencilla.<br \/>\n<\/p><br \/>\n<br \/>\n<p><b>3.\u00bfPueden personalizarse los marcos de aleaci\u00f3n de aluminio? <\/b><\/p>\n<p> S\u00ed, los marcos de aleaci\u00f3n de aluminio est\u00e1n disponibles en tama\u00f1os, perfiles y acabados de superficie personalizados para adaptarse a las necesidades espec\u00edficas de cada proyecto.<br \/>\n<\/p><br \/>\n<br \/>\n<p><b>4.\u00bfSon adecuados los marcos de aluminio para su uso en exteriores? <\/b><\/p>\n<p> Por supuesto, las propiedades anticorrosivas de la aleaci\u00f3n de aluminio la hacen ideal tanto para interiores como para exteriores.<br \/>\n<\/p><br \/>\n<br \/>\n<p><b>5. \u00bfQu\u00e9 industrias utilizan bastidores de aleaci\u00f3n de aluminio? <\/b><\/p>\n<p> Las aplicaciones m\u00e1s comunes son la construcci\u00f3n, la energ\u00eda solar, la maquinaria, el transporte, la electr\u00f3nica y los sistemas modulares.<br \/>\n<\/p><br \/>\n<br \/>\n<p><b>6. \u00bfC\u00f3mo contribuye el uso de marcos de aluminio a la sostenibilidad? <\/b><\/p>\n<p> El aluminio es 100% reciclable, lo que lo convierte en una opci\u00f3n responsable con el medio ambiente para los fabricantes centrados en la producci\u00f3n ecol\u00f3gica.<br \/>\n<\/p><br \/>\n<br \/>\n<p><b>7.\u00bfQu\u00e9 opciones de acabado existen para los marcos de aleaci\u00f3n de aluminio? <\/b><\/p>\n<p> Ofrecemos anodizado, recubrimiento en polvo y acabado de fresado para satisfacer requisitos funcionales y est\u00e9ticos.<br \/>\n<\/p><br \/><\/p>","protected":false},"featured_media":8109,"template":"","categories":[54],"class_list":["post-8110","product","type-product","status-publish","has-post-thumbnail","hentry","category-industrial-aluminum-profiles"],"meta_box":{"hilight_text_group":{"product_hilight_text":"<li>Made from high-strength aluminium alloy for superior structural integrity.<\/li>\r\r\n<li>Lightweight material enables easier handling and reduced transport costs.<\/li>\r\r\n<li>Corrosion-resistant surface ensures long-term durability.<\/li>\r\r\n<li>Customizable frame sizes and finishes for diverse applications.<\/li>\r\r\n<li>Ideal for construction, display, machinery, and solar panel framing.<\/li>\r\r\n<li>Compatible with multiple assembly systems and connectors.<\/li>\r\r\n<li>Eco-friendly and recyclable material supports sustainable manufacturing.<\/li>","product_chanpin_blog":"<ul>\r\r\n<li><a href=\"https:\/\/sinoextrud.com\/t-slot-v-slot-differences\/\" target=\"_blank\">t slot vs v slot<\/a><\/li>\r\r\n<li><a href=\"https:\/\/sinoextrud.com\/what-is-4040-aluminium-extrud\/\" target=\"_blank\">4040 aluminium extrusion<\/a><\/li>\r\r\n<li><a href=\"https:\/\/sinoextrud.com\/what-is-4040-aluminium-extrud\/\" target=\"_blank\">aluminum extrusions for industrial racks<\/a><\/li>\r\r\n<li><a href=\"https:\/\/sinoextrud.com\/powder-coating-aluminium-process\/\" target=\"_blank\">powder coating aluminium<\/a><\/li>\r\r\n<li><a href=\"https:\/\/sinoextrud.com\/what-is-an-aluminium-strip-ceiling\/\" target=\"_blank\">aluminium strip ceiling<\/a><\/li>\r\r\n<li><a href=\"https:\/\/sinoextrud.com\/what-is-a-heat-sink\/\" target=\"_blank\">what is a heat sink<\/a><\/li>\r\r\n<\/ul>","product_chanpin_chanpin":"<li><a href=\"https:\/\/sinoextrud.com\/product\/40mm-aluminium-extrusion\/\" target=\"_blank\">40mm Aluminium Extrusion<\/a><\/li>\r\n<li><a href=\"https:\/\/sinoextrud.com\/product\/6063-and-6061-extruded-led-lighting-telecommunications-and-audio-industrial-aluminum-heat-sink-profile\/\" target=\"_blank\">6063 and 6061 Extruded LED Lighting Telecommunications and Audio Industrial Aluminum Heat Sink Profile<\/a><\/li>\r\n<li><a href=\"https:\/\/sinoextrud.com\/product\/6063-t5-alloy-industrial-aluminum-extrusions-aluminum-profile-with-anodized-surface-treatment\/\" target=\"_blank\">6063 T5 Alloy Industrial Aluminum Extrusions Aluminum Profile With Anodized Surface Treatment<\/a><\/li>\r\n<li><a href=\"https:\/\/sinoextrud.com\/product\/alu-profile-system\/\" target=\"_blank\">Alu Profile System<\/a><\/li>\r\n<li><a href=\"https:\/\/sinoextrud.com\/product\/aluminium-alloy-material-frame\/\" target=\"_blank\">Aluminium Alloy Material Frame<\/a><\/li>\r\n<li><a href=\"https:\/\/sinoextrud.com\/product\/aluminium-angle-profiles\/\" target=\"_blank\">Aluminium Angle Profiles<\/a><\/li>\r\n<li><a href=\"https:\/\/sinoextrud.com\/product\/aluminium-enclosure\/\" target=\"_blank\">Aluminium Enclosure<\/a><\/li>\r\n<li><a href=\"https:\/\/sinoextrud.com\/product\/aluminium-extrusion-bar-outdoor-power-aluminum-case\/\" target=\"_blank\">Aluminium Extrusion Bar Outdoor Power Aluminum Case<\/a><\/li>\r\n<li><a href=\"https:\/\/sinoextrud.com\/product\/aluminium-extrusion-linear-rail-china-factory\/\" target=\"_blank\">Aluminium Extrusion Linear Rail China Factory<\/a><\/li>\r\n<li><a href=\"https:\/\/sinoextrud.com\/product\/aluminium-square-tube-extrusion-profile-with-6063-t5-alloy-anodized-extruded-aluminium-profile\/\" target=\"_blank\">Aluminium Square Tube Extrusion Profile With 6063 T5 Alloy  Anodized Extruded Aluminium Profile<\/a><\/li>\r\n<li><a href=\"https:\/\/sinoextrud.com\/product\/anodized-aluminum-eectronic-equipment-enclosure\/\" target=\"_blank\">Anodized Aluminum Eectronic Equipment Enclosure<\/a><\/li>"},"feature_list":[]},"_links":{"self":[{"href":"https:\/\/sinoextrud.com\/es\/wp-json\/wp\/v2\/product\/8110","targetHints":{"allow":["GET"]}}],"collection":[{"href":"https:\/\/sinoextrud.com\/es\/wp-json\/wp\/v2\/product"}],"about":[{"href":"https:\/\/sinoextrud.com\/es\/wp-json\/wp\/v2\/types\/product"}],"wp:featuredmedia":[{"embeddable":true,"href":"https:\/\/sinoextrud.com\/es\/wp-json\/wp\/v2\/media\/8109"}],"wp:attachment":[{"href":"https:\/\/sinoextrud.com\/es\/wp-json\/wp\/v2\/media?parent=8110"}],"wp:term":[{"taxonomy":"category","embeddable":true,"href":"https:\/\/sinoextrud.com\/es\/wp-json\/wp\/v2\/categories?post=8110"}],"curies":[{"name":"wp","href":"https:\/\/api.w.org\/{rel}","templated":true}]}}