{"id":8102,"date":"2025-06-13T01:55:23","date_gmt":"2025-06-13T01:55:23","guid":{"rendered":"https:\/\/sinoextrud.com\/product\/40mm-aluminium-extrusion\/"},"modified":"2025-06-24T06:23:03","modified_gmt":"2025-06-24T06:23:03","slug":"extrusion-de-aluminio-de-40-mm","status":"publish","type":"product","link":"https:\/\/sinoextrud.com\/es\/product\/40mm-aluminium-extrusion\/","title":{"rendered":"Extrusi\u00f3n de aluminio de 40 mm"},"content":{"rendered":"<h2>Productos<\/h2>\n<table class=\"custom-table\">\n<tbody>\n<tr>\n<td> <\/td>\n<td>Extrusi\u00f3n de aluminio de 40 mm<\/td>\n<\/tr>\n<tr>\n<td>Material<\/td>\n<td>6063,6061,6005,6005A,6082,6463 etc.<\/td>\n<\/tr>\n<tr>\n<td>Espesor<\/td>\n<td>A petici\u00f3n del cliente<\/td>\n<\/tr>\n<tr>\n<td>Longitud<\/td>\n<td>Longitud est\u00e1ndar 1-9M, otras longitudes personalizadas disponibles.<\/td>\n<\/tr>\n<tr>\n<td>Uso t\u00edpico<\/td>\n<td>Arquitectura, industria, muebles, decoraci\u00f3n, etc.<\/td>\n<\/tr>\n<tr>\n<td>Proceso CNC<\/td>\n<td>Fresado CNC, taladrado, punzonado, perforaci\u00f3n, roscado, plegado<\/td>\n<\/tr>\n<tr>\n<td>Superficie acabada<\/td>\n<td>Acabado de molino, anodizado, recubierto de polvo, grano de madera, etc.<\/td>\n<\/tr>\n<tr>\n<td>Certificados<\/td>\n<td>ISO9001,ISO4001,CQM,SGS,CE,BV etc.<\/td>\n<\/tr>\n<tr>\n<td>Origen<\/td>\n<td>Guangdong,China<\/td>\n<\/tr>\n<\/tbody>\n<\/table>\n<h2>Nuestra base de fabricaci\u00f3n<\/h2>\n<h3>Panorama de la f\u00e1brica<\/h3>\n<p><img decoding=\"async\" src=\"\/wp-content\/uploads\/factory-01.webp\"\/><\/p>\n<h3>Taller de fabricaci\u00f3n de barras de aluminio<\/h3>\n<p><img decoding=\"async\" src=\"\/wp-content\/uploads\/factory-02.webp\"\/><\/p>\n<p><img decoding=\"async\" src=\"\/wp-content\/uploads\/factory-03.webp\"\/><\/p>\n<h3>Almac\u00e9n de moldes<\/h3>\n<p><img decoding=\"async\" src=\"\/wp-content\/uploads\/factory-04.webp\"\/><\/p>\n<h3>43 L\u00c3neas de extrusi\u00c3\u00b3n de aluminio (500\u00e2\u20ac\"5500 toneladas)<\/h3>\n<p><img decoding=\"async\" src=\"\/wp-content\/uploads\/factory-05.webp\"\/><\/p>\n<p><img decoding=\"async\" src=\"\/wp-content\/uploads\/factory-06.webp\"\/><\/p>\n<p><img decoding=\"async\" src=\"\/wp-content\/uploads\/factory-07.webp\"\/><\/p>\n<h3>Taller de pintura en polvo<\/h3>\n<p><img decoding=\"async\" src=\"\/wp-content\/uploads\/factory-09.webp\"\/><\/p>\n<h3>Taller de anodizado<\/h3>\n<p><img decoding=\"async\" src=\"\/wp-content\/uploads\/factory-10.webp\"\/><\/p>\n<h3>Taller de procesamiento profundo<\/h3>\n<p><img decoding=\"async\" src=\"\/wp-content\/uploads\/factory-11.webp\"\/><\/p>\n<h3>Taller de mecanizado de precisi\u00f3n CNC<\/h3>\n<p><img decoding=\"async\" src=\"\/wp-content\/uploads\/factory-11.5.webp\"\/><\/p>\n<h3>Almac\u00e9n de productos acabados y de exportaci\u00f3n<\/h3>\n<p><img decoding=\"async\" src=\"\/wp-content\/uploads\/factory-12.webp\"\/><\/p>\n<p><img decoding=\"async\" src=\"\/wp-content\/uploads\/factory-13.webp\"\/><\/p>\n<p><img decoding=\"async\" src=\"\/wp-content\/uploads\/factory-14.webp\"\/><\/p>\n<h2>PREGUNTAS FRECUENTES<\/h2>\n<p><p><b>1. \u00bfPara qu\u00e9 se utiliza la extrusi\u00f3n de aluminio de 40 mm?<\/b><\/p>\n<p>La extrusi\u00f3n de aluminio de 40 mm se utiliza habitualmente en la creaci\u00f3n de marcos, soportes y cerramientos para proyectos industriales, de automoci\u00f3n y bricolaje, ya que ofrece resistencia y flexibilidad.<br \/>\n<\/p><br \/>\n<br \/>\n<p><b>2. \u00bfPor qu\u00e9 elegir la extrusi\u00f3n de aluminio de 40 mm en lugar de otros tama\u00f1os?<\/b><\/p>\n<p>La extrusi\u00f3n de aluminio de 40 mm ofrece una combinaci\u00f3n equilibrada de resistencia y flexibilidad, lo que la hace adecuada para aplicaciones de tama\u00f1o medio y lo suficientemente vers\u00e1til para diversas necesidades de dise\u00f1o.<br \/>\n<\/p><br \/>\n<br \/>\n<p><b>3. \u00bfSe puede personalizar la extrusi\u00f3n de aluminio de 40 mm para proyectos espec\u00edficos?<\/b><\/p>\n<p>S\u00ed, la extrusi\u00f3n de aluminio de 40 mm es altamente personalizable, con diferentes longitudes, perfiles y accesorios disponibles para satisfacer las necesidades \u00fanicas de cualquier proyecto.<br \/>\n<\/p><br \/>\n<br \/>\n<p><b>4.\u00bfEn qu\u00e9 beneficia el dise\u00f1o de ranura en T a la extrusi\u00f3n de aluminio de 40 mm?<\/b><\/p>\n<p>El dise\u00f1o de las ranuras en T permite montar, modificar y reconfigurar f\u00e1cilmente las estructuras, por lo que resulta ideal para proyectos din\u00e1micos y en evoluci\u00f3n.<br \/>\n<\/p><br \/>\n<br \/>\n<p><b>5.\u00bfEs resistente a la corrosi\u00f3n la extrusi\u00f3n de aluminio de 40 mm?<\/b><\/p>\n<p>S\u00ed, el material de aluminio utilizado en la extrusi\u00f3n de aluminio de 40 mm es resistente a la corrosi\u00f3n, lo que garantiza un rendimiento a largo plazo tanto en aplicaciones de interior como de exterior.<br \/>\n<\/p><br \/>\n<br \/>\n<p><b>6. \u00bfC\u00f3mo contribuye la extrusi\u00f3n de aluminio de 40 mm a la eficiencia de los proyectos?<\/b><\/p>\n<p>La extrusi\u00f3n de aluminio de 40 mm es f\u00e1cil de cortar, ensamblar e instalar, lo que reduce los costes de mano de obra y el tiempo de instalaci\u00f3n para diversos proyectos, mejorando la eficiencia general del proyecto.<br \/>\n<\/p><br \/>\n<br \/>\n<p><b>7. \u00bfQu\u00e9 industrias utilizan la extrusi\u00f3n de aluminio de 40 mm?<\/b><\/p>\n<p>La extrusi\u00f3n de aluminio de 40 mm se utiliza en sectores como la fabricaci\u00f3n, la construcci\u00f3n, la automoci\u00f3n y la electr\u00f3nica debido a su resistencia, flexibilidad y facilidad de uso.<br \/>\n<\/p><br \/><\/p>","protected":false},"featured_media":8101,"template":"","categories":[54],"class_list":["post-8102","product","type-product","status-publish","has-post-thumbnail","hentry","category-industrial-aluminum-profiles"],"meta_box":{"hilight_text_group":{"product_hilight_text":"<li>40mm Aluminium Extrusion provides a strong and lightweight solution for various structural applications.<\/li>\r\r\n<li>Versatile and customizable profiles, ideal for creating frames, enclosures, and supports.<\/li>\r\r\n<li>Corrosion-resistant aluminum ensures long-lasting durability in demanding environments.<\/li>\r\r\n<li>Quick and easy assembly with T-slot design, reducing labor and installation time.<\/li>\r\r\n<li>Compatible with a wide range of accessories for flexible and scalable designs.<\/li>","product_chanpin_blog":"<ul>\r\r\n<li><a href=\"https:\/\/sinoextrud.com\/t-slot-v-slot-differences\/\" target=\"_blank\">t slot vs v slot<\/a><\/li>\r\r\n<li><a href=\"https:\/\/sinoextrud.com\/what-is-4040-aluminium-extrud\/\" target=\"_blank\">4040 aluminium extrusion<\/a><\/li>\r\r\n<li><a href=\"https:\/\/sinoextrud.com\/what-is-4040-aluminium-extrud\/\" target=\"_blank\">aluminum extrusions for industrial racks<\/a><\/li>\r\r\n<li><a href=\"https:\/\/sinoextrud.com\/powder-coating-aluminium-process\/\" target=\"_blank\">powder coating aluminium<\/a><\/li>\r\r\n<li><a href=\"https:\/\/sinoextrud.com\/what-is-an-aluminium-strip-ceiling\/\" target=\"_blank\">aluminium strip ceiling<\/a><\/li>\r\r\n<li><a href=\"https:\/\/sinoextrud.com\/what-is-a-heat-sink\/\" target=\"_blank\">what is a heat sink<\/a><\/li>\r\r\n<\/ul>","product_chanpin_chanpin":"<li><a href=\"https:\/\/sinoextrud.com\/product\/v-rail-aluminum-extrusion-profiles-pipeline\/\" target=\"_blank\">V Rail Aluminum Extrusion Profiles Pipeline<\/a><\/li>\r\n<li><a href=\"https:\/\/sinoextrud.com\/product\/t-track-aluminium-extrusion-industrial-usage\/\" target=\"_blank\">T Track Aluminium Extrusion Industrial Usage<\/a><\/li>\r\n<li><a href=\"https:\/\/sinoextrud.com\/product\/2024-2014-alloy-aluminum-profiles\/\" target=\"_blank\">2024 2014 Alloy Aluminum Profiles<\/a><\/li>\r\n<li><a href=\"https:\/\/sinoextrud.com\/product\/300mm-aluminium-louvre-extrusion\/\" target=\"_blank\">300mm Aluminium Louvre Extrusion<\/a><\/li>\r\n<li><a href=\"https:\/\/sinoextrud.com\/product\/40mm-aluminium-extrusion\/\" target=\"_blank\">40mm Aluminium Extrusion<\/a><\/li>\r\n<li><a href=\"https:\/\/sinoextrud.com\/product\/6063-and-6061-extruded-led-lighting-telecommunications-and-audio-industrial-aluminum-heat-sink-profile\/\" target=\"_blank\">6063 and 6061 Extruded LED Lighting Telecommunications and Audio Industrial Aluminum Heat Sink Profile<\/a><\/li>\r\n<li><a href=\"https:\/\/sinoextrud.com\/product\/6063-t5-alloy-industrial-aluminum-extrusions-aluminum-profile-with-anodized-surface-treatment\/\" target=\"_blank\">6063 T5 Alloy Industrial Aluminum Extrusions Aluminum Profile With Anodized Surface Treatment<\/a><\/li>\r\n<li><a href=\"https:\/\/sinoextrud.com\/product\/alu-profile-system\/\" target=\"_blank\">Alu Profile System<\/a><\/li>\r\n<li><a href=\"https:\/\/sinoextrud.com\/product\/aluminium-alloy-material-frame\/\" target=\"_blank\">Aluminium Alloy Material Frame<\/a><\/li>\r\n<li><a href=\"https:\/\/sinoextrud.com\/product\/aluminium-gate-fence\/\" target=\"_blank\">Aluminium gate fence<\/a><\/li>\r\n<li><a href=\"https:\/\/sinoextrud.com\/product\/aluminum-heat-sink-extrusion-profiles\/\" target=\"_blank\">Aluminum Heat Sink Extrusion Profiles<\/a><\/li>"},"feature_list":[]},"_links":{"self":[{"href":"https:\/\/sinoextrud.com\/es\/wp-json\/wp\/v2\/product\/8102","targetHints":{"allow":["GET"]}}],"collection":[{"href":"https:\/\/sinoextrud.com\/es\/wp-json\/wp\/v2\/product"}],"about":[{"href":"https:\/\/sinoextrud.com\/es\/wp-json\/wp\/v2\/types\/product"}],"wp:featuredmedia":[{"embeddable":true,"href":"https:\/\/sinoextrud.com\/es\/wp-json\/wp\/v2\/media\/8101"}],"wp:attachment":[{"href":"https:\/\/sinoextrud.com\/es\/wp-json\/wp\/v2\/media?parent=8102"}],"wp:term":[{"taxonomy":"category","embeddable":true,"href":"https:\/\/sinoextrud.com\/es\/wp-json\/wp\/v2\/categories?post=8102"}],"curies":[{"name":"wp","href":"https:\/\/api.w.org\/{rel}","templated":true}]}}