{"id":8100,"date":"2025-06-13T01:54:11","date_gmt":"2025-06-13T01:54:11","guid":{"rendered":"https:\/\/sinoextrud.com\/product\/300mm-aluminium-louvre-extrusion\/"},"modified":"2025-06-24T06:23:02","modified_gmt":"2025-06-24T06:23:02","slug":"extrusion-de-lamas-de-aluminio-de-300-mm","status":"publish","type":"product","link":"https:\/\/sinoextrud.com\/es\/product\/300mm-aluminium-louvre-extrusion\/","title":{"rendered":"Extrusi\u00f3n de lamas de aluminio de 300 mm"},"content":{"rendered":"<h2>Productos<\/h2>\n<table class=\"custom-table\">\n<tbody>\n<tr>\n<td> Nombre del producto<\/td>\n<td> Fabricantes de extrusi\u00f3n de lamas de aluminio de 300 mm<\/td>\n<\/tr>\n<tr>\n<td> Material<\/td>\n<td> 6063, 6061, 6463, 6082 Aleaci\u00f3n de aluminio<\/td>\n<\/tr>\n<tr>\n<td> Color<\/td>\n<td> Personalizado<\/td>\n<\/tr>\n<tr>\n<td> Est\u00e1ndar<\/td>\n<td> GB2008<\/td>\n<\/tr>\n<tr>\n<td> Grado<\/td>\n<td> Serie 6000<\/td>\n<\/tr>\n<tr>\n<td> Espesor<\/td>\n<td> Personalizado<\/td>\n<\/tr>\n<tr>\n<td> Utilizaci\u00f3n<\/td>\n<td> Decoraci\u00f3n<\/td>\n<\/tr>\n<tr>\n<td> Temple<\/td>\n<td> T3-T8<\/td>\n<\/tr>\n<tr>\n<td> Longitud<\/td>\n<td> Personalizado<\/td>\n<\/tr>\n<tr>\n<td> Tratamiento de superficies<\/td>\n<td> Pintura en polvo, acabado de fresado, PVDF, anodizado, grano de madera, pulido, cepillado, etc.<\/td>\n<\/tr>\n<tr>\n<td> Orgin<\/td>\n<td> CHINA<\/td>\n<\/tr>\n<tr>\n<td> Es de aleaci\u00f3n o no<\/td>\n<td> Es aleaci\u00f3n<\/td>\n<\/tr>\n<tr>\n<td> Puerto<\/td>\n<td> Guangzhou, Shenzhen, Foshan<\/td>\n<\/tr>\n<\/tbody>\n<\/table>\n<h2>Nuestra base de fabricaci\u00f3n<\/h2>\n<h3>Panorama de la f\u00e1brica<\/h3>\n<p><img decoding=\"async\" src=\"\/wp-content\/uploads\/factory-01.webp\"\/><\/p>\n<h3>Taller de fabricaci\u00f3n de barras de aluminio<\/h3>\n<p><img decoding=\"async\" src=\"\/wp-content\/uploads\/factory-02.webp\"\/><\/p>\n<p><img decoding=\"async\" src=\"\/wp-content\/uploads\/factory-03.webp\"\/><\/p>\n<h3>Almac\u00e9n de moldes<\/h3>\n<p><img decoding=\"async\" src=\"\/wp-content\/uploads\/factory-04.webp\"\/><\/p>\n<h3>43 L\u00c3neas de extrusi\u00c3\u00b3n de aluminio (500\u00e2\u20ac\"5500 toneladas)<\/h3>\n<p><img decoding=\"async\" src=\"\/wp-content\/uploads\/factory-05.webp\"\/><\/p>\n<p><img decoding=\"async\" src=\"\/wp-content\/uploads\/factory-06.webp\"\/><\/p>\n<p><img decoding=\"async\" src=\"\/wp-content\/uploads\/factory-07.webp\"\/><\/p>\n<h3>Taller de pintura en polvo<\/h3>\n<p><img decoding=\"async\" src=\"\/wp-content\/uploads\/factory-09.webp\"\/><\/p>\n<h3>Taller de anodizado<\/h3>\n<p><img decoding=\"async\" src=\"\/wp-content\/uploads\/factory-10.webp\"\/><\/p>\n<h3>Taller de procesamiento profundo<\/h3>\n<p><img decoding=\"async\" src=\"\/wp-content\/uploads\/factory-11.webp\"\/><\/p>\n<h3>Taller de mecanizado de precisi\u00f3n CNC<\/h3>\n<p><img decoding=\"async\" src=\"\/wp-content\/uploads\/factory-11.5.webp\"\/><\/p>\n<h3>Almac\u00e9n de productos acabados y de exportaci\u00f3n<\/h3>\n<p><img decoding=\"async\" src=\"\/wp-content\/uploads\/factory-12.webp\"\/><\/p>\n<p><img decoding=\"async\" src=\"\/wp-content\/uploads\/factory-13.webp\"\/><\/p>\n<p><img decoding=\"async\" src=\"\/wp-content\/uploads\/factory-14.webp\"\/><\/p>\n<h2>PREGUNTAS FRECUENTES<\/h2>\n<p><p><b>1. \u00bfPara qu\u00e9 se utiliza la extrusi\u00f3n de lamas de aluminio de 300 mm?<\/b><\/p>\n<p>La extrusi\u00f3n de lamas de aluminio de 300 mm se utiliza para crear respiraderos, cerramientos y fachadas en aplicaciones industriales y arquitect\u00f3nicas, proporcionando un flujo de aire eficaz y protecci\u00f3n medioambiental.<br \/>\n<\/p><br \/>\n<br \/>\n<p><b>2. \u00bfPor qu\u00e9 se utiliza el aluminio para los perfiles de rejilla de 300 mm?<\/b><\/p>\n<p>El aluminio es ligero, resistente a la corrosi\u00f3n y fuerte, lo que lo convierte en el material perfecto para extrusiones de lamas duraderas que deben soportar entornos exteriores.<br \/>\n<\/p><br \/>\n<br \/>\n<p><b>3. \u00bfC\u00f3mo mejora el flujo de aire la rejilla de aluminio de 300 mm?<\/b><\/p>\n<p>El dise\u00f1o de la rejilla permite que el aire pase de forma eficaz a la vez que protege contra la lluvia, los residuos y otros factores externos, mejorando la ventilaci\u00f3n del sistema.<br \/>\n<\/p><br \/>\n<br \/>\n<p><b>4. \u00bfSe pueden personalizar las extrusiones de lamas de aluminio de 300 mm?<\/b><\/p>\n<p>S\u00ed, el tama\u00f1o, la forma y el dise\u00f1o de la extrusi\u00f3n de lamas de aluminio de 300 mm pueden personalizarse para satisfacer los requisitos espec\u00edficos de su proyecto.<br \/>\n<\/p><br \/>\n<br \/>\n<p><b>5. \u00bfC\u00f3mo resiste la corrosi\u00f3n la extrusi\u00f3n de aluminio de 300 mm?<\/b><\/p>\n<p>El aluminio tiene propiedades naturales de resistencia a la corrosi\u00f3n, lo que garantiza que las rejillas mantengan su rendimiento y aspecto incluso en condiciones meteorol\u00f3gicas y ambientales adversas.<br \/>\n<\/p><br \/>\n<br \/>\n<p><b>6. \u00bfQu\u00e9 industrias utilizan extrusiones de lamas de aluminio de 300 mm?<\/b><\/p>\n<p>Sectores como la calefacci\u00f3n, ventilaci\u00f3n y aire acondicionado, la construcci\u00f3n, la automoci\u00f3n y la energ\u00eda utilizan extrusiones de lamas de aluminio de 300 mm para fines de ventilaci\u00f3n, cerramiento y protecci\u00f3n.<br \/>\n<\/p><br \/>\n<br \/>\n<p><b>7. \u00bfEs f\u00e1cil instalar los perfiles de aluminio de 300 mm?<\/b><\/p>\n<p>Las rejillas de aluminio de 300 mm est\u00e1n dise\u00f1adas para una instalaci\u00f3n sencilla con un m\u00ednimo de herramientas, lo que reduce los costes de mano de obra y el tiempo de instalaci\u00f3n en una amplia gama de aplicaciones.<br \/>\n<\/p><br \/><\/p>","protected":false},"featured_media":8099,"template":"","categories":[54],"class_list":["post-8100","product","type-product","status-publish","has-post-thumbnail","hentry","category-industrial-aluminum-profiles"],"meta_box":{"hilight_text_group":{"product_hilight_text":"<li>300mm Aluminium Louvre Extrusion provides efficient ventilation and airflow while offering strong protection against external elements.<\/li>\r\r\n<li>Durable aluminum construction ensures long-lasting performance and resistance to corrosion, even in harsh environments.<\/li>\r\r\n<li>Customizable design allows for flexible integration into various industrial and architectural applications.<\/li>\r\r\n<li>Lightweight yet strong, making it easy to handle and install while maintaining structural integrity.<\/li>\r\r\n<li>Ideal for use in HVAC systems, enclosures, and facades where high airflow and environmental protection are required.<\/li>","product_chanpin_blog":"<ul>\r\r\n<li><a href=\"https:\/\/sinoextrud.com\/t-slot-v-slot-differences\/\" target=\"_blank\">t slot vs v slot<\/a><\/li>\r\r\n<li><a href=\"https:\/\/sinoextrud.com\/what-is-4040-aluminium-extrud\/\" target=\"_blank\">4040 aluminium extrusion<\/a><\/li>\r\r\n<li><a href=\"https:\/\/sinoextrud.com\/what-is-4040-aluminium-extrud\/\" target=\"_blank\">aluminum extrusions for industrial racks<\/a><\/li>\r\r\n<li><a href=\"https:\/\/sinoextrud.com\/powder-coating-aluminium-process\/\" target=\"_blank\">powder coating aluminium<\/a><\/li>\r\r\n<li><a href=\"https:\/\/sinoextrud.com\/what-is-an-aluminium-strip-ceiling\/\" target=\"_blank\">aluminium strip ceiling<\/a><\/li>\r\r\n<li><a href=\"https:\/\/sinoextrud.com\/what-is-a-heat-sink\/\" target=\"_blank\">what is a heat sink<\/a><\/li>\r\r\n<\/ul>","product_chanpin_chanpin":"<li><a href=\"https:\/\/sinoextrud.com\/product\/sailboat-mast-extrusions\/\" target=\"_blank\">Sailboat mast extrusions<\/a><\/li>\r\n<li><a href=\"https:\/\/sinoextrud.com\/product\/v-rail-aluminum-extrusion-profiles-pipeline\/\" target=\"_blank\">V Rail Aluminum Extrusion Profiles Pipeline<\/a><\/li>\r\n<li><a href=\"https:\/\/sinoextrud.com\/product\/t-track-aluminium-extrusion-industrial-usage\/\" target=\"_blank\">T Track Aluminium Extrusion Industrial Usage<\/a><\/li>\r\n<li><a href=\"https:\/\/sinoextrud.com\/product\/2024-2014-alloy-aluminum-profiles\/\" target=\"_blank\">2024 2014 Alloy Aluminum Profiles<\/a><\/li>\r\n<li><a href=\"https:\/\/sinoextrud.com\/product\/300mm-aluminium-louvre-extrusion\/\" target=\"_blank\">300mm Aluminium Louvre Extrusion<\/a><\/li>\r\n<li><a href=\"https:\/\/sinoextrud.com\/product\/40mm-aluminium-extrusion\/\" target=\"_blank\">40mm Aluminium Extrusion<\/a><\/li>\r\n<li><a href=\"https:\/\/sinoextrud.com\/product\/6063-and-6061-extruded-led-lighting-telecommunications-and-audio-industrial-aluminum-heat-sink-profile\/\" target=\"_blank\">6063 and 6061 Extruded LED Lighting Telecommunications and Audio Industrial Aluminum Heat Sink Profile<\/a><\/li>\r\n<li><a href=\"https:\/\/sinoextrud.com\/product\/6063-t5-alloy-industrial-aluminum-extrusions-aluminum-profile-with-anodized-surface-treatment\/\" target=\"_blank\">6063 T5 Alloy Industrial Aluminum Extrusions Aluminum Profile With Anodized Surface Treatment<\/a><\/li>\r\n<li><a href=\"https:\/\/sinoextrud.com\/product\/alu-profile-system\/\" target=\"_blank\">Alu Profile System<\/a><\/li>\r\n<li><a href=\"https:\/\/sinoextrud.com\/product\/6063-t5-aluminum-extruded-profiles\/\" target=\"_blank\">6063 T5 Aluminum Extruded Profiles<\/a><\/li>\r\n<li><a href=\"https:\/\/sinoextrud.com\/product\/6063-multiple-size-extruded-aluminium-t-slot\/\" target=\"_blank\">6063 Multiple Size Extruded Aluminium T Slot<\/a><\/li>"},"feature_list":[]},"_links":{"self":[{"href":"https:\/\/sinoextrud.com\/es\/wp-json\/wp\/v2\/product\/8100","targetHints":{"allow":["GET"]}}],"collection":[{"href":"https:\/\/sinoextrud.com\/es\/wp-json\/wp\/v2\/product"}],"about":[{"href":"https:\/\/sinoextrud.com\/es\/wp-json\/wp\/v2\/types\/product"}],"wp:featuredmedia":[{"embeddable":true,"href":"https:\/\/sinoextrud.com\/es\/wp-json\/wp\/v2\/media\/8099"}],"wp:attachment":[{"href":"https:\/\/sinoextrud.com\/es\/wp-json\/wp\/v2\/media?parent=8100"}],"wp:term":[{"taxonomy":"category","embeddable":true,"href":"https:\/\/sinoextrud.com\/es\/wp-json\/wp\/v2\/categories?post=8100"}],"curies":[{"name":"wp","href":"https:\/\/api.w.org\/{rel}","templated":true}]}}