{"id":8098,"date":"2025-06-13T01:48:40","date_gmt":"2025-06-13T01:48:40","guid":{"rendered":"https:\/\/sinoextrud.com\/product\/2024-2014-alloy-aluminum-profiles\/"},"modified":"2025-06-24T06:23:02","modified_gmt":"2025-06-24T06:23:02","slug":"2024-2014-perfiles-de-aluminio-de-aleacion","status":"publish","type":"product","link":"https:\/\/sinoextrud.com\/es\/product\/2024-2014-alloy-aluminum-profiles\/","title":{"rendered":"2024 2014 Perfiles de aluminio de aleaci\u00f3n"},"content":{"rendered":"<h2>Productos<\/h2>\n<table class=\"custom-table\">\n<tbody>\n<tr>\n<td> Nombre:<\/td>\n<td> 2024 2014 Perfiles de aluminio de aleaci\u00f3n<\/td>\n<\/tr>\n<tr>\n<td> Marca:<\/td>\n<td> Sinoextrud \/ Sinoextrud<\/td>\n<\/tr>\n<tr>\n<td> Material:<\/td>\n<td> Serie 2000<\/td>\n<\/tr>\n<tr>\n<td> Temperamento:<\/td>\n<td> T4-T6<\/td>\n<\/tr>\n<tr>\n<td> Longitud:<\/td>\n<td> Personalizaci\u00f3n<\/td>\n<\/tr>\n<tr>\n<td> Tratamiento de la superficie:<\/td>\n<td> Acabado de fresado, anodizado, revestimiento de PVDF, etc.<\/td>\n<\/tr>\n<tr>\n<td> Uso:<\/td>\n<td> Industria, Arquitectura<\/td>\n<\/tr>\n<tr>\n<td> Color:<\/td>\n<td> Personalizado<\/td>\n<\/tr>\n<tr>\n<td> Certificaci\u00f3n:<\/td>\n<td> ISO9001-2008, CE, BV, JIS, AS, NZS, QUALICOAT<\/td>\n<\/tr>\n<tr>\n<td> Fabricaci\u00f3n:<\/td>\n<td> Corte, fresado, taladrado, punzonado, etc.<\/td>\n<\/tr>\n<tr>\n<td> De:<\/td>\n<td> Foshan, Guangdong, China<\/td>\n<\/tr>\n<\/tbody>\n<\/table>\n<h2>Nuestra base de fabricaci\u00f3n<\/h2>\n<h3>Panorama de la f\u00e1brica<\/h3>\n<p><img decoding=\"async\" src=\"\/wp-content\/uploads\/factory-01.webp\"\/><\/p>\n<h3>Taller de fabricaci\u00f3n de barras de aluminio<\/h3>\n<p><img decoding=\"async\" src=\"\/wp-content\/uploads\/factory-02.webp\"\/><\/p>\n<p><img decoding=\"async\" src=\"\/wp-content\/uploads\/factory-03.webp\"\/><\/p>\n<h3>Almac\u00e9n de moldes<\/h3>\n<p><img decoding=\"async\" src=\"\/wp-content\/uploads\/factory-04.webp\"\/><\/p>\n<h3>43 L\u00c3neas de extrusi\u00c3\u00b3n de aluminio (500\u00e2\u20ac\"5500 toneladas)<\/h3>\n<p><img decoding=\"async\" src=\"\/wp-content\/uploads\/factory-05.webp\"\/><\/p>\n<p><img decoding=\"async\" src=\"\/wp-content\/uploads\/factory-06.webp\"\/><\/p>\n<p><img decoding=\"async\" src=\"\/wp-content\/uploads\/factory-07.webp\"\/><\/p>\n<h3>Taller de pintura en polvo<\/h3>\n<p><img decoding=\"async\" src=\"\/wp-content\/uploads\/factory-09.webp\"\/><\/p>\n<h3>Taller de anodizado<\/h3>\n<p><img decoding=\"async\" src=\"\/wp-content\/uploads\/factory-10.webp\"\/><\/p>\n<h3>Taller de procesamiento profundo<\/h3>\n<p><img decoding=\"async\" src=\"\/wp-content\/uploads\/factory-11.webp\"\/><\/p>\n<h3>Taller de mecanizado de precisi\u00f3n CNC<\/h3>\n<p><img decoding=\"async\" src=\"\/wp-content\/uploads\/factory-11.5.webp\"\/><\/p>\n<h3>Almac\u00e9n de productos acabados y de exportaci\u00f3n<\/h3>\n<p><img decoding=\"async\" src=\"\/wp-content\/uploads\/factory-12.webp\"\/><\/p>\n<p><img decoding=\"async\" src=\"\/wp-content\/uploads\/factory-13.webp\"\/><\/p>\n<p><img decoding=\"async\" src=\"\/wp-content\/uploads\/factory-14.webp\"\/><\/p>\n<h2>PREGUNTAS FRECUENTES<\/h2>\n<p><p><b>1.\u00bfPara qu\u00e9 se utilizan los perfiles de aluminio de aleaci\u00f3n 2024 y 2014? <\/b><\/p>\n<p> Los perfiles de aluminio de aleaci\u00f3n 2024 y 2014 se utilizan habitualmente en aplicaciones aeroespaciales, de automoci\u00f3n y estructurales de alta carga debido a su excelente resistencia y resistencia a la fatiga.<br \/>\n<\/p><br \/>\n<br \/>\n<p><b>2.\u00bfCu\u00e1l es la principal diferencia entre la aleaci\u00f3n de aluminio 2024 y la 2014? <\/b><\/p>\n<p> El 2024 ofrece una mayor resistencia a la fatiga, mientras que el 2014 proporciona una mejor maquinabilidad y una resistencia ligeramente superior, lo que hace que ambos sean adecuados para diferentes aplicaciones de precisi\u00f3n.<br \/>\n<\/p><br \/>\n<br \/>\n<p><b>3.\u00bfSon tratables t\u00e9rmicamente los perfiles de aluminio de 2024 y 2014? <\/b><\/p>\n<p> S\u00ed, tanto las aleaciones 2024 como las 2014 son tratables t\u00e9rmicamente, lo que permite mejorar la resistencia mec\u00e1nica y el rendimiento en entornos exigentes.<br \/>\n<\/p><br \/>\n<br \/>\n<p><b>4.\u00bfEl aluminio 2024\/2014 es apto para el mecanizado? <\/b><\/p>\n<p> Por supuesto, tanto la aleaci\u00f3n 2024 como la 2014 ofrecen una excelente maquinabilidad, lo que las hace ideales para componentes detallados de alta precisi\u00f3n.<br \/>\n<\/p><br \/>\n<br \/>\n<p><b>5.\u00bfSe pueden personalizar los perfiles de aluminio 2024 y 2014? <\/b><\/p>\n<p> S\u00ed, ofrecemos extrusiones, longitudes y acabados personalizados para satisfacer los requisitos espec\u00edficos de proyectos industriales y de ingenier\u00eda.<br \/>\n<\/p><br \/>\n<br \/>\n<p><b>6.\u00bfQu\u00e9 resistencia tienen los perfiles de aluminio de aleaci\u00f3n de 2024 y 2014? <\/b><\/p>\n<p> Estas aleaciones se encuentran entre los materiales de aluminio de mayor resistencia disponibles, por lo que son adecuadas para aplicaciones estructurales y de soporte de carga.<br \/>\n<\/p><br \/>\n<br \/>\n<p><b>7.\u00bfResisten bien estos perfiles de aluminio a la corrosi\u00f3n? <\/b><\/p>\n<p> Aunque ofrecen una buena resistencia, las aleaciones 2024 y 2014 son menos resistentes a la corrosi\u00f3n que otras calidades, por lo que se recomienda un tratamiento superficial o revestimientos protectores para su uso en exteriores.<br \/>\n<\/p><br \/><\/p>","protected":false},"featured_media":8097,"template":"","categories":[54],"class_list":["post-8098","product","type-product","status-publish","has-post-thumbnail","hentry","category-industrial-aluminum-profiles"],"meta_box":{"hilight_text_group":{"product_hilight_text":"<li>High-strength aluminum alloy ideal for structural and aerospace applications.<\/li>\r\r\n<li>Excellent machinability for precision components and complex designs.<\/li>\r\r\n<li>Superior fatigue resistance ensures long-term performance under stress.<\/li>\r\r\n<li>Good thermal and electrical conductivity for industrial use.<\/li>\r\r\n<li>Available in a range of custom extrusions and profiles.<\/li>\r\r\n<li>Lightweight material helps reduce overall assembly weight.<\/li>\r\r\n<li>Heat treatable to enhance mechanical properties and strength.<\/li>","product_chanpin_blog":"<ul>\r\r\n<li><a href=\"https:\/\/sinoextrud.com\/t-slot-v-slot-differences\/\" target=\"_blank\">t slot vs v slot<\/a><\/li>\r\r\n<li><a href=\"https:\/\/sinoextrud.com\/what-is-4040-aluminium-extrud\/\" target=\"_blank\">4040 aluminium extrusion<\/a><\/li>\r\r\n<li><a href=\"https:\/\/sinoextrud.com\/what-is-4040-aluminium-extrud\/\" target=\"_blank\">aluminum extrusions for industrial racks<\/a><\/li>\r\r\n<li><a href=\"https:\/\/sinoextrud.com\/powder-coating-aluminium-process\/\" target=\"_blank\">powder coating aluminium<\/a><\/li>\r\r\n<li><a href=\"https:\/\/sinoextrud.com\/what-is-an-aluminium-strip-ceiling\/\" target=\"_blank\">aluminium strip ceiling<\/a><\/li>\r\r\n<li><a href=\"https:\/\/sinoextrud.com\/what-is-a-heat-sink\/\" target=\"_blank\">what is a heat sink<\/a><\/li>\r\r\n<\/ul>","product_chanpin_chanpin":"<li><a href=\"https:\/\/sinoextrud.com\/product\/t-slot-framing-systems\/\" target=\"_blank\">T Slot Framing Systems<\/a><\/li>\r\n<li><a href=\"https:\/\/sinoextrud.com\/product\/sailboat-mast-extrusions\/\" target=\"_blank\">Sailboat mast extrusions<\/a><\/li>\r\n<li><a href=\"https:\/\/sinoextrud.com\/product\/v-rail-aluminum-extrusion-profiles-pipeline\/\" target=\"_blank\">V Rail Aluminum Extrusion Profiles Pipeline<\/a><\/li>\r\n<li><a href=\"https:\/\/sinoextrud.com\/product\/t-track-aluminium-extrusion-industrial-usage\/\" target=\"_blank\">T Track Aluminium Extrusion Industrial Usage<\/a><\/li>\r\n<li><a href=\"https:\/\/sinoextrud.com\/product\/2024-2014-alloy-aluminum-profiles\/\" target=\"_blank\">2024 2014 Alloy Aluminum Profiles<\/a><\/li>\r\n<li><a href=\"https:\/\/sinoextrud.com\/product\/300mm-aluminium-louvre-extrusion\/\" target=\"_blank\">300mm Aluminium Louvre Extrusion<\/a><\/li>\r\n<li><a href=\"https:\/\/sinoextrud.com\/product\/40mm-aluminium-extrusion\/\" target=\"_blank\">40mm Aluminium Extrusion<\/a><\/li>\r\n<li><a href=\"https:\/\/sinoextrud.com\/product\/6063-and-6061-extruded-led-lighting-telecommunications-and-audio-industrial-aluminum-heat-sink-profile\/\" target=\"_blank\">6063 and 6061 Extruded LED Lighting Telecommunications and Audio Industrial Aluminum Heat Sink Profile<\/a><\/li>\r\n<li><a href=\"https:\/\/sinoextrud.com\/product\/6063-t5-alloy-industrial-aluminum-extrusions-aluminum-profile-with-anodized-surface-treatment\/\" target=\"_blank\">6063 T5 Alloy Industrial Aluminum Extrusions Aluminum Profile With Anodized Surface Treatment<\/a><\/li>\r\n<li><a href=\"https:\/\/sinoextrud.com\/product\/aluminum-window-frames-mosquito-netting-suppliers\/\" target=\"_blank\">Aluminum Window Frames Mosquito Netting Suppliers<\/a><\/li>\r\n<li><a href=\"https:\/\/sinoextrud.com\/product\/small-aluminium-extrusions\/\" target=\"_blank\">Small Aluminium Extrusions<\/a><\/li>"},"feature_list":[]},"_links":{"self":[{"href":"https:\/\/sinoextrud.com\/es\/wp-json\/wp\/v2\/product\/8098","targetHints":{"allow":["GET"]}}],"collection":[{"href":"https:\/\/sinoextrud.com\/es\/wp-json\/wp\/v2\/product"}],"about":[{"href":"https:\/\/sinoextrud.com\/es\/wp-json\/wp\/v2\/types\/product"}],"wp:featuredmedia":[{"embeddable":true,"href":"https:\/\/sinoextrud.com\/es\/wp-json\/wp\/v2\/media\/8097"}],"wp:attachment":[{"href":"https:\/\/sinoextrud.com\/es\/wp-json\/wp\/v2\/media?parent=8098"}],"wp:term":[{"taxonomy":"category","embeddable":true,"href":"https:\/\/sinoextrud.com\/es\/wp-json\/wp\/v2\/categories?post=8098"}],"curies":[{"name":"wp","href":"https:\/\/api.w.org\/{rel}","templated":true}]}}