{"id":8096,"date":"2025-06-13T01:46:57","date_gmt":"2025-06-13T01:46:57","guid":{"rendered":"https:\/\/sinoextrud.com\/product\/t-track-aluminium-extrusion-industrial-usage\/"},"modified":"2025-06-24T06:23:01","modified_gmt":"2025-06-24T06:23:01","slug":"t-track-extrusion-de-aluminio-uso-industrial","status":"publish","type":"product","link":"https:\/\/sinoextrud.com\/es\/product\/t-track-aluminium-extrusion-industrial-usage\/","title":{"rendered":"Extrusi\u00f3n de aluminio en T Uso industrial"},"content":{"rendered":"<h2>Productos<\/h2>\n<table class=\"custom-table\">\n<tbody>\n<tr>\n<td> Grado:<\/td>\n<td> 6063 -t5<\/td>\n<\/tr>\n<tr>\n<td> T\u00e9cnica:<\/td>\n<td> Extrusi\u00f3n de aluminio en T Uso industrial<\/td>\n<\/tr>\n<tr>\n<td> Temperamento:<\/td>\n<td> T3 - T8<\/td>\n<\/tr>\n<tr>\n<td> Servicios de mecanizado:<\/td>\n<td> Taladrado, roscado, remachado, montaje, etc.<\/td>\n<\/tr>\n<tr>\n<td> Marca registrada:<\/td>\n<td> Sinoextrud Sinoextrud <\/td>\n<\/tr>\n<tr>\n<td> Tipo:<\/td>\n<td> Extrusi\u00f3n de aluminio en T Uso industrial<\/td>\n<\/tr>\n<tr>\n<td> Forma:<\/td>\n<td> Hecho a medida del cliente<\/td>\n<\/tr>\n<tr>\n<td> Tratamiento de la superficie:<\/td>\n<td> Acabado fresado Anodizado Cepillado<\/td>\n<\/tr>\n<tr>\n<td> Longitud:<\/td>\n<td> De 1 a 9 m por longitud<\/td>\n<\/tr>\n<tr>\n<td> Colores:<\/td>\n<td> Plata Negro<\/td>\n<\/tr>\n<tr>\n<td> C\u00f3digo SA:<\/td>\n<td> 76042990<\/td>\n<\/tr>\n<\/tbody>\n<\/table>\n<h2>Nuestra base de fabricaci\u00f3n<\/h2>\n<h3>Panorama de la f\u00e1brica<\/h3>\n<p><img decoding=\"async\" src=\"\/wp-content\/uploads\/factory-01.webp\"\/><\/p>\n<h3>Taller de fabricaci\u00f3n de barras de aluminio<\/h3>\n<p><img decoding=\"async\" src=\"\/wp-content\/uploads\/factory-02.webp\"\/><\/p>\n<p><img decoding=\"async\" src=\"\/wp-content\/uploads\/factory-03.webp\"\/><\/p>\n<h3>Almac\u00e9n de moldes<\/h3>\n<p><img decoding=\"async\" src=\"\/wp-content\/uploads\/factory-04.webp\"\/><\/p>\n<h3>43 L\u00c3neas de extrusi\u00c3\u00b3n de aluminio (500\u00e2\u20ac\"5500 toneladas)<\/h3>\n<p><img decoding=\"async\" src=\"\/wp-content\/uploads\/factory-05.webp\"\/><\/p>\n<p><img decoding=\"async\" src=\"\/wp-content\/uploads\/factory-06.webp\"\/><\/p>\n<p><img decoding=\"async\" src=\"\/wp-content\/uploads\/factory-07.webp\"\/><\/p>\n<h3>Taller de pintura en polvo<\/h3>\n<p><img decoding=\"async\" src=\"\/wp-content\/uploads\/factory-09.webp\"\/><\/p>\n<h3>Taller de anodizado<\/h3>\n<p><img decoding=\"async\" src=\"\/wp-content\/uploads\/factory-10.webp\"\/><\/p>\n<h3>Taller de procesamiento profundo<\/h3>\n<p><img decoding=\"async\" src=\"\/wp-content\/uploads\/factory-11.webp\"\/><\/p>\n<h3>Taller de mecanizado de precisi\u00f3n CNC<\/h3>\n<p><img decoding=\"async\" src=\"\/wp-content\/uploads\/factory-11.5.webp\"\/><\/p>\n<h3>Almac\u00e9n de productos acabados y de exportaci\u00f3n<\/h3>\n<p><img decoding=\"async\" src=\"\/wp-content\/uploads\/factory-12.webp\"\/><\/p>\n<p><img decoding=\"async\" src=\"\/wp-content\/uploads\/factory-13.webp\"\/><\/p>\n<p><img decoding=\"async\" src=\"\/wp-content\/uploads\/factory-14.webp\"\/><\/p>\n<h2>PREGUNTAS FRECUENTES<\/h2>\n<p><p><b>1. \u00bfPara qu\u00e9 se utilizan las extrusiones de aluminio para ra\u00edles en T?<\/b><\/p>\n<p>Las extrusiones de aluminio T Track se utilizan para crear sistemas ajustables y modulares en aplicaciones industriales, como estaciones de trabajo, l\u00edneas de montaje y bastidores personalizados.<br \/>\n<\/p><br \/>\n<br \/>\n<p><b>2.\u00bfPor qu\u00e9 el aluminio es ideal para los perfiles en T?<\/b><\/p>\n<p>El aluminio es ligero, fuerte y resistente a la corrosi\u00f3n, lo que lo convierte en el material perfecto para los perfiles en T que deben soportar entornos industriales y, al mismo tiempo, ofrecer un manejo sencillo y una gran durabilidad.<br \/>\n<\/p><br \/>\n<br \/>\n<p><b>3. \u00bfSe pueden personalizar las extrusiones de aluminio para rieles en T?<\/b><\/p>\n<p>S\u00ed, estas extrusiones son personalizables en cuanto a tama\u00f1o, forma y perfil para adaptarse a necesidades industriales espec\u00edficas y mejorar la funcionalidad de los sistemas modulares.<br \/>\n<\/p><br \/>\n<br \/>\n<p><b>4.\u00bfC\u00f3mo mejoran las extrusiones de aluminio T Track la eficacia operativa?<\/b><\/p>\n<p>La naturaleza modular de las extrusiones de aluminio T Track permite ajustes r\u00e1pidos, una reconfiguraci\u00f3n sencilla y un montaje m\u00e1s r\u00e1pido, lo que mejora la eficacia general de las operaciones industriales.<br \/>\n<\/p><br \/>\n<br \/>\n<p><b>5. \u00bfSon resistentes a la corrosi\u00f3n las extrusiones de aluminio para ra\u00edles en T?<\/b><\/p>\n<p>S\u00ed, los perfiles extruidos de aluminio para ra\u00edles en T est\u00e1n dise\u00f1ados con aluminio resistente a la corrosi\u00f3n, lo que los hace ideales para uso industrial tanto en interiores como en exteriores, incluso en condiciones adversas.<br \/>\n<\/p><br \/>\n<br \/>\n<p><b>6. \u00bfEs f\u00e1cil instalar los perfiles en T?<\/b><\/p>\n<p>La instalaci\u00f3n es sencilla, ya que estas extrusiones pueden montarse f\u00e1cilmente utilizando elementos de fijaci\u00f3n est\u00e1ndar, lo que reduce el tiempo de preparaci\u00f3n y los costes de mano de obra en la fabricaci\u00f3n.<br \/>\n<\/p><br \/>\n<br \/>\n<p><b>7. \u00bfQu\u00e9 sectores se benefician de las extrusiones de aluminio para ra\u00edles en T?<\/b><\/p>\n<p>Industrias como la fabricaci\u00f3n, la automatizaci\u00f3n, la rob\u00f3tica y la construcci\u00f3n se benefician de la flexibilidad y resistencia de las extrusiones de aluminio de carril T para crear sistemas personalizados y eficientes.<br \/>\n<\/p><br \/><\/p>","protected":false},"featured_media":8095,"template":"","categories":[54],"class_list":["post-8096","product","type-product","status-publish","has-post-thumbnail","hentry","category-industrial-aluminum-profiles"],"meta_box":{"hilight_text_group":{"product_hilight_text":"<li>Versatile T-track design allows for easy integration and adjustment of components in industrial applications.<\/li>\r\r\n<li>High-strength aluminum ensures durability and stability in demanding environments.<\/li>\r\r\n<li>Corrosion-resistant properties make it suitable for use in various industrial settings, including outdoor environments.<\/li>\r\r\n<li>Customizable profiles to meet specific industrial requirements and improve operational efficiency.<\/li>\r\r\n<li>Simple installation process reduces assembly time and costs in manufacturing processes.<\/li>","product_chanpin_blog":"<ul>\r\r\n<li><a href=\"https:\/\/sinoextrud.com\/t-slot-v-slot-differences\/\" target=\"_blank\">t slot vs v slot<\/a><\/li>\r\r\n<li><a href=\"https:\/\/sinoextrud.com\/what-is-4040-aluminium-extrud\/\" target=\"_blank\">4040 aluminium extrusion<\/a><\/li>\r\r\n<li><a href=\"https:\/\/sinoextrud.com\/what-is-4040-aluminium-extrud\/\" target=\"_blank\">aluminum extrusions for industrial racks<\/a><\/li>\r\r\n<li><a href=\"https:\/\/sinoextrud.com\/powder-coating-aluminium-process\/\" target=\"_blank\">powder coating aluminium<\/a><\/li>\r\r\n<li><a href=\"https:\/\/sinoextrud.com\/what-is-an-aluminium-strip-ceiling\/\" target=\"_blank\">aluminium strip ceiling<\/a><\/li>\r\r\n<li><a href=\"https:\/\/sinoextrud.com\/what-is-a-heat-sink\/\" target=\"_blank\">what is a heat sink<\/a><\/li>\r\r\n<\/ul>","product_chanpin_chanpin":"<li><a href=\"https:\/\/sinoextrud.com\/product\/t-shaped-aluminium-extrusion\/\" target=\"_blank\">T Shaped Aluminium Extrusion<\/a><\/li>\r\n<li><a href=\"https:\/\/sinoextrud.com\/product\/t-slot-framing-systems\/\" target=\"_blank\">T Slot Framing Systems<\/a><\/li>\r\n<li><a href=\"https:\/\/sinoextrud.com\/product\/sailboat-mast-extrusions\/\" target=\"_blank\">Sailboat mast extrusions<\/a><\/li>\r\n<li><a href=\"https:\/\/sinoextrud.com\/product\/v-rail-aluminum-extrusion-profiles-pipeline\/\" target=\"_blank\">V Rail Aluminum Extrusion Profiles Pipeline<\/a><\/li>\r\n<li><a href=\"https:\/\/sinoextrud.com\/product\/t-track-aluminium-extrusion-industrial-usage\/\" target=\"_blank\">T Track Aluminium Extrusion Industrial Usage<\/a><\/li>\r\n<li><a href=\"https:\/\/sinoextrud.com\/product\/2024-2014-alloy-aluminum-profiles\/\" target=\"_blank\">2024 2014 Alloy Aluminum Profiles<\/a><\/li>\r\n<li><a href=\"https:\/\/sinoextrud.com\/product\/300mm-aluminium-louvre-extrusion\/\" target=\"_blank\">300mm Aluminium Louvre Extrusion<\/a><\/li>\r\n<li><a href=\"https:\/\/sinoextrud.com\/product\/40mm-aluminium-extrusion\/\" target=\"_blank\">40mm Aluminium Extrusion<\/a><\/li>\r\n<li><a href=\"https:\/\/sinoextrud.com\/product\/6063-and-6061-extruded-led-lighting-telecommunications-and-audio-industrial-aluminum-heat-sink-profile\/\" target=\"_blank\">6063 and 6061 Extruded LED Lighting Telecommunications and Audio Industrial Aluminum Heat Sink Profile<\/a><\/li>\r\n<li><a href=\"https:\/\/sinoextrud.com\/product\/sailboat-mast-extrusions\/\" target=\"_blank\">Sailboat mast extrusions<\/a><\/li>\r\n<li><a href=\"https:\/\/sinoextrud.com\/product\/picture-frame-extrusions\/\" target=\"_blank\">Picture Frame Extrusions<\/a><\/li>"},"feature_list":[]},"_links":{"self":[{"href":"https:\/\/sinoextrud.com\/es\/wp-json\/wp\/v2\/product\/8096","targetHints":{"allow":["GET"]}}],"collection":[{"href":"https:\/\/sinoextrud.com\/es\/wp-json\/wp\/v2\/product"}],"about":[{"href":"https:\/\/sinoextrud.com\/es\/wp-json\/wp\/v2\/types\/product"}],"wp:featuredmedia":[{"embeddable":true,"href":"https:\/\/sinoextrud.com\/es\/wp-json\/wp\/v2\/media\/8095"}],"wp:attachment":[{"href":"https:\/\/sinoextrud.com\/es\/wp-json\/wp\/v2\/media?parent=8096"}],"wp:term":[{"taxonomy":"category","embeddable":true,"href":"https:\/\/sinoextrud.com\/es\/wp-json\/wp\/v2\/categories?post=8096"}],"curies":[{"name":"wp","href":"https:\/\/api.w.org\/{rel}","templated":true}]}}