{"id":8066,"date":"2025-06-12T07:28:29","date_gmt":"2025-06-12T07:28:29","guid":{"rendered":"https:\/\/sinoextrud.com\/product\/octagon-aluminum-extrusion\/"},"modified":"2025-06-24T06:23:00","modified_gmt":"2025-06-24T06:23:00","slug":"extrusion-de-aluminio-octagonal","status":"publish","type":"product","link":"https:\/\/sinoextrud.com\/es\/product\/octagon-aluminum-extrusion\/","title":{"rendered":"Extrusi\u00f3n de aluminio octogonal"},"content":{"rendered":"<h2>Productos<\/h2>\n<table class=\"custom-table\">\n<tbody>\n<tr>\n<td> Nombre:<\/td>\n<td> Extrusi\u00f3n de aluminio octogonal<\/td>\n<\/tr>\n<tr>\n<td> Marca:<\/td>\n<td> Sinoextrud\/Sinoextrud<\/td>\n<\/tr>\n<tr>\n<td> Material:<\/td>\n<td> Serie 6000<\/td>\n<\/tr>\n<tr>\n<td> Temperamento:<\/td>\n<td> T5-T8<\/td>\n<\/tr>\n<tr>\n<td> Longitud:<\/td>\n<td> 30-6000 mm o personalizaci\u00f3n<\/td>\n<\/tr>\n<tr>\n<td> Tratamiento de la superficie:<\/td>\n<td> GB Plata anodizada<\/td>\n<\/tr>\n<tr>\n<td> Uso:<\/td>\n<td> Industria de la construcci\u00f3n<\/td>\n<\/tr>\n<tr>\n<td> Est\u00e1ndar:<\/td>\n<td> GB5237-2008<\/td>\n<\/tr>\n<tr>\n<td> Fabricaci\u00f3n:<\/td>\n<td> Corte, fresado, taladrado, punzonado, etc.<\/td>\n<\/tr>\n<tr>\n<td> De:<\/td>\n<td> Foshan, Guangdong, China<\/td>\n<\/tr>\n<\/tbody>\n<\/table>\n<h2>Nuestra base de fabricaci\u00f3n<\/h2>\n<h3>Panorama de la f\u00e1brica<\/h3>\n<p><img decoding=\"async\" src=\"\/wp-content\/uploads\/factory-01.webp\"\/><\/p>\n<h3>Taller de fabricaci\u00f3n de barras de aluminio<\/h3>\n<p><img decoding=\"async\" src=\"\/wp-content\/uploads\/factory-02.webp\"\/><\/p>\n<p><img decoding=\"async\" src=\"\/wp-content\/uploads\/factory-03.webp\"\/><\/p>\n<h3>Almac\u00e9n de moldes<\/h3>\n<p><img decoding=\"async\" src=\"\/wp-content\/uploads\/factory-04.webp\"\/><\/p>\n<h3>43 L\u00c3neas de extrusi\u00c3\u00b3n de aluminio (500\u00e2\u20ac\"5500 toneladas)<\/h3>\n<p><img decoding=\"async\" src=\"\/wp-content\/uploads\/factory-05.webp\"\/><\/p>\n<p><img decoding=\"async\" src=\"\/wp-content\/uploads\/factory-06.webp\"\/><\/p>\n<p><img decoding=\"async\" src=\"\/wp-content\/uploads\/factory-07.webp\"\/><\/p>\n<h3>Taller de pintura en polvo<\/h3>\n<p><img decoding=\"async\" src=\"\/wp-content\/uploads\/factory-09.webp\"\/><\/p>\n<h3>Taller de anodizado<\/h3>\n<p><img decoding=\"async\" src=\"\/wp-content\/uploads\/factory-10.webp\"\/><\/p>\n<h3>Taller de procesamiento profundo<\/h3>\n<p><img decoding=\"async\" src=\"\/wp-content\/uploads\/factory-11.webp\"\/><\/p>\n<h3>Taller de mecanizado de precisi\u00f3n CNC<\/h3>\n<p><img decoding=\"async\" src=\"\/wp-content\/uploads\/factory-11.5.webp\"\/><\/p>\n<h3>Almac\u00e9n de productos acabados y de exportaci\u00f3n<\/h3>\n<p><img decoding=\"async\" src=\"\/wp-content\/uploads\/factory-12.webp\"\/><\/p>\n<p><img decoding=\"async\" src=\"\/wp-content\/uploads\/factory-13.webp\"\/><\/p>\n<p><img decoding=\"async\" src=\"\/wp-content\/uploads\/factory-14.webp\"\/><\/p>\n<h2>PREGUNTAS FRECUENTES<\/h2>\n<p><p><b>1. \u00bfPara qu\u00e9 se utilizan las extrusiones de aluminio Octagon?<\/b><\/p>\n<p>Las extrusiones de aluminio Octagon se utilizan para crear marcos, soportes y elementos decorativos personalizados en diversos sectores como la construcci\u00f3n, la arquitectura y la fabricaci\u00f3n.<br \/>\n<\/p><br \/>\n<br \/>\n<p><b>2. \u00bfPor qu\u00e9 elegir extrusiones de aluminio octogonales?<\/b><\/p>\n<p>La forma octogonal ofrece un atractivo est\u00e9tico \u00fanico al tiempo que mantiene la resistencia estructural, por lo que resulta ideal para aplicaciones funcionales y decorativas.<br \/>\n<\/p><br \/>\n<br \/>\n<p><b>3. \u00bfSe pueden personalizar las extrusiones de aluminio Octagon?<\/b><\/p>\n<p>S\u00ed, las extrusiones de aluminio Octagon pueden adaptarse en cuanto a tama\u00f1o, perfil y acabado para satisfacer necesidades espec\u00edficas de aplicaci\u00f3n y dise\u00f1o.<br \/>\n<\/p><br \/>\n<br \/>\n<p><b>4.\u00bfC\u00f3mo beneficia a su rendimiento la resistencia a la corrosi\u00f3n de las extrusiones de aluminio Octagon?<\/b><\/p>\n<p>La resistencia a la corrosi\u00f3n garantiza que las extrusiones sean duraderas y mantengan su aspecto a lo largo del tiempo, incluso en condiciones ambientales adversas.<br \/>\n<\/p><br \/>\n<br \/>\n<p><b>5.\u00bfSon ligeras las extrusiones de aluminio Octagon?<\/b><\/p>\n<p>S\u00ed, el material de aluminio hace que las extrusiones sean ligeras, lo que ayuda a reducir los costes de transporte y facilita la manipulaci\u00f3n y la instalaci\u00f3n.<br \/>\n<\/p><br \/>\n<br \/>\n<p><b>6.\u00bfC\u00f3mo mejoran las extrusiones de aluminio Octagon la flexibilidad del dise\u00f1o?<\/b><\/p>\n<p>La naturaleza personalizable de las extrusiones, combinada con la exclusiva forma octogonal, permite posibilidades de dise\u00f1o flexibles tanto en aplicaciones estructurales como decorativas.<br \/>\n<\/p><br \/>\n<br \/>\n<p><b>7.\u00bfQu\u00e9 industrias se benefician de las extrusiones de aluminio Octagon?<\/b><\/p>\n<p>Sectores como la construcci\u00f3n, la arquitectura, la fabricaci\u00f3n y el dise\u00f1o industrial se benefician de la versatilidad y resistencia de las extrusiones de aluminio Octagon para uso estructural y decorativo.<br \/>\n<\/p><br \/><\/p>","protected":false},"featured_media":0,"template":"","categories":[54],"class_list":["post-8066","product","type-product","status-publish","hentry","category-industrial-aluminum-profiles"],"meta_box":{"hilight_text_group":{"product_hilight_text":"<li>Unique octagon shape provides a distinctive design for structural and decorative applications.<\/li>\r\r\n<li>High-strength aluminum construction ensures durability while keeping the profile lightweight.<\/li>\r\r\n<li>Corrosion-resistant properties make it suitable for both indoor and outdoor environments.<\/li>\r\r\n<li>Customizable profiles to meet specific size, shape, and performance requirements.<\/li>\r\r\n<li>Efficient heat dissipation and structural integrity, ideal for various industrial and architectural projects.<\/li>","product_chanpin_blog":"<ul>\r\r\n<li><a href=\"https:\/\/sinoextrud.com\/t-slot-v-slot-differences\/\" target=\"_blank\">t slot vs v slot<\/a><\/li>\r\r\n<li><a href=\"https:\/\/sinoextrud.com\/what-is-4040-aluminium-extrud\/\" target=\"_blank\">4040 aluminium extrusion<\/a><\/li>\r\r\n<li><a href=\"https:\/\/sinoextrud.com\/what-is-4040-aluminium-extrud\/\" target=\"_blank\">aluminum extrusions for industrial racks<\/a><\/li>\r\r\n<li><a href=\"https:\/\/sinoextrud.com\/powder-coating-aluminium-process\/\" target=\"_blank\">powder coating aluminium<\/a><\/li>\r\r\n<li><a href=\"https:\/\/sinoextrud.com\/what-is-an-aluminium-strip-ceiling\/\" target=\"_blank\">aluminium strip ceiling<\/a><\/li>\r\r\n<li><a href=\"https:\/\/sinoextrud.com\/what-is-a-heat-sink\/\" target=\"_blank\">what is a heat sink<\/a><\/li>\r\r\n<\/ul>","product_chanpin_chanpin":"<li><a href=\"https:\/\/sinoextrud.com\/product\/linear-rail-aluminum-extrusion\/\" target=\"_blank\">Linear Rail Aluminum Extrusion<\/a><\/li>\r\n<li><a href=\"https:\/\/sinoextrud.com\/product\/t-slot-aluminum-profile\/\" target=\"_blank\">T-slot Aluminum Profile<\/a><\/li>\r\n<li><a href=\"https:\/\/sinoextrud.com\/product\/t-shaped-aluminium-profile\/\" target=\"_blank\">T Shaped Aluminium Profile<\/a><\/li>\r\n<li><a href=\"https:\/\/sinoextrud.com\/product\/slotted-aluminum-extrusion\/\" target=\"_blank\">Slotted Aluminum Extrusion<\/a><\/li>\r\n<li><a href=\"https:\/\/sinoextrud.com\/product\/octagon-aluminum-extrusion\/\" target=\"_blank\">Octagon Aluminum Extrusion<\/a><\/li>\r\n<li><a href=\"https:\/\/sinoextrud.com\/product\/t-shape-aluminum-extruded-profile\/\" target=\"_blank\">T Shape Aluminum Extruded Profile<\/a><\/li>\r\n<li><a href=\"https:\/\/sinoextrud.com\/product\/t-shaped-aluminium-extrusion\/\" target=\"_blank\">T Shaped Aluminium Extrusion<\/a><\/li>\r\n<li><a href=\"https:\/\/sinoextrud.com\/product\/t-slot-framing-systems\/\" target=\"_blank\">T Slot Framing Systems<\/a><\/li>\r\n<li><a href=\"https:\/\/sinoextrud.com\/product\/sailboat-mast-extrusions\/\" target=\"_blank\">Sailboat mast extrusions<\/a><\/li>\r\n<li><a href=\"https:\/\/sinoextrud.com\/product\/aluminium-lightbox-extrusion\/\" target=\"_blank\">Aluminium Lightbox Extrusion<\/a><\/li>\r\n<li><a href=\"https:\/\/sinoextrud.com\/product\/aluminium-6063\/\" target=\"_blank\">Aluminium 6063<\/a><\/li>"},"feature_list":[]},"_links":{"self":[{"href":"https:\/\/sinoextrud.com\/es\/wp-json\/wp\/v2\/product\/8066","targetHints":{"allow":["GET"]}}],"collection":[{"href":"https:\/\/sinoextrud.com\/es\/wp-json\/wp\/v2\/product"}],"about":[{"href":"https:\/\/sinoextrud.com\/es\/wp-json\/wp\/v2\/types\/product"}],"wp:attachment":[{"href":"https:\/\/sinoextrud.com\/es\/wp-json\/wp\/v2\/media?parent=8066"}],"wp:term":[{"taxonomy":"category","embeddable":true,"href":"https:\/\/sinoextrud.com\/es\/wp-json\/wp\/v2\/categories?post=8066"}],"curies":[{"name":"wp","href":"https:\/\/api.w.org\/{rel}","templated":true}]}}