{"id":8062,"date":"2025-06-12T07:21:52","date_gmt":"2025-06-12T07:21:52","guid":{"rendered":"https:\/\/sinoextrud.com\/product\/t-shaped-aluminium-profile\/"},"modified":"2025-06-24T06:22:58","modified_gmt":"2025-06-24T06:22:58","slug":"perfil-de-aluminio-en-forma-de-t-2","status":"publish","type":"product","link":"https:\/\/sinoextrud.com\/es\/product\/t-shaped-aluminium-profile\/","title":{"rendered":"Perfil de aluminio en forma de T"},"content":{"rendered":"<h2>Productos<\/h2>\n<table class=\"custom-table\">\n<tbody>\n<tr>\n<td> Modelo NO.:<\/td>\n<td>  Perfil de aluminio en forma de T<\/td>\n<td> Instalaci\u00f3n:<\/td>\n<td> Salida<\/td>\n<\/tr>\n<tr>\n<td> Uso:<\/td>\n<td> para aire acondicionado, para fabricaci\u00f3n, para refrigeraci\u00f3n<\/td>\n<td> Grosor:<\/td>\n<td> 3,0 mm<\/td>\n<\/tr>\n<tr>\n<td> Funci\u00f3n:<\/td>\n<td> Ventilaci\u00f3n<\/td>\n<td> Modelo:<\/td>\n<td> Sinoextrud-8012<\/td>\n<\/tr>\n<tr>\n<td> Origen:<\/td>\n<td> Se dispone de certificaci\u00f3n del original<\/td>\n<td> Plazo de entrega:<\/td>\n<td> 25 d\u00edas<\/td>\n<\/tr>\n<tr>\n<td> Material:<\/td>\n<td> Aleaci\u00f3n de aluminio 6063<\/td>\n<td> Tipo:<\/td>\n<td> Difusores rotacionales<\/td>\n<\/tr>\n<tr>\n<td> Certificaci\u00f3n:<\/td>\n<td> SGS<\/td>\n<td> Paquete:<\/td>\n<td> Caja de cart\u00f3n<\/td>\n<\/tr>\n<\/tbody>\n<\/table>\n<h2>Nuestra base de fabricaci\u00f3n<\/h2>\n<h3>Panorama de la f\u00e1brica<\/h3>\n<p><img decoding=\"async\" src=\"\/wp-content\/uploads\/factory-01.webp\"\/><\/p>\n<h3>Taller de fabricaci\u00f3n de barras de aluminio<\/h3>\n<p><img decoding=\"async\" src=\"\/wp-content\/uploads\/factory-02.webp\"\/><\/p>\n<\/p>\n<p><img decoding=\"async\" src=\"\/wp-content\/uploads\/factory-03.webp\"\/><\/p>\n<h3>Almac\u00e9n de moldes<\/h3>\n<p><img decoding=\"async\" src=\"\/wp-content\/uploads\/factory-04.webp\"\/><\/p>\n<h3>43 L\u00c3neas de extrusi\u00c3\u00b3n de aluminio (500\u00e2\u20ac\"5500 toneladas)<\/h3>\n<p><img decoding=\"async\" src=\"\/wp-content\/uploads\/factory-05.webp\"\/><\/p>\n<p><img decoding=\"async\" src=\"\/wp-content\/uploads\/factory-06.webp\"\/><\/p>\n<p><img decoding=\"async\" src=\"\/wp-content\/uploads\/factory-07.webp\"\/><\/p>\n<h3>Taller de pintura en polvo<\/h3>\n<p><img decoding=\"async\" src=\"\/wp-content\/uploads\/factory-09.webp\"\/><\/p>\n<h3>Taller de anodizado<\/h3>\n<p><img decoding=\"async\" src=\"\/wp-content\/uploads\/factory-10.webp\"\/><\/p>\n<h3>Taller de procesamiento profundo<\/h3>\n<p><img decoding=\"async\" src=\"\/wp-content\/uploads\/factory-11.webp\"\/><\/p>\n<h3>Taller de mecanizado de precisi\u00f3n CNC<\/h3>\n<p><img decoding=\"async\" src=\"\/wp-content\/uploads\/factory-11.5.webp\"\/><\/p>\n<h3>Almac\u00e9n de productos acabados y de exportaci\u00f3n<\/h3>\n<p><img decoding=\"async\" src=\"\/wp-content\/uploads\/factory-12.webp\"\/><\/p>\n<p><img decoding=\"async\" src=\"\/wp-content\/uploads\/factory-13.webp\"\/><\/p>\n<p><img decoding=\"async\" src=\"\/wp-content\/uploads\/factory-14.webp\"\/><\/p>\n<h2>PREGUNTAS FRECUENTES<\/h2>\n<p><b>1. \u00bfQu\u00e9 hace que el perfil de aluminio en forma de T sea ideal para aplicaciones estructurales? <\/b><\/p>\n<p> Los perfiles de aluminio en forma de T son fuertes, resistentes a la corrosi\u00f3n y vers\u00e1tiles, lo que los hace perfectos para su uso en aplicaciones estructurales y de entramado a medida.\n<\/p>\n<p><\/p>\n<p><b>2. \u00bfSe puede personalizar el perfil de aluminio en forma de T? <\/b><\/p>\n<p> S\u00ed, estos perfiles pueden personalizarse en cuanto a longitud, tama\u00f1o y dise\u00f1o para adaptarse a los requisitos espec\u00edficos de cada proyecto.\n<\/p>\n<p><\/p>\n<p><b>3. \u00bfCu\u00e1l es la durabilidad del perfil de aluminio en forma de T? <\/b><\/p>\n<p> Los perfiles de aluminio en forma de T son muy duraderos gracias a sus propiedades anticorrosivas, lo que garantiza un rendimiento duradero en diversos entornos.\n<\/p>\n<p><\/p>\n<p><b>4. \u00bfQu\u00e9 industrias se benefician del perfil de aluminio en forma de T? <\/b><\/p>\n<p> Los perfiles de aluminio en forma de T se utilizan ampliamente en sectores como la construcci\u00f3n, la automatizaci\u00f3n, la rob\u00f3tica y la fabricaci\u00f3n para armazones de edificios y componentes estructurales.\n<\/p>\n<p><\/p>\n<p><b>5.\u00bfEs el perfil de aluminio en forma de T f\u00e1cil de montar? <\/b><\/p>\n<p> S\u00ed, el dise\u00f1o en forma de T permite montar, modificar y desmontar f\u00e1cilmente, lo que mejora la flexibilidad y reduce el tiempo de preparaci\u00f3n.\n<\/p>\n<p><\/p>\n<p><b>6. \u00bfC\u00f3mo mejora la eficacia de los proyectos el perfil de aluminio en forma de T? <\/b><\/p>\n<p> Su dise\u00f1o personalizable y su facilidad de montaje hacen que los perfiles de aluminio en forma de T sean ideales para la construcci\u00f3n r\u00e1pida y eficaz de marcos y estructuras.\n<\/p>\n<p><\/p>\n<p><b>7. \u00bfEs el perfil de aluminio en forma de T respetuoso con el medio ambiente? <\/b><\/p>\n<p> S\u00ed, el aluminio es totalmente reciclable, por lo que los perfiles de aluminio en forma de T son una opci\u00f3n ecol\u00f3gica para los proyectos de construcci\u00f3n sostenible.\n<\/p>\n<p><\/p>","protected":false},"featured_media":8061,"template":"","categories":[54],"class_list":["post-8062","product","type-product","status-publish","has-post-thumbnail","hentry","category-industrial-aluminum-profiles"],"meta_box":{"hilight_text_group":{"product_hilight_text":"<li>High-strength T-shaped aluminium profile ideal for structural applications and framing<\/li>\r\r\n<li>Corrosion-resistant, ensuring long-lasting durability in various environmental conditions<\/li>\r\r\n<li>Customizable lengths and sizes to meet specific design and structural requirements<\/li>\r\r\n<li>Easy to assemble, modify, and adapt for different projects, offering high flexibility<\/li>\r\r\n<li>Lightweight yet strong, providing excellent support without adding excessive weight<\/li>\r\r\n<li>Efficient for use in automation, robotics, and other engineering projects<\/li>\r\r\n<li>Eco-friendly, made from fully recyclable aluminium material<\/li>","product_chanpin_blog":"<ul>\r\r\n<li><a href=\"https:\/\/sinoextrud.com\/t-slot-v-slot-differences\/\" target=\"_blank\">t slot vs v slot<\/a><\/li>\r\r\n<li><a href=\"https:\/\/sinoextrud.com\/what-is-4040-aluminium-extrud\/\" target=\"_blank\">4040 aluminium extrusion<\/a><\/li>\r\r\n<li><a href=\"https:\/\/sinoextrud.com\/what-is-4040-aluminium-extrud\/\" target=\"_blank\">aluminum extrusions for industrial racks<\/a><\/li>\r\r\n<li><a href=\"https:\/\/sinoextrud.com\/powder-coating-aluminium-process\/\" target=\"_blank\">powder coating aluminium<\/a><\/li>\r\r\n<li><a href=\"https:\/\/sinoextrud.com\/what-is-an-aluminium-strip-ceiling\/\" target=\"_blank\">aluminium strip ceiling<\/a><\/li>\r\r\n<li><a href=\"https:\/\/sinoextrud.com\/what-is-a-heat-sink\/\" target=\"_blank\">what is a heat sink<\/a><\/li>\r\r\n<\/ul>","product_chanpin_chanpin":"<li><a href=\"https:\/\/sinoextrud.com\/product\/industrial-aluminum-extrusion-profile\/\" target=\"_blank\">Industrial Aluminum Extrusion Profile<\/a><\/li>\r\n<li><a href=\"https:\/\/sinoextrud.com\/product\/j-section-aluminum-extrusion\/\" target=\"_blank\">J Section Aluminum Extrusion<\/a><\/li>\r\n<li><a href=\"https:\/\/sinoextrud.com\/product\/linear-rail-aluminum-extrusion\/\" target=\"_blank\">Linear Rail Aluminum Extrusion<\/a><\/li>\r\n<li><a href=\"https:\/\/sinoextrud.com\/product\/t-slot-aluminum-profile\/\" target=\"_blank\">T-slot Aluminum Profile<\/a><\/li>\r\n<li><a href=\"https:\/\/sinoextrud.com\/product\/t-shaped-aluminium-profile\/\" target=\"_blank\">T Shaped Aluminium Profile<\/a><\/li>\r\n<li><a href=\"https:\/\/sinoextrud.com\/product\/slotted-aluminum-extrusion\/\" target=\"_blank\">Slotted Aluminum Extrusion<\/a><\/li>\r\n<li><a href=\"https:\/\/sinoextrud.com\/product\/octagon-aluminum-extrusion\/\" target=\"_blank\">Octagon Aluminum Extrusion<\/a><\/li>\r\n<li><a href=\"https:\/\/sinoextrud.com\/product\/t-shape-aluminum-extruded-profile\/\" target=\"_blank\">T Shape Aluminum Extruded Profile<\/a><\/li>\r\n<li><a href=\"https:\/\/sinoextrud.com\/product\/t-shaped-aluminium-extrusion\/\" target=\"_blank\">T Shaped Aluminium Extrusion<\/a><\/li>\r\n<li><a href=\"https:\/\/sinoextrud.com\/product\/alloy-extrusion-profiles\/\" target=\"_blank\">Alloy Extrusion Profiles<\/a><\/li>\r\n<li><a href=\"https:\/\/sinoextrud.com\/product\/custom-precision-cnc-machining-for-aluminum-parts\/\" target=\"_blank\">Custom Precision CNC Machining for Aluminum Parts<\/a><\/li>"},"feature_list":[]},"_links":{"self":[{"href":"https:\/\/sinoextrud.com\/es\/wp-json\/wp\/v2\/product\/8062","targetHints":{"allow":["GET"]}}],"collection":[{"href":"https:\/\/sinoextrud.com\/es\/wp-json\/wp\/v2\/product"}],"about":[{"href":"https:\/\/sinoextrud.com\/es\/wp-json\/wp\/v2\/types\/product"}],"wp:featuredmedia":[{"embeddable":true,"href":"https:\/\/sinoextrud.com\/es\/wp-json\/wp\/v2\/media\/8061"}],"wp:attachment":[{"href":"https:\/\/sinoextrud.com\/es\/wp-json\/wp\/v2\/media?parent=8062"}],"wp:term":[{"taxonomy":"category","embeddable":true,"href":"https:\/\/sinoextrud.com\/es\/wp-json\/wp\/v2\/categories?post=8062"}],"curies":[{"name":"wp","href":"https:\/\/api.w.org\/{rel}","templated":true}]}}