{"id":8060,"date":"2025-06-12T07:17:05","date_gmt":"2025-06-12T07:17:05","guid":{"rendered":"https:\/\/sinoextrud.com\/product\/t-slot-aluminum-profile\/"},"modified":"2025-06-24T06:22:58","modified_gmt":"2025-06-24T06:22:58","slug":"perfil-de-aluminio-de-ranura-en-t","status":"publish","type":"product","link":"https:\/\/sinoextrud.com\/es\/product\/t-slot-aluminum-profile\/","title":{"rendered":"Perfil de aluminio con ranura en T"},"content":{"rendered":"<h2>Productos<\/h2>\n<table class=\"custom-table\">\n<tr>\n<td class=\"label\">Nombre del producto<\/td>\n<td>perfil de aluminio con ranura en t<\/td>\n<\/tr>\n<tr>\n<td class=\"label\">Material<\/td>\n<td>6063<\/td>\n<\/tr>\n<tr>\n<td class=\"label\">Temple<\/td>\n<td>T5, T6<\/td>\n<\/tr>\n<tr>\n<td class=\"label\">Espesor<\/td>\n<td>Grosor del perfil 1,0 mm<\/td>\n<\/tr>\n<tr>\n<td class=\"label\">Longitud<\/td>\n<td>5,8 m por pieza. A petici\u00f3n del cliente<\/td>\n<\/tr>\n<tr>\n<td class=\"label\">Forma<\/td>\n<td>cuadrado como en la foto. disponible a medida<\/td>\n<\/tr>\n<tr>\n<td class=\"label\">Tratamiento de superficies<\/td>\n<td>Espesor del color del recubrimiento en polvo: 80 micras.<\/td>\n<\/tr>\n<tr>\n<td class=\"label\">Color<\/td>\n<td>Blanco<\/td>\n<\/tr>\n<tr>\n<td class=\"label\">Aplicaci\u00f3n<\/td>\n<td>L\u00ednea de producci\u00f3n de maquinaria, transporte ferroviario<\/td>\n<\/tr>\n<tr>\n<td class=\"label\">Proceso profundo<\/td>\n<td>CNC, taladrado, corte, soldadura, montaje<\/td>\n<\/tr>\n<tr>\n<td class=\"label\">MOQ<\/td>\n<td>200KGs para cada art\u00edculo<\/td>\n<\/tr>\n<tr>\n<td class=\"label\">Capacidad de producci\u00f3n<\/td>\n<td>15.000 toneladas mensuales<\/td>\n<\/tr>\n<tr>\n<td class=\"label\">Certificado y norma<\/td>\n<td>1) ISO9001-2008\/ISO 9001:2008;<br \/>\n2) Certificaci\u00f3n CQM;<br \/>\n3) SGS, BV, ROSH disponibles<\/td>\n<\/tr>\n<tr>\n<td class=\"label\">Garant\u00eda<\/td>\n<td>El color de la superficie puede ser estable durante 10~20 a\u00f1os de uso en interiores.<\/td>\n<\/tr>\n<tr>\n<td class=\"label\">Detalles del embalaje<\/td>\n<td>Interior : embalado con film de pl\u00e1stico para proteger cada pieza<br \/>\nExterior: Envoltura de los paquetes con papel craft impermeable o film EPE. Personalizado requesti disponible<\/td>\n<\/tr>\n<tr>\n<td class=\"label\">Plazos de entrega<\/td>\n<td>Desarrollo de matrices y pruebas de muestras: 12-18 d\u00edas .<br \/>\nProducci\u00f3n en serie: 20-30 d\u00edas.<\/td>\n<\/tr>\n<tr>\n<td class=\"label\">Puerto FOB<\/td>\n<td>Shenzhen \/ Guangzhou \/ Foshan<\/td>\n<\/tr>\n<tr>\n<td class=\"label\">Condiciones de pago<\/td>\n<td>T\/T 30% para el dep\u00f3sito, saldo antes de la entrega.<\/td>\n<\/tr>\n<\/table>\n<h2>Nuestra base de fabricaci\u00f3n<\/h2>\n<h3>Panorama de la f\u00e1brica<\/h3>\n<p><img decoding=\"async\" src=\"\/wp-content\/uploads\/factory-01.webp\"\/><\/p>\n<h3>Taller de fabricaci\u00f3n de barras de aluminio<\/h3>\n<p><img decoding=\"async\" src=\"\/wp-content\/uploads\/factory-02.webp\"\/><\/p>\n<\/p>\n<p><img decoding=\"async\" src=\"\/wp-content\/uploads\/factory-03.webp\"\/><\/p>\n<h3>Almac\u00e9n de moldes<\/h3>\n<p><img decoding=\"async\" src=\"\/wp-content\/uploads\/factory-04.webp\"\/><\/p>\n<h3>43 L\u00c3neas de extrusi\u00c3\u00b3n de aluminio (500\u00e2\u20ac\"5500 toneladas)<\/h3>\n<p><img decoding=\"async\" src=\"\/wp-content\/uploads\/factory-05.webp\"\/><\/p>\n<p><img decoding=\"async\" src=\"\/wp-content\/uploads\/factory-06.webp\"\/><\/p>\n<p><img decoding=\"async\" src=\"\/wp-content\/uploads\/factory-07.webp\"\/><\/p>\n<h3>Taller de pintura en polvo<\/h3>\n<p><img decoding=\"async\" src=\"\/wp-content\/uploads\/factory-09.webp\"\/><\/p>\n<h3>Taller de anodizado<\/h3>\n<p><img decoding=\"async\" src=\"\/wp-content\/uploads\/factory-10.webp\"\/><\/p>\n<h3>Taller de procesamiento profundo<\/h3>\n<p><img decoding=\"async\" src=\"\/wp-content\/uploads\/factory-11.webp\"\/><\/p>\n<h3>Taller de mecanizado de precisi\u00f3n CNC<\/h3>\n<p><img decoding=\"async\" src=\"\/wp-content\/uploads\/factory-11.5.webp\"\/><\/p>\n<h3>Almac\u00e9n de productos acabados y de exportaci\u00f3n<\/h3>\n<p><img decoding=\"async\" src=\"\/wp-content\/uploads\/factory-12.webp\"\/><\/p>\n<p><img decoding=\"async\" src=\"\/wp-content\/uploads\/factory-13.webp\"\/><\/p>\n<p><img decoding=\"async\" src=\"\/wp-content\/uploads\/factory-14.webp\"\/><\/p>\n<h2>PREGUNTAS FRECUENTES<\/h2>\n<p><b>1.\u00bfQu\u00e9 hace que el perfil de aluminio con ranura en T sea ideal para marcos y estructuras a medida? <\/b><\/p>\n<p> Los perfiles de aluminio con ranura en T son vers\u00e1tiles, f\u00e1ciles de montar y muy personalizables, lo que permite a los usuarios construir estructuras \u00fanicas y flexibles para diversas aplicaciones.\n<\/p>\n<p><\/p>\n<p><b>2. \u00bfSe puede personalizar el perfil de aluminio con ranura en T? <\/b><\/p>\n<p> S\u00ed, estos perfiles pueden adaptarse en cuanto a tama\u00f1o, longitud y dise\u00f1o para satisfacer los requisitos y aplicaciones espec\u00edficos de cada proyecto.\n<\/p>\n<p><\/p>\n<p><b>3. \u00bfQu\u00e9 tan duradero es el perfil de aluminio con ranura en T? <\/b><\/p>\n<p> Los perfiles de aluminio con ranura en T son muy duraderos gracias a sus propiedades anticorrosi\u00f3n, lo que garantiza un rendimiento duradero incluso en entornos dif\u00edciles.\n<\/p>\n<p><\/p>\n<p><b>4. \u00bfQu\u00e9 industrias se benefician del perfil de aluminio con ranura en T? <\/b><\/p>\n<p> Los perfiles de aluminio con ranura en T se utilizan ampliamente en sectores como la automatizaci\u00f3n, la rob\u00f3tica, la manipulaci\u00f3n de materiales y la construcci\u00f3n para construir armazones y estructuras de soporte personalizadas.\n<\/p>\n<p><\/p>\n<p><b>5.\u00bfEs el perfil de aluminio con ranura en T f\u00e1cil de instalar y modificar? <\/b><\/p>\n<p> S\u00ed, el dise\u00f1o modular de los perfiles de aluminio con ranura en T permite una f\u00e1cil instalaci\u00f3n y futuras modificaciones, reduciendo el tiempo de instalaci\u00f3n y proporcionando flexibilidad a largo plazo.\n<\/p>\n<p><\/p>\n<p><b>6.\u00bfC\u00f3mo mejora el rendimiento del sistema el perfil de aluminio con ranura en T? <\/b><\/p>\n<p> Estos perfiles proporcionan un soporte fuerte y estable a la vez que mantienen la flexibilidad para los cambios de dise\u00f1o, mejorando la eficacia y adaptabilidad de los sistemas de automatizaci\u00f3n.\n<\/p>\n<p><\/p>\n<p><b>7. \u00bfEs el perfil de aluminio con ranura en T respetuoso con el medio ambiente? <\/b><\/p>\n<p> S\u00ed, el aluminio es totalmente reciclable, lo que convierte a los perfiles de aluminio con ranura en T en una opci\u00f3n ecol\u00f3gica para construir estructuras sostenibles.\n<\/p>\n<p><\/p>","protected":false},"featured_media":8059,"template":"","categories":[54],"class_list":["post-8060","product","type-product","status-publish","has-post-thumbnail","hentry","category-industrial-aluminum-profiles"],"meta_box":{"hilight_text_group":{"product_hilight_text":"<li>Versatile T-slot aluminum profiles for building custom frames, structures, and workstations<\/li>\r\r\n<li>Durable and corrosion-resistant, ensuring long-lasting performance in various industrial environments<\/li>\r\r\n<li>Easy to assemble and modify, offering flexibility for future adjustments and upgrades<\/li>\r\r\n<li>Lightweight yet strong, providing excellent support without adding excess weight<\/li>\r\r\n<li>Customizable sizes and lengths to meet specific project needs<\/li>\r\r\n<li>Efficient for use in automation, robotics, and material handling systems<\/li>\r\r\n<li>Eco-friendly, made from recyclable aluminum material<\/li>","product_chanpin_blog":"<ul>\r\r\n<li><a href=\"https:\/\/sinoextrud.com\/t-slot-v-slot-differences\/\" target=\"_blank\">t slot vs v slot<\/a><\/li>\r\r\n<li><a href=\"https:\/\/sinoextrud.com\/what-is-4040-aluminium-extrud\/\" target=\"_blank\">4040 aluminium extrusion<\/a><\/li>\r\r\n<li><a href=\"https:\/\/sinoextrud.com\/what-is-4040-aluminium-extrud\/\" target=\"_blank\">aluminum extrusions for industrial racks<\/a><\/li>\r\r\n<li><a href=\"https:\/\/sinoextrud.com\/powder-coating-aluminium-process\/\" target=\"_blank\">powder coating aluminium<\/a><\/li>\r\r\n<li><a href=\"https:\/\/sinoextrud.com\/what-is-an-aluminium-strip-ceiling\/\" target=\"_blank\">aluminium strip ceiling<\/a><\/li>\r\r\n<li><a href=\"https:\/\/sinoextrud.com\/what-is-a-heat-sink\/\" target=\"_blank\">what is a heat sink<\/a><\/li>\r\r\n<\/ul>","product_chanpin_chanpin":"<li><a href=\"https:\/\/sinoextrud.com\/product\/customized-led-strip-light-aluminium-profile-led-aluminum-extrusion\/\" target=\"_blank\">Customized LED Strip Light Aluminium Profile  LED Aluminum Extrusion<\/a><\/li>\r\n<li><a href=\"https:\/\/sinoextrud.com\/product\/industrial-aluminum-extrusion-profile\/\" target=\"_blank\">Industrial Aluminum Extrusion Profile<\/a><\/li>\r\n<li><a href=\"https:\/\/sinoextrud.com\/product\/j-section-aluminum-extrusion\/\" target=\"_blank\">J Section Aluminum Extrusion<\/a><\/li>\r\n<li><a href=\"https:\/\/sinoextrud.com\/product\/linear-rail-aluminum-extrusion\/\" target=\"_blank\">Linear Rail Aluminum Extrusion<\/a><\/li>\r\n<li><a href=\"https:\/\/sinoextrud.com\/product\/t-slot-aluminum-profile\/\" target=\"_blank\">T-slot Aluminum Profile<\/a><\/li>\r\n<li><a href=\"https:\/\/sinoextrud.com\/product\/t-shaped-aluminium-profile\/\" target=\"_blank\">T Shaped Aluminium Profile<\/a><\/li>\r\n<li><a href=\"https:\/\/sinoextrud.com\/product\/slotted-aluminum-extrusion\/\" target=\"_blank\">Slotted Aluminum Extrusion<\/a><\/li>\r\n<li><a href=\"https:\/\/sinoextrud.com\/product\/octagon-aluminum-extrusion\/\" target=\"_blank\">Octagon Aluminum Extrusion<\/a><\/li>\r\n<li><a href=\"https:\/\/sinoextrud.com\/product\/t-shape-aluminum-extruded-profile\/\" target=\"_blank\">T Shape Aluminum Extruded Profile<\/a><\/li>\r\n<li><a href=\"https:\/\/sinoextrud.com\/product\/medical-instrument-aluminum-profile\/\" target=\"_blank\">Medical Instrument Aluminum Profile<\/a><\/li>\r\n<li><a href=\"https:\/\/sinoextrud.com\/product\/j-section-aluminum-extrusion\/\" target=\"_blank\">J Section Aluminum Extrusion<\/a><\/li>"},"feature_list":[]},"_links":{"self":[{"href":"https:\/\/sinoextrud.com\/es\/wp-json\/wp\/v2\/product\/8060","targetHints":{"allow":["GET"]}}],"collection":[{"href":"https:\/\/sinoextrud.com\/es\/wp-json\/wp\/v2\/product"}],"about":[{"href":"https:\/\/sinoextrud.com\/es\/wp-json\/wp\/v2\/types\/product"}],"wp:featuredmedia":[{"embeddable":true,"href":"https:\/\/sinoextrud.com\/es\/wp-json\/wp\/v2\/media\/8059"}],"wp:attachment":[{"href":"https:\/\/sinoextrud.com\/es\/wp-json\/wp\/v2\/media?parent=8060"}],"wp:term":[{"taxonomy":"category","embeddable":true,"href":"https:\/\/sinoextrud.com\/es\/wp-json\/wp\/v2\/categories?post=8060"}],"curies":[{"name":"wp","href":"https:\/\/api.w.org\/{rel}","templated":true}]}}