{"id":8058,"date":"2025-06-12T07:15:34","date_gmt":"2025-06-12T07:15:34","guid":{"rendered":"https:\/\/sinoextrud.com\/product\/linear-rail-aluminum-extrusion\/"},"modified":"2025-06-24T06:22:58","modified_gmt":"2025-06-24T06:22:58","slug":"carril-lineal-extrusion-de-aluminio-2","status":"publish","type":"product","link":"https:\/\/sinoextrud.com\/es\/product\/linear-rail-aluminum-extrusion\/","title":{"rendered":"Carril lineal Extrusi\u00f3n de aluminio"},"content":{"rendered":"<h2>Productos<\/h2>\n<table class=\"custom-table\">\n<tbody>\n<tr>\n<td> Nombre del producto<\/td>\n<td> Carril lineal Extrusi\u00f3n de aluminio<\/td>\n<\/tr>\n<tr>\n<td> Temple<\/td>\n<td> T3-T8<\/td>\n<\/tr>\n<tr>\n<td> Material<\/td>\n<td> Aleaci\u00f3n serie 6000, como 6063, 6061, 6082, 6463, etc.<\/td>\n<\/tr>\n<tr>\n<td> Color<\/td>\n<td> Dorado, plateado, negro, blanco, gris, champ\u00e1n, espejo, grano de madera, a petici\u00f3n del cliente<\/td>\n<\/tr>\n<tr>\n<td> Acabado<\/td>\n<td> Anodizado, Recubrimiento en polvo, Grano de madera, Electroforesis, PVDF, Akzo, Pulido, Cepillado, Mate, etc.<\/td>\n<\/tr>\n<tr>\n<td> Mecanizado CNC<\/td>\n<td> CNC, taladrado, fresado, corte, soldadura, plegado, montaje, punzonado, roscado, etc.<\/td>\n<\/tr>\n<tr>\n<td> Longitud<\/td>\n<td> 1m-9m o personalizado<\/td>\n<\/tr>\n<tr>\n<td> Forma<\/td>\n<td> Cuadrada, plana, redonda, hueca, ovalada, triangular, perfiles en U, perfiles en L, perfiles en T, perfiles en H, disponible a medida<\/td>\n<\/tr>\n<tr>\n<td> Plazos de entrega<\/td>\n<td> Molde abierto y prueba de muestra: 12-15 d\u00edas laborables. Producci\u00f3n en masa: 20-30 d\u00edas laborables, dependiendo del QTY.<\/td>\n<\/tr>\n<tr>\n<td> Aplicaci\u00f3n<\/td>\n<td> Ventanas y puertas, muros cortina, paredes de cristal, muebles, techos, cocinas, tiras de LED, carriles de transporte, veh\u00edculos, carcasas de motor, m\u00e1quinas, tiendas de campa\u00f1a, energ\u00eda solar. Perfil industrial, perfil de decoraci\u00f3n, etc.<\/td>\n<\/tr>\n<tr>\n<td> Paquete<\/td>\n<td> Film protector, Papel impermeable, EPE, Cart\u00f3n, Palet o personalizado<\/td>\n<\/tr>\n<tr>\n<td> Estilo empresarial<\/td>\n<td> Manfacture and Trading Company<\/td>\n<\/tr>\n<tr>\n<td> Marca<\/td>\n<td> Sinoextrud, Sinoextrud, , Sinoextrud<\/td>\n<\/tr>\n<tr>\n<td> OEM<\/td>\n<td> Esperamos construir una larga relaci\u00f3n con nuestros clientes. Estamos seguros de que podemos ofrecer el mejor servicio de OEM para usted.<\/td>\n<\/tr>\n<tr>\n<td> Garant\u00eda<\/td>\n<td> El color de la superficie puede ser estable durante 10~20 a\u00f1os de uso en interiores.<\/td>\n<\/tr>\n<tr>\n<td> Puerto FOB<\/td>\n<td> Foshan, Guangzhou, Shenzhen, China<\/td>\n<\/tr>\n<tr>\n<td> MOQ<\/td>\n<td> 200KGs \/ Art\u00edculo<\/td>\n<\/tr>\n<tr>\n<td> Origen<\/td>\n<td> Foshan, China<\/td>\n<\/tr>\n<\/tbody>\n<\/table>\n<h2>Nuestra base de fabricaci\u00f3n<\/h2>\n<h3>Panorama de la f\u00e1brica<\/h3>\n<p><img decoding=\"async\" src=\"\/wp-content\/uploads\/factory-01.webp\"\/><\/p>\n<h3>Taller de fabricaci\u00f3n de barras de aluminio<\/h3>\n<p><img decoding=\"async\" src=\"\/wp-content\/uploads\/factory-02.webp\"\/><\/p>\n<p><img decoding=\"async\" src=\"\/wp-content\/uploads\/factory-03.webp\"\/><\/p>\n<h3>Almac\u00e9n de moldes<\/h3>\n<p><img decoding=\"async\" src=\"\/wp-content\/uploads\/factory-04.webp\"\/><\/p>\n<h3>43 L\u00c3neas de extrusi\u00c3\u00b3n de aluminio (500\u00e2\u20ac\"5500 toneladas)<\/h3>\n<p><img decoding=\"async\" src=\"\/wp-content\/uploads\/factory-05.webp\"\/><\/p>\n<p><img decoding=\"async\" src=\"\/wp-content\/uploads\/factory-06.webp\"\/><\/p>\n<p><img decoding=\"async\" src=\"\/wp-content\/uploads\/factory-07.webp\"\/><\/p>\n<h3>Taller de pintura en polvo<\/h3>\n<p><img decoding=\"async\" src=\"\/wp-content\/uploads\/factory-09.webp\"\/><\/p>\n<h3>Taller de anodizado<\/h3>\n<p><img decoding=\"async\" src=\"\/wp-content\/uploads\/factory-10.webp\"\/><\/p>\n<h3>Taller de procesamiento profundo<\/h3>\n<p><img decoding=\"async\" src=\"\/wp-content\/uploads\/factory-11.webp\"\/><\/p>\n<h3>Taller de mecanizado de precisi\u00f3n CNC<\/h3>\n<p><img decoding=\"async\" src=\"\/wp-content\/uploads\/factory-11.5.webp\"\/><\/p>\n<h3>Almac\u00e9n de productos acabados y de exportaci\u00f3n<\/h3>\n<p><img decoding=\"async\" src=\"\/wp-content\/uploads\/factory-12.webp\"\/><\/p>\n<p><img decoding=\"async\" src=\"\/wp-content\/uploads\/factory-13.webp\"\/><\/p>\n<p><img decoding=\"async\" src=\"\/wp-content\/uploads\/factory-14.webp\"\/><\/p>\n<h2>PREGUNTAS FRECUENTES<\/h2>\n<p><p><b>1. \u00bfQu\u00e9 hace que la extrusi\u00f3n de aluminio de carril lineal sea adecuada para aplicaciones de movimiento preciso? <\/b><\/p>\n<p> Las extrusiones de aluminio para gu\u00edas lineales est\u00e1n dise\u00f1adas para proporcionar un soporte de movimiento suave y preciso, por lo que son ideales para aplicaciones que requieren precisi\u00f3n.<br \/>\n<\/p><br \/>\n<br \/>\n<p><b>2.\u00bfSe puede personalizar la extrusi\u00f3n de aluminio de carril lineal? <\/b><\/p>\n<p> S\u00ed, la extrusi\u00f3n puede personalizarse en tama\u00f1o, longitud y perfil para satisfacer las necesidades espec\u00edficas de los sistemas de automatizaci\u00f3n y maquinaria.<br \/>\n<\/p><br \/>\n<br \/>\n<p><b>3. \u00bfCu\u00e1l es la durabilidad de la extrusi\u00f3n de aluminio de carril lineal? <\/b><\/p>\n<p> Las extrusiones de aluminio de los ra\u00edles lineales son muy duraderas y resistentes a la corrosi\u00f3n, lo que garantiza un rendimiento fiable a largo plazo incluso en entornos dif\u00edciles.<br \/>\n<\/p><br \/>\n<br \/>\n<p><b>4. \u00bfQu\u00e9 industrias se benefician del uso de la extrusi\u00f3n de aluminio de carril lineal? <\/b><\/p>\n<p> Estas extrusiones se utilizan ampliamente en sectores como la automatizaci\u00f3n, la rob\u00f3tica, la manipulaci\u00f3n de materiales y la fabricaci\u00f3n de sistemas precisos de control de movimiento.<br \/>\n<\/p><br \/>\n<br \/>\n<p><b>5.\u00bfEs f\u00e1cil de instalar la extrusi\u00f3n de aluminio de carril lineal? <\/b><\/p>\n<p> S\u00ed, est\u00e1 dise\u00f1ado para una f\u00e1cil instalaci\u00f3n, lo que ayuda a reducir el tiempo de montaje y los costes de mano de obra.<br \/>\n<\/p><br \/>\n<br \/>\n<p><b>6.\u00bfC\u00f3mo mejora la extrusi\u00f3n de aluminio de carril lineal el rendimiento del sistema? <\/b><\/p>\n<p> Las extrusiones proporcionan un movimiento preciso y suave, aumentando la eficacia y precisi\u00f3n en sistemas de automatizaci\u00f3n, rob\u00f3tica y maquinaria.<br \/>\n<\/p><br \/>\n<br \/>\n<p><b>7.\u00bfEs la extrusi\u00f3n de aluminio de carril lineal respetuosa con el medio ambiente? <\/b><\/p>\n<p> S\u00ed, el aluminio es un material reciclable, lo que convierte a estos extruidos en una soluci\u00f3n ecol\u00f3gica para una amplia gama de aplicaciones industriales.<br \/>\n<\/p><br \/><\/p>","protected":false},"featured_media":8057,"template":"","categories":[54],"class_list":["post-8058","product","type-product","status-publish","has-post-thumbnail","hentry","category-industrial-aluminum-profiles"],"meta_box":{"hilight_text_group":{"product_hilight_text":"<li>High-strength linear rail aluminum extrusion for precise linear motion applications<\/li>\r\r\n<li>Corrosion-resistant, ensuring long-lasting performance in various environments<\/li>\r\r\n<li>Lightweight yet durable, providing strong support without excess weight<\/li>\r\r\n<li>Customizable lengths and profiles to meet specific needs in automation and machinery<\/li>\r\r\n<li>Highly accurate and smooth, improving the efficiency and precision of motion systems<\/li>\r\r\n<li>Cost-effective, offering excellent performance at a competitive price<\/li>\r\r\n<li>Eco-friendly, made from recyclable aluminum material<\/li>","product_chanpin_blog":"<ul>\r\r\n<li><a href=\"https:\/\/sinoextrud.com\/t-slot-v-slot-differences\/\" target=\"_blank\">t slot vs v slot<\/a><\/li>\r\r\n<li><a href=\"https:\/\/sinoextrud.com\/what-is-4040-aluminium-extrud\/\" target=\"_blank\">4040 aluminium extrusion<\/a><\/li>\r\r\n<li><a href=\"https:\/\/sinoextrud.com\/what-is-4040-aluminium-extrud\/\" target=\"_blank\">aluminum extrusions for industrial racks<\/a><\/li>\r\r\n<li><a href=\"https:\/\/sinoextrud.com\/powder-coating-aluminium-process\/\" target=\"_blank\">powder coating aluminium<\/a><\/li>\r\r\n<li><a href=\"https:\/\/sinoextrud.com\/what-is-an-aluminium-strip-ceiling\/\" target=\"_blank\">aluminium strip ceiling<\/a><\/li>\r\r\n<li><a href=\"https:\/\/sinoextrud.com\/what-is-a-heat-sink\/\" target=\"_blank\">what is a heat sink<\/a><\/li>\r\r\n<\/ul>","product_chanpin_chanpin":"<li><a href=\"https:\/\/sinoextrud.com\/product\/t-slot-aluminum-extrusion-profile-for-industrial-assembly-line\/\" target=\"_blank\">T Slot Aluminum Extrusion Profile For Industrial Assembly Line<\/a><\/li>\r\n<li><a href=\"https:\/\/sinoextrud.com\/product\/customized-led-strip-light-aluminium-profile-led-aluminum-extrusion\/\" target=\"_blank\">Customized LED Strip Light Aluminium Profile  LED Aluminum Extrusion<\/a><\/li>\r\n<li><a href=\"https:\/\/sinoextrud.com\/product\/industrial-aluminum-extrusion-profile\/\" target=\"_blank\">Industrial Aluminum Extrusion Profile<\/a><\/li>\r\n<li><a href=\"https:\/\/sinoextrud.com\/product\/j-section-aluminum-extrusion\/\" target=\"_blank\">J Section Aluminum Extrusion<\/a><\/li>\r\n<li><a href=\"https:\/\/sinoextrud.com\/product\/linear-rail-aluminum-extrusion\/\" target=\"_blank\">Linear Rail Aluminum Extrusion<\/a><\/li>\r\n<li><a href=\"https:\/\/sinoextrud.com\/product\/t-slot-aluminum-profile\/\" target=\"_blank\">T-slot Aluminum Profile<\/a><\/li>\r\n<li><a href=\"https:\/\/sinoextrud.com\/product\/t-shaped-aluminium-profile\/\" target=\"_blank\">T Shaped Aluminium Profile<\/a><\/li>\r\n<li><a href=\"https:\/\/sinoextrud.com\/product\/slotted-aluminum-extrusion\/\" target=\"_blank\">Slotted Aluminum Extrusion<\/a><\/li>\r\n<li><a href=\"https:\/\/sinoextrud.com\/product\/octagon-aluminum-extrusion\/\" target=\"_blank\">Octagon Aluminum Extrusion<\/a><\/li>\r\n<li><a href=\"https:\/\/sinoextrud.com\/product\/anodized-aluminum-railing-systems\/\" target=\"_blank\">Anodized Aluminum Railing Systems<\/a><\/li>\r\n<li><a href=\"https:\/\/sinoextrud.com\/product\/pvdf-coating-aluminum-profile-curtain-wall\/\" target=\"_blank\">PVDF Coating Aluminum profile Curtain Wall<\/a><\/li>"},"feature_list":[]},"_links":{"self":[{"href":"https:\/\/sinoextrud.com\/es\/wp-json\/wp\/v2\/product\/8058","targetHints":{"allow":["GET"]}}],"collection":[{"href":"https:\/\/sinoextrud.com\/es\/wp-json\/wp\/v2\/product"}],"about":[{"href":"https:\/\/sinoextrud.com\/es\/wp-json\/wp\/v2\/types\/product"}],"wp:featuredmedia":[{"embeddable":true,"href":"https:\/\/sinoextrud.com\/es\/wp-json\/wp\/v2\/media\/8057"}],"wp:attachment":[{"href":"https:\/\/sinoextrud.com\/es\/wp-json\/wp\/v2\/media?parent=8058"}],"wp:term":[{"taxonomy":"category","embeddable":true,"href":"https:\/\/sinoextrud.com\/es\/wp-json\/wp\/v2\/categories?post=8058"}],"curies":[{"name":"wp","href":"https:\/\/api.w.org\/{rel}","templated":true}]}}