{"id":8056,"date":"2025-06-12T07:13:21","date_gmt":"2025-06-12T07:13:21","guid":{"rendered":"https:\/\/sinoextrud.com\/product\/j-section-aluminum-extrusion\/"},"modified":"2025-06-24T06:22:58","modified_gmt":"2025-06-24T06:22:58","slug":"seccion-j-extrusion-de-aluminio","status":"publish","type":"product","link":"https:\/\/sinoextrud.com\/es\/product\/j-section-aluminum-extrusion\/","title":{"rendered":"Extrusi\u00f3n de aluminio de secci\u00f3n en J"},"content":{"rendered":"<h2>Productos<\/h2>\n<table class=\"custom-table\">\n<tbody>\n<tr>\n<td> Nombre del producto<\/td>\n<td> Extrusi\u00f3n de aluminio de secci\u00f3n en J<\/td>\n<\/tr>\n<tr>\n<td> Material<\/td>\n<td> 6063,6061,6082,6005, etc.<\/td>\n<\/tr>\n<tr>\n<td> Temple<\/td>\n<td> T3-T8<\/td>\n<\/tr>\n<tr>\n<td> Tama\u00f1o y grosor<\/td>\n<td> A medida<\/td>\n<\/tr>\n<tr>\n<td> Color<\/td>\n<td> Acabado fresado u otro color personalizado<\/td>\n<\/tr>\n<tr>\n<td> Longitud<\/td>\n<td> Longitud est\u00e1ndar1-9M, otras longitudes especiales disponibles.<\/td>\n<\/tr>\n<tr>\n<td> Aplicaciones t\u00edpicas<\/td>\n<td> Industria, arquitectura, decoraci\u00f3n<\/td>\n<\/tr>\n<tr>\n<td> Marca<\/td>\n<td> Sinoextrud u OEM<\/td>\n<\/tr>\n<tr>\n<td> Proceso CNC<\/td>\n<td> Soporte de fresado CNC, punzonado, taladrado, roscado, plegado<\/td>\n<\/tr>\n<tr>\n<td> MOQ<\/td>\n<td> 200KG<\/td>\n<\/tr>\n<tr>\n<td> Tratamiento de superficies<\/td>\n<td> Acabado de fresado, grano de madera, anodizado, recubrimiento en polvo, electroforesis, recubrimiento de PVDF, cepillado, etc.<\/td>\n<\/tr>\n<tr>\n<td> Certificaciones<\/td>\n<td> ISO9001,ISO4001,CQM,SGS,CE,BV etc.<\/td>\n<\/tr>\n<\/tbody>\n<\/table>\n<h2>Nuestra base de fabricaci\u00f3n<\/h2>\n<h3>Panorama de la f\u00e1brica<\/h3>\n<p><img decoding=\"async\" src=\"\/wp-content\/uploads\/factory-01.webp\"\/><\/p>\n<h3>Taller de fabricaci\u00f3n de barras de aluminio<\/h3>\n<p><img decoding=\"async\" src=\"\/wp-content\/uploads\/factory-02.webp\"\/><\/p>\n<p><img decoding=\"async\" src=\"\/wp-content\/uploads\/factory-03.webp\"\/><\/p>\n<h3>Almac\u00e9n de moldes<\/h3>\n<p><img decoding=\"async\" src=\"\/wp-content\/uploads\/factory-04.webp\"\/><\/p>\n<h3>43 L\u00c3neas de extrusi\u00c3\u00b3n de aluminio (500\u00e2\u20ac\"5500 toneladas)<\/h3>\n<p><img decoding=\"async\" src=\"\/wp-content\/uploads\/factory-05.webp\"\/><\/p>\n<p><img decoding=\"async\" src=\"\/wp-content\/uploads\/factory-06.webp\"\/><\/p>\n<p><img decoding=\"async\" src=\"\/wp-content\/uploads\/factory-07.webp\"\/><\/p>\n<h3>Taller de pintura en polvo<\/h3>\n<p><img decoding=\"async\" src=\"\/wp-content\/uploads\/factory-09.webp\"\/><\/p>\n<h3>Taller de anodizado<\/h3>\n<p><img decoding=\"async\" src=\"\/wp-content\/uploads\/factory-10.webp\"\/><\/p>\n<h3>Taller de procesamiento profundo<\/h3>\n<p><img decoding=\"async\" src=\"\/wp-content\/uploads\/factory-11.webp\"\/><\/p>\n<h3>Taller de mecanizado de precisi\u00f3n CNC<\/h3>\n<p><img decoding=\"async\" src=\"\/wp-content\/uploads\/factory-11.5.webp\"\/><\/p>\n<h3>Almac\u00e9n de productos acabados y de exportaci\u00f3n<\/h3>\n<p><img decoding=\"async\" src=\"\/wp-content\/uploads\/factory-12.webp\"\/><\/p>\n<p><img decoding=\"async\" src=\"\/wp-content\/uploads\/factory-13.webp\"\/><\/p>\n<p><img decoding=\"async\" src=\"\/wp-content\/uploads\/factory-14.webp\"\/><\/p>\n<h2>PREGUNTAS FRECUENTES<\/h2>\n<p><p><b>1. \u00bfPara qu\u00e9 se utiliza la extrusi\u00f3n de aluminio de secci\u00f3n en J?<\/b><\/p>\n<p>La extrusi\u00f3n de aluminio de secci\u00f3n en J se utiliza habitualmente en aplicaciones estructurales en las que se requiere una mayor resistencia y estabilidad, como marcos, soportes y cerramientos.<br \/>\n<\/p><br \/>\n<br \/>\n<p><b>2. \u00bfPor qu\u00e9 elegir la extrusi\u00f3n de aluminio de secci\u00f3n en J en lugar de otros perfiles?<\/b><\/p>\n<p>La extrusi\u00f3n de aluminio de secci\u00f3n en J proporciona una resistencia y rigidez superiores, por lo que es ideal para soportar cargas pesadas y resistir entornos dif\u00edciles.<br \/>\n<\/p><br \/>\n<br \/>\n<p><b>3.\u00bfSe puede personalizar la extrusi\u00f3n de aluminio de secci\u00f3n en J para proyectos espec\u00edficos?<\/b><\/p>\n<p>S\u00ed, la extrusi\u00f3n de aluminio de secci\u00f3n en J puede personalizarse en t\u00e9rminos de tama\u00f1o y perfil para adaptarse a las necesidades espec\u00edficas de su proyecto.<br \/>\n<\/p><br \/>\n<br \/>\n<p><b>4. \u00bfC\u00f3mo soporta la extrusi\u00f3n de aluminio de secci\u00f3n en J las condiciones ambientales adversas?<\/b><\/p>\n<p>La extrusi\u00f3n de aluminio de secci\u00f3n en J est\u00e1 fabricada con aluminio resistente a la corrosi\u00f3n, lo que la hace ideal para aplicaciones de interior y exterior, incluso en condiciones clim\u00e1ticas adversas.<br \/>\n<\/p><br \/>\n<br \/>\n<p><b>5.\u00bfEs f\u00e1cil de instalar la extrusi\u00f3n de aluminio de secci\u00f3n en J?<\/b><\/p>\n<p>S\u00ed, la extrusi\u00f3n de aluminio de secci\u00f3n en J es f\u00e1cil de cortar, montar e instalar, lo que reduce los costes de mano de obra y el tiempo de instalaci\u00f3n en proyectos a gran escala.<br \/>\n<\/p><br \/>\n<br \/>\n<p><b>6.\u00bfCu\u00e1les son las principales ventajas de utilizar aluminio para la extrusi\u00f3n de perfiles en J?<\/b><\/p>\n<p>El aluminio ofrece una combinaci\u00f3n de fuerza, ligereza y resistencia a la corrosi\u00f3n, lo que convierte a la extrusi\u00f3n de aluminio de secci\u00f3n en J en una opci\u00f3n duradera y rentable para muchas aplicaciones.<br \/>\n<\/p><br \/>\n<br \/>\n<p><b>7.\u00bfCu\u00e1nto dura la extrusi\u00f3n de aluminio de secci\u00f3n en J?<\/b><\/p>\n<p>La extrusi\u00f3n de aluminio de secci\u00f3n en J est\u00e1 dise\u00f1ada para un rendimiento a largo plazo, ofreciendo una excelente durabilidad y resistencia a la corrosi\u00f3n, garantizando que dure muchos a\u00f1os en condiciones exigentes.<br \/>\n<\/p><br \/><\/p>","protected":false},"featured_media":8055,"template":"","categories":[54],"class_list":["post-8056","product","type-product","status-publish","has-post-thumbnail","hentry","category-industrial-aluminum-profiles"],"meta_box":{"hilight_text_group":{"product_hilight_text":"<li>J Section Aluminum Extrusion offers enhanced strength and stability for structural applications.<\/li>\r\r\n<li>Durable aluminum material ensures long-lasting performance in demanding environments.<\/li>\r\r\n<li>Customizable profiles and sizes available to meet specific design and structural needs.<\/li>\r\r\n<li>Corrosion-resistant surface ideal for outdoor and industrial applications.<\/li>\r\r\n<li>Easy to cut and assemble, reducing installation time and cost for large projects.<\/li>","product_chanpin_blog":"<ul>\r\r\n<li><a href=\"https:\/\/sinoextrud.com\/t-slot-v-slot-differences\/\" target=\"_blank\">t slot vs v slot<\/a><\/li>\r\r\n<li><a href=\"https:\/\/sinoextrud.com\/what-is-4040-aluminium-extrud\/\" target=\"_blank\">4040 aluminium extrusion<\/a><\/li>\r\r\n<li><a href=\"https:\/\/sinoextrud.com\/what-is-4040-aluminium-extrud\/\" target=\"_blank\">aluminum extrusions for industrial racks<\/a><\/li>\r\r\n<li><a href=\"https:\/\/sinoextrud.com\/powder-coating-aluminium-process\/\" target=\"_blank\">powder coating aluminium<\/a><\/li>\r\r\n<li><a href=\"https:\/\/sinoextrud.com\/what-is-an-aluminium-strip-ceiling\/\" target=\"_blank\">aluminium strip ceiling<\/a><\/li>\r\r\n<li><a href=\"https:\/\/sinoextrud.com\/what-is-a-heat-sink\/\" target=\"_blank\">what is a heat sink<\/a><\/li>\r\r\n<\/ul>","product_chanpin_chanpin":"<li><a href=\"https:\/\/sinoextrud.com\/product\/heatsink-aluminum-profiles\/\" target=\"_blank\">Heatsink Aluminum Profiles<\/a><\/li>\r\n<li><a href=\"https:\/\/sinoextrud.com\/product\/t-slot-aluminum-extrusion-profile-for-industrial-assembly-line\/\" target=\"_blank\">T Slot Aluminum Extrusion Profile For Industrial Assembly Line<\/a><\/li>\r\n<li><a href=\"https:\/\/sinoextrud.com\/product\/customized-led-strip-light-aluminium-profile-led-aluminum-extrusion\/\" target=\"_blank\">Customized LED Strip Light Aluminium Profile  LED Aluminum Extrusion<\/a><\/li>\r\n<li><a href=\"https:\/\/sinoextrud.com\/product\/industrial-aluminum-extrusion-profile\/\" target=\"_blank\">Industrial Aluminum Extrusion Profile<\/a><\/li>\r\n<li><a href=\"https:\/\/sinoextrud.com\/product\/j-section-aluminum-extrusion\/\" target=\"_blank\">J Section Aluminum Extrusion<\/a><\/li>\r\n<li><a href=\"https:\/\/sinoextrud.com\/product\/linear-rail-aluminum-extrusion\/\" target=\"_blank\">Linear Rail Aluminum Extrusion<\/a><\/li>\r\n<li><a href=\"https:\/\/sinoextrud.com\/product\/t-slot-aluminum-profile\/\" target=\"_blank\">T-slot Aluminum Profile<\/a><\/li>\r\n<li><a href=\"https:\/\/sinoextrud.com\/product\/t-shaped-aluminium-profile\/\" target=\"_blank\">T Shaped Aluminium Profile<\/a><\/li>\r\n<li><a href=\"https:\/\/sinoextrud.com\/product\/slotted-aluminum-extrusion\/\" target=\"_blank\">Slotted Aluminum Extrusion<\/a><\/li>\r\n<li><a href=\"https:\/\/sinoextrud.com\/product\/aluminum-extrusion-heat-profiles-sink\/\" target=\"_blank\">Aluminum Extrusion Heat Profiles Sink<\/a><\/li>\r\n<li><a href=\"https:\/\/sinoextrud.com\/product\/custom-aluminum-tongue-and-groove-extrusion\/\" target=\"_blank\">Custom Aluminum Tongue And Groove Extrusion<\/a><\/li>"},"feature_list":[]},"_links":{"self":[{"href":"https:\/\/sinoextrud.com\/es\/wp-json\/wp\/v2\/product\/8056","targetHints":{"allow":["GET"]}}],"collection":[{"href":"https:\/\/sinoextrud.com\/es\/wp-json\/wp\/v2\/product"}],"about":[{"href":"https:\/\/sinoextrud.com\/es\/wp-json\/wp\/v2\/types\/product"}],"wp:featuredmedia":[{"embeddable":true,"href":"https:\/\/sinoextrud.com\/es\/wp-json\/wp\/v2\/media\/8055"}],"wp:attachment":[{"href":"https:\/\/sinoextrud.com\/es\/wp-json\/wp\/v2\/media?parent=8056"}],"wp:term":[{"taxonomy":"category","embeddable":true,"href":"https:\/\/sinoextrud.com\/es\/wp-json\/wp\/v2\/categories?post=8056"}],"curies":[{"name":"wp","href":"https:\/\/api.w.org\/{rel}","templated":true}]}}