{"id":8054,"date":"2025-06-12T07:11:50","date_gmt":"2025-06-12T07:11:50","guid":{"rendered":"https:\/\/sinoextrud.com\/product\/industrial-aluminum-extrusion-profile\/"},"modified":"2025-06-24T06:22:58","modified_gmt":"2025-06-24T06:22:58","slug":"perfil-de-extrusion-de-aluminio-industrial","status":"publish","type":"product","link":"https:\/\/sinoextrud.com\/es\/product\/industrial-aluminum-extrusion-profile\/","title":{"rendered":"Perfil de extrusi\u00f3n de aluminio industrial"},"content":{"rendered":"<h2>Productos<\/h2>\n<table class=\"custom-table\">\n<tr>\n<td class=\"label\">Forma:<\/td>\n<td> Forma de U<\/td>\n<\/tr>\n<tr>\n<td class=\"label\">Temperamento:<\/td>\n<td> T3-T8<\/td>\n<\/tr>\n<tr>\n<td class=\"label\">Aleaci\u00f3n:<\/td>\n<td> Aleaci\u00f3n<\/td>\n<\/tr>\n<tr>\n<td class=\"label\">Ingrediente de aleaci\u00f3n:<\/td>\n<td> 6063<\/td>\n<\/tr>\n<tr>\n<td class=\"label\">Material del marco y de la hoja:<\/td>\n<td> Aleaci\u00f3n de aluminio<\/td>\n<\/tr>\n<tr>\n<td class=\"label\">Longitud m\u00e1xima del perfil:<\/td>\n<td> 7,2 mm<\/td>\n<\/tr>\n<tr>\n<td class=\"label\">Paquete de transporte:<\/td>\n<td> Papel Nomal,Retractilado,Algod\u00f3n Perlado o Custome<\/td>\n<\/tr>\n<tr>\n<td class=\"label\">Origen:<\/td>\n<td> Foshan Guang Dong, China<\/td>\n<\/tr>\n<tr>\n<td class=\"label\">Tipo:<\/td>\n<td> Uso industrial<\/td>\n<\/tr>\n<tr>\n<td class=\"label\">Grado:<\/td>\n<td> Serie 6000<\/td>\n<\/tr>\n<tr>\n<td class=\"label\">Industria Perfil de aluminio:<\/td>\n<td> 18 Series<\/td>\n<\/tr>\n<tr>\n<td class=\"label\">Acabado superficial:<\/td>\n<td> Oxidaci\u00f3n an\u00f3dica<\/td>\n<\/tr>\n<tr>\n<td class=\"label\">Certificaci\u00f3n:<\/td>\n<td> ISO, RoHS<\/td>\n<\/tr>\n<tr>\n<td class=\"label\">Color:<\/td>\n<td> Plata, champ\u00e1n, bronce, color personalizado<\/td>\n<\/tr>\n<tr>\n<td class=\"label\">C\u00f3digo SA:<\/td>\n<td> 76042910<\/td>\n<\/tr>\n<\/table>\n<h2>Nuestra base de fabricaci\u00f3n<\/h2>\n<h3>Panorama de la f\u00e1brica<\/h3>\n<p><img decoding=\"async\" src=\"\/wp-content\/uploads\/factory-01.webp\"\/><\/p>\n<h3>Taller de fabricaci\u00f3n de barras de aluminio<\/h3>\n<p><img decoding=\"async\" src=\"\/wp-content\/uploads\/factory-02.webp\"\/><\/p>\n<p><img decoding=\"async\" src=\"\/wp-content\/uploads\/factory-03.webp\"\/><\/p>\n<h3>Almac\u00e9n de moldes<\/h3>\n<p><img decoding=\"async\" src=\"\/wp-content\/uploads\/factory-04.webp\"\/><\/p>\n<h3>43 L\u00c3neas de extrusi\u00c3\u00b3n de aluminio (500\u00e2\u20ac\"5500 toneladas)<\/h3>\n<p><img decoding=\"async\" src=\"\/wp-content\/uploads\/factory-05.webp\"\/><\/p>\n<p><img decoding=\"async\" src=\"\/wp-content\/uploads\/factory-06.webp\"\/><\/p>\n<p><img decoding=\"async\" src=\"\/wp-content\/uploads\/factory-07.webp\"\/><\/p>\n<h3>Taller de pintura en polvo<\/h3>\n<p><img decoding=\"async\" src=\"\/wp-content\/uploads\/factory-09.webp\"\/><\/p>\n<h3>Taller de anodizado<\/h3>\n<p><img decoding=\"async\" src=\"\/wp-content\/uploads\/factory-10.webp\"\/><\/p>\n<h3>Taller de procesamiento profundo<\/h3>\n<p><img decoding=\"async\" src=\"\/wp-content\/uploads\/factory-11.webp\"\/><\/p>\n<h3>Taller de mecanizado de precisi\u00f3n CNC<\/h3>\n<p><img decoding=\"async\" src=\"\/wp-content\/uploads\/factory-11.5.webp\"\/><\/p>\n<h3>Almac\u00e9n de productos acabados y de exportaci\u00f3n<\/h3>\n<p><img decoding=\"async\" src=\"\/wp-content\/uploads\/factory-12.webp\"\/><\/p>\n<p><img decoding=\"async\" src=\"\/wp-content\/uploads\/factory-13.webp\"\/><\/p>\n<p><img decoding=\"async\" src=\"\/wp-content\/uploads\/factory-14.webp\"\/><\/p>\n<h2>PREGUNTAS FRECUENTES<\/h2>\n<p><p><b>1.\u00bfQu\u00e9 hace que los perfiles industriales de extrusi\u00f3n de aluminio sean ideales para aplicaciones industriales?<\/b><\/p>\n<p>Los perfiles industriales de extrusi\u00f3n de aluminio son duraderos, ligeros, resistentes a la corrosi\u00f3n y personalizables, lo que los hace perfectos para una amplia gama de aplicaciones industriales.<br \/>\n<\/p><br \/>\n<br \/>\n<p><b>2.\u00bfC\u00f3mo mejora el material de aluminio el rendimiento de los perfiles de extrusi\u00f3n?<\/b><\/p>\n<p>El aluminio ofrece excelentes propiedades de solidez, resistencia a la corrosi\u00f3n y ligereza, por lo que es ideal para un rendimiento fiable y duradero en entornos industriales.<br \/>\n<\/p><br \/>\n<br \/>\n<p><b>3.\u00bfPueden personalizarse los perfiles industriales de extrusi\u00f3n de aluminio para proyectos espec\u00edficos?<\/b><\/p>\n<p>S\u00ed, los perfiles son altamente personalizables, lo que permite soluciones a medida que cumplen requisitos estructurales y mec\u00e1nicos espec\u00edficos para diversas aplicaciones industriales.<br \/>\n<\/p><br \/>\n<br \/>\n<p><b>4.\u00bfEn qu\u00e9 beneficia a su uso la resistencia a la corrosi\u00f3n de los perfiles industriales de extrusi\u00f3n de aluminio?<\/b><\/p>\n<p>Las propiedades anticorrosivas del aluminio garantizan que los perfiles sigan siendo fuertes y funcionales, incluso en entornos duros y corrosivos, alargando su vida \u00fatil.<br \/>\n<\/p><br \/>\n<br \/>\n<p><b>5. \u00bfQu\u00e9 industrias utilizan perfiles industriales de extrusi\u00f3n de aluminio?<\/b><\/p>\n<p>Se utilizan ampliamente en sectores como la fabricaci\u00f3n, la construcci\u00f3n, la automatizaci\u00f3n y la rob\u00f3tica, entre otros, donde se requieren soluciones de entramado flexibles y duraderas.<br \/>\n<\/p><br \/>\n<br \/>\n<p><b>6. \u00bfCu\u00e1l es la rentabilidad del perfil de extrusi\u00f3n de aluminio industrial?<\/b><\/p>\n<p>Proporciona una soluci\u00f3n rentable al reducir la necesidad de componentes adicionales, simplificar el montaje y reducir los costes generales del proyecto, al tiempo que garantiza la durabilidad.<br \/>\n<\/p><br \/>\n<br \/>\n<p><b>7.\u00bfC\u00f3mo mejoran los perfiles industriales de extrusi\u00f3n de aluminio la eficacia de los proyectos?<\/b><\/p>\n<p>Su ligereza y f\u00e1cil manejo reducen el tiempo de instalaci\u00f3n y los costes de mano de obra, mientras que la flexibilidad de personalizaci\u00f3n permite una r\u00e1pida adaptaci\u00f3n a las distintas necesidades de dise\u00f1o.<br \/>\n<\/p><br \/><\/p>","protected":false},"featured_media":8053,"template":"","categories":[54],"class_list":["post-8054","product","type-product","status-publish","has-post-thumbnail","hentry","category-industrial-aluminum-profiles"],"meta_box":{"hilight_text_group":{"product_hilight_text":"<li>High-strength aluminum construction, providing durable and reliable performance for industrial applications.<\/li>\r\r\n<li>Lightweight and easy to handle, reducing installation time and labor costs.<\/li>\r\r\n<li>Corrosion-resistant properties, ensuring long-lasting use in demanding environments.<\/li>\r\r\n<li>Highly customizable profiles, allowing for tailored solutions for various structural and mechanical needs.<\/li>\r\r\n<li>Cost-effective solution for creating robust and flexible industrial frameworks with minimal tooling requirements.<\/li>","product_chanpin_blog":"<ul>\r\r\n<li><a href=\"https:\/\/sinoextrud.com\/t-slot-v-slot-differences\/\" target=\"_blank\">t slot vs v slot<\/a><\/li>\r\r\n<li><a href=\"https:\/\/sinoextrud.com\/what-is-4040-aluminium-extrud\/\" target=\"_blank\">4040 aluminium extrusion<\/a><\/li>\r\r\n<li><a href=\"https:\/\/sinoextrud.com\/what-is-4040-aluminium-extrud\/\" target=\"_blank\">aluminum extrusions for industrial racks<\/a><\/li>\r\r\n<li><a href=\"https:\/\/sinoextrud.com\/powder-coating-aluminium-process\/\" target=\"_blank\">powder coating aluminium<\/a><\/li>\r\r\n<li><a href=\"https:\/\/sinoextrud.com\/what-is-an-aluminium-strip-ceiling\/\" target=\"_blank\">aluminium strip ceiling<\/a><\/li>\r\r\n<li><a href=\"https:\/\/sinoextrud.com\/what-is-a-heat-sink\/\" target=\"_blank\">what is a heat sink<\/a><\/li>\r\r\n<\/ul>","product_chanpin_chanpin":"<li><a href=\"https:\/\/sinoextrud.com\/product\/led-aluminum-profile-with-heatsink\/\" target=\"_blank\">Led Aluminum Profile With Heatsink<\/a><\/li>\r\n<li><a href=\"https:\/\/sinoextrud.com\/product\/heatsink-aluminum-profiles\/\" target=\"_blank\">Heatsink Aluminum Profiles<\/a><\/li>\r\n<li><a href=\"https:\/\/sinoextrud.com\/product\/t-slot-aluminum-extrusion-profile-for-industrial-assembly-line\/\" target=\"_blank\">T Slot Aluminum Extrusion Profile For Industrial Assembly Line<\/a><\/li>\r\n<li><a href=\"https:\/\/sinoextrud.com\/product\/customized-led-strip-light-aluminium-profile-led-aluminum-extrusion\/\" target=\"_blank\">Customized LED Strip Light Aluminium Profile  LED Aluminum Extrusion<\/a><\/li>\r\n<li><a href=\"https:\/\/sinoextrud.com\/product\/industrial-aluminum-extrusion-profile\/\" target=\"_blank\">Industrial Aluminum Extrusion Profile<\/a><\/li>\r\n<li><a href=\"https:\/\/sinoextrud.com\/product\/j-section-aluminum-extrusion\/\" target=\"_blank\">J Section Aluminum Extrusion<\/a><\/li>\r\n<li><a href=\"https:\/\/sinoextrud.com\/product\/linear-rail-aluminum-extrusion\/\" target=\"_blank\">Linear Rail Aluminum Extrusion<\/a><\/li>\r\n<li><a href=\"https:\/\/sinoextrud.com\/product\/t-slot-aluminum-profile\/\" target=\"_blank\">T-slot Aluminum Profile<\/a><\/li>\r\n<li><a href=\"https:\/\/sinoextrud.com\/product\/t-shaped-aluminium-profile\/\" target=\"_blank\">T Shaped Aluminium Profile<\/a><\/li>\r\n<li><a href=\"https:\/\/sinoextrud.com\/product\/extruded-aluminum-t-track\/\" target=\"_blank\">Extruded Aluminum T Track<\/a><\/li>\r\n<li><a href=\"https:\/\/sinoextrud.com\/product\/aluminium-picture-frame-extrusions\/\" target=\"_blank\">Aluminium Picture Frame Extrusions<\/a><\/li>"},"feature_list":[]},"_links":{"self":[{"href":"https:\/\/sinoextrud.com\/es\/wp-json\/wp\/v2\/product\/8054","targetHints":{"allow":["GET"]}}],"collection":[{"href":"https:\/\/sinoextrud.com\/es\/wp-json\/wp\/v2\/product"}],"about":[{"href":"https:\/\/sinoextrud.com\/es\/wp-json\/wp\/v2\/types\/product"}],"wp:featuredmedia":[{"embeddable":true,"href":"https:\/\/sinoextrud.com\/es\/wp-json\/wp\/v2\/media\/8053"}],"wp:attachment":[{"href":"https:\/\/sinoextrud.com\/es\/wp-json\/wp\/v2\/media?parent=8054"}],"wp:term":[{"taxonomy":"category","embeddable":true,"href":"https:\/\/sinoextrud.com\/es\/wp-json\/wp\/v2\/categories?post=8054"}],"curies":[{"name":"wp","href":"https:\/\/api.w.org\/{rel}","templated":true}]}}