{"id":8036,"date":"2025-06-12T06:46:54","date_gmt":"2025-06-12T06:46:54","guid":{"rendered":"https:\/\/sinoextrud.com\/product\/oem-aluminum-extusion-profile-led-light-strip-channel\/"},"modified":"2025-06-24T06:22:54","modified_gmt":"2025-06-24T06:22:54","slug":"oem-perfil-de-aluminio-de-extrusion-led-canal-tira-de-luz","status":"publish","type":"product","link":"https:\/\/sinoextrud.com\/es\/product\/oem-aluminum-extusion-profile-led-light-strip-channel\/","title":{"rendered":"OEM Perfil de aluminio de extensi\u00f3n Led canal de la tira de luz"},"content":{"rendered":"<h2>Productos<\/h2>\n<table class=\"custom-table\">\n<tbody>\n<tr>\n<td>           Tratamiento de superficies<\/td>\n<td>           Anodizado, pulido, seg\u00fan se solicite<\/td>\n<\/tr>\n<tr>\n<td>           Material y temperatura<\/td>\n<td>           Aleaci\u00f3n 6063-T5,6061-T6<\/td>\n<\/tr>\n<tr>\n<td>           Longitud<\/td>\n<td>           5,8 millones o personalizado<\/td>\n<\/tr>\n<tr>\n<td>           Color<\/td>\n<td>           Plateado, bronce, champ\u00e1n o como se solicite<\/td>\n<\/tr>\n<tr>\n<td>           Espesor<\/td>\n<td>           Personalizado<\/td>\n<\/tr>\n<tr>\n<td>           Grado<\/td>\n<td>           Serie 6000<\/td>\n<\/tr>\n<tr>\n<td>           Aplicaci\u00f3n<\/td>\n<td>           Aluminio arquitect\u00f3nico, aluminio industrial general<\/td>\n<\/tr>\n<tr>\n<td>           Tipo<\/td>\n<td>           6063<\/td>\n<\/tr>\n<tr>\n<td>           Acabado de superficies<\/td>\n<td>           Aluminio anodizado<\/td>\n<\/tr>\n<tr>\n<td>           Con o sin aleaci\u00f3n<\/td>\n<td>           Es aleaci\u00f3n<\/td>\n<\/tr>\n<tr>\n<td>           Temple<\/td>\n<td>           T3-T8<\/td>\n<\/tr>\n<tr>\n<td>           Forma<\/td>\n<td>           seg\u00fan sus necesidades<\/td>\n<\/tr>\n<\/tbody>\n<\/table>\n<h2>Nuestra base de fabricaci\u00f3n<\/h2>\n<h3>Panorama de la f\u00e1brica<\/h3>\n<p><img decoding=\"async\" src=\"\/wp-content\/uploads\/factory-01.webp\"\/><\/p>\n<h3>Taller de fabricaci\u00f3n de barras de aluminio<\/h3>\n<p><img decoding=\"async\" src=\"\/wp-content\/uploads\/factory-02.webp\"\/><\/p>\n<p><img decoding=\"async\" src=\"\/wp-content\/uploads\/factory-03.webp\"\/><\/p>\n<h3>Almac\u00e9n de moldes<\/h3>\n<p><img decoding=\"async\" src=\"\/wp-content\/uploads\/factory-04.webp\"\/><\/p>\n<h3>43 L\u00c3neas de extrusi\u00c3\u00b3n de aluminio (500\u00e2\u20ac\"5500 toneladas)<\/h3>\n<p><img decoding=\"async\" src=\"\/wp-content\/uploads\/factory-05.webp\"\/><\/p>\n<p><img decoding=\"async\" src=\"\/wp-content\/uploads\/factory-06.webp\"\/><\/p>\n<p><img decoding=\"async\" src=\"\/wp-content\/uploads\/factory-07.webp\"\/><\/p>\n<h3>Taller de pintura en polvo<\/h3>\n<p><img decoding=\"async\" src=\"\/wp-content\/uploads\/factory-09.webp\"\/><\/p>\n<h3>Taller de anodizado<\/h3>\n<p><img decoding=\"async\" src=\"\/wp-content\/uploads\/factory-10.webp\"\/><\/p>\n<h3>Taller de procesamiento profundo<\/h3>\n<p><img decoding=\"async\" src=\"\/wp-content\/uploads\/factory-11.webp\"\/><\/p>\n<h3>Taller de mecanizado de precisi\u00f3n CNC<\/h3>\n<p><img decoding=\"async\" src=\"\/wp-content\/uploads\/factory-11.5.webp\"\/><\/p>\n<h3>Almac\u00e9n de productos acabados y de exportaci\u00f3n<\/h3>\n<p><img decoding=\"async\" src=\"\/wp-content\/uploads\/factory-12.webp\"\/><\/p>\n<p><img decoding=\"async\" src=\"\/wp-content\/uploads\/factory-13.webp\"\/><\/p>\n<p><img decoding=\"async\" src=\"\/wp-content\/uploads\/factory-14.webp\"\/><\/p>\n<h2>PREGUNTAS FRECUENTES<\/h2>\n<p><p><b>1.\u00bfCu\u00e1l es el material principal utilizado en el perfil de extrusi\u00f3n de aluminio OEM para canales de tiras de luz LED? <\/b><\/p>\n<p>El perfil de extrusi\u00f3n de aluminio OEM est\u00e1 fabricado con aluminio de alta calidad, lo que proporciona una excelente durabilidad y disipaci\u00f3n del calor para las luces LED.<br \/>\n<\/p><br \/>\n<br \/>\n<p><b>2.\u00bfCu\u00e1les son las ventajas de utilizar aluminio para los canales de tiras de luz LED? <\/b><\/p>\n<p>El aluminio es resistente a la corrosi\u00f3n, ligero y tiene excelentes propiedades de disipaci\u00f3n del calor, lo que contribuye a prolongar la vida \u00fatil de las luces LED.<br \/>\n<\/p><br \/>\n<br \/>\n<p><b>3.\u00bfSe puede personalizar el perfil de extrusi\u00f3n de aluminio OEM para diferentes tama\u00f1os de tiras LED? <\/b><\/p>\n<p>S\u00ed, el perfil de extrusi\u00f3n de aluminio OEM puede personalizarse para adaptarse a una amplia gama de tama\u00f1os de tiras de LED, lo que lo convierte en una soluci\u00f3n de iluminaci\u00f3n vers\u00e1til.<br \/>\n<\/p><br \/>\n<br \/>\n<p><b>4.\u00bfEs f\u00e1cil la instalaci\u00f3n del perfil de extrusi\u00f3n de aluminio para tiras LED? <\/b><\/p>\n<p>S\u00ed, el perfil de extrusi\u00f3n de aluminio est\u00e1 dise\u00f1ado para una instalaci\u00f3n sencilla, que requiere un m\u00ednimo de herramientas y reduce el tiempo y el coste de instalaci\u00f3n.<br \/>\n<\/p><br \/>\n<br \/>\n<p><b>5.\u00bfCu\u00e1les son las ventajas de la disipaci\u00f3n del calor en los canales de las tiras de luz LED? <\/b><\/p>\n<p>La disipaci\u00f3n eficaz del calor garantiza que las tiras de LED mantengan un rendimiento \u00f3ptimo y una vida \u00fatil m\u00e1s larga al evitar el sobrecalentamiento.<br \/>\n<\/p><br \/>\n<br \/>\n<p><b>6.\u00bfPuede utilizarse el perfil de extrusi\u00f3n de aluminio tanto para aplicaciones interiores como exteriores? <\/b><\/p>\n<p>S\u00ed, el perfil de extrusi\u00f3n de aluminio es adecuado tanto para aplicaciones interiores como exteriores, ofreciendo flexibilidad para diversos proyectos de iluminaci\u00f3n.<br \/>\n<\/p><br \/>\n<br \/>\n<p><b>7.\u00bfEl perfil de extrusi\u00f3n de aluminio OEM est\u00e1 disponible en diferentes acabados? <\/b><\/p>\n<p>S\u00ed, el perfil de extrusi\u00f3n de aluminio est\u00e1 disponible en varios acabados, lo que le permite elegir la est\u00e9tica adecuada para su entorno.<br \/>\n<\/p><br \/><\/p>","protected":false},"featured_media":8035,"template":"","categories":[54],"class_list":["post-8036","product","type-product","status-publish","has-post-thumbnail","hentry","category-industrial-aluminum-profiles"],"meta_box":{"hilight_text_group":{"product_hilight_text":"<ul>\r\r\n  <li>High-quality OEM aluminum extrusion profile for durable LED light strip channels.<\/li>\r\r\n  <li>Efficient heat dissipation to extend LED lifespan and maintain optimal performance.<\/li>\r\r\n  <li>Customizable design to fit various LED strip sizes for versatile lighting solutions.<\/li>\r\r\n  <li>Easy installation with minimal tools required, saving time and labor costs.<\/li>\r\r\n  <li>Corrosion-resistant and lightweight aluminum, ensuring long-term reliability.<\/li>\r\r\n  <li>Perfect for both indoor and outdoor applications, enhancing flexibility in design.<\/li>\r\r\n  <li>Available in various finishes, offering aesthetic versatility for different environments.<\/li>\r\r\n<\/ul>","product_chanpin_blog":"<ul>\r\r\n<li><a href=\"https:\/\/sinoextrud.com\/t-slot-v-slot-differences\/\" target=\"_blank\">t slot vs v slot<\/a><\/li>\r\r\n<li><a href=\"https:\/\/sinoextrud.com\/what-is-4040-aluminium-extrud\/\" target=\"_blank\">4040 aluminium extrusion<\/a><\/li>\r\r\n<li><a href=\"https:\/\/sinoextrud.com\/what-is-4040-aluminium-extrud\/\" target=\"_blank\">aluminum extrusions for industrial racks<\/a><\/li>\r\r\n<li><a href=\"https:\/\/sinoextrud.com\/powder-coating-aluminium-process\/\" target=\"_blank\">powder coating aluminium<\/a><\/li>\r\r\n<li><a href=\"https:\/\/sinoextrud.com\/what-is-an-aluminium-strip-ceiling\/\" target=\"_blank\">aluminium strip ceiling<\/a><\/li>\r\r\n<li><a href=\"https:\/\/sinoextrud.com\/what-is-a-heat-sink\/\" target=\"_blank\">what is a heat sink<\/a><\/li>\r\r\n<\/ul>","product_chanpin_chanpin":"<li><a href=\"https:\/\/sinoextrud.com\/product\/extruded-aluminum-electronic-enclosures\/\" target=\"_blank\">Extruded Aluminum Electronic Enclosures<\/a><\/li>\r\n<li><a href=\"https:\/\/sinoextrud.com\/product\/extruded-aluminum-for-outdoor-light-heat-sink\/\" target=\"_blank\">Extruded Aluminum For Outdoor Light Heat Sink<\/a><\/li>\r\n<li><a href=\"https:\/\/sinoextrud.com\/product\/t-aluminum-profile\/\" target=\"_blank\">T Aluminum Profile<\/a><\/li>\r\n<li><a href=\"https:\/\/sinoextrud.com\/product\/t-slot-extruded-aluminum-profile-cutting-for-sale-by-weight-of-aluminum-section-open-extrusion-die\/\" target=\"_blank\">t slot extruded aluminum profile cutting for sale by weight of aluminum section open extrusion die<\/a><\/li>\r\n<li><a href=\"https:\/\/sinoextrud.com\/product\/oem-aluminum-extusion-profile-led-light-strip-channel\/\" target=\"_blank\">OEM Aluminum Extusion Profile Led Light strip channel<\/a><\/li>\r\n<li><a href=\"https:\/\/sinoextrud.com\/product\/extruded-aluminum-shelving\/\" target=\"_blank\">Extruded Aluminum Shelving<\/a><\/li>\r\n<li><a href=\"https:\/\/sinoextrud.com\/product\/extruded-aluminum-structural-framing\/\" target=\"_blank\">Extruded Aluminum Structural Framing<\/a><\/li>\r\n<li><a href=\"https:\/\/sinoextrud.com\/product\/extruded-decorative-aluminum-railing-systems\/\" target=\"_blank\">Extruded Decorative Aluminum Railing Systems<\/a><\/li>\r\n<li><a href=\"https:\/\/sinoextrud.com\/product\/led-aluminum-profile-strip-heatsink\/\" target=\"_blank\">Led Aluminum Profile Strip Heatsink<\/a><\/li>\r\n<li><a href=\"https:\/\/sinoextrud.com\/product\/aluminum-handrail-systems\/\" target=\"_blank\">Aluminum Handrail Systems<\/a><\/li>\r\n<li><a href=\"https:\/\/sinoextrud.com\/product\/80-x-80-aluminium-extrusion\/\" target=\"_blank\">80 X 80 Aluminium Extrusion<\/a><\/li>"},"feature_list":[]},"_links":{"self":[{"href":"https:\/\/sinoextrud.com\/es\/wp-json\/wp\/v2\/product\/8036","targetHints":{"allow":["GET"]}}],"collection":[{"href":"https:\/\/sinoextrud.com\/es\/wp-json\/wp\/v2\/product"}],"about":[{"href":"https:\/\/sinoextrud.com\/es\/wp-json\/wp\/v2\/types\/product"}],"wp:featuredmedia":[{"embeddable":true,"href":"https:\/\/sinoextrud.com\/es\/wp-json\/wp\/v2\/media\/8035"}],"wp:attachment":[{"href":"https:\/\/sinoextrud.com\/es\/wp-json\/wp\/v2\/media?parent=8036"}],"wp:term":[{"taxonomy":"category","embeddable":true,"href":"https:\/\/sinoextrud.com\/es\/wp-json\/wp\/v2\/categories?post=8036"}],"curies":[{"name":"wp","href":"https:\/\/api.w.org\/{rel}","templated":true}]}}