{"id":8018,"date":"2025-06-12T06:27:56","date_gmt":"2025-06-12T06:27:56","guid":{"rendered":"https:\/\/sinoextrud.com\/product\/design-of-anodized-aluminum-handrail-price\/"},"modified":"2025-06-24T06:22:51","modified_gmt":"2025-06-24T06:22:51","slug":"diseno-de-barandillas-de-aluminio-anodizado-precio","status":"publish","type":"product","link":"https:\/\/sinoextrud.com\/es\/product\/design-of-anodized-aluminum-handrail-price\/","title":{"rendered":"dise\u00f1o de barandillas de aluminio anodizado precio"},"content":{"rendered":"<h2>Productos<\/h2>\n<table class=\"custom-table\">\n<tr>\n<td class=\"label\">Art\u00edculo<\/td>\n<td>Dise\u00f1o de barandillas de aluminio anodizado Precio<\/td>\n<\/tr>\n<tr>\n<td class=\"label\">Material:<\/td>\n<td>Desde la serie 1000 hasta la serie 7000, materiales normales como 6063, 6005, 6061, 6060, materiales especiales como 6082, 7005, 7075, etc.<\/td>\n<\/tr>\n<tr>\n<td class=\"label\">Grosor:<\/td>\n<td>Espesor general de los perfiles:0,8-5,0 mm, Espesor de la protecci\u00f3n anodizada:8-25um;Espesor del color del recubrimiento en polvo:40-120 um.<\/td>\n<\/tr>\n<tr>\n<td class=\"label\">Grosor:<\/td>\n<td>5-800 mm<\/td>\n<\/tr>\n<tr>\n<td class=\"label\">Color:<\/td>\n<td>Plata, bronce, negro, oro, azul, gris, champ\u00e1n, brillante, seg\u00fan sus deseos<\/td>\n<\/tr>\n<tr>\n<td class=\"label\">Temperamento:<\/td>\n<td>T3-T8<\/td>\n<\/tr>\n<tr>\n<td class=\"label\">Forma:<\/td>\n<td>cuadrados, planos, redondos, huecos, ovalados, triangulares, perfiles en U, perfiles en L, perfiles en T, perfiles en H, disponibles a medida<\/td>\n<\/tr>\n<tr>\n<td class=\"label\">Tratamiento de la superficie:<\/td>\n<td>Acabado Mil, oxidaci\u00f3n an\u00f3dica, revestimiento de potencia, eletroforesis, revestimiento de PVDF, todo tipo de procesamiento de grano de madera de alta simulaci\u00f3n, etc.<\/td>\n<\/tr>\n<tr>\n<td class=\"label\">Clasificaci\u00f3n de los productos:<\/td>\n<td>1)Perfiles de aluminio en general:<br \/>\ndiversas formas de tubos y tuber\u00edas, \u00e1ngulos. Formas en T o en U, etc.<br \/>\n2)Perfiles industriales de aluminio:<br \/>\nClasificaci\u00f3n de los productos.<br \/>\nCaballete de ropa, estantes de mercanc\u00edas y bastidores, disipador de calor, recintos de cargadores armario marco, marcos de muebles, iluminaci\u00f3n LED, anuncios pantallas marco, proteger las vallas Escalera, carril de gu\u00eda, integraci\u00f3n de tuber\u00edas, etc.<br \/>\n3)Perfiles de aluminio de construcci\u00f3n:<br \/>\nPuertas y ventanas de aluminio, ventanas correderas, puertas enrollables, rieles para cortinas<\/td>\n<\/tr>\n<\/table>\n<h2>Nuestra base de fabricaci\u00f3n<\/h2>\n<h3>Panorama de la f\u00e1brica<\/h3>\n<p><img decoding=\"async\" src=\"\/wp-content\/uploads\/factory-01.webp\"\/><\/p>\n<h3>Taller de fabricaci\u00f3n de barras de aluminio<\/h3>\n<p><img decoding=\"async\" src=\"\/wp-content\/uploads\/factory-02.webp\"\/><\/p>\n<p><img decoding=\"async\" src=\"\/wp-content\/uploads\/factory-03.webp\"\/><\/p>\n<h3>Almac\u00e9n de moldes<\/h3>\n<p><img decoding=\"async\" src=\"\/wp-content\/uploads\/factory-04.webp\"\/><\/p>\n<h3>43 L\u00c3neas de extrusi\u00c3\u00b3n de aluminio (500\u00e2\u20ac\"5500 toneladas)<\/h3>\n<p><img decoding=\"async\" src=\"\/wp-content\/uploads\/factory-05.webp\"\/><\/p>\n<p><img decoding=\"async\" src=\"\/wp-content\/uploads\/factory-06.webp\"\/><\/p>\n<p><img decoding=\"async\" src=\"\/wp-content\/uploads\/factory-07.webp\"\/><\/p>\n<h3>Taller de pintura en polvo<\/h3>\n<p><img decoding=\"async\" src=\"\/wp-content\/uploads\/factory-09.webp\"\/><\/p>\n<h3>Taller de anodizado<\/h3>\n<p><img decoding=\"async\" src=\"\/wp-content\/uploads\/factory-10.webp\"\/><\/p>\n<h3>Taller de procesamiento profundo<\/h3>\n<p><img decoding=\"async\" src=\"\/wp-content\/uploads\/factory-11.webp\"\/><\/p>\n<h3>Taller de mecanizado de precisi\u00f3n CNC<\/h3>\n<p><img decoding=\"async\" src=\"\/wp-content\/uploads\/factory-11.5.webp\"\/><\/p>\n<h3>Almac\u00e9n de productos acabados y de exportaci\u00f3n<\/h3>\n<p><img decoding=\"async\" src=\"\/wp-content\/uploads\/factory-12.webp\"\/><\/p>\n<p><img decoding=\"async\" src=\"\/wp-content\/uploads\/factory-13.webp\"\/><\/p>\n<p><img decoding=\"async\" src=\"\/wp-content\/uploads\/factory-14.webp\"\/><\/p>\n<h2>PREGUNTAS FRECUENTES<\/h2>\n<p><p><b>1.\u00bfPor qu\u00e9 son rentables los pasamanos de aluminio anodizado? <\/b><\/p>\n<p>Las barandillas de aluminio anodizado ofrecen un equilibrio perfecto entre asequibilidad y durabilidad, lo que las convierte en una opci\u00f3n excelente para los compradores preocupados por el presupuesto.<br \/>\n<\/p><br \/>\n<br \/>\n<p><b>2.\u00bfEn qu\u00e9 beneficia al pasamanos el acabado anodizado? <\/b><\/p>\n<p>El acabado anodizado aumenta la resistencia del pasamanos a la corrosi\u00f3n, lo que garantiza su longevidad y lo hace apto tanto para interiores como para exteriores.<br \/>\n<\/p><br \/>\n<br \/>\n<p><b>3.\u00bfSon f\u00e1ciles de instalar las barandillas de aluminio anodizado? <\/b><\/p>\n<p>S\u00ed, las barandillas son ligeras y est\u00e1n dise\u00f1adas para facilitar su instalaci\u00f3n, ahorrando tiempo y mano de obra durante el montaje.<br \/>\n<\/p><br \/>\n<br \/>\n<p><b>4.\u00bfPuedo personalizar el tama\u00f1o o el dise\u00f1o del pasamanos de aluminio anodizado? <\/b><\/p>\n<p>S\u00ed, las barandillas de aluminio anodizado est\u00e1n disponibles en una gama de tama\u00f1os y dise\u00f1os personalizables para satisfacer los requisitos espec\u00edficos de cada proyecto.<br \/>\n<\/p><br \/>\n<br \/>\n<p><b>5.\u00bfC\u00f3mo mejora la barandilla de aluminio anodizado el aspecto de un edificio? <\/b><\/p>\n<p>El aspecto elegante y moderno del aluminio anodizado realza el valor est\u00e9tico de cualquier espacio, proporcionando un acabado profesional y contempor\u00e1neo.<br \/>\n<\/p><br \/>\n<br \/>\n<p><b>6.\u00bfQu\u00e9 mantenimiento requieren las barandillas de aluminio anodizado? <\/b><\/p>\n<p>El aluminio anodizado requiere un mantenimiento m\u00ednimo, ya que el acabado lo protege del desgaste y la corrosi\u00f3n, y s\u00f3lo requiere una limpieza ocasional.<br \/>\n<\/p><br \/>\n<br \/>\n<p><b>7.\u00bfEl aluminio anodizado es respetuoso con el medio ambiente? <\/b><\/p>\n<p>S\u00ed, el aluminio anodizado es un material reciclable, lo que lo convierte en una opci\u00f3n ecol\u00f3gica para proyectos de construcci\u00f3n y dise\u00f1o.<br \/>\n<\/p><br \/><\/p>","protected":false},"featured_media":8017,"template":"","categories":[54],"class_list":["post-8018","product","type-product","status-publish","has-post-thumbnail","hentry","category-industrial-aluminum-profiles"],"meta_box":{"hilight_text_group":{"product_hilight_text":"<ul>\r\r\n  <li>Affordable price for high-quality anodized aluminum handrails, offering excellent value for money.<\/li>\r\r\n  <li>Durable anodized finish that enhances corrosion resistance and longevity.<\/li>\r\r\n  <li>Lightweight yet strong design for easy handling and installation.<\/li>\r\r\n  <li>Customizable sizes and designs to suit various architectural styles and needs.<\/li>\r\r\n  <li>Modern and sleek appearance, improving the aesthetic appeal of any building or space.<\/li>\r\r\n  <li>Low maintenance requirements, saving on long-term upkeep costs.<\/li>\r\r\n  <li>Eco-friendly and recyclable material, contributing to sustainability efforts.<\/li>\r\r\n<\/ul>","product_chanpin_blog":"<ul>\r\r\n<li><a href=\"https:\/\/sinoextrud.com\/t-slot-v-slot-differences\/\" target=\"_blank\">t slot vs v slot<\/a><\/li>\r\r\n<li><a href=\"https:\/\/sinoextrud.com\/what-is-4040-aluminium-extrud\/\" target=\"_blank\">4040 aluminium extrusion<\/a><\/li>\r\r\n<li><a href=\"https:\/\/sinoextrud.com\/what-is-4040-aluminium-extrud\/\" target=\"_blank\">aluminum extrusions for industrial racks<\/a><\/li>\r\r\n<li><a href=\"https:\/\/sinoextrud.com\/powder-coating-aluminium-process\/\" target=\"_blank\">powder coating aluminium<\/a><\/li>\r\r\n<li><a href=\"https:\/\/sinoextrud.com\/what-is-an-aluminium-strip-ceiling\/\" target=\"_blank\">aluminium strip ceiling<\/a><\/li>\r\r\n<li><a href=\"https:\/\/sinoextrud.com\/what-is-a-heat-sink\/\" target=\"_blank\">what is a heat sink<\/a><\/li>\r\r\n<\/ul>","product_chanpin_chanpin":"<li><a href=\"https:\/\/sinoextrud.com\/product\/customized-industrial-aluminum-profile\/\" target=\"_blank\">Customized Industrial Aluminum Profile<\/a><\/li>\r\n<li><a href=\"https:\/\/sinoextrud.com\/product\/structural-aluminium-extrusions\/\" target=\"_blank\">Structural Aluminium Extrusions<\/a><\/li>\r\n<li><a href=\"https:\/\/sinoextrud.com\/product\/powder-coated-and-anodized-aluminium-profile-for-electric-frame-motor-housing-and-aluminum-enclosure\/\" target=\"_blank\">Powder coated and Anodized aluminium profile for electric frame motor housing and aluminum enclosure<\/a><\/li>\r\n<li><a href=\"https:\/\/sinoextrud.com\/product\/customized-powder-coated-anodized-aluminium-extrusion-profile-roller-shutter-supplier\/\" target=\"_blank\">Customized Powder Coated Anodized Aluminium Extrusion Profile Roller Shutter Supplier<\/a><\/li>\r\n<li><a href=\"https:\/\/sinoextrud.com\/product\/design-of-anodized-aluminum-handrail-price\/\" target=\"_blank\">design of anodized aluminum handrail price<\/a><\/li>\r\n<li><a href=\"https:\/\/sinoextrud.com\/product\/standard-extruded-aluminum-shapes\/\" target=\"_blank\">Standard Extruded Aluminum Shapes<\/a><\/li>\r\n<li><a href=\"https:\/\/sinoextrud.com\/product\/t-slot-industrial-extruded-aluminum-profile\/\" target=\"_blank\">T-slot Industrial Extruded Aluminum Profile<\/a><\/li>\r\n<li><a href=\"https:\/\/sinoextrud.com\/product\/extruded-aluminum-channel\/\" target=\"_blank\">Extruded Aluminum Channel<\/a><\/li>\r\n<li><a href=\"https:\/\/sinoextrud.com\/product\/made-extrusion-square-tube-aluminium-profiles-in-stock\/\" target=\"_blank\">Made Extrusion Square Tube Aluminium Profiles in Stock<\/a><\/li>\r\n<li><a href=\"https:\/\/sinoextrud.com\/product\/aluminum-t-slot-channel\/\" target=\"_blank\">Aluminum T Slot Channel<\/a><\/li>\r\n<li><a href=\"https:\/\/sinoextrud.com\/product\/aluminum-extrusion-profile-for-clean-room\/\" target=\"_blank\">Aluminum Extrusion Profile For Clean Room<\/a><\/li>"},"feature_list":[]},"_links":{"self":[{"href":"https:\/\/sinoextrud.com\/es\/wp-json\/wp\/v2\/product\/8018","targetHints":{"allow":["GET"]}}],"collection":[{"href":"https:\/\/sinoextrud.com\/es\/wp-json\/wp\/v2\/product"}],"about":[{"href":"https:\/\/sinoextrud.com\/es\/wp-json\/wp\/v2\/types\/product"}],"wp:featuredmedia":[{"embeddable":true,"href":"https:\/\/sinoextrud.com\/es\/wp-json\/wp\/v2\/media\/8017"}],"wp:attachment":[{"href":"https:\/\/sinoextrud.com\/es\/wp-json\/wp\/v2\/media?parent=8018"}],"wp:term":[{"taxonomy":"category","embeddable":true,"href":"https:\/\/sinoextrud.com\/es\/wp-json\/wp\/v2\/categories?post=8018"}],"curies":[{"name":"wp","href":"https:\/\/api.w.org\/{rel}","templated":true}]}}