{"id":8006,"date":"2025-06-12T02:40:07","date_gmt":"2025-06-12T02:40:07","guid":{"rendered":"https:\/\/sinoextrud.com\/product\/customized-extruded-aluminum-trailer-flooring\/"},"modified":"2025-06-24T06:22:50","modified_gmt":"2025-06-24T06:22:50","slug":"suelo-de-aluminio-extruido-a-medida-para-remolques","status":"publish","type":"product","link":"https:\/\/sinoextrud.com\/es\/product\/customized-extruded-aluminum-trailer-flooring\/","title":{"rendered":"Suelos de aluminio extruido a medida para remolques"},"content":{"rendered":"<h2>Productos<\/h2>\n<table class=\"custom-table\">\n<tbody>\n<tr>\n<td> Nombre del producto<\/td>\n<td> tarima de aluminio para remolques, suelos de aluminio para remolques,Suelos de aluminio extruido a medida para remolques<\/td>\n<\/tr>\n<tr>\n<td> Material<\/td>\n<td> 6063, 6005, 6061, 6082<\/td>\n<\/tr>\n<tr>\n<td> Color<\/td>\n<td> Fresado, plateado, pulido o personalizado<\/td>\n<\/tr>\n<tr>\n<td> Temple<\/td>\n<td> T5 Y T6.<\/td>\n<\/tr>\n<tr>\n<td> Longitud<\/td>\n<td> Se puede ofrecer una superficie de corte personalizada y precisa<\/td>\n<\/tr>\n<tr>\n<td> MOQ<\/td>\n<td> Puede ser negociable para la orden de ensayo, generalmente 200KG<\/td>\n<\/tr>\n<tr>\n<td> Aplicaci\u00f3n<\/td>\n<td> Cami\u00f3n, contenedor, remolque<\/td>\n<\/tr>\n<tr>\n<td> Embalaje<\/td>\n<td> Envuelto en film nacarado, envuelto en papel de estraza. O personalizar<\/td>\n<\/tr>\n<\/tbody>\n<\/table>\n<h2>Nuestra base de fabricaci\u00f3n<\/h2>\n<h3>Panorama de la f\u00e1brica<\/h3>\n<p><img decoding=\"async\" src=\"\/wp-content\/uploads\/factory-01.webp\"\/><\/p>\n<h3>Taller de fabricaci\u00f3n de barras de aluminio<\/h3>\n<p><img decoding=\"async\" src=\"\/wp-content\/uploads\/factory-02.webp\"\/><\/p>\n<\/p>\n<p><img decoding=\"async\" src=\"\/wp-content\/uploads\/factory-03.webp\"\/><\/p>\n<h3>Almac\u00e9n de moldes<\/h3>\n<p><img decoding=\"async\" src=\"\/wp-content\/uploads\/factory-04.webp\"\/><\/p>\n<h3>43 L\u00c3neas de extrusi\u00c3\u00b3n de aluminio (500\u00e2\u20ac\"5500 toneladas)<\/h3>\n<p><img decoding=\"async\" src=\"\/wp-content\/uploads\/factory-05.webp\"\/><\/p>\n<p><img decoding=\"async\" src=\"\/wp-content\/uploads\/factory-06.webp\"\/><\/p>\n<p><img decoding=\"async\" src=\"\/wp-content\/uploads\/factory-07.webp\"\/><\/p>\n<h3>Taller de pintura en polvo<\/h3>\n<p><img decoding=\"async\" src=\"\/wp-content\/uploads\/factory-09.webp\"\/><\/p>\n<h3>Taller de anodizado<\/h3>\n<p><img decoding=\"async\" src=\"\/wp-content\/uploads\/factory-10.webp\"\/><\/p>\n<h3>Taller de procesamiento profundo<\/h3>\n<p><img decoding=\"async\" src=\"\/wp-content\/uploads\/factory-11.webp\"\/><\/p>\n<h3>Taller de mecanizado de precisi\u00f3n CNC<\/h3>\n<p><img decoding=\"async\" src=\"\/wp-content\/uploads\/factory-11.5.webp\"\/><\/p>\n<h3>Almac\u00e9n de productos acabados y de exportaci\u00f3n<\/h3>\n<p><img decoding=\"async\" src=\"\/wp-content\/uploads\/factory-12.webp\"\/><\/p>\n<p><img decoding=\"async\" src=\"\/wp-content\/uploads\/factory-13.webp\"\/><\/p>\n<p><img decoding=\"async\" src=\"\/wp-content\/uploads\/factory-14.webp\"\/><\/p>\n<h2>PREGUNTAS FRECUENTES<\/h2>\n<p><b>1. \u00bfPara qu\u00e9 se utilizan los suelos de aluminio extruido personalizados para remolques?<\/b><\/p>\n<p>Los suelos de aluminio extruido personalizados para remolques se utilizan para crear soluciones de suelos resistentes, duraderos y ligeros en remolques, mejorando la capacidad de carga y la seguridad.\n<\/p>\n<p><\/p>\n<p><b>2.\u00bfPor qu\u00e9 se utiliza el aluminio para los suelos de los remolques?<\/b><\/p>\n<p>El aluminio es ligero, duradero y resistente a la corrosi\u00f3n, por lo que resulta ideal para suelos de remolques que deban soportar cargas pesadas y, al mismo tiempo, ser resistentes al desgaste y a los da\u00f1os ambientales.\n<\/p>\n<p><\/p>\n<p><b>3. \u00bfSe pueden personalizar los pisos de aluminio extruido para remolques?<\/b><\/p>\n<p>S\u00ed, estos suelos pueden personalizarse en cuanto a tama\u00f1o, perfil y dise\u00f1o para adaptarse a las dimensiones espec\u00edficas del remolque y a las necesidades de carga.\n<\/p>\n<p><\/p>\n<p><b>4. \u00bfC\u00f3mo mejora la seguridad la superficie antideslizante de los suelos de aluminio para remolques?<\/b><\/p>\n<p>La superficie antideslizante proporciona una mejor tracci\u00f3n, reduciendo el riesgo de resbalones o accidentes durante las operaciones de carga y descarga, garantizando la seguridad de los trabajadores y de la carga.\n<\/p>\n<p><\/p>\n<p><b>5. \u00bfSon rentables los pisos de aluminio extruido personalizados para remolques?<\/b><\/p>\n<p>S\u00ed, estos suelos de aluminio son rentables, ya que ofrecen una larga durabilidad, reducen los costes de mantenimiento y prolongan la vida \u00fatil del suelo del remolque.\n<\/p>\n<p><\/p>\n<p><b>6. \u00bfEs f\u00e1cil instalar el suelo de aluminio personalizado para remolques?<\/b><\/p>\n<p>La instalaci\u00f3n es sencilla, ya que estas extrusiones est\u00e1n dise\u00f1adas para una f\u00e1cil integraci\u00f3n, lo que reduce el tiempo de instalaci\u00f3n y los costes de mano de obra.\n<\/p>\n<p><\/p>\n<p><b>7. \u00bfQu\u00e9 industrias se benefician de los suelos de aluminio extruido a medida para remolques?<\/b><\/p>\n<p>Industrias como la log\u00edstica, el transporte y la construcci\u00f3n se benefician de estos suelos a medida para sus remolques, ya que proporcionan soluciones de pavimentaci\u00f3n fiables, seguras y ligeras.\n<\/p>\n<p><\/p>","protected":false},"featured_media":8005,"template":"","categories":[54],"class_list":["post-8006","product","type-product","status-publish","has-post-thumbnail","hentry","category-industrial-aluminum-profiles"],"meta_box":{"hilight_text_group":{"product_hilight_text":"<li>Durable and corrosion-resistant aluminum construction, perfect for trailer flooring applications.<\/li>\r\r\n<li>Customizable dimensions and profiles to fit various trailer designs and loading requirements.<\/li>\r\r\n<li>Lightweight yet strong, providing excellent load-bearing capacity while reducing vehicle weight.<\/li>\r\r\n<li>Non-slip surface design ensures enhanced safety during loading and unloading operations.<\/li>\r\r\n<li>Easy to install and maintain, minimizing downtime and reducing operational costs.<\/li>","product_chanpin_blog":"<ul>\r\r\n<li><a href=\"https:\/\/sinoextrud.com\/t-slot-v-slot-differences\/\" target=\"_blank\">t slot vs v slot<\/a><\/li>\r\r\n<li><a href=\"https:\/\/sinoextrud.com\/what-is-4040-aluminium-extrud\/\" target=\"_blank\">4040 aluminium extrusion<\/a><\/li>\r\r\n<li><a href=\"https:\/\/sinoextrud.com\/what-is-4040-aluminium-extrud\/\" target=\"_blank\">aluminum extrusions for industrial racks<\/a><\/li>\r\r\n<li><a href=\"https:\/\/sinoextrud.com\/powder-coating-aluminium-process\/\" target=\"_blank\">powder coating aluminium<\/a><\/li>\r\r\n<li><a href=\"https:\/\/sinoextrud.com\/what-is-an-aluminium-strip-ceiling\/\" target=\"_blank\">aluminium strip ceiling<\/a><\/li>\r\r\n<li><a href=\"https:\/\/sinoextrud.com\/what-is-a-heat-sink\/\" target=\"_blank\">what is a heat sink<\/a><\/li>\r\r\n<\/ul>","product_chanpin_chanpin":"<li><a href=\"https:\/\/sinoextrud.com\/product\/custom-extra-large-industrial-equipment-aluminum-profile\/\" target=\"_blank\">Custom Extra Large Industrial Equipment Aluminum Profile<\/a><\/li>\r\n<li><a href=\"https:\/\/sinoextrud.com\/product\/custom-extruded-aluminum-shapes-sunflower-heat-sink\/\" target=\"_blank\">Custom Extruded Aluminum Shapes Sunflower Heat Sink<\/a><\/li>\r\n<li><a href=\"https:\/\/sinoextrud.com\/product\/custom-industrial-aluminum-profiles\/\" target=\"_blank\">Custom Industrial Aluminum Profiles<\/a><\/li>\r\n<li><a href=\"https:\/\/sinoextrud.com\/product\/custom-industrial-extruded-aluminum-alloy\/\" target=\"_blank\">Custom Industrial Extruded Aluminum Alloy<\/a><\/li>\r\n<li><a href=\"https:\/\/sinoextrud.com\/product\/customized-extruded-aluminum-trailer-flooring\/\" target=\"_blank\">Customized Extruded Aluminum Trailer Flooring<\/a><\/li>\r\n<li><a href=\"https:\/\/sinoextrud.com\/product\/easy-assembly-bi-slotted-production-line-anodized-aluminium-t-slot-extrusion\/\" target=\"_blank\">Easy Assembly Bi-Slotted Production Line Anodized Aluminium T Slot Extrusion<\/a><\/li>\r\n<li><a href=\"https:\/\/sinoextrud.com\/product\/customized-industrial-aluminum-profile\/\" target=\"_blank\">Customized Industrial Aluminum Profile<\/a><\/li>\r\n<li><a href=\"https:\/\/sinoextrud.com\/product\/structural-aluminium-extrusions\/\" target=\"_blank\">Structural Aluminium Extrusions<\/a><\/li>\r\n<li><a href=\"https:\/\/sinoextrud.com\/product\/powder-coated-and-anodized-aluminium-profile-for-electric-frame-motor-housing-and-aluminum-enclosure\/\" target=\"_blank\">Powder coated and Anodized aluminium profile for electric frame motor housing and aluminum enclosure<\/a><\/li>\r\n<li><a href=\"https:\/\/sinoextrud.com\/product\/aluminum-extrusions-for-wall-panels-u-shape\/\" target=\"_blank\">Aluminum Extrusions For Wall Panels U Shape<\/a><\/li>\r\n<li><a href=\"https:\/\/sinoextrud.com\/product\/extruded-aluminum-structural-framing\/\" target=\"_blank\">Extruded Aluminum Structural Framing<\/a><\/li>"},"feature_list":[]},"_links":{"self":[{"href":"https:\/\/sinoextrud.com\/es\/wp-json\/wp\/v2\/product\/8006","targetHints":{"allow":["GET"]}}],"collection":[{"href":"https:\/\/sinoextrud.com\/es\/wp-json\/wp\/v2\/product"}],"about":[{"href":"https:\/\/sinoextrud.com\/es\/wp-json\/wp\/v2\/types\/product"}],"wp:featuredmedia":[{"embeddable":true,"href":"https:\/\/sinoextrud.com\/es\/wp-json\/wp\/v2\/media\/8005"}],"wp:attachment":[{"href":"https:\/\/sinoextrud.com\/es\/wp-json\/wp\/v2\/media?parent=8006"}],"wp:term":[{"taxonomy":"category","embeddable":true,"href":"https:\/\/sinoextrud.com\/es\/wp-json\/wp\/v2\/categories?post=8006"}],"curies":[{"name":"wp","href":"https:\/\/api.w.org\/{rel}","templated":true}]}}