{"id":8000,"date":"2025-06-12T02:34:03","date_gmt":"2025-06-12T02:34:03","guid":{"rendered":"https:\/\/sinoextrud.com\/product\/custom-extruded-aluminum-shapes-sunflower-heat-sink\/"},"modified":"2025-06-24T06:22:47","modified_gmt":"2025-06-24T06:22:47","slug":"formas-personalizadas-de-aluminio-extruido-girasol-disipador-de-calor","status":"publish","type":"product","link":"https:\/\/sinoextrud.com\/es\/product\/custom-extruded-aluminum-shapes-sunflower-heat-sink\/","title":{"rendered":"Disipador de calor de girasol con formas de aluminio extruido a medida"},"content":{"rendered":"<h2>Productos<\/h2>\n<table class=\"custom-table\">\n<tbody>\n<tr>\n<td> Nombre del producto<\/td>\n<td> Disipador de calor de girasol con formas de aluminio extruido a medida<\/td>\n<\/tr>\n<tr>\n<td> Aleaci\u00f3n de aluminio<\/td>\n<td> 6063-T5, 6061-T5, personalizaci\u00f3n<\/td>\n<\/tr>\n<tr>\n<td> Talla<\/td>\n<td> Seg\u00fan CAD del cliente<\/td>\n<\/tr>\n<tr>\n<td> Aplicaci\u00f3n<\/td>\n<td> Muchos campos de negocio utilizan para dispersar el calor<\/td>\n<\/tr>\n<tr>\n<td> Marca<\/td>\n<td> Sinoextrud \/ Sinoextrud \/ Sinoextrud Aluminio<\/td>\n<\/tr>\n<tr>\n<td> Origen<\/td>\n<td> Foshan, China<\/td>\n<\/tr>\n<\/tbody>\n<\/table>\n<h2>Nuestra base de fabricaci\u00f3n<\/h2>\n<h3>Panorama de la f\u00e1brica<\/h3>\n<p><img decoding=\"async\" src=\"\/wp-content\/uploads\/factory-01.webp\"\/><\/p>\n<h3>Taller de fabricaci\u00f3n de barras de aluminio<\/h3>\n<p><img decoding=\"async\" src=\"\/wp-content\/uploads\/factory-02.webp\"\/><\/p>\n<p><img decoding=\"async\" src=\"\/wp-content\/uploads\/factory-03.webp\"\/><\/p>\n<h3>Almac\u00e9n de moldes<\/h3>\n<p><img decoding=\"async\" src=\"\/wp-content\/uploads\/factory-04.webp\"\/><\/p>\n<h3>43 L\u00c3neas de extrusi\u00c3\u00b3n de aluminio (500\u00e2\u20ac\"5500 toneladas)<\/h3>\n<p><img decoding=\"async\" src=\"\/wp-content\/uploads\/factory-05.webp\"\/><\/p>\n<p><img decoding=\"async\" src=\"\/wp-content\/uploads\/factory-06.webp\"\/><\/p>\n<p><img decoding=\"async\" src=\"\/wp-content\/uploads\/factory-07.webp\"\/><\/p>\n<h3>Taller de pintura en polvo<\/h3>\n<p><img decoding=\"async\" src=\"\/wp-content\/uploads\/factory-09.webp\"\/><\/p>\n<h3>Taller de anodizado<\/h3>\n<p><img decoding=\"async\" src=\"\/wp-content\/uploads\/factory-10.webp\"\/><\/p>\n<h3>Taller de procesamiento profundo<\/h3>\n<p><img decoding=\"async\" src=\"\/wp-content\/uploads\/factory-11.webp\"\/><\/p>\n<h3>Taller de mecanizado de precisi\u00f3n CNC<\/h3>\n<p><img decoding=\"async\" src=\"\/wp-content\/uploads\/factory-11.5.webp\"\/><\/p>\n<h3>Almac\u00e9n de productos acabados y de exportaci\u00f3n<\/h3>\n<p><img decoding=\"async\" src=\"\/wp-content\/uploads\/factory-12.webp\"\/><\/p>\n<p><img decoding=\"async\" src=\"\/wp-content\/uploads\/factory-13.webp\"\/><\/p>\n<p><img decoding=\"async\" src=\"\/wp-content\/uploads\/factory-14.webp\"\/><\/p>\n<h2>PREGUNTAS FRECUENTES<\/h2>\n<p><p><b>1.\u00bfQu\u00e9 hace que el disipador de calor de girasol con formas de aluminio extruido a medida sea eficaz para la refrigeraci\u00f3n? <\/b><\/p>\n<p> El dise\u00f1o de girasol maximiza la superficie, mejorando la disipaci\u00f3n del calor para una gesti\u00f3n t\u00e9rmica eficaz en los dispositivos electr\u00f3nicos.<br \/>\n<\/p><br \/>\n<br \/>\n<p><b>2.\u00bfSe puede personalizar el disipador de calor de aluminio extruido con forma de girasol? <\/b><\/p>\n<p> S\u00ed, estos disipadores pueden personalizarse en tama\u00f1o, forma y dise\u00f1o para satisfacer las necesidades de refrigeraci\u00f3n espec\u00edficas de diversas aplicaciones.<br \/>\n<\/p><br \/>\n<br \/>\n<p><b>3. \u00bfCu\u00e1l es la durabilidad de los disipadores de calor de girasol de aluminio extruido a medida? <\/b><\/p>\n<p> Son muy duraderas gracias a las propiedades anticorrosi\u00f3n del aluminio, lo que garantiza su uso a largo plazo incluso en entornos exigentes.<br \/>\n<\/p><br \/>\n<br \/>\n<p><b>4.\u00bfQu\u00e9 aplicaciones se benefician del disipador de calor de girasol con formas de aluminio extruido a medida? <\/b><\/p>\n<p> Estos disipadores de calor son ideales para dispositivos electr\u00f3nicos, iluminaci\u00f3n LED, fuentes de alimentaci\u00f3n y otros equipos que requieren una gesti\u00f3n eficaz del calor.<br \/>\n<\/p><br \/>\n<br \/>\n<p><b>5.\u00bfEs f\u00e1cil de instalar el disipador de calor girasol con formas de aluminio extruido a medida? <\/b><\/p>\n<p> S\u00ed, el disipador de calor est\u00e1 dise\u00f1ado para facilitar la instalaci\u00f3n, lo que ayuda a reducir el tiempo de montaje y los costes operativos.<br \/>\n<\/p><br \/>\n<br \/>\n<p><b>6.\u00bfC\u00f3mo mejora el dise\u00f1o del girasol el proceso de disipaci\u00f3n del calor? <\/b><\/p>\n<p> La forma de girasol aumenta la superficie, lo que permite un mejor flujo de aire y una refrigeraci\u00f3n m\u00e1s eficaz de los componentes electr\u00f3nicos.<br \/>\n<\/p><br \/>\n<br \/>\n<p><b>7.\u00bfEs el disipador de calor de girasol con formas de aluminio extruido a medida respetuoso con el medio ambiente? <\/b><\/p>\n<p> S\u00ed, el aluminio es un material reciclable, por lo que el disipador de calor es una opci\u00f3n ecol\u00f3gica para las soluciones de refrigeraci\u00f3n.<br \/>\n<\/p><br \/><\/p>","protected":false},"featured_media":7999,"template":"","categories":[54],"class_list":["post-8000","product","type-product","status-publish","has-post-thumbnail","hentry","category-industrial-aluminum-profiles"],"meta_box":{"hilight_text_group":{"product_hilight_text":"<ul>\r\r\n  <li>Custom extruded aluminum shapes for efficient heat dissipation in various applications<\/li>\r\r\n  <li>Sunflower design maximizes surface area for superior thermal performance<\/li>\r\r\n  <li>Corrosion-resistant aluminum material ensures durability and long lifespan<\/li>\r\r\n  <li>Lightweight yet highly effective in cooling electronic components<\/li>\r\r\n  <li>Customizable sizes and designs to meet specific cooling requirements<\/li>\r\r\n  <li>Easy to install and maintain, reducing overall operational costs<\/li>\r\r\n  <li>Environmentally friendly, fully recyclable material<\/li>\r\r\n<\/ul>","product_chanpin_blog":"<ul>\r\r\n<li><a href=\"https:\/\/sinoextrud.com\/t-slot-v-slot-differences\/\" target=\"_blank\">t slot vs v slot<\/a><\/li>\r\r\n<li><a href=\"https:\/\/sinoextrud.com\/what-is-4040-aluminium-extrud\/\" target=\"_blank\">4040 aluminium extrusion<\/a><\/li>\r\r\n<li><a href=\"https:\/\/sinoextrud.com\/what-is-4040-aluminium-extrud\/\" target=\"_blank\">aluminum extrusions for industrial racks<\/a><\/li>\r\r\n<li><a href=\"https:\/\/sinoextrud.com\/powder-coating-aluminium-process\/\" target=\"_blank\">powder coating aluminium<\/a><\/li>\r\r\n<li><a href=\"https:\/\/sinoextrud.com\/what-is-an-aluminium-strip-ceiling\/\" target=\"_blank\">aluminium strip ceiling<\/a><\/li>\r\r\n<li><a href=\"https:\/\/sinoextrud.com\/what-is-a-heat-sink\/\" target=\"_blank\">what is a heat sink<\/a><\/li>\r\r\n<\/ul>","product_chanpin_chanpin":"<li><a href=\"https:\/\/sinoextrud.com\/product\/hard-anodized-aluminum-profile\/\" target=\"_blank\">Hard Anodized Aluminum Profile<\/a><\/li>\r\n<li><a href=\"https:\/\/sinoextrud.com\/product\/cutting-extruded-aluminum-for-led\/\" target=\"_blank\">Cutting Extruded Aluminum For LED<\/a><\/li>\r\n<li><a href=\"https:\/\/sinoextrud.com\/product\/custom-decorative-hollow-alloy-rectangular-square-aluminum-tube-sizes\/\" target=\"_blank\">Custom Decorative Hollow Alloy Rectangular Square Aluminum Tube Sizes<\/a><\/li>\r\n<li><a href=\"https:\/\/sinoextrud.com\/product\/custom-extra-large-industrial-equipment-aluminum-profile\/\" target=\"_blank\">Custom Extra Large Industrial Equipment Aluminum Profile<\/a><\/li>\r\n<li><a href=\"https:\/\/sinoextrud.com\/product\/custom-extruded-aluminum-shapes-sunflower-heat-sink\/\" target=\"_blank\">Custom Extruded Aluminum Shapes Sunflower Heat Sink<\/a><\/li>\r\n<li><a href=\"https:\/\/sinoextrud.com\/product\/custom-industrial-aluminum-profiles\/\" target=\"_blank\">Custom Industrial Aluminum Profiles<\/a><\/li>\r\n<li><a href=\"https:\/\/sinoextrud.com\/product\/custom-industrial-extruded-aluminum-alloy\/\" target=\"_blank\">Custom Industrial Extruded Aluminum Alloy<\/a><\/li>\r\n<li><a href=\"https:\/\/sinoextrud.com\/product\/customized-extruded-aluminum-trailer-flooring\/\" target=\"_blank\">Customized Extruded Aluminum Trailer Flooring<\/a><\/li>\r\n<li><a href=\"https:\/\/sinoextrud.com\/product\/easy-assembly-bi-slotted-production-line-anodized-aluminium-t-slot-extrusion\/\" target=\"_blank\">Easy Assembly Bi-Slotted Production Line Anodized Aluminium T Slot Extrusion<\/a><\/li>\r\n<li><a href=\"https:\/\/sinoextrud.com\/product\/extruded-aluminum-framing\/\" target=\"_blank\">Extruded Aluminum Framing<\/a><\/li>\r\n<li><a href=\"https:\/\/sinoextrud.com\/product\/anodizing-aluminum-picture-photo-frame-brushed-aluminium-frame-for-home-decoration\/\" target=\"_blank\">Anodizing Aluminum Picture Photo Frame Brushed Aluminium Frame For Home Decoration<\/a><\/li>"},"feature_list":[]},"_links":{"self":[{"href":"https:\/\/sinoextrud.com\/es\/wp-json\/wp\/v2\/product\/8000","targetHints":{"allow":["GET"]}}],"collection":[{"href":"https:\/\/sinoextrud.com\/es\/wp-json\/wp\/v2\/product"}],"about":[{"href":"https:\/\/sinoextrud.com\/es\/wp-json\/wp\/v2\/types\/product"}],"wp:featuredmedia":[{"embeddable":true,"href":"https:\/\/sinoextrud.com\/es\/wp-json\/wp\/v2\/media\/7999"}],"wp:attachment":[{"href":"https:\/\/sinoextrud.com\/es\/wp-json\/wp\/v2\/media?parent=8000"}],"wp:term":[{"taxonomy":"category","embeddable":true,"href":"https:\/\/sinoextrud.com\/es\/wp-json\/wp\/v2\/categories?post=8000"}],"curies":[{"name":"wp","href":"https:\/\/api.w.org\/{rel}","templated":true}]}}