{"id":7998,"date":"2025-06-12T02:32:32","date_gmt":"2025-06-12T02:32:32","guid":{"rendered":"https:\/\/sinoextrud.com\/product\/custom-extra-large-industrial-equipment-aluminum-profile\/"},"modified":"2025-06-24T06:22:47","modified_gmt":"2025-06-24T06:22:47","slug":"perfil-de-aluminio-para-equipamiento-industrial-extragrande-personalizado","status":"publish","type":"product","link":"https:\/\/sinoextrud.com\/es\/product\/custom-extra-large-industrial-equipment-aluminum-profile\/","title":{"rendered":"Perfil de aluminio a medida extragrande para equipos industriales"},"content":{"rendered":"<h2>Productos<\/h2>\n<table class=\"custom-table\">\n<tr>\n<td class=\"label\">Art\u00edculo<\/td>\n<td>perfil de aluminio para equipamiento industrial extragrande personalizado<\/td>\n<\/tr>\n<tr>\n<td class=\"label\">Material<\/td>\n<td>Aleaci\u00f3n de aluminio de alta calidad (por ejemplo, 6061, 6063)<\/td>\n<\/tr>\n<tr>\n<td class=\"label\">Tipo de perfil<\/td>\n<td>Perfil de aluminio extragrande a medida<\/td>\n<\/tr>\n<tr>\n<td class=\"label\">Longitud est\u00e1ndar<\/td>\n<td>Hasta 9 metros (longitudes personalizadas disponibles)<\/td>\n<\/tr>\n<tr>\n<td class=\"label\">Anchura<\/td>\n<td>De 50 mm a 500 mm (anchuras personalizadas disponibles)<\/td>\n<\/tr>\n<tr>\n<td class=\"label\">Altura<\/td>\n<td>De 50 mm a 500 mm (alturas personalizadas disponibles)<\/td>\n<\/tr>\n<tr>\n<td class=\"label\">Espesor<\/td>\n<td>De 2 mm a 10 mm (grosor personalizado disponible)<\/td>\n<\/tr>\n<tr>\n<td class=\"label\">Peso<\/td>\n<td>Var\u00eda en funci\u00f3n de las dimensiones y el dise\u00f1o<\/td>\n<\/tr>\n<tr>\n<td class=\"label\">Opciones de acabado superficial<\/td>\n<td>Anodizado, pintura en polvo, electroforesis, grano de madera, cepillado, pulido<\/td>\n<\/tr>\n<tr>\n<td class=\"label\">Tolerancia<\/td>\n<td>\u00b10,1 mm (tolerancias personalizadas disponibles)<\/td>\n<\/tr>\n<tr>\n<td class=\"label\">Mecanizado CNC<\/td>\n<td>Disponible para corte de precisi\u00f3n, taladrado y fresado<\/td>\n<\/tr>\n<tr>\n<td class=\"label\">Resistencia a la corrosi\u00f3n<\/td>\n<td>Excelente (propiedad natural del aluminio)<\/td>\n<\/tr>\n<tr>\n<td class=\"label\">Capacidad de carga<\/td>\n<td>Var\u00eda en funci\u00f3n del dise\u00f1o y las dimensiones del perfil<\/td>\n<\/tr>\n<tr>\n<td class=\"label\">Aplicaciones<\/td>\n<td>Maquinaria pesada; Sistemas de estanter\u00edas industriales; Equipos de transporte; Equipos de fabricaci\u00f3n<\/td>\n<\/tr>\n<tr>\n<td class=\"label\">Certificaciones<\/td>\n<td>ISO 9001, RoHS y otras certificaciones pertinentes<\/td>\n<\/tr>\n<tr>\n<td class=\"label\">Plazos de entrega<\/td>\n<td>Normalmente de 2 a 4 semanas (dependiendo de la personalizaci\u00f3n y del volumen del pedido)<\/td>\n<\/tr>\n<tr>\n<td class=\"label\">Cantidad m\u00ednima de pedido (MOQ)<\/td>\n<td>200 kg o seg\u00fan lo acordado<\/td>\n<\/tr>\n<tr>\n<td class=\"label\">Opciones de personalizaci\u00f3n<\/td>\n<td>Disponible para dimensiones, acabados superficiales y mecanizado<\/td>\n<\/tr>\n<tr>\n<td class=\"label\">Control de calidad<\/td>\n<td>Inspecciones rigurosas en cada fase de producci\u00f3n<\/td>\n<\/tr>\n<tr>\n<td class=\"label\">Atenci\u00f3n al cliente<\/td>\n<td>Asistencia t\u00e9cnica y asesoramiento<\/td>\n<\/tr>\n<\/table>\n<h2>Nuestra base de fabricaci\u00f3n<\/h2>\n<h3>Panorama de la f\u00e1brica<\/h3>\n<p><img decoding=\"async\" src=\"\/wp-content\/uploads\/factory-01.webp\"\/><\/p>\n<h3>Taller de fabricaci\u00f3n de barras de aluminio<\/h3>\n<p><img decoding=\"async\" src=\"\/wp-content\/uploads\/factory-02.webp\"\/><\/p>\n<\/p>\n<p><img decoding=\"async\" src=\"\/wp-content\/uploads\/factory-03.webp\"\/><\/p>\n<h3>Almac\u00e9n de moldes<\/h3>\n<p><img decoding=\"async\" src=\"\/wp-content\/uploads\/factory-04.webp\"\/><\/p>\n<h3>43 l\u00edneas de extrusi\u00f3n de aluminio (500-5500 toneladas)<\/h3>\n<p><img decoding=\"async\" src=\"\/wp-content\/uploads\/factory-05.webp\"\/><\/p>\n<p><img decoding=\"async\" src=\"\/wp-content\/uploads\/factory-06.webp\"\/><\/p>\n<p><img decoding=\"async\" src=\"\/wp-content\/uploads\/factory-07.webp\"\/><\/p>\n<h3>Taller de pintura en polvo<\/h3>\n<p><img decoding=\"async\" src=\"\/wp-content\/uploads\/factory-09.webp\"\/><\/p>\n<h3>Taller de anodizado<\/h3>\n<p><img decoding=\"async\" src=\"\/wp-content\/uploads\/factory-10.webp\"\/><\/p>\n<h3>Taller de procesamiento profundo<\/h3>\n<p><img decoding=\"async\" src=\"\/wp-content\/uploads\/factory-11.webp\"\/><\/p>\n<h3>Taller de mecanizado de precisi\u00f3n CNC<\/h3>\n<p><img decoding=\"async\" src=\"\/wp-content\/uploads\/factory-11.5.webp\"\/><\/p>\n<h3>Almac\u00e9n de productos acabados y de exportaci\u00f3n<\/h3>\n<p><img decoding=\"async\" src=\"\/wp-content\/uploads\/factory-12.webp\"\/><\/p>\n<p><img decoding=\"async\" src=\"\/wp-content\/uploads\/factory-13.webp\"\/><\/p>\n<p><img decoding=\"async\" src=\"\/wp-content\/uploads\/factory-14.webp\"\/><\/p>\n<h2>PREGUNTAS FRECUENTES<\/h2>\n<p><b>1.\u00bfCu\u00e1les son las ventajas de utilizar perfiles de aluminio a medida para equipos industriales extra grandes? <\/b><\/p>\n<p> Estos perfiles ofrecen gran solidez, resistencia a la corrosi\u00f3n y son ligeros, por lo que resultan ideales para aplicaciones industriales pesadas.\n<\/p>\n<p><\/p>\n<p><b>2.\u00bfSe pueden personalizar los perfiles de aluminio para equipos industriales extra grandes? <\/b><\/p>\n<p> S\u00ed, pueden personalizarse en tama\u00f1o, forma y dise\u00f1o para adaptarse a las necesidades espec\u00edficas de los equipos industriales.\n<\/p>\n<p><\/p>\n<p><b>3.\u00bfQu\u00e9 durabilidad tienen los perfiles de aluminio a medida para equipos industriales extra grandes? <\/b><\/p>\n<p> Son muy duraderas, fabricadas en aluminio resistente a la corrosi\u00f3n, lo que garantiza un rendimiento a largo plazo incluso en entornos dif\u00edciles.\n<\/p>\n<p><\/p>\n<p><b>4.\u00bfQu\u00e9 industrias se benefician de los perfiles de aluminio a medida para equipos industriales extra grandes? <\/b><\/p>\n<p> Estos perfiles son perfectos para industrias como la fabricaci\u00f3n, la construcci\u00f3n y la maquinaria pesada, donde se requieren componentes grandes y robustos.\n<\/p>\n<p><\/p>\n<p><b>5.\u00bfSon f\u00e1ciles de mantener los perfiles de aluminio a medida para equipos industriales extra grandes? <\/b><\/p>\n<p> S\u00ed, son f\u00e1ciles de mantener gracias a su dise\u00f1o ligero y al hecho de que se pueden montar y desmontar r\u00e1pidamente.\n<\/p>\n<p><\/p>\n<p><b>6.\u00bfSon los perfiles de aluminio a medida para equipos industriales extra grandes respetuosos con el medio ambiente? <\/b><\/p>\n<p> S\u00ed, el aluminio es un material totalmente reciclable, lo que lo convierte en una opci\u00f3n respetuosa con el medio ambiente para aplicaciones industriales.\n<\/p>\n<p><\/p>\n<p><b>7.\u00bfC\u00f3mo mejoran los perfiles de aluminio a medida para equipos industriales extra grandes el rendimiento de los equipos? <\/b><\/p>\n<p> Su elevada conductividad t\u00e9rmica y el\u00e9ctrica aumenta la eficacia y fiabilidad de los equipos industriales.\n<\/p>\n<p><\/p>","protected":false},"featured_media":7997,"template":"","categories":[54],"class_list":["post-7998","product","type-product","status-publish","has-post-thumbnail","hentry","category-industrial-aluminum-profiles"],"meta_box":{"hilight_text_group":{"product_hilight_text":"<ul>\r\r\n  <li>Durable and high-strength aluminum profiles for heavy-duty industrial applications<\/li>\r\r\n  <li>Customizable sizes and shapes to meet specific equipment requirements<\/li>\r\r\n  <li>Lightweight yet sturdy, ideal for large-scale industrial equipment<\/li>\r\r\n  <li>Corrosion-resistant, ensuring longevity in harsh industrial environments<\/li>\r\r\n  <li>Easy to assemble and disassemble, reducing maintenance costs<\/li>\r\r\n  <li>High thermal and electrical conductivity, enhancing equipment efficiency<\/li>\r\r\n  <li>Environmentally friendly, fully recyclable material<\/li>\r\r\n<\/ul>","product_chanpin_blog":"<ul>\r\r\n<li><a href=\"https:\/\/sinoextrud.com\/t-slot-v-slot-differences\/\" target=\"_blank\">t slot vs v slot<\/a><\/li>\r\r\n<li><a href=\"https:\/\/sinoextrud.com\/what-is-4040-aluminium-extrud\/\" target=\"_blank\">4040 aluminium extrusion<\/a><\/li>\r\r\n<li><a href=\"https:\/\/sinoextrud.com\/what-is-4040-aluminium-extrud\/\" target=\"_blank\">aluminum extrusions for industrial racks<\/a><\/li>\r\r\n<li><a href=\"https:\/\/sinoextrud.com\/powder-coating-aluminium-process\/\" target=\"_blank\">powder coating aluminium<\/a><\/li>\r\r\n<li><a href=\"https:\/\/sinoextrud.com\/what-is-an-aluminium-strip-ceiling\/\" target=\"_blank\">aluminium strip ceiling<\/a><\/li>\r\r\n<li><a href=\"https:\/\/sinoextrud.com\/what-is-a-heat-sink\/\" target=\"_blank\">what is a heat sink<\/a><\/li>\r\r\n<\/ul>","product_chanpin_chanpin":"<li><a href=\"https:\/\/sinoextrud.com\/product\/extrusion-led-aluminum-channel\/\" target=\"_blank\">Extrusion Led Aluminum Channel<\/a><\/li>\r\n<li><a href=\"https:\/\/sinoextrud.com\/product\/hard-anodized-aluminum-profile\/\" target=\"_blank\">Hard Anodized Aluminum Profile<\/a><\/li>\r\n<li><a href=\"https:\/\/sinoextrud.com\/product\/cutting-extruded-aluminum-for-led\/\" target=\"_blank\">Cutting Extruded Aluminum For LED<\/a><\/li>\r\n<li><a href=\"https:\/\/sinoextrud.com\/product\/custom-decorative-hollow-alloy-rectangular-square-aluminum-tube-sizes\/\" target=\"_blank\">Custom Decorative Hollow Alloy Rectangular Square Aluminum Tube Sizes<\/a><\/li>\r\n<li><a href=\"https:\/\/sinoextrud.com\/product\/custom-extra-large-industrial-equipment-aluminum-profile\/\" target=\"_blank\">Custom Extra Large Industrial Equipment Aluminum Profile<\/a><\/li>\r\n<li><a href=\"https:\/\/sinoextrud.com\/product\/custom-extruded-aluminum-shapes-sunflower-heat-sink\/\" target=\"_blank\">Custom Extruded Aluminum Shapes Sunflower Heat Sink<\/a><\/li>\r\n<li><a href=\"https:\/\/sinoextrud.com\/product\/custom-industrial-aluminum-profiles\/\" target=\"_blank\">Custom Industrial Aluminum Profiles<\/a><\/li>\r\n<li><a href=\"https:\/\/sinoextrud.com\/product\/custom-industrial-extruded-aluminum-alloy\/\" target=\"_blank\">Custom Industrial Extruded Aluminum Alloy<\/a><\/li>\r\n<li><a href=\"https:\/\/sinoextrud.com\/product\/customized-extruded-aluminum-trailer-flooring\/\" target=\"_blank\">Customized Extruded Aluminum Trailer Flooring<\/a><\/li>\r\n<li><a href=\"https:\/\/sinoextrud.com\/product\/wood-grain-bamboo-aluminum-pipe\/\" target=\"_blank\">Wood Grain Bamboo Aluminum Pipe<\/a><\/li>\r\n<li><a href=\"https:\/\/sinoextrud.com\/product\/7-series-and-1-series-aluminum-beam-profile\/\" target=\"_blank\">7 Series And 1 Series Aluminum Beam Profile<\/a><\/li>"},"feature_list":[]},"_links":{"self":[{"href":"https:\/\/sinoextrud.com\/es\/wp-json\/wp\/v2\/product\/7998","targetHints":{"allow":["GET"]}}],"collection":[{"href":"https:\/\/sinoextrud.com\/es\/wp-json\/wp\/v2\/product"}],"about":[{"href":"https:\/\/sinoextrud.com\/es\/wp-json\/wp\/v2\/types\/product"}],"wp:featuredmedia":[{"embeddable":true,"href":"https:\/\/sinoextrud.com\/es\/wp-json\/wp\/v2\/media\/7997"}],"wp:attachment":[{"href":"https:\/\/sinoextrud.com\/es\/wp-json\/wp\/v2\/media?parent=7998"}],"wp:term":[{"taxonomy":"category","embeddable":true,"href":"https:\/\/sinoextrud.com\/es\/wp-json\/wp\/v2\/categories?post=7998"}],"curies":[{"name":"wp","href":"https:\/\/api.w.org\/{rel}","templated":true}]}}