{"id":7982,"date":"2025-06-12T02:12:47","date_gmt":"2025-06-12T02:12:47","guid":{"rendered":"https:\/\/sinoextrud.com\/product\/aluminum-z-section-extrusions\/"},"modified":"2025-06-24T06:22:42","modified_gmt":"2025-06-24T06:22:42","slug":"perfiles-en-z-de-aluminio-2","status":"publish","type":"product","link":"https:\/\/sinoextrud.com\/es\/product\/aluminum-z-section-extrusions\/","title":{"rendered":"Extrusiones de aluminio de secci\u00f3n en Z"},"content":{"rendered":"<h2>Productos<\/h2>\n<table class=\"custom-table\">\n<tbody>\n<tr>\n<td> Nombre<\/td>\n<td> Perfil en Z de aluminio<\/td>\n<\/tr>\n<tr>\n<td> Marca<\/td>\n<td> Sinoextrud\/<\/td>\n<\/tr>\n<tr>\n<td> Categor\u00eda<\/td>\n<td> Perfil de aluminio<\/td>\n<\/tr>\n<tr>\n<td> Material<\/td>\n<td> Aleaci\u00f3n de aluminio (6063, 6061,6463,6005,6082)<\/td>\n<\/tr>\n<tr>\n<td> Temple<\/td>\n<td> T5-T8<\/td>\n<\/tr>\n<tr>\n<td> Longitud<\/td>\n<td> La longitud es de 1-9m o a petici\u00f3n del cliente<\/td>\n<\/tr>\n<tr>\n<td> Tama\u00f1o (mm)<\/td>\n<td> Personalizado<\/td>\n<\/tr>\n<tr>\n<td> Forma<\/td>\n<td> Forma de Z o seg\u00fan plano<\/td>\n<\/tr>\n<tr>\n<td> Tratamiento de superficies<\/td>\n<td> Revestimiento de potencia; Mill acabado, anodizado, chorro de arena, electroforesis tambi\u00e9n est\u00e1 disponible<\/td>\n<\/tr>\n<tr>\n<td> Color<\/td>\n<td> Plata, negro, oro, Champange,Bronce, rojo. azul y podemos personalizar los colores basados en las muestras de los clientes.<\/td>\n<\/tr>\n<tr>\n<td> Garant\u00eda<\/td>\n<td> BV , TUV ,ISO<\/td>\n<\/tr>\n<tr>\n<td> Est\u00e1ndar<\/td>\n<td> Calidad media y alta<\/td>\n<\/tr>\n<tr>\n<td> MOQ<\/td>\n<td> 200KGS por cada art\u00edculo<\/td>\n<\/tr>\n<tr>\n<td> En<\/td>\n<td> Guangdong, China<\/td>\n<\/tr>\n<tr>\n<td> Aplicaci\u00f3n<\/td>\n<td> Industria, Construcci\u00f3n, Decoraci\u00f3n<\/td>\n<\/tr>\n<tr>\n<td> Tratamiento en profundidad<\/td>\n<td> Corte, taladrado, mecanizado, punzonado, plegado, roscado, etc.<\/td>\n<\/tr>\n<tr>\n<td> Paquete<\/td>\n<td> Interior con pel\u00edcula protectora, pl\u00e1stico retr\u00e1ctil o espuma de PE. Exterior con caja, cart\u00f3n o marco de madera, o personalizaci\u00f3n.<\/td>\n<\/tr>\n<tr>\n<td> Plazo de entrega<\/td>\n<td> El desarrollo del molde y la conformaci\u00f3n de la muestra es de 12-18 d\u00edas, luego la duraci\u00f3n de la producci\u00f3n es de 25-30 d\u00edas despu\u00e9s de la recepci\u00f3n del dep\u00f3sito del comprador.<\/td>\n<\/tr>\n<tr>\n<td> Capacidad del producto<\/td>\n<td> M\u00e1s de 15.000 toneladas \/ mes<\/td>\n<\/tr>\n<\/tbody>\n<\/table>\n<h2>Nuestra base de fabricaci\u00f3n<\/h2>\n<h3>Panorama de la f\u00e1brica<\/h3>\n<p><img decoding=\"async\" src=\"\/wp-content\/uploads\/factory-01.webp\"\/><\/p>\n<h3>Taller de fabricaci\u00f3n de barras de aluminio<\/h3>\n<p><img decoding=\"async\" src=\"\/wp-content\/uploads\/factory-02.webp\"\/><\/p>\n<p><img decoding=\"async\" src=\"\/wp-content\/uploads\/factory-03.webp\"\/><\/p>\n<h3>Almac\u00e9n de moldes<\/h3>\n<p><img decoding=\"async\" src=\"\/wp-content\/uploads\/factory-04.webp\"\/><\/p>\n<h3>43 L\u00c3neas de extrusi\u00c3\u00b3n de aluminio (500\u00e2\u20ac\"5500 toneladas)<\/h3>\n<p><img decoding=\"async\" src=\"\/wp-content\/uploads\/factory-05.webp\"\/><\/p>\n<p><img decoding=\"async\" src=\"\/wp-content\/uploads\/factory-06.webp\"\/><\/p>\n<p><img decoding=\"async\" src=\"\/wp-content\/uploads\/factory-07.webp\"\/><\/p>\n<h3>Taller de pintura en polvo<\/h3>\n<p><img decoding=\"async\" src=\"\/wp-content\/uploads\/factory-09.webp\"\/><\/p>\n<h3>Taller de anodizado<\/h3>\n<p><img decoding=\"async\" src=\"\/wp-content\/uploads\/factory-10.webp\"\/><\/p>\n<h3>Taller de procesamiento profundo<\/h3>\n<p><img decoding=\"async\" src=\"\/wp-content\/uploads\/factory-11.webp\"\/><\/p>\n<h3>Taller de mecanizado de precisi\u00f3n CNC<\/h3>\n<p><img decoding=\"async\" src=\"\/wp-content\/uploads\/factory-11.5.webp\"\/><\/p>\n<h3>Almac\u00e9n de productos acabados y de exportaci\u00f3n<\/h3>\n<p><img decoding=\"async\" src=\"\/wp-content\/uploads\/factory-12.webp\"\/><\/p>\n<p><img decoding=\"async\" src=\"\/wp-content\/uploads\/factory-13.webp\"\/><\/p>\n<p><img decoding=\"async\" src=\"\/wp-content\/uploads\/factory-14.webp\"\/><\/p>\n<h2>PREGUNTAS FRECUENTES<\/h2>\n<p><p><b>1. \u00bfPara qu\u00e9 se utilizan los perfiles de aluminio en Z? <\/b><\/p>\n<p> Las extrusiones de aluminio de secci\u00f3n en Z se utilizan como soporte estructural en estructuras, construcci\u00f3n, maquinaria y otras aplicaciones que requieren resistencia y estabilidad.<br \/>\n<\/p><br \/>\n<br \/>\n<p><b>2.\u00bfPor qu\u00e9 elegir aluminio para extrusiones de secci\u00f3n en Z? <\/b><\/p>\n<p> El aluminio es ligero, fuerte y resistente a la corrosi\u00f3n, por lo que es perfecto para componentes estructurales que deben funcionar bien a lo largo del tiempo en diversos entornos.<br \/>\n<\/p><br \/>\n<br \/>\n<p><b>3.\u00bfSe pueden personalizar las extrusiones de aluminio de secci\u00f3n en Z? <\/b><\/p>\n<p> S\u00ed, ofrecemos tama\u00f1os, perfiles y acabados personalizados para satisfacer los requisitos espec\u00edficos de su proyecto.<br \/>\n<\/p><br \/>\n<br \/>\n<p><b>4.\u00bfSon aptas estas extrusiones para su uso en exteriores? <\/b><\/p>\n<p> Por supuesto, las propiedades de resistencia a la corrosi\u00f3n del aluminio hacen que los perfiles en Z sean ideales para su uso en exteriores, incluso en condiciones adversas.<br \/>\n<\/p><br \/>\n<br \/>\n<p><b>5. \u00bfQu\u00e9 ventajas ofrece la secci\u00f3n en Z a las aplicaciones estructurales? <\/b><\/p>\n<p> La secci\u00f3n en Z proporciona una mayor rigidez y resistencia, por lo que resulta ideal para estructuras portantes, armazones y soportes.<br \/>\n<\/p><br \/>\n<br \/>\n<p><b>6.\u00bfQu\u00e9 industrias utilizan habitualmente extrusiones de aluminio de secci\u00f3n en Z? <\/b><\/p>\n<p> Estas extrusiones se utilizan habitualmente en los sectores de la construcci\u00f3n, la automoci\u00f3n, las telecomunicaciones y la industria, donde se requieren materiales ligeros pero resistentes.<br \/>\n<\/p><br \/>\n<br \/>\n<p><b>7.\u00bfPueden estas extrusiones integrarse f\u00e1cilmente con otros materiales? <\/b><\/p>\n<p> S\u00ed, las extrusiones de aluminio de secci\u00f3n en Z pueden integrarse f\u00e1cilmente con otros materiales como el vidrio, el acero o el pl\u00e1stico para crear estructuras y sistemas a medida.<br \/>\n<\/p><br \/><\/p>","protected":false},"featured_media":7981,"template":"","categories":[54],"class_list":["post-7982","product","type-product","status-publish","has-post-thumbnail","hentry","category-industrial-aluminum-profiles"],"meta_box":{"hilight_text_group":{"product_hilight_text":"<li>Aluminum Z-section extrusions offer excellent structural support for various applications.<\/li>\r\r\n<li>Lightweight yet strong, making them ideal for use in framing, support beams, and construction projects.<\/li>\r\r\n<li>Corrosion-resistant, providing durability in outdoor and industrial environments.<\/li>\r\r\n<li>Customizable sizes and profiles to meet specific design and engineering needs.<\/li>\r\r\n<li>Efficient heat dissipation, ideal for electrical and mechanical systems.<\/li>\r\r\n<li>Easy to machine, weld, and integrate with other components for custom solutions.<\/li>\r\r\n<li>Cost-effective, reducing material and shipping costs for large-scale industrial applications.<\/li>","product_chanpin_blog":"<ul>\r\r\n<li><a href=\"https:\/\/sinoextrud.com\/t-slot-v-slot-differences\/\" target=\"_blank\">t slot vs v slot<\/a><\/li>\r\r\n<li><a href=\"https:\/\/sinoextrud.com\/what-is-4040-aluminium-extrud\/\" target=\"_blank\">4040 aluminium extrusion<\/a><\/li>\r\r\n<li><a href=\"https:\/\/sinoextrud.com\/what-is-4040-aluminium-extrud\/\" target=\"_blank\">aluminum extrusions for industrial racks<\/a><\/li>\r\r\n<li><a href=\"https:\/\/sinoextrud.com\/powder-coating-aluminium-process\/\" target=\"_blank\">powder coating aluminium<\/a><\/li>\r\r\n<li><a href=\"https:\/\/sinoextrud.com\/what-is-an-aluminium-strip-ceiling\/\" target=\"_blank\">aluminium strip ceiling<\/a><\/li>\r\r\n<li><a href=\"https:\/\/sinoextrud.com\/what-is-a-heat-sink\/\" target=\"_blank\">what is a heat sink<\/a><\/li>\r\r\n<\/ul>","product_chanpin_chanpin":"<li><a href=\"https:\/\/sinoextrud.com\/product\/aluminum-profiles-led-strip-lighting\/\" target=\"_blank\">Aluminum Profiles Led Strip Lighting<\/a><\/li>\r\n<li><a href=\"https:\/\/sinoextrud.com\/product\/aluminum-shutter-profile\/\" target=\"_blank\">Aluminum Shutter Profile<\/a><\/li>\r\n<li><a href=\"https:\/\/sinoextrud.com\/product\/aluminum-wall-washer-aluminum-heat-sink-profiles-wit\/\" target=\"_blank\">Aluminum Wall Washer Aluminum Heat Sink Profiles Wit<\/a><\/li>\r\n<li><a href=\"https:\/\/sinoextrud.com\/product\/aluminum-wood-grain-handrail\/\" target=\"_blank\">Aluminum Wood Grain Handrail<\/a><\/li>\r\n<li><a href=\"https:\/\/sinoextrud.com\/product\/aluminum-z-section-extrusions\/\" target=\"_blank\">Aluminum Z Section Extrusions<\/a><\/li>\r\n<li><a href=\"https:\/\/sinoextrud.com\/product\/anodized-matt-and-various-color-extruded-construction-aluminium-profile\/\" target=\"_blank\">Anodized Matt And Various Color Extruded Construction Aluminium Profile<\/a><\/li>\r\n<li><a href=\"https:\/\/sinoextrud.com\/product\/black-extruded-aluminum-heat-sink-profiles\/\" target=\"_blank\">Black Extruded Aluminum Heat Sink Profiles<\/a><\/li>\r\n<li><a href=\"https:\/\/sinoextrud.com\/product\/cnc-machined-6063-heavy-duty-industrial-part\/\" target=\"_blank\">CNC Machined 6063 Heavy-duty Industrial Part<\/a><\/li>\r\n<li><a href=\"https:\/\/sinoextrud.com\/product\/extrusion-led-aluminum-channel\/\" target=\"_blank\">Extrusion Led Aluminum Channel<\/a><\/li>\r\n<li><a href=\"https:\/\/sinoextrud.com\/product\/aluminum-rail-profile-precision\/\" target=\"_blank\">Aluminum Rail Profile Precision<\/a><\/li>\r\n<li><a href=\"https:\/\/sinoextrud.com\/product\/aluminum-extrusion-7003-7005-7020\/\" target=\"_blank\">Aluminum Extrusion 7003 7005 7020 High Hardness Anodized Aluminum Profile<\/a><\/li>"},"feature_list":[]},"_links":{"self":[{"href":"https:\/\/sinoextrud.com\/es\/wp-json\/wp\/v2\/product\/7982","targetHints":{"allow":["GET"]}}],"collection":[{"href":"https:\/\/sinoextrud.com\/es\/wp-json\/wp\/v2\/product"}],"about":[{"href":"https:\/\/sinoextrud.com\/es\/wp-json\/wp\/v2\/types\/product"}],"wp:featuredmedia":[{"embeddable":true,"href":"https:\/\/sinoextrud.com\/es\/wp-json\/wp\/v2\/media\/7981"}],"wp:attachment":[{"href":"https:\/\/sinoextrud.com\/es\/wp-json\/wp\/v2\/media?parent=7982"}],"wp:term":[{"taxonomy":"category","embeddable":true,"href":"https:\/\/sinoextrud.com\/es\/wp-json\/wp\/v2\/categories?post=7982"}],"curies":[{"name":"wp","href":"https:\/\/api.w.org\/{rel}","templated":true}]}}