{"id":7978,"date":"2025-06-12T02:08:08","date_gmt":"2025-06-12T02:08:08","guid":{"rendered":"https:\/\/sinoextrud.com\/product\/aluminum-wall-washer-aluminum-heat-sink-profiles-wit\/"},"modified":"2025-06-24T06:22:42","modified_gmt":"2025-06-24T06:22:42","slug":"arandela-de-pared-de-aluminio-perfiles-disipadores-de-calor-de-aluminio-con","status":"publish","type":"product","link":"https:\/\/sinoextrud.com\/es\/product\/aluminum-wall-washer-aluminum-heat-sink-profiles-wit\/","title":{"rendered":"Ba\u00f1ador de pared de aluminio Disipador de calor de aluminio Perfiles Wit"},"content":{"rendered":"<h2>Productos<\/h2>\n<table class=\"custom-table\">\n<colgroup>\n<col>\n<col><\/colgroup>\n<tbody>\n<tr>\n<td> <\/td>\n<td>Ba\u00f1ador de pared de aluminio Disipador de calor de aluminio Perfiles Wit<\/td>\n<\/tr>\n<tr>\n<td>Material<\/td>\n<td>6063-T5 u otro material personalizado<\/td>\n<\/tr>\n<tr>\n<td>Forma<\/td>\n<td>Formas personalizadas<\/td>\n<\/tr>\n<tr>\n<td>Espesor<\/td>\n<td>0,7 mm-10 mm<\/td>\n<\/tr>\n<tr>\n<td>Talla<\/td>\n<td>Seg\u00fan plano o muestra facilitada por el cliente<\/td>\n<\/tr>\n<tr>\n<td>Tolerancia del corte de precisi\u00f3n<\/td>\n<td> \u22641m : \u00b10,25mm<br \/> 1m&lt; : \u22642m, \u00b10,35mm<br \/> \u22652m : \u00b10,50mm<\/td>\n<\/tr>\n<tr>\n<td>Tolerancia de perforaci\u00f3n<\/td>\n<td>\u00b10,15~0,20 mm<\/td>\n<\/tr>\n<tr>\n<td>Tolerancia del corte ordinario<\/td>\n<td>\u00b110 ~ 0mm<\/td>\n<\/tr>\n<tr>\n<td>Longitud<\/td>\n<td>Normalmente 1-9M,otra longitud negociable<\/td>\n<\/tr>\n<tr>\n<td>Aplicaciones t\u00edpicas<\/td>\n<td>Industria, maquinaria, electr\u00f3nica, etc.<\/td>\n<\/tr>\n<tr>\n<td>Tipo personalizado<\/td>\n<td>Dibujo o muestra facilitada por el cliente disponible<\/td>\n<\/tr>\n<tr>\n<td>Proceso profundo<\/td>\n<td>Fresado CNC, taladrado, punzonado, perforaci\u00f3n, roscado, plegado, soldadura, etc.<\/td>\n<\/tr>\n<tr>\n<td>Marca<\/td>\n<td>Sinoextrud,Sinoextrud,,marca personalizada disponible<\/td>\n<\/tr>\n<tr>\n<td>Tratamiento de superficies<\/td>\n<td>Acabado de fresado, anodizado, recubrimiento en polvo, etc.<\/td>\n<\/tr>\n<tr>\n<td>Color<\/td>\n<td>Plata, negro, etc.<\/td>\n<\/tr>\n<tr>\n<td>MOQ<\/td>\n<td>200KGs<\/td>\n<\/tr>\n<tr>\n<td>Norma de calidad<\/td>\n<td>Nivel de calidad medio y alto<\/td>\n<\/tr>\n<tr>\n<td>Certificados<\/td>\n<td>ISO9001,ISO4001,CQM,SGS,CE,BV etc.<\/td>\n<\/tr>\n<tr>\n<td>Capacidad de producci\u00f3n de la f\u00e1brica<\/td>\n<td>3000 toneladas al mes<\/td>\n<\/tr>\n<tr>\n<td>Lugar de origen<\/td>\n<td>Guangdong,China<\/td>\n<\/tr>\n<\/tbody>\n<\/table>\n<h2>Nuestra base de fabricaci\u00f3n<\/h2>\n<h3>Panorama de la f\u00e1brica<\/h3>\n<p><img decoding=\"async\" src=\"\/wp-content\/uploads\/factory-01.webp\"\/><\/p>\n<h3>Taller de fabricaci\u00f3n de barras de aluminio<\/h3>\n<p><img decoding=\"async\" src=\"\/wp-content\/uploads\/factory-02.webp\"\/><\/p>\n<p><img decoding=\"async\" src=\"\/wp-content\/uploads\/factory-03.webp\"\/><\/p>\n<h3>Almac\u00e9n de moldes<\/h3>\n<p><img decoding=\"async\" src=\"\/wp-content\/uploads\/factory-04.webp\"\/><\/p>\n<h3>43 l\u00edneas de extrusi\u00f3n de aluminio (500-5500 toneladas)<\/h3>\n<p><img decoding=\"async\" src=\"\/wp-content\/uploads\/factory-05.webp\"\/><\/p>\n<p><img decoding=\"async\" src=\"\/wp-content\/uploads\/factory-06.webp\"\/><\/p>\n<p><img decoding=\"async\" src=\"\/wp-content\/uploads\/factory-07.webp\"\/><\/p>\n<h3>Taller de pintura en polvo<\/h3>\n<p><img decoding=\"async\" src=\"\/wp-content\/uploads\/factory-09.webp\"\/><\/p>\n<h3>Taller de anodizado<\/h3>\n<p><img decoding=\"async\" src=\"\/wp-content\/uploads\/factory-10.webp\"\/><\/p>\n<h3>Taller de procesamiento profundo<\/h3>\n<p><img decoding=\"async\" src=\"\/wp-content\/uploads\/factory-11.webp\"\/><\/p>\n<h3>Taller de mecanizado de precisi\u00f3n CNC<\/h3>\n<p><img decoding=\"async\" src=\"\/wp-content\/uploads\/factory-11.5.webp\"\/><\/p>\n<h3>Almac\u00e9n de productos acabados y de exportaci\u00f3n<\/h3>\n<p><img decoding=\"async\" src=\"\/wp-content\/uploads\/factory-12.webp\"\/><\/p>\n<p><img decoding=\"async\" src=\"\/wp-content\/uploads\/factory-13.webp\"\/><\/p>\n<p><img decoding=\"async\" src=\"\/wp-content\/uploads\/factory-14.webp\"\/><\/p>\n<h2>PREGUNTAS FRECUENTES<\/h2>\n<p><p><b>1.\u00bfPara qu\u00e9 se utilizan los perfiles disipadores de pared de aluminio? <\/b><\/p>\n<p>Los perfiles disipadores de pared de aluminio se utilizan en sistemas de iluminaci\u00f3n para gestionar eficazmente el calor y garantizar un rendimiento \u00f3ptimo de las luces LED, especialmente en aplicaciones arquitect\u00f3nicas y de exterior.<br \/>\n<\/p><br \/>\n<br \/>\n<p><b>2.\u00bfPor qu\u00e9 se prefiere el aluminio para los disipadores de calor ba\u00f1adores de pared? <\/b><\/p>\n<p>El aluminio es ligero, fuerte, resistente a la corrosi\u00f3n y un excelente conductor del calor, por lo que resulta ideal para gestionar las necesidades t\u00e9rmicas de los sistemas de iluminaci\u00f3n, a la vez que es f\u00e1cil de manejar e instalar.<br \/>\n<\/p><br \/>\n<br \/>\n<p><b>3.\u00bfEn qu\u00e9 beneficia el acabado anodizado a los perfiles ba\u00f1adores de pared de aluminio? <\/b><\/p>\n<p>El acabado anodizado mejora la resistencia a la corrosi\u00f3n y la durabilidad, garantizando un rendimiento duradero en entornos dif\u00edciles y protegiendo los perfiles del desgaste y la exposici\u00f3n ambiental.<br \/>\n<\/p><br \/>\n<br \/>\n<p><b>4. \u00bfSe pueden personalizar los perfiles de disipador de calor de aluminio para proyectos de iluminaci\u00f3n espec\u00edficos? <\/b><\/p>\n<p>S\u00ed, estos perfiles pueden personalizarse en cuanto a tama\u00f1o, forma y dise\u00f1o para satisfacer las necesidades espec\u00edficas de distintos proyectos y aplicaciones de iluminaci\u00f3n.<br \/>\n<\/p><br \/>\n<br \/>\n<p><b>5.\u00bfC\u00f3mo mejora la eficiencia de los sistemas de iluminaci\u00f3n el uso de perfiles de aluminio como disipadores t\u00e9rmicos? <\/b><\/p>\n<p>Al disipar eficazmente el calor, los perfiles de aluminio evitan el sobrecalentamiento, garantizando que los sistemas de iluminaci\u00f3n sigan siendo eficientes y estables, y prolongando la vida \u00fatil de los LED utilizados.<br \/>\n<\/p><br \/>\n<br \/>\n<p><b>6.\u00bfSon adecuados los perfiles ba\u00f1adores de pared de aluminio tanto para iluminaci\u00f3n interior como exterior? <\/b><\/p>\n<p>S\u00ed, los perfiles ba\u00f1adores de pared de aluminio est\u00e1n dise\u00f1ados para ser duraderos y resistentes a la corrosi\u00f3n, por lo que son adecuados para aplicaciones de iluminaci\u00f3n tanto de interior como de exterior, incluida la iluminaci\u00f3n arquitect\u00f3nica.<br \/>\n<\/p><br \/>\n<br \/>\n<p><b>7.\u00bfEs el aluminio respetuoso con el medio ambiente para su uso en sistemas de iluminaci\u00f3n? <\/b><\/p>\n<p>S\u00ed, el aluminio es 100% reciclable, lo que lo convierte en una opci\u00f3n ecol\u00f3gica para los sistemas de iluminaci\u00f3n que apoyan la sostenibilidad y contribuyen a reducir el impacto medioambiental.<br \/>\n<\/p><br \/><\/p>","protected":false},"featured_media":7977,"template":"","categories":[54],"class_list":["post-7978","product","type-product","status-publish","has-post-thumbnail","hentry","category-industrial-aluminum-profiles"],"meta_box":{"hilight_text_group":{"product_hilight_text":"<ul>\r\r\n  <li>Aluminum wall washer profiles with integrated heat sinks provide efficient cooling and improved thermal management for outdoor and indoor lighting systems.<\/li>\r\r\n  <li>Corrosion-resistant anodized aluminum ensures long-lasting performance, even in harsh weather conditions or high-humidity environments.<\/li>\r\r\n  <li>Lightweight yet durable, these profiles offer excellent structural integrity while ensuring easy handling and installation.<\/li>\r\r\n  <li>Customizable sizes and designs, allowing flexibility for different lighting applications and seamless integration into various architectural projects.<\/li>\r\r\n  <li>Energy-efficient cooling design helps prevent overheating, enhancing the performance and lifespan of wall washer lighting systems.<\/li>\r\r\n  <li>Eco-friendly and recyclable, supporting sustainable lighting solutions while minimizing environmental impact.<\/li>\r\r\n  <li>Ideal for both residential and commercial applications, providing powerful, uniform lighting effects for architectural facades, gardens, and outdoor spaces.<\/li>\r\r\n<\/ul>","product_chanpin_blog":"<ul>\r\r\n<li><a href=\"https:\/\/sinoextrud.com\/t-slot-v-slot-differences\/\" target=\"_blank\">t slot vs v slot<\/a><\/li>\r\r\n<li><a href=\"https:\/\/sinoextrud.com\/what-is-4040-aluminium-extrud\/\" target=\"_blank\">4040 aluminium extrusion<\/a><\/li>\r\r\n<li><a href=\"https:\/\/sinoextrud.com\/what-is-4040-aluminium-extrud\/\" target=\"_blank\">aluminum extrusions for industrial racks<\/a><\/li>\r\r\n<li><a href=\"https:\/\/sinoextrud.com\/powder-coating-aluminium-process\/\" target=\"_blank\">powder coating aluminium<\/a><\/li>\r\r\n<li><a href=\"https:\/\/sinoextrud.com\/what-is-an-aluminium-strip-ceiling\/\" target=\"_blank\">aluminium strip ceiling<\/a><\/li>\r\r\n<li><a href=\"https:\/\/sinoextrud.com\/what-is-a-heat-sink\/\" target=\"_blank\">what is a heat sink<\/a><\/li>\r\r\n<\/ul>","product_chanpin_chanpin":"<li><a href=\"https:\/\/sinoextrud.com\/product\/aluminum-profile-t-slot-led-frame\/\" target=\"_blank\">Aluminum Profile T Slot Led Frame<\/a><\/li>\r\n<li><a href=\"https:\/\/sinoextrud.com\/product\/aluminum-profile-t-slot\/\" target=\"_blank\">Aluminum Profile T Slot<\/a><\/li>\r\n<li><a href=\"https:\/\/sinoextrud.com\/product\/aluminum-profiles-led-strip-lighting\/\" target=\"_blank\">Aluminum Profiles Led Strip Lighting<\/a><\/li>\r\n<li><a href=\"https:\/\/sinoextrud.com\/product\/aluminum-shutter-profile\/\" target=\"_blank\">Aluminum Shutter Profile<\/a><\/li>\r\n<li><a href=\"https:\/\/sinoextrud.com\/product\/aluminum-wall-washer-aluminum-heat-sink-profiles-wit\/\" target=\"_blank\">Aluminum Wall Washer Aluminum Heat Sink Profiles Wit<\/a><\/li>\r\n<li><a href=\"https:\/\/sinoextrud.com\/product\/aluminum-wood-grain-handrail\/\" target=\"_blank\">Aluminum Wood Grain Handrail<\/a><\/li>\r\n<li><a href=\"https:\/\/sinoextrud.com\/product\/aluminum-z-section-extrusions\/\" target=\"_blank\">Aluminum Z Section Extrusions<\/a><\/li>\r\n<li><a href=\"https:\/\/sinoextrud.com\/product\/anodized-matt-and-various-color-extruded-construction-aluminium-profile\/\" target=\"_blank\">Anodized Matt And Various Color Extruded Construction Aluminium Profile<\/a><\/li>\r\n<li><a href=\"https:\/\/sinoextrud.com\/product\/black-extruded-aluminum-heat-sink-profiles\/\" target=\"_blank\">Black Extruded Aluminum Heat Sink Profiles<\/a><\/li>\r\n<li><a href=\"https:\/\/sinoextrud.com\/product\/customized-aluminium-heavy-duty-door-hinge\/\" target=\"_blank\">Customized Aluminium Heavy Duty Door Hinge<\/a><\/li>\r\n<li><a href=\"https:\/\/sinoextrud.com\/product\/10-series-golden-aluminum-extrusion-profiles\/\" target=\"_blank\">10 Series Golden Aluminum Extrusion Profiles<\/a><\/li>"},"feature_list":[]},"_links":{"self":[{"href":"https:\/\/sinoextrud.com\/es\/wp-json\/wp\/v2\/product\/7978","targetHints":{"allow":["GET"]}}],"collection":[{"href":"https:\/\/sinoextrud.com\/es\/wp-json\/wp\/v2\/product"}],"about":[{"href":"https:\/\/sinoextrud.com\/es\/wp-json\/wp\/v2\/types\/product"}],"wp:featuredmedia":[{"embeddable":true,"href":"https:\/\/sinoextrud.com\/es\/wp-json\/wp\/v2\/media\/7977"}],"wp:attachment":[{"href":"https:\/\/sinoextrud.com\/es\/wp-json\/wp\/v2\/media?parent=7978"}],"wp:term":[{"taxonomy":"category","embeddable":true,"href":"https:\/\/sinoextrud.com\/es\/wp-json\/wp\/v2\/categories?post=7978"}],"curies":[{"name":"wp","href":"https:\/\/api.w.org\/{rel}","templated":true}]}}