{"id":7974,"date":"2025-06-12T02:04:46","date_gmt":"2025-06-12T02:04:46","guid":{"rendered":"https:\/\/sinoextrud.com\/product\/aluminum-profiles-led-strip-lighting\/"},"modified":"2025-06-24T06:14:56","modified_gmt":"2025-06-24T06:14:56","slug":"perfiles-de-aluminio-tiras-de-led","status":"publish","type":"product","link":"https:\/\/sinoextrud.com\/es\/product\/aluminum-profiles-led-strip-lighting\/","title":{"rendered":"Perfiles de aluminio Tiras de luz LED"},"content":{"rendered":"<h2>Productos<\/h2>\n<table class=\"custom-table\">\n<tr>\n<td class=\"label\">Art\u00edculo:<\/td>\n<td>Perfiles de aluminio tiras de led<\/td>\n<\/tr>\n<tr>\n<td class=\"label\">Temperamento:<\/td>\n<td> T3 - T8<\/td>\n<\/tr>\n<tr>\n<td class=\"label\">Longitud:<\/td>\n<td>1-9 metros o personalizado<\/td>\n<\/tr>\n<tr>\n<td class=\"label\">Aleaci\u00f3n:<\/td>\n<td> Aleaci\u00f3n<\/td>\n<\/tr>\n<tr>\n<td class=\"label\">Grado:<\/td>\n<td> Serie 6000<\/td>\n<\/tr>\n<tr>\n<td class=\"label\">Est\u00e1ndar:<\/td>\n<td> GB<\/td>\n<\/tr>\n<tr>\n<td class=\"label\">Tipo de producci\u00f3n:<\/td>\n<td> Producci\u00f3n en serie<\/td>\n<\/tr>\n<tr>\n<td class=\"label\">Plazo de entrega de muestras:<\/td>\n<td> 10-15 d\u00edas<\/td>\n<\/tr>\n<tr>\n<td class=\"label\">Paquete de transporte:<\/td>\n<td> Film protector de pl\u00e1stico y papel impermeable para manualidades<\/td>\n<\/tr>\n<tr>\n<td class=\"label\">Origen:<\/td>\n<td> Foshan, China<\/td>\n<\/tr>\n<tr>\n<td class=\"label\">Tratamiento de la superficie:<\/td>\n<td> A medida<\/td>\n<\/tr>\n<tr>\n<td class=\"label\">Producci\u00f3n en serie:<\/td>\n<td> 25-30 d\u00edas tras la confirmaci\u00f3n de la muestra por parte del comprador<\/td>\n<\/tr>\n<tr>\n<td class=\"label\">Capacidad:<\/td>\n<td>M\u00e1s de 200.000 toneladas\/a\u00f1o<\/td>\n<\/tr>\n<tr>\n<td class=\"label\">Marca registrada:<\/td>\n<td> Sinoextrud(Sinoextrud)\/ OEM<\/td>\n<\/tr>\n<\/table>\n<h2>Nuestra base de fabricaci\u00f3n<\/h2>\n<h3>Panorama de la f\u00e1brica<\/h3>\n<p><img decoding=\"async\" src=\"\/wp-content\/uploads\/factory-01.webp\"\/><\/p>\n<h3>Taller de fabricaci\u00f3n de barras de aluminio<\/h3>\n<p><img decoding=\"async\" src=\"\/wp-content\/uploads\/factory-02.webp\"\/><\/p>\n<p><img decoding=\"async\" src=\"\/wp-content\/uploads\/factory-03.webp\"\/><\/p>\n<h3>Almac\u00e9n de moldes<\/h3>\n<p><img decoding=\"async\" src=\"\/wp-content\/uploads\/factory-04.webp\"\/><\/p>\n<h3>43 L\u00c3neas de extrusi\u00c3\u00b3n de aluminio (500\u00e2\u20ac\"5500 toneladas)<\/h3>\n<p><img decoding=\"async\" src=\"\/wp-content\/uploads\/factory-05.webp\"\/><\/p>\n<p><img decoding=\"async\" src=\"\/wp-content\/uploads\/factory-06.webp\"\/><\/p>\n<p><img decoding=\"async\" src=\"\/wp-content\/uploads\/factory-07.webp\"\/><\/p>\n<h3>Taller de pintura en polvo<\/h3>\n<p><img decoding=\"async\" src=\"\/wp-content\/uploads\/factory-09.webp\"\/><\/p>\n<h3>Taller de anodizado<\/h3>\n<p><img decoding=\"async\" src=\"\/wp-content\/uploads\/factory-10.webp\"\/><\/p>\n<h3>Taller de procesamiento profundo<\/h3>\n<p><img decoding=\"async\" src=\"\/wp-content\/uploads\/factory-11.webp\"\/><\/p>\n<h3>Taller de mecanizado de precisi\u00f3n CNC<\/h3>\n<p><img decoding=\"async\" src=\"\/wp-content\/uploads\/factory-11.5.webp\"\/><\/p>\n<h3>Almac\u00e9n de productos acabados y de exportaci\u00f3n<\/h3>\n<p><img decoding=\"async\" src=\"\/wp-content\/uploads\/factory-12.webp\"\/><\/p>\n<p><img decoding=\"async\" src=\"\/wp-content\/uploads\/factory-13.webp\"\/><\/p>\n<p><img decoding=\"async\" src=\"\/wp-content\/uploads\/factory-14.webp\"\/><\/p>\n<h2>PREGUNTAS FRECUENTES<\/h2>\n<p><p><b>1. \u00bfPara qu\u00e9 se utilizan los perfiles de aluminio para tiras de luz LED? <\/b><\/p>\n<p> Los perfiles de aluminio se utilizan para alojar y proteger las tiras de luces LED, mejorando la disipaci\u00f3n del calor y creando un acabado limpio y profesional.<br \/>\n<\/p><br \/>\n<br \/>\n<p><b>2. \u00bfPor qu\u00e9 es importante la disipaci\u00f3n del calor en las tiras de LED? <\/b><\/p>\n<p> La disipaci\u00f3n eficaz del calor de los perfiles de aluminio ayuda a evitar el sobrecalentamiento, lo que prolonga la vida \u00fatil de los LED y mantiene su rendimiento.<br \/>\n<\/p><br \/>\n<br \/>\n<p><b>3.\u00bfSe pueden personalizar los perfiles LED de aluminio? <\/b><\/p>\n<p> S\u00ed, ofrecemos perfiles de aluminio personalizados de distintas formas, longitudes y acabados para satisfacer requisitos de iluminaci\u00f3n espec\u00edficos.<br \/>\n<\/p><br \/>\n<br \/>\n<p><b>4.\u00bfSon adecuados los perfiles de aluminio para todos los tipos de tiras LED? <\/b><\/p>\n<p> La mayor\u00eda de los perfiles de aluminio est\u00e1n dise\u00f1ados para adaptarse a tiras de LED est\u00e1ndar, pero existen opciones personalizadas para especificaciones \u00fanicas.<br \/>\n<\/p><br \/>\n<br \/>\n<p><b>5.\u00bfLos perfiles de aluminio LED incluyen difusores? <\/b><\/p>\n<p> Muchos perfiles vienen con difusores opcionales que suavizan la luz y reducen el deslumbramiento, mejorando el confort visual.<br \/>\n<\/p><br \/>\n<br \/>\n<p><b>6. \u00bfD\u00f3nde se pueden instalar las tiras de aluminio LED? <\/b><\/p>\n<p> Pueden instalarse en techos, paredes, armarios, escaleras y expositores de uso residencial y comercial.<br \/>\n<\/p><br \/>\n<br \/>\n<p><b>7.\u00bfQu\u00e9 acabados hay disponibles para los perfiles LED de aluminio? <\/b><\/p>\n<p> Los perfiles de aluminio est\u00e1n disponibles en acabados anodizados, con recubrimiento en polvo, cepillados y personalizados para adaptarse a las preferencias de dise\u00f1o.<br \/>\n<\/p><br \/><\/p>","protected":false},"featured_media":7973,"template":"","categories":[54],"class_list":["post-7974","product","type-product","status-publish","has-post-thumbnail","hentry","category-industrial-aluminum-profiles"],"meta_box":{"hilight_text_group":{"product_hilight_text":"<li>Provides professional housing and protection for LED strip lighting.<\/li>\r\r\n<li>Efficient heat dissipation extends LED lifespan and maintains brightness.<\/li>\r\r\n<li>Sleek aluminum design enhances lighting aesthetics and installation appeal.<\/li>\r\r\n<li>Available in various shapes and sizes to fit different lighting applications.<\/li>\r\r\n<li>Easy to install on walls, ceilings, furniture, or displays.<\/li>\r\r\n<li>Compatible with diffusers and end caps for a complete lighting solution.<\/li>\r\r\n<li>Custom lengths and finishes available for tailored lighting projects.<\/li>","product_chanpin_blog":"<ul>\r\r\n<li><a href=\"https:\/\/sinoextrud.com\/t-slot-v-slot-differences\/\" target=\"_blank\">t slot vs v slot<\/a><\/li>\r\r\n<li><a href=\"https:\/\/sinoextrud.com\/what-is-4040-aluminium-extrud\/\" target=\"_blank\">4040 aluminium extrusion<\/a><\/li>\r\r\n<li><a href=\"https:\/\/sinoextrud.com\/what-is-4040-aluminium-extrud\/\" target=\"_blank\">aluminum extrusions for industrial racks<\/a><\/li>\r\r\n<li><a href=\"https:\/\/sinoextrud.com\/powder-coating-aluminium-process\/\" target=\"_blank\">powder coating aluminium<\/a><\/li>\r\r\n<li><a href=\"https:\/\/sinoextrud.com\/what-is-an-aluminium-strip-ceiling\/\" target=\"_blank\">aluminium strip ceiling<\/a><\/li>\r\r\n<li><a href=\"https:\/\/sinoextrud.com\/what-is-a-heat-sink\/\" target=\"_blank\">what is a heat sink<\/a><\/li>\r\r\n<\/ul>","product_chanpin_chanpin":"<li><a href=\"https:\/\/sinoextrud.com\/product\/aluminum-profile-solar\/\" target=\"_blank\">Aluminum Profile Solar<\/a><\/li>\r\n<li><a href=\"https:\/\/sinoextrud.com\/product\/aluminum-profile-system\/\" target=\"_blank\">Aluminum Profile System<\/a><\/li>\r\n<li><a href=\"https:\/\/sinoextrud.com\/product\/aluminum-profile-t-slot-led-frame\/\" target=\"_blank\">Aluminum Profile T Slot Led Frame<\/a><\/li>\r\n<li><a href=\"https:\/\/sinoextrud.com\/product\/aluminum-profile-t-slot\/\" target=\"_blank\">Aluminum Profile T Slot<\/a><\/li>\r\n<li><a href=\"https:\/\/sinoextrud.com\/product\/aluminum-profiles-led-strip-lighting\/\" target=\"_blank\">Aluminum Profiles Led Strip Lighting<\/a><\/li>\r\n<li><a href=\"https:\/\/sinoextrud.com\/product\/aluminum-shutter-profile\/\" target=\"_blank\">Aluminum Shutter Profile<\/a><\/li>\r\n<li><a href=\"https:\/\/sinoextrud.com\/product\/aluminum-wall-washer-aluminum-heat-sink-profiles-wit\/\" target=\"_blank\">Aluminum Wall Washer Aluminum Heat Sink Profiles Wit<\/a><\/li>\r\n<li><a href=\"https:\/\/sinoextrud.com\/product\/aluminum-wood-grain-handrail\/\" target=\"_blank\">Aluminum Wood Grain Handrail<\/a><\/li>\r\n<li><a href=\"https:\/\/sinoextrud.com\/product\/aluminum-z-section-extrusions\/\" target=\"_blank\">Aluminum Z Section Extrusions<\/a><\/li>\r\n<li><a href=\"https:\/\/sinoextrud.com\/product\/aluminium-profile-channel\/\" target=\"_blank\">Aluminium Profile Channel<\/a><\/li>\r\n<li><a href=\"https:\/\/sinoextrud.com\/product\/t-slot-aluminum-profile\/\" target=\"_blank\">T-slot Aluminum Profile<\/a><\/li>"},"feature_list":[]},"_links":{"self":[{"href":"https:\/\/sinoextrud.com\/es\/wp-json\/wp\/v2\/product\/7974","targetHints":{"allow":["GET"]}}],"collection":[{"href":"https:\/\/sinoextrud.com\/es\/wp-json\/wp\/v2\/product"}],"about":[{"href":"https:\/\/sinoextrud.com\/es\/wp-json\/wp\/v2\/types\/product"}],"wp:featuredmedia":[{"embeddable":true,"href":"https:\/\/sinoextrud.com\/es\/wp-json\/wp\/v2\/media\/7973"}],"wp:attachment":[{"href":"https:\/\/sinoextrud.com\/es\/wp-json\/wp\/v2\/media?parent=7974"}],"wp:term":[{"taxonomy":"category","embeddable":true,"href":"https:\/\/sinoextrud.com\/es\/wp-json\/wp\/v2\/categories?post=7974"}],"curies":[{"name":"wp","href":"https:\/\/api.w.org\/{rel}","templated":true}]}}