{"id":7940,"date":"2025-06-11T07:31:32","date_gmt":"2025-06-11T07:31:32","guid":{"rendered":"https:\/\/sinoextrud.com\/product\/aluminum-extrusion-housing\/"},"modified":"2025-06-24T06:14:11","modified_gmt":"2025-06-24T06:14:11","slug":"carcasa-de-extrusion-de-aluminio","status":"publish","type":"product","link":"https:\/\/sinoextrud.com\/es\/product\/aluminum-extrusion-housing\/","title":{"rendered":"Carcasa de extrusi\u00f3n de aluminio"},"content":{"rendered":"<h2>Productos<\/h2>\n<table class=\"custom-table\">\n<tr>\n<td class=\"label\">Nombre del producto:<\/td>\n<td>Carcasa de extrusi\u00f3n de aluminio<\/td>\n<\/tr>\n<tr>\n<td class=\"label\">Tipo de negocio:<\/td>\n<td>Fabricante<\/td>\n<\/tr>\n<tr>\n<td class=\"label\">L\u00ednea de extrusi\u00f3n:<\/td>\n<td>43 l\u00edneas de extrusi\u00f3n y una producci\u00f3n mensual que puede alcanzar las 15.000 toneladas<\/td>\n<\/tr>\n<tr>\n<td class=\"label\">Aleaci\u00f3n:<\/td>\n<td>6063\/6061<\/td>\n<\/tr>\n<tr>\n<td class=\"label\">Temperamento:<\/td>\n<td>T5\/T6\/T4<\/td>\n<\/tr>\n<tr>\n<td class=\"label\">Est\u00e1ndar:<\/td>\n<td>Norma de alta precisi\u00f3n GB de China<\/td>\n<\/tr>\n<tr>\n<td class=\"label\">Grosor:<\/td>\n<td>Seg\u00fan sus necesidades<\/td>\n<\/tr>\n<tr>\n<td class=\"label\">Longitud:<\/td>\n<td>De 1 m a 9 m, o a medida<\/td>\n<\/tr>\n<tr>\n<td class=\"label\">MOQ:<\/td>\n<td>Normalmente 1 tonelada. Normalmente 10~12 toneladas para 1*20GP y 20~23 toneladas para 1*40HQ.<\/td>\n<\/tr>\n<tr>\n<td class=\"label\">Acabado superficial:<\/td>\n<td>Acabado de fresado, Anodizado, Pintura en polvo, Granulado de madera, Pulido, Cepillado, Electroforesis<\/td>\n<\/tr>\n<tr>\n<td class=\"label\">Color We Can Do:<\/td>\n<td>Plata, negro, blanco, bronce, champ\u00e1n, verde, gris, amarillo dorado, n\u00edquel o personalizado<\/td>\n<\/tr>\n<tr>\n<td class=\"label\">Recubrimiento en polvo:<\/td>\n<td>A medida. Grosor normal: 80-120 um<\/td>\n<\/tr>\n<tr>\n<td class=\"label\">Pel\u00edcula compleja de electroforesis:<\/td>\n<td>Grosor normal: 16 um<\/td>\n<\/tr>\n<tr>\n<td class=\"label\">Grano de madera:<\/td>\n<td>A medida. Grosor normal: 60-120 um<\/td>\n<\/tr>\n<tr>\n<td class=\"label\">Composici\u00f3n qu\u00edmica y rendimiento:<\/td>\n<td>Ejecuci\u00f3n y cumplimiento del nivel de alta precisi\u00f3n GB de China<\/td>\n<\/tr>\n<tr>\n<td class=\"label\">Mecanizado:<\/td>\n<td>Corte, punzonado, taladrado, plegado, soldadura, fresado, CNC, etc.<\/td>\n<\/tr>\n<tr>\n<td class=\"label\">Embalaje:<\/td>\n<td>Si es necesario, tambi\u00e9n se puede utilizar una l\u00e1mina protectora para cada pieza de perfil.<\/td>\n<\/tr>\n<tr>\n<td class=\"label\">Puerto de entrega:<\/td>\n<td>Guangzhong, Foshan, Shenzhen<\/td>\n<\/tr>\n<tr>\n<td class=\"label\">OEM:<\/td>\n<td>Disponible<\/td>\n<\/tr>\n<\/table>\n<h2>Nuestra base de fabricaci\u00f3n<\/h2>\n<h3>Panorama de la f\u00e1brica<\/h3>\n<p><img decoding=\"async\" src=\"\/wp-content\/uploads\/factory-01.webp\"\/><\/p>\n<h3>Taller de fabricaci\u00f3n de barras de aluminio<\/h3>\n<p><img decoding=\"async\" src=\"\/wp-content\/uploads\/factory-02.webp\"\/><\/p>\n<\/p>\n<p><img decoding=\"async\" src=\"\/wp-content\/uploads\/factory-03.webp\"\/><\/p>\n<h3>Almac\u00e9n de moldes<\/h3>\n<p><img decoding=\"async\" src=\"\/wp-content\/uploads\/factory-04.webp\"\/><\/p>\n<h3>43 L\u00c3neas de extrusi\u00c3\u00b3n de aluminio (500\u00e2\u20ac\"5500 toneladas)<\/h3>\n<p><img decoding=\"async\" src=\"\/wp-content\/uploads\/factory-05.webp\"\/><\/p>\n<p><img decoding=\"async\" src=\"\/wp-content\/uploads\/factory-06.webp\"\/><\/p>\n<p><img decoding=\"async\" src=\"\/wp-content\/uploads\/factory-07.webp\"\/><\/p>\n<h3>Taller de pintura en polvo<\/h3>\n<p><img decoding=\"async\" src=\"\/wp-content\/uploads\/factory-09.webp\"\/><\/p>\n<h3>Taller de anodizado<\/h3>\n<p><img decoding=\"async\" src=\"\/wp-content\/uploads\/factory-10.webp\"\/><\/p>\n<h3>Taller de procesamiento profundo<\/h3>\n<p><img decoding=\"async\" src=\"\/wp-content\/uploads\/factory-11.webp\"\/><\/p>\n<h3>Taller de mecanizado de precisi\u00f3n CNC<\/h3>\n<p><img decoding=\"async\" src=\"\/wp-content\/uploads\/factory-11.5.webp\"\/><\/p>\n<h3>Almac\u00e9n de productos acabados y de exportaci\u00f3n<\/h3>\n<p><img decoding=\"async\" src=\"\/wp-content\/uploads\/factory-12.webp\"\/><\/p>\n<p><img decoding=\"async\" src=\"\/wp-content\/uploads\/factory-13.webp\"\/><\/p>\n<p><img decoding=\"async\" src=\"\/wp-content\/uploads\/factory-14.webp\"\/><\/p>\n<h2>PREGUNTAS FRECUENTES<\/h2>\n<p><b>1.\u00bfQu\u00e9 hace que la carcasa de extrusi\u00f3n de aluminio sea adecuada para componentes electr\u00f3nicos? <\/b><\/p>\n<p> La carcasa de extrusi\u00f3n de aluminio proporciona una protecci\u00f3n duradera, resistencia a la corrosi\u00f3n y una gesti\u00f3n t\u00e9rmica eficaz, por lo que es ideal para el alojamiento de componentes electr\u00f3nicos.\n<\/p>\n<p><\/p>\n<p><b>2.\u00bfSe puede personalizar la carcasa de extrusi\u00f3n de aluminio? <\/b><\/p>\n<p> S\u00ed, la carcasa de extrusi\u00f3n de aluminio puede personalizarse en tama\u00f1o, forma y dise\u00f1o para satisfacer requisitos funcionales y est\u00e9ticos espec\u00edficos.\n<\/p>\n<p><\/p>\n<p><b>3. \u00bfCu\u00e1l es la durabilidad de la carcasa de extrusi\u00f3n de aluminio? <\/b><\/p>\n<p> La carcasa de extrusi\u00f3n de aluminio es muy duradera gracias a sus propiedades de resistencia a la corrosi\u00f3n, lo que garantiza la protecci\u00f3n a largo plazo de los componentes sensibles en entornos dif\u00edciles.\n<\/p>\n<p><\/p>\n<p><b>4.\u00bfCu\u00e1les son las ventajas de utilizar carcasas de extrusi\u00f3n de aluminio para aplicaciones industriales? <\/b><\/p>\n<p> La carcasa de extrusi\u00f3n de aluminio ofrece una protecci\u00f3n robusta, un dise\u00f1o ligero y capacidad de personalizaci\u00f3n, por lo que es ideal para aplicaciones industriales que requieren durabilidad y disipaci\u00f3n del calor.\n<\/p>\n<p><\/p>\n<p><b>5.\u00bfEs f\u00e1cil de mantener la carcasa de extrusi\u00f3n de aluminio? <\/b><\/p>\n<p> S\u00ed, la carcasa requiere poco mantenimiento, ya que el aluminio es resistente a la corrosi\u00f3n y al desgaste, lo que reduce la necesidad de sustituciones o reparaciones frecuentes.\n<\/p>\n<p><\/p>\n<p><b>6.\u00bfEs la carcasa de extrusi\u00f3n de aluminio respetuosa con el medio ambiente? <\/b><\/p>\n<p> S\u00ed, el aluminio es un material reciclable, lo que convierte a la carcasa de extrusi\u00f3n en una soluci\u00f3n ecol\u00f3gica para diversas aplicaciones.\n<\/p>\n<p><\/p>\n<p><b>7.\u00bfC\u00f3mo mejora la carcasa de extrusi\u00f3n de aluminio el rendimiento de los componentes? <\/b><\/p>\n<p> La carcasa garantiza una disipaci\u00f3n t\u00e9rmica adecuada, protecci\u00f3n contra el polvo y la humedad, y estabilidad general, mejorando el rendimiento y la vida \u00fatil de los componentes alojados.\n<\/p>\n<p><\/p>","protected":false},"featured_media":7939,"template":"","categories":[54],"class_list":["post-7940","product","type-product","status-publish","has-post-thumbnail","hentry","category-industrial-aluminum-profiles"],"meta_box":{"hilight_text_group":{"product_hilight_text":"<ul>\r\r\n  <li>Durable aluminum extrusion housing for various electronic and industrial applications<\/li>\r\r\n  <li>Provides excellent protection for sensitive components from environmental factors<\/li>\r\r\n  <li>Corrosion-resistant, ensuring longevity even in harsh environments<\/li>\r\r\n  <li>Customizable designs to meet specific requirements for size, shape, and functionality<\/li>\r\r\n  <li>Lightweight and strong, offering a perfect balance between protection and weight<\/li>\r\r\n  <li>Efficient thermal management, keeping electronic components cool and functional<\/li>\r\r\n  <li>Environmentally friendly, made from recyclable aluminum material<\/li>\r\r\n<\/ul>","product_chanpin_blog":"<ul>\r\r\n<li><a href=\"https:\/\/sinoextrud.com\/t-slot-v-slot-differences\/\" target=\"_blank\">t slot vs v slot<\/a><\/li>\r\r\n<li><a href=\"https:\/\/sinoextrud.com\/what-is-4040-aluminium-extrud\/\" target=\"_blank\">4040 aluminium extrusion<\/a><\/li>\r\r\n<li><a href=\"https:\/\/sinoextrud.com\/what-is-4040-aluminium-extrud\/\" target=\"_blank\">aluminum extrusions for industrial racks<\/a><\/li>\r\r\n<li><a href=\"https:\/\/sinoextrud.com\/powder-coating-aluminium-process\/\" target=\"_blank\">powder coating aluminium<\/a><\/li>\r\r\n<li><a href=\"https:\/\/sinoextrud.com\/what-is-an-aluminium-strip-ceiling\/\" target=\"_blank\">aluminium strip ceiling<\/a><\/li>\r\r\n<li><a href=\"https:\/\/sinoextrud.com\/what-is-a-heat-sink\/\" target=\"_blank\">what is a heat sink<\/a><\/li>\r\r\n<\/ul>","product_chanpin_chanpin":"<li><a href=\"https:\/\/sinoextrud.com\/product\/aluminum-electronic-enclosure-heatsink\/\" target=\"_blank\">Aluminum Electronic Enclosure heatsink<\/a><\/li>\r\n<li><a href=\"https:\/\/sinoextrud.com\/product\/aluminum-extruded-profile-for-5g-communication-instrument\/\" target=\"_blank\">Aluminum Extruded Profile For 5G Communication Instrument<\/a><\/li>\r\n<li><a href=\"https:\/\/sinoextrud.com\/product\/aluminum-extrusion-framing-components\/\" target=\"_blank\">Aluminum Extrusion Framing Components<\/a><\/li>\r\n<li><a href=\"https:\/\/sinoextrud.com\/product\/aluminum-extrusion-heat-profiles-sink\/\" target=\"_blank\">Aluminum Extrusion Heat Profiles Sink<\/a><\/li>\r\n<li><a href=\"https:\/\/sinoextrud.com\/product\/aluminum-extrusion-housing\/\" target=\"_blank\">Aluminum Extrusion Housing<\/a><\/li>\r\n<li><a href=\"https:\/\/sinoextrud.com\/product\/aluminum-extrusion-profiles-products\/\" target=\"_blank\">Aluminum Extrusion Profiles Products<\/a><\/li>\r\n<li><a href=\"https:\/\/sinoextrud.com\/product\/aluminum-extrusion-rail\/\" target=\"_blank\">Aluminum Extrusion Rail<\/a><\/li>\r\n<li><a href=\"https:\/\/sinoextrud.com\/product\/aluminum-glass-channel\/\" target=\"_blank\">Aluminum Glass Channel<\/a><\/li>\r\n<li><a href=\"https:\/\/sinoextrud.com\/product\/aluminum-heat-sink-extrusion-profiles\/\" target=\"_blank\">Aluminum Heat Sink Extrusion Profiles<\/a><\/li>\r\n<li><a href=\"https:\/\/sinoextrud.com\/product\/anodised-aluminium-extrusions\/\" target=\"_blank\">Anodised Aluminium Extrusions<\/a><\/li>\r\n<li><a href=\"https:\/\/sinoextrud.com\/product\/short-run-custom-aluminum-extrusions\/\" target=\"_blank\">Short Run Custom Aluminum Extrusions<\/a><\/li>"},"feature_list":[]},"_links":{"self":[{"href":"https:\/\/sinoextrud.com\/es\/wp-json\/wp\/v2\/product\/7940","targetHints":{"allow":["GET"]}}],"collection":[{"href":"https:\/\/sinoextrud.com\/es\/wp-json\/wp\/v2\/product"}],"about":[{"href":"https:\/\/sinoextrud.com\/es\/wp-json\/wp\/v2\/types\/product"}],"wp:featuredmedia":[{"embeddable":true,"href":"https:\/\/sinoextrud.com\/es\/wp-json\/wp\/v2\/media\/7939"}],"wp:attachment":[{"href":"https:\/\/sinoextrud.com\/es\/wp-json\/wp\/v2\/media?parent=7940"}],"wp:term":[{"taxonomy":"category","embeddable":true,"href":"https:\/\/sinoextrud.com\/es\/wp-json\/wp\/v2\/categories?post=7940"}],"curies":[{"name":"wp","href":"https:\/\/api.w.org\/{rel}","templated":true}]}}